{"id":107,"date":"2015-03-06T16:51:18","date_gmt":"2015-03-06T19:51:18","guid":{"rendered":"https:\/\/www.facet.unt.edu.ar\/cic\/?page_id=107"},"modified":"2017-04-24T17:25:41","modified_gmt":"2017-04-24T20:25:41","slug":"proyecto-final","status":"publish","type":"page","link":"https:\/\/www.facet.unt.edu.ar\/cic\/carrera\/proyectos\/proyecto-final\/","title":{"rendered":"Reglamento PF"},"content":{"rendered":"<table style=\"width: 580px\">\n<tbody>\n<tr>\n<td style=\"width: 500px;border-color: #ffffff;vertical-align: middle\">\n<h2><span style=\"font-size: 18pt\"><strong><span style=\"font-family: verdana, geneva\">Reglamento de\u00a0Proyecto Final<\/span><\/strong><\/span><\/h2>\n<\/td>\n<td style=\"width: 80px;border-color: #ffffff;vertical-align: middle\"><a href=\"https:\/\/www.facet.unt.edu.ar\/cic\/wp-content\/uploads\/sites\/25\/2017\/04\/Reglamento-PF-Res380-2009-y-Res1152-2016.pdf\" target=\"_blank\" rel=\"noopener noreferrer\"><img decoding=\"async\" loading=\"lazy\" class=\"aligncenter wp-image-336 size-full\" src=\"https:\/\/www.facet.unt.edu.ar\/cic\/wp-content\/uploads\/sites\/25\/2015\/03\/DescargasC.png\" alt=\"DescargasC\" width=\"75\" height=\"26\" \/><\/a><\/td>\n<\/tr>\n<\/tbody>\n<\/table>\n<h4><strong><span style=\"font-family: verdana,geneva\">1. Asignaci\u00f3n del proyecto final<\/span><\/strong><\/h4>\n<p style=\"text-align: justify\"><span style=\"font-family: verdana, geneva, sans-serif\">La asignatura \u201cProyecto Final\u201d corresponde a la etapa final de la carrera de Ingenier\u00eda Civil, y por lo tanto se asignar\u00e1 a los alumnos durante el cursado del M\u00f3dulo X o con posterioridad al mismo. Los alumnos para solicitar la asignaci\u00f3n del tema de su Proyecto Final deber\u00e1n tener completamente aprobado hasta el M\u00f3dulo IX de la Carrera.<\/span><br \/>\n<span style=\"font-family: verdana, geneva, sans-serif\">El Proyecto Final es un trabajo de car\u00e1cter individual. S\u00f3lo como excepci\u00f3n, debidamente justificada, la Comisi\u00f3n Acad\u00e9mica podr\u00e1 autorizar un Proyecto Final para ser elaborado por 2 (dos) o 3 (tres) alumnos como m\u00e1ximo.<\/span><br \/>\n<span style=\"font-family: verdana, geneva, sans-serif\">El alumno para poder defender su Proyecto Final deber\u00e1 acreditar la reinscripci\u00f3n en el a\u00f1o acad\u00e9mico correspondiente, cumplimentando adem\u00e1s todos los requisitos necesarios solicitados por la FACEyT de la U.N.T. y por la presente reglamentaci\u00f3n.<\/span><\/p>\n<h4><strong><span style=\"font-family: verdana,geneva\">2. Contenido del proyecto final<\/span><\/strong><\/h4>\n<p style=\"text-align: justify\"><span style=\"font-family: verdana, geneva, sans-serif\">El Proyecto Final implica la realizaci\u00f3n, presentaci\u00f3n y exposici\u00f3n por parte del alumno de un trabajo en el que se apliquen e integren los conocimientos adquiridos durante el cursado de la Carrera. Puede adoptar las siguientes modalidades:<\/span><\/p>\n<ol style=\"list-style-type: lower-alpha\">\n<li style=\"text-align: justify\"><span style=\"font-family: verdana, geneva, sans-serif\"><strong><em>Trabajo Profesional<\/em><\/strong><em>: <\/em>se entiende por tal a todo tipo de trabajo que involucre la realizaci\u00f3n de un proyecto de obra civil (total o parcial). Puede ser tambi\u00e9n la ejecuci\u00f3n de un trabajo de planificaci\u00f3n y\/o gesti\u00f3n de recursos e infraestructura; por ejemplo: evaluaci\u00f3n de calidad del medio ambiente, informes geot\u00e9cnicos, de patolog\u00eda estructural, etc.<\/span><\/li>\n<li style=\"text-align: justify\"><span style=\"font-family: verdana, geneva, sans-serif\"><strong><em>Trabajo de Investigaci\u00f3n<\/em><\/strong><em>:<\/em> este debe realizarse sobre la base de investigaciones actuales y\/o aplicaciones tecnol\u00f3gicas en el \u00c1rea de la Ingenier\u00eda Civil.<\/span><\/li>\n<\/ol>\n<h4><strong><span style=\"font-family: verdana,geneva\">3. Elecci\u00f3n del tema del proyecto final<\/span><\/strong><\/h4>\n<p style=\"text-align: justify\"><span style=\"font-family: verdana, geneva, sans-serif\">El alumno podr\u00e1 optar por una de las siguientes posibilidades:<\/span><\/p>\n<ol style=\"text-align: justify;list-style-type: lower-alpha\">\n<li><span style=\"font-family: verdana, geneva, sans-serif\">Elegir un tema del LISTADO DE PROPUESTAS PARA PROYECTO FINAL confeccionado en base a los temas presentados por los docentes de las asignaturas de la carrera (quienes ejercer\u00e1n la tutor\u00eda de los mismos) y aprobados por la Comisi\u00f3n Acad\u00e9mica de la Carrera.<\/span><\/li>\n<li><span style=\"font-family: verdana, geneva, sans-serif\">Proponer un tema ante la Comisi\u00f3n Acad\u00e9mica de la Carrera y con el aval del profesor Tutor, de acuerdo con las modalidades anteriormente expuestas para el Proyecto Final.<\/span><\/li>\n<\/ol>\n<p style=\"text-align: justify\"><span style=\"font-family: verdana, geneva, sans-serif\">En ambos casos la Comisi\u00f3n Acad\u00e9mica de Carrera para aprobar el tema podr\u00e1 solicitar la colaboraci\u00f3n y asesoramiento de uno o mas profesores del \u00c1rea correspondiente.<\/span><\/p>\n<h4><strong><span style=\"font-family: verdana,geneva\">4. Formato de presentaci\u00f3n del tema propuesto<\/span><\/strong><\/h4>\n<p style=\"text-align: justify\"><span style=\"font-family: verdana, geneva, sans-serif\">La asignaci\u00f3n del tema se realizar\u00e1 sobre la base de la presentaci\u00f3n, bajo firma conjunta del tutor y el alumno, de los siguientes puntos:<\/span><\/p>\n<ul style=\"text-align: justify\">\n<li><span style=\"font-family: verdana, geneva, sans-serif\">T\u00edtulo del Proyecto Final<\/span><\/li>\n<li style=\"text-align: justify\"><span style=\"font-family: verdana, geneva, sans-serif\">Alumno<\/span><\/li>\n<li style=\"text-align: justify\"><span style=\"font-family: verdana, geneva, sans-serif\">Tutor<\/span><\/li>\n<li style=\"text-align: justify\"><span style=\"font-family: verdana, geneva, sans-serif\">Resumen<\/span><\/li>\n<li style=\"text-align: justify\"><span style=\"font-family: verdana, geneva, sans-serif\">Objetivos<\/span><\/li>\n<li style=\"text-align: justify\"><span style=\"font-family: verdana, geneva, sans-serif\">Plan de trabajo ajustado a los plazos estipulados en este reglamento (Punto 6)<\/span><\/li>\n<\/ul>\n<h4><strong><span style=\"font-family: verdana,geneva\">5. Condiciones del tutor<\/span><\/strong><\/h4>\n<p style=\"text-align: justify\"><span style=\"font-family: verdana, geneva, sans-serif\">El profesor encargado de la tutor\u00eda del alumno para la elaboraci\u00f3n del Proyecto Final de la Carrera deber\u00e1 ser docente de la Carrera de Ingenier\u00eda Civil, y pertenecer a la categor\u00eda:<\/span><\/p>\n<ol style=\"list-style-type: lower-alpha;text-align: justify\">\n<li><span style=\"font-family: verdana, geneva, sans-serif\">Profesor Titular, Asociado o Adjunto.<\/span><\/li>\n<li><span style=\"font-family: verdana, geneva, sans-serif\">Jefe de Trabajos Pr\u00e1cticos con T\u00edtulo de Posgrado, siempre que el Proyecto Final a dirigir se encuadre dentro de su \u00e1rea espec\u00edfica de especializaci\u00f3n.<\/span><\/li>\n<li><span style=\"font-family: verdana, geneva, sans-serif\">Jefe de Trabajos Pr\u00e1cticos sin T\u00edtulo de Posgrado, solamente por v\u00eda de excepci\u00f3n y con la aprobaci\u00f3n de la Comisi\u00f3n Acad\u00e9mica, demostrando su idoneidad en la tem\u00e1tica en la cual se encuadre el Proyecto Final.<\/span><\/li>\n<\/ol>\n<p style=\"text-align: justify\"><span style=\"font-family: verdana, geneva, sans-serif\">Los tutores podr\u00e1n dirigir en forma simult\u00e1nea solamente hasta dos Proyectos Finales.<\/span><\/p>\n<p style=\"text-align: justify\"><span style=\"font-family: verdana, geneva, sans-serif\">En algunos casos, a sugerencia del tutor, se podr\u00e1 contemplar la figura de un docente colaborador, que debe cumplir con las categor\u00edas indicadas.<\/span><\/p>\n<h4><strong><span style=\"font-family: verdana,geneva\">6. Plazo de presentaci\u00f3n del proyecto final<\/span><\/strong><\/h4>\n<p style=\"text-align: justify\"><span style=\"font-family: verdana, geneva, sans-serif\">El plazo para la realizaci\u00f3n y presentaci\u00f3n del Proyecto Final no podr\u00e1 ser menor a 2 meses ni mayor a 6 (seis) meses calendarios (pudiendo descontar los per\u00edodos de receso) a contar desde la fecha de notificaci\u00f3n del alumno de la aprobaci\u00f3n del tema. En caso de exceder el plazo m\u00e1ximo, el alumno deber\u00e1 presentar una solicitud de extensi\u00f3n con el aval del tutor, dentro del mes de vencimiento del plazo m\u00e1ximo. Dicha extensi\u00f3n se otorgar\u00e1 por \u00fanica vez. En caso de no presentar dicha solicitud de extensi\u00f3n en el plazo estipulado o superarse el plazo de extensi\u00f3n otorgado, el Proyecto queda sin efecto y el alumno deber\u00e1 iniciar un nuevo Proyecto Final.\u00a0<\/span><\/p>\n<h4><strong><span style=\"font-family: verdana,geneva\">7. Desarrollo del proyecto final<\/span><\/strong><\/h4>\n<p style=\"text-align: justify\"><span style=\"font-family: verdana, geneva, sans-serif\">El Tutor deber\u00e1 hacer cumplir el Plan de trabajo aprobado oportunamente, a trav\u00e9s de los dispositivos que disponga a tales efectos (tiempo de consultas, presentaciones o avances parciales, etc.). Cuando el tutor considere cumplimentados todos los requisitos previamente establecidos, deber\u00e1 por escrito, mediante nota a la Comisi\u00f3n Acad\u00e9mica, autorizar y avalar la presentaci\u00f3n del Proyecto Final, y solicitar la conformaci\u00f3n del tribunal examinador correspondiente.<\/span><\/p>\n<h4><strong><span style=\"font-family: verdana,geneva\">8. Presentaci\u00f3n del proyecto final<\/span><\/strong><\/h4>\n<p style=\"text-align: justify\"><span style=\"font-family: verdana, geneva, sans-serif\">La presentaci\u00f3n del Proyecto Final deber\u00e1 realizarse ante la Comisi\u00f3n Acad\u00e9mica de Carrera, mediante 3 (tres) copias impresas, una para cada miembro del Tribunal Examinador, las cuales deber\u00e1n contener la informaci\u00f3n\u00a0 organizada de la siguiente manera:<\/span><\/p>\n<ul>\n<li style=\"text-align: justify\"><span style=\"font-family: verdana, geneva, sans-serif\">Formato de las hojas: A4<\/span><\/li>\n<li style=\"text-align: justify\"><span style=\"font-family: verdana, geneva, sans-serif\">Procesador de texto comercial existente<\/span><\/li>\n<li style=\"text-align: justify\"><span style=\"font-family: verdana, geneva, sans-serif\">Hojas numeradas<\/span><\/li>\n<li style=\"text-align: justify\"><span style=\"font-family: verdana, geneva, sans-serif\">Car\u00e1tula del Proyecto<\/span><\/li>\n<li style=\"text-align: justify\"><span style=\"font-family: verdana, geneva, sans-serif\">Presentaci\u00f3n del proyecto (seg\u00fan art\u00edculo 4 de este reglamento)<\/span><\/li>\n<li style=\"text-align: justify\"><span style=\"font-family: verdana, geneva, sans-serif\">Agradecimientos (opcional)<\/span><\/li>\n<li style=\"text-align: justify\"><span style=\"font-family: verdana, geneva, sans-serif\">Pr\u00f3logo (opcional)<\/span><\/li>\n<li style=\"text-align: justify\"><span style=\"font-family: verdana, geneva, sans-serif\">\u00cdndice detallado<\/span><\/li>\n<li style=\"text-align: justify\"><span style=\"font-family: verdana, geneva, sans-serif\">Introducci\u00f3n del trabajo<\/span><\/li>\n<li style=\"text-align: justify\"><span style=\"font-family: verdana, geneva, sans-serif\">Cuerpo principal del Proyecto Final, organizado en Cap\u00edtulos<\/span><\/li>\n<li style=\"text-align: justify\"><span style=\"font-family: verdana, geneva, sans-serif\">Conclusiones<\/span><\/li>\n<li style=\"text-align: justify\"><span style=\"font-family: verdana, geneva, sans-serif\">Bibliograf\u00eda<\/span><\/li>\n<li style=\"text-align: justify\"><span style=\"font-family: verdana, geneva, sans-serif\">Anexos (opcional)<\/span><\/li>\n<li style=\"text-align: justify\"><span style=\"font-family: verdana, geneva, sans-serif\">\u00cdndice alfab\u00e9tico (opcional)<\/span><\/li>\n<li style=\"text-align: justify\"><span style=\"font-family: verdana, geneva, sans-serif\">Direcci\u00f3n de correo electr\u00f3nico y tel\u00e9fono para contacto (obligatorio)<\/span><\/li>\n<\/ul>\n<h4><strong><span style=\"font-family: verdana,geneva\">9. Tribunal examinador<\/span><\/strong><\/h4>\n<p style=\"text-align: justify\"><span style=\"font-family: verdana, geneva, sans-serif\">El Tribunal que tendr\u00e1 a su cargo la Evaluaci\u00f3n del Proyecto Final ser\u00e1 designado en cada caso por la Comisi\u00f3n Acad\u00e9mica de la Carrera, y estar\u00e1 integrado por tres Profesores (titular, asociado o adjunto), pertenecientes a la carrera y a la especialidad relacionada con el tema del Proyecto. La Comisi\u00f3n Acad\u00e9mica designar\u00e1 asimismo un Suplente para el Tribunal Examinador para aquellos casos en los que alguno de los integrantes titulares del Tribunal se excuse por escrito y por motivos debidamente justificados. Los integrantes del Tribunal deber\u00e1n participar de todas las instancias de evaluaci\u00f3n del Proyecto Final, incluida la exposici\u00f3n del mismo por parte del alumno.<\/span><\/p>\n<h4><strong><span style=\"font-family: verdana,geneva\">10. Evaluaci\u00f3n y exposici\u00f3n del proyecto final<\/span><\/strong><\/h4>\n<p style=\"text-align: justify\"><span style=\"font-family: verdana, geneva, sans-serif\">A partir de la fecha de notificaci\u00f3n de la totalidad de los integrantes del Tribunal, el mismo contar\u00e1 como m\u00e1ximo con 15 (quince) d\u00edas h\u00e1biles para evaluar el trabajo y en ese lapso podr\u00e1 solicitar al alumno todas las aclaraciones que estime necesarias. El Tribunal deber\u00e1 reunirse dentro de dicho lapso con el alumno para indicarle, en forma conjunta y \u00fanica, si las hubiere, las observaciones, aclaraciones y\/o complementaciones que los jurados consideren pertinentes. Estas deber\u00e1n cumplimentarse en un lapso de tiempo fijado de com\u00fan acuerdo entre el alumno y el Tribunal Examinador, que en ning\u00fan caso deber\u00e1 exceder el plazo de un mes. Una vez realizadas las correcciones solicitadas por el tribunal examinador, si las hubiere, el alumno deber\u00e1 presentar, previo a la exposici\u00f3n del Proyecto, dos ejemplares de la versi\u00f3n definitiva del mismo (una para la Carrera de Ingenier\u00eda Civil y otra para el Tutor correspondiente), acompa\u00f1adas de una versi\u00f3n digital.<\/span><\/p>\n<p style=\"text-align: justify\"><span style=\"font-family: verdana, geneva, sans-serif\">Cumplido lo precedente, el Tribunal comunicar\u00e1 a la Comisi\u00f3n Acad\u00e9mica por escrito la fecha de Exposici\u00f3n del Proyecto Final, fijada de com\u00fan acuerdo con el alumno, acto que tendr\u00e1 car\u00e1cter p\u00fablico y ser\u00e1 convenientemente publicitado en el \u00e1mbito de la Carrera.<\/span><\/p>\n<p style=\"text-align: justify\"><span style=\"font-family: verdana, geneva, sans-serif\">Para presentarse a exponer su Proyecto Final, el alumno deber\u00e1 haber aprobado todas las dem\u00e1s asignaturas que componen el Plan de Estudios de la carrera de Ingenier\u00eda Civil, y deber\u00e1 realizar los tr\u00e1mites de inscripci\u00f3n de examen correspondientes, de acuerdo a la reglamentaci\u00f3n vigente al respecto en la FACEyT.<\/span><\/p>\n<p style=\"text-align: justify\"><span style=\"font-family: verdana, geneva, sans-serif\">La exposici\u00f3n oral del Proyecto Final por parte del alumno no podr\u00e1 extenderse por m\u00e1s de 90 minutos. Al finalizar la exposici\u00f3n oral, el Tribunal Examinador podr\u00e1 requerir al alumno las aclaraciones o complementaciones que considere necesarias. A continuaci\u00f3n el Tribunal deliberar\u00e1 y calificar\u00e1 al alumno por el Proyecto Final realizado y por la exposici\u00f3n del mismo, de acuerdo a la escala de calificaci\u00f3n vigente en la FACEyT (0 a 10). En la deliberaci\u00f3n del Tribunal podr\u00e1 participar el Tutor, \u00fanicamente con voz.<\/span><\/p>\n<p style=\"text-align: justify\"><span style=\"font-family: verdana, geneva, sans-serif\">En caso de ser reprobado, el alumno deber\u00e1 desarrollar otro Proyecto Final, luego de asign\u00e1rsele otro tema.<\/span><\/p>\n<h4><strong><span style=\"font-family: verdana,geneva\">11. Interpretaci\u00f3n y modificaci\u00f3n del reglamento<\/span><\/strong><\/h4>\n<p style=\"text-align: justify\"><span style=\"font-family: verdana, geneva, sans-serif\">Son competencia de la Comisi\u00f3n Acad\u00e9mica de la carrera de Ingenier\u00eda Civil:<\/span><\/p>\n<ul>\n<li style=\"text-align: justify\"><span style=\"font-family: verdana, geneva, sans-serif\">La interpretaci\u00f3n de este reglamento<\/span><\/li>\n<li style=\"text-align: justify\"><span style=\"font-family: verdana, geneva, sans-serif\">La decisi\u00f3n en todos los casos no previstos en este reglamento<\/span><\/li>\n<li style=\"text-align: justify\"><span style=\"font-family: verdana, geneva, sans-serif\">La autorizaci\u00f3n a excepciones a las normas que el mismo establece<\/span><\/li>\n<li style=\"text-align: justify\"><span style=\"font-family: verdana, geneva, sans-serif\">La modificaci\u00f3n de este reglamento<\/span><\/li>\n<\/ul>\n<p>&nbsp;<\/p>\n<p><span style=\"font-family: verdana,geneva\">Descargar el reglamento de Proyecto Final.<a href=\"https:\/\/www.facet.unt.edu.ar\/cic\/wp-content\/uploads\/sites\/25\/2017\/04\/Reglamento-PF-Res380-2009-y-Res1152-2016.pdf\" target=\"_blank\" rel=\"noopener noreferrer\"><img decoding=\"async\" loading=\"lazy\" class=\"alignleft wp-image-336 size-full\" src=\"https:\/\/www.facet.unt.edu.ar\/cic\/wp-content\/uploads\/sites\/25\/2015\/03\/DescargasC.png\" alt=\"DescargasC\" width=\"75\" height=\"26\" \/><\/a><\/span><\/p>\n","protected":false},"excerpt":{"rendered":"<p>Reglamento de\u00a0Proyecto Final 1. Asignaci\u00f3n del proyecto final La asignatura \u201cProyecto Final\u201d corresponde a la etapa final de la carrera de Ingenier\u00eda Civil, y por lo tanto se asignar\u00e1 a los alumnos durante el cursado del M\u00f3dulo X o con posterioridad al mismo. Los alumnos para solicitar la asignaci\u00f3n del tema de su Proyecto Final [&hellip;]<\/p>\n","protected":false},"author":20,"featured_media":0,"parent":287,"menu_order":0,"comment_status":"closed","ping_status":"closed","template":"templates\/template-full-notitle.php","meta":[],"_links":{"self":[{"href":"https:\/\/www.facet.unt.edu.ar\/cic\/wp-json\/wp\/v2\/pages\/107"}],"collection":[{"href":"https:\/\/www.facet.unt.edu.ar\/cic\/wp-json\/wp\/v2\/pages"}],"about":[{"href":"https:\/\/www.facet.unt.edu.ar\/cic\/wp-json\/wp\/v2\/types\/page"}],"author":[{"embeddable":true,"href":"https:\/\/www.facet.unt.edu.ar\/cic\/wp-json\/wp\/v2\/users\/20"}],"replies":[{"embeddable":true,"href":"https:\/\/www.facet.unt.edu.ar\/cic\/wp-json\/wp\/v2\/comments?post=107"}],"version-history":[{"count":40,"href":"https:\/\/www.facet.unt.edu.ar\/cic\/wp-json\/wp\/v2\/pages\/107\/revisions"}],"predecessor-version":[{"id":1073,"href":"https:\/\/www.facet.unt.edu.ar\/cic\/wp-json\/wp\/v2\/pages\/107\/revisions\/1073"}],"up":[{"embeddable":true,"href":"https:\/\/www.facet.unt.edu.ar\/cic\/wp-json\/wp\/v2\/pages\/287"}],"wp:attachment":[{"href":"https:\/\/www.facet.unt.edu.ar\/cic\/wp-json\/wp\/v2\/media?parent=107"}],"curies":[{"name":"wp","href":"https:\/\/api.w.org\/{rel}","templated":true}]}}