{"id":111,"date":"2015-03-06T16:54:18","date_gmt":"2015-03-06T19:54:18","guid":{"rendered":"https:\/\/www.facet.unt.edu.ar\/cic\/?page_id=111"},"modified":"2025-02-26T22:04:09","modified_gmt":"2025-02-27T01:04:09","slug":"reglamento-pps","status":"publish","type":"page","link":"https:\/\/www.facet.unt.edu.ar\/cic\/carrera\/practicas-profesionales-supervisadas\/reglamento-pps\/","title":{"rendered":"Reglamento PPS"},"content":{"rendered":"<table style=\"width: 830px\">\n<tbody>\n<tr>\n<td style=\"width: 750px;border-color: #ffffff;vertical-align: middle\">\n<h2><strong><span style=\"font-size: 18pt\"><span style=\"font-family: verdana, geneva\">Reglamento de Pr\u00e1cticas Profesionales Supervisadas<\/span><\/span><\/strong><\/h2>\n<\/td>\n<td style=\"width: 80px;border-color: #ffffff;vertical-align: middle\"><a href=\"https:\/\/www.facet.unt.edu.ar\/cic\/wp-content\/uploads\/sites\/25\/2015\/03\/pps.pdf\" target=\"_blank\" rel=\"noopener\"><img decoding=\"async\" loading=\"lazy\" class=\"aligncenter wp-image-336 size-full\" src=\"https:\/\/www.facet.unt.edu.ar\/cic\/wp-content\/uploads\/sites\/25\/2015\/03\/DescargasC.png\" alt=\"DescargasC\" width=\"75\" height=\"26\" \/><\/a><\/td>\n<\/tr>\n<\/tbody>\n<\/table>\n<h4><strong><span style=\"font-family: verdana,geneva\">Generalidades<\/span><\/strong><\/h4>\n<p style=\"text-align: justify\"><span style=\"font-family: verdana,geneva\">La Pr\u00e1ctica Profesional Supervisada representa una valiosa herramienta\u00a0 para el alumno, ya que constituye la primera inserci\u00f3n en un \u00e1mbito\u00a0 profesional real y la confrontaci\u00f3n con la problem\u00e1tica de su propia\u00a0 actividad. <\/span><\/p>\n<p style=\"text-align: justify\"><span style=\"font-family: verdana,geneva\">Tambi\u00e9n es una prueba de gran valor para la Facultad, ya que el alumno\u00a0 al tener la mayor\u00eda de las materias aprobadas demostrar\u00e1 el nivel de\u00a0 preparaci\u00f3n que le brinda \u00e9sta para el desempe\u00f1o futuro de su vida\u00a0 profesional. <\/span><\/p>\n<p style=\"text-align: justify\"><span style=\"font-family: verdana,geneva\">Significa tambi\u00e9n un beneficio para las empresas, ya que \u00e9stas buscan\u00a0 generalmente en este tipo de actividades, propuestas, ideas y aportes\u00a0 innovadores dados por los practicantes para el mejoramiento de su\u00a0 actividad. <\/span><\/p>\n<h4><strong><span style=\"font-family: verdana,geneva\">Objetivos<\/span><\/strong><\/h4>\n<ul>\n<li style=\"text-align: justify\"><span style=\"font-family: verdana,geneva\">Integrar los conocimientos te\u00f3ricos adquiridos durante la\u00a0 formaci\u00f3n acad\u00e9mica de la carrera, enfrentando al estudiante con\u00a0 problemas reales de ingenier\u00eda y con las tecnolog\u00edas disponibles\u00a0 en el medio.\u00a0\u00a0\u00a0\u00a0\u00a0 \u00a0<\/span><\/li>\n<li style=\"text-align: justify\"><span style=\"font-family: verdana,geneva\">Tomar conocimiento de la forma de ejercer la profesi\u00f3n en el\u00a0 medio privado, empresarial o p\u00fablico.\u00a0\u00a0\u00a0\u00a0\u00a0 \u00a0<\/span><\/li>\n<li style=\"text-align: justify\"><span style=\"font-family: verdana,geneva\">Integrar al estudiante a grupos sociales laborales afines a sus\u00a0 futuras tareas profesionales, mostr\u00e1ndole las relaciones\u00a0 interpersonales dentro de una organizaci\u00f3n laboral.\u00a0\u00a0\u00a0 \u00a0<\/span><\/li>\n<li style=\"text-align: justify\"><span style=\"font-family: verdana,geneva\">Mostrar al estudiante posibles campos laborales para el\u00a0 ejercicio profesional.\u00a0\u00a0\u00a0\u00a0 \u00a0<\/span><\/li>\n<li style=\"text-align: justify\"><span style=\"font-family: verdana,geneva\">Complementar las habilidades adquiridas para el an\u00e1lisis de\u00a0 problemas, formulaci\u00f3n de alternativas, propuestas de resoluci\u00f3n,\u00a0 organizaci\u00f3n y direcci\u00f3n de tareas profesionales aplicadas a la\u00a0 ingenier\u00eda.\u00a0\u00a0\u00a0\u00a0\u00a0 \u00a0<\/span><\/li>\n<li style=\"text-align: justify\"><span style=\"font-family: verdana,geneva\">Reconocer la trascendencia social de la profesi\u00f3n de ingeniero\u00a0 y la importancia de la inserci\u00f3n de la Universidad en el medio.\u00a0\u00a0\u00a0\u00a0\u00a0\u00a0 \u00a0<\/span><\/li>\n<li style=\"text-align: justify\"><span style=\"font-family: verdana,geneva\">Constituir un elemento de evaluaci\u00f3n para la Facultad sobre\u00a0 los requerimientos profesionales del medio, incumbencias y\u00a0 habilidades espec\u00edficas de los alumnos al egresar y frente a la\u00a0 actividad profesional aplicada. <\/span><\/li>\n<\/ul>\n<h4><strong><span style=\"font-family: verdana,geneva\">Requisitos<\/span><\/strong><\/h4>\n<p><span style=\"font-family: verdana,geneva\">El alumno deber\u00e1, al momento de inscribirse para realizar la PPS, tener\u00a0 como m\u00ednimo aprobadas las asignaturas del Plan de Estudios hasta el M\u00f3dulo VIII inclusive y regularizadas las asignaturas correspondientes al M\u00f3dulo IX. <\/span><\/p>\n<h4><strong><span style=\"font-family: verdana,geneva\">\u00c1mbito de desarrollo de la PPS<\/span><\/strong><\/h4>\n<p style=\"text-align: justify\"><span style=\"font-family: verdana,geneva\">La PPS podr\u00e1 desarrollarse en el \u00e1mbito de Entidades P\u00fablicas o Privadas,\u00a0 correspondientes a sectores productivos y\/o de servicios (como ser\u00a0 reparticiones, empresas constructoras, consultoras, etc.) o en\u00a0 Instituciones de Investigaci\u00f3n y Desarrollo que realicen actividades en\u00a0 cooperaci\u00f3n con sectores productivos y\/o de servicios. La entidad ser\u00e1 propuesta por el alumno a la Comisi\u00f3n Acad\u00e9mica de\u00a0 Carrera, para su aprobaci\u00f3n respectiva.<\/span><\/p>\n<h4><strong><span style=\"font-family: verdana,geneva\">Procedimiento de inscripci\u00f3n<\/span><\/strong><\/h4>\n<ul>\n<li style=\"text-align: justify\"><span style=\"font-family: verdana,geneva\">El alumno presentar\u00e1\u00a0 a la Comisi\u00f3n Acad\u00e9mica de Carrera la Ficha\u00a0 de Admisi\u00f3n para la PPS seg\u00fan modelo del ANEXO I, pudiendo proponer\u00a0 a un docente de la carrera como tutor, o no completar el nombre del\u00a0 Tutor, que en este caso ser\u00e1 designado por la Comisi\u00f3n Acad\u00e9mica. La\u00a0 Comisi\u00f3n Acad\u00e9mica verificar\u00e1 el cumplimiento de los requisitos para el\u00a0 alumno, el tutor y la entidad donde se desarrollar\u00e1 la PPS, y si fuera\u00a0 necesario, tramitar\u00e1 la firma del Acuerdo de Cooperaci\u00f3n Educativa entre\u00a0 la citada Empresa\/Organismo y la Facultad de Ciencias Exactas y\u00a0 Tecnolog\u00eda de la Universidad Nacional de Tucum\u00e1n.\u00a0\u00a0\u00a0\u00a0\u00a0\u00a0\u00a0 \u00a0<\/span><\/li>\n<li style=\"text-align: justify\"><span style=\"font-family: verdana,geneva\">En el caso de aquellos alumnos en condiciones de efectuar la PPS,\u00a0 pero que NO conozcan, o no puedan ser aceptados por una Entidad que\u00a0 re\u00fana las condiciones estipuladas, la Comisi\u00f3n Acad\u00e9mica asumir\u00e1 la\u00a0 funci\u00f3n de buscarla, la que se pondr\u00e1 a consideraci\u00f3n del interesado. <\/span><\/li>\n<\/ul>\n<h4><strong><span style=\"font-family: verdana,geneva\">Supervisi\u00f3n de la PPS &#8211; Condiciones a cumplir por los tutores<\/span><\/strong><\/h4>\n<p style=\"text-align: justify\"><span style=\"font-family: verdana,geneva\">La Pr\u00e1ctica Profesional Supervisada debe ser monitoreada por\u00a0 parte de dos tutores: un docente graduado por parte de la\u00a0 FACEyT y un profesional perteneciente a la entidad donde se\u00a0 realice la misma.\u00a0 \u00a0<\/span><\/p>\n<p style=\"text-align: justify\"><span style=\"font-family: verdana,geneva\">Por parte de la FACEyT, puede ser tutor cualquier docente con\u00a0 experiencia suficiente para serlo, a juicio de la Comisi\u00f3n\u00a0 Acad\u00e9mica de la Carrera.\u00a0\u00a0 \u00a0<\/span><\/p>\n<p style=\"text-align: justify\"><span style=\"font-family: verdana,geneva\">Por parte de la entidad donde se realice la PPS, la misma\u00a0 designar\u00e1 a un profesional de caracter\u00edsticas similares a las del\u00a0 tutor docente.\u00a0 \u00a0<\/span><\/p>\n<p style=\"text-align: justify\"><span style=\"font-family: verdana,geneva\">En el lapso de los 15 d\u00edas siguientes a la formalizaci\u00f3n de la\u00a0 admisi\u00f3n del alumno para realizar la PPS, \u00e9ste deber\u00e1 presentar a\u00a0 la Comisi\u00f3n Acad\u00e9mica el formulario del ANEXO II para su\u00a0 aprobaci\u00f3n. En el se contempla un Programa de Actividades a\u00a0 desarrollar en la entidad, de com\u00fan acuerdo con ambos tutores y\u00a0 avalado por ellos con su firma.\u00a0 \u00a0<\/span><\/p>\n<p style=\"text-align: justify\"><span style=\"font-family: verdana,geneva\">El Programa de Actividades incluir\u00e1 las tareas a desarrollar en el\u00a0 tiempo (cronograma de tareas), indicando recursos humanos,\u00a0 lugares, equipos t\u00e9cnicos y condiciones de trabajo, y todo dato de\u00a0 inter\u00e9s para juzgar la relevancia de la pr\u00e1ctica a realizar.\u00a0 \u00a0<\/span><\/p>\n<p style=\"text-align: justify\"><span style=\"font-family: verdana,geneva\">La Comisi\u00f3n Acad\u00e9mica evaluar\u00e1 este Programa en el lapso de\u00a0 10 d\u00edas, y comunicar\u00e1 al estudiante para que comience a\u00a0 desarrollar la PPS en el tiempo estipulado, per\u00edodo durante el cual\u00a0 los tutores guiar\u00e1n al alumno en su trabajo.\u00a0 \u00a0<\/span><\/p>\n<p style=\"text-align: justify\"><span style=\"font-family: verdana,geneva\">Previo al comienzo de la PPS, la Comisi\u00f3n Acad\u00e9mica tramitar\u00e1\u00a0 ante la Secretar\u00eda de Asuntos Estudiantiles de la Facultad de\u00a0 Ciencias Exactas y Tecnolog\u00eda el Seguro por Accidentes de\u00a0 Trabajo para el estudiante, previsto para el desarrollo de la PPS,\u00a0 adjuntando una copia del formulario del ANEXO II. <\/span><\/p>\n<h4><strong><span style=\"font-family: verdana,geneva\">Actividades m\u00ednimas a desarrollar<\/span><\/strong><\/h4>\n<p style=\"text-align: justify\"><span style=\"font-family: verdana,geneva\">La Pr\u00e1ctica Profesional Supervisada debe acreditar un tiempo m\u00ednimo de\u00a0 200 horas en la entidad seleccionada. Se considerar\u00e1n las 200 horas de la\u00a0 PPS como aquellas realmente ejecutadas en la entidad seleccionada, no\u00a0 incluyendo en este tiempo la preparaci\u00f3n del Informe Final a presentar\u00a0 por el alumno a la Comisi\u00f3n Acad\u00e9mica. <\/span><\/p>\n<h4><strong><span style=\"font-family: verdana,geneva\">Informe final de la PPS<\/span><\/strong><\/h4>\n<p style=\"text-align: justify\"><span style=\"font-family: verdana,geneva\">El alumno registrar\u00e1 todos los datos, desarrollos y resultados de sus\u00a0 tareas, en forma met\u00f3dica y rigurosa, para elaborar y conformar el\u00a0 Informe Final de la PPS que deber\u00e1 presentar ante la Comisi\u00f3n\u00a0 Acad\u00e9mica una vez transcurrido no m\u00e1s de un mes de la finalizaci\u00f3n de\u00a0 las tareas correspondientes. Dicho Informe Final ser\u00e1 presentado a la\u00a0 Comisi\u00f3n Acad\u00e9mica, con copia a la Entidad donde se desarroll\u00f3 la PPS.\u00a0 Deber\u00e1 contener adem\u00e1s dos informes complementarios, seg\u00fan ANEXOS\u00a0 III y IV:\u00a0\u00a0\u00a0\u00a0\u00a0\u00a0\u00a0\u00a0 \u00a0<\/span><\/p>\n<div align=\"justify\">\n<ul>\n<li style=\"text-align: justify\"><span style=\"font-family: verdana,geneva\">Un Informe breve de la Entidad (ANEXO III) donde se llev\u00f3 a cabo\u00a0 la PPS en el que conste la opini\u00f3n o evaluaci\u00f3n de los trabajos\u00a0 desarrollados por el alumno, realizado por el Tutor y refrendado por una\u00a0 autoridad competente que dicha Entidad designe a tal efecto.\u00a0\u00a0\u00a0\u00a0\u00a0\u00a0\u00a0\u00a0\u00a0 \u00a0<\/span><\/li>\n<li style=\"text-align: justify\"><span style=\"font-family: verdana,geneva\">Un Informe del Tutor Docente de la Carrera (ANEXO IV)<\/span><\/li>\n<\/ul>\n<h4><strong><span style=\"font-family: verdana,geneva\">Evaluaci\u00f3n y aprobaci\u00f3n de la PPS<\/span><\/strong><\/h4>\n<p style=\"text-align: justify\"><span style=\"font-family: verdana,geneva\">El Informe Final presentado ser\u00e1 evaluado por un Jurado\u00a0 conformado por tres Profesores docentes de la Carrera de\u00a0 Ingenier\u00eda Civil con categor\u00eda de profesor y de formaci\u00f3n af\u00edn a la\u00a0 actividad desarrollada, designado por la Comisi\u00f3n Acad\u00e9mica.\u00a0 \u00a0<\/span><\/p>\n<p style=\"text-align: justify\"><span style=\"font-family: verdana,geneva\">El Jurado dispondr\u00e1 de un plazo m\u00e1ximo de 15 d\u00edas con\u00a0 posterioridad a la recepci\u00f3n del Informe para su evaluaci\u00f3n y\u00a0 calificaci\u00f3n, para lo cual deber\u00e1 tener en cuenta si se ha cumplido\u00a0 el Plan de Trabajo y alcanzado los objetivos propuestos.\u00a0 \u00a0<\/span><\/p>\n<p style=\"text-align: justify\"><span style=\"font-family: verdana,geneva\">En caso de resultar satisfactoria la evaluaci\u00f3n, el alumno\u00a0 presentar\u00e1 en la Secretar\u00eda del Dpto. de Construcciones y Obras\u00a0 Civiles la solicitud de examen autorizada por un docente del\u00a0 Jurado para que el Departamento Alumnos emita la\u00a0 correspondiente planilla de examen, la que una vez llenada y\u00a0 firmada se enviar\u00e1 al Departamento Alumnos para incluir en el\u00a0 estado acad\u00e9mico del interesado.\u00a0 \u00a0<\/span><\/p>\n<p style=\"text-align: justify\"><span style=\"font-family: verdana,geneva\">El jurado, adem\u00e1s, deber\u00e1 presentar a la Comisi\u00f3n Acad\u00e9mica\u00a0 una nota donde figure la calificaci\u00f3n obtenida, junto con el\u00a0 Informe Final del alumno para ser archivado. <\/span><\/p>\n<h4><strong><span style=\"font-family: verdana,geneva\">Actividades equivalentes<\/span><\/strong><\/h4>\n<p style=\"text-align: justify\"><span style=\"font-family: verdana,geneva\">Aquellos alumnos que realicen pasant\u00edas rentadas, se desempe\u00f1en en\u00a0 tareas afines a su carrera, o participen de becas de intercambio que\u00a0 obliguen a realizar trabajos profesionales, podr\u00e1n solicitar a la Comisi\u00f3n\u00a0 Acad\u00e9mica se considere la misma como PPS, para lo cual deber\u00e1 cumplir\u00a0 con los requisitos que correspondan establecidos en el presente\u00a0 reglamento.<\/span><\/p>\n<h4><strong><span style=\"font-family: verdana,geneva\">Aspecto reglamentario<\/span><\/strong><\/h4>\n<p style=\"text-align: justify\"><span style=\"font-family: verdana,geneva\">Es competencia de la Comisi\u00f3n Acad\u00e9mica de la Carrera de Ingenier\u00eda\u00a0 Civil: <\/span><\/p>\n<ul>\n<li style=\"text-align: justify\"><span style=\"font-family: verdana,geneva\">La interpretaci\u00f3n del presente Reglamento.\u00a0\u00a0\u00a0\u00a0\u00a0\u00a0 \u00a0<\/span><\/li>\n<li style=\"text-align: justify\"><span style=\"font-family: verdana,geneva\">La decisi\u00f3n sobre los casos no previstos en este Reglamento.\u00a0\u00a0 \u00a0<\/span><\/li>\n<li style=\"text-align: justify\"><span style=\"font-family: verdana,geneva\">La consideraci\u00f3n de las excepciones a las pautas que el mismo\u00a0 establece.\u00a0\u00a0\u00a0\u00a0\u00a0 \u00a0<\/span><\/li>\n<li style=\"text-align: justify\"><span style=\"font-family: verdana,geneva\">La modificaci\u00f3n del presente Reglamento.<\/span><\/li>\n<\/ul>\n<p>&nbsp;<\/p>\n<p><strong><span style=\"font-family: verdana,geneva\"><a href=\"https:\/\/www.facet.unt.edu.ar\/cic\/wp-content\/uploads\/sites\/25\/2015\/03\/pps.pdf\" target=\"_blank\" rel=\"noopener\"><img decoding=\"async\" loading=\"lazy\" class=\"alignleft wp-image-336 size-full\" src=\"https:\/\/www.facet.unt.edu.ar\/cic\/wp-content\/uploads\/sites\/25\/2015\/03\/DescargasC.png\" alt=\"DescargasC\" width=\"75\" height=\"26\" \/><\/a><\/span><\/strong><span style=\"font-family: verdana,geneva\">Descargar el reglamento de Pr\u00e1cticas Profesionales Supervisadas.<\/span><\/p>\n<\/div>\n","protected":false},"excerpt":{"rendered":"<p>Reglamento de Pr\u00e1cticas Profesionales Supervisadas Generalidades La Pr\u00e1ctica Profesional Supervisada representa una valiosa herramienta\u00a0 para el alumno, ya que constituye la primera inserci\u00f3n en un \u00e1mbito\u00a0 profesional real y la confrontaci\u00f3n con la problem\u00e1tica de su propia\u00a0 actividad. Tambi\u00e9n es una prueba de gran valor para la Facultad, ya que el alumno\u00a0 al tener la [&hellip;]<\/p>\n","protected":false},"author":20,"featured_media":0,"parent":419,"menu_order":0,"comment_status":"closed","ping_status":"closed","template":"templates\/template-full-notitle.php","meta":[],"_links":{"self":[{"href":"https:\/\/www.facet.unt.edu.ar\/cic\/wp-json\/wp\/v2\/pages\/111"}],"collection":[{"href":"https:\/\/www.facet.unt.edu.ar\/cic\/wp-json\/wp\/v2\/pages"}],"about":[{"href":"https:\/\/www.facet.unt.edu.ar\/cic\/wp-json\/wp\/v2\/types\/page"}],"author":[{"embeddable":true,"href":"https:\/\/www.facet.unt.edu.ar\/cic\/wp-json\/wp\/v2\/users\/20"}],"replies":[{"embeddable":true,"href":"https:\/\/www.facet.unt.edu.ar\/cic\/wp-json\/wp\/v2\/comments?post=111"}],"version-history":[{"count":16,"href":"https:\/\/www.facet.unt.edu.ar\/cic\/wp-json\/wp\/v2\/pages\/111\/revisions"}],"predecessor-version":[{"id":1383,"href":"https:\/\/www.facet.unt.edu.ar\/cic\/wp-json\/wp\/v2\/pages\/111\/revisions\/1383"}],"up":[{"embeddable":true,"href":"https:\/\/www.facet.unt.edu.ar\/cic\/wp-json\/wp\/v2\/pages\/419"}],"wp:attachment":[{"href":"https:\/\/www.facet.unt.edu.ar\/cic\/wp-json\/wp\/v2\/media?parent=111"}],"curies":[{"name":"wp","href":"https:\/\/api.w.org\/{rel}","templated":true}]}}