{"id":116,"date":"2015-03-06T16:58:19","date_gmt":"2015-03-06T19:58:19","guid":{"rendered":"https:\/\/www.facet.unt.edu.ar\/cic\/?page_id=116"},"modified":"2023-05-11T21:56:04","modified_gmt":"2023-05-12T00:56:04","slug":"contacto","status":"publish","type":"page","link":"https:\/\/www.facet.unt.edu.ar\/cic\/contacto\/","title":{"rendered":"Contacto"},"content":{"rendered":"<p>Para comunicarse con la Direcci\u00f3n de la Carrera de Ingenier\u00eda Civil:<\/p>\n<p>Email: <a href=\"mailto:cicivil@herrera.unt.edu.ar\">academica.civil@herrera.unt.edu.ar<\/a><\/p>\n<p>Facultad de Ciencias Exactas y Tecnolog\u00eda<\/p>\n<p>Av. Independencia 1800 \u2013 Block 4 \u2013 1\u00ba Piso<\/p>\n<p>S.M. de Tucum\u00e1n \u2013 Argentina \u2013 Tel: (0381) 436-4093 Int. 7579<\/p>\n<p>&nbsp;<\/p>\n<p>&nbsp;<\/p>\n","protected":false},"excerpt":{"rendered":"<p>Para comunicarse con la Direcci\u00f3n de la Carrera de Ingenier\u00eda Civil: Email: academica.civil@herrera.unt.edu.ar Facultad de Ciencias Exactas y Tecnolog\u00eda Av. Independencia 1800 \u2013 Block 4 \u2013 1\u00ba Piso S.M. de Tucum\u00e1n \u2013 Argentina \u2013 Tel: (0381) 436-4093 Int. 7579 &nbsp; &nbsp;<\/p>\n","protected":false},"author":20,"featured_media":0,"parent":0,"menu_order":9,"comment_status":"closed","ping_status":"closed","template":"templates\/template-full.php","meta":[],"_links":{"self":[{"href":"https:\/\/www.facet.unt.edu.ar\/cic\/wp-json\/wp\/v2\/pages\/116"}],"collection":[{"href":"https:\/\/www.facet.unt.edu.ar\/cic\/wp-json\/wp\/v2\/pages"}],"about":[{"href":"https:\/\/www.facet.unt.edu.ar\/cic\/wp-json\/wp\/v2\/types\/page"}],"author":[{"embeddable":true,"href":"https:\/\/www.facet.unt.edu.ar\/cic\/wp-json\/wp\/v2\/users\/20"}],"replies":[{"embeddable":true,"href":"https:\/\/www.facet.unt.edu.ar\/cic\/wp-json\/wp\/v2\/comments?post=116"}],"version-history":[{"count":30,"href":"https:\/\/www.facet.unt.edu.ar\/cic\/wp-json\/wp\/v2\/pages\/116\/revisions"}],"predecessor-version":[{"id":1321,"href":"https:\/\/www.facet.unt.edu.ar\/cic\/wp-json\/wp\/v2\/pages\/116\/revisions\/1321"}],"wp:attachment":[{"href":"https:\/\/www.facet.unt.edu.ar\/cic\/wp-json\/wp\/v2\/media?parent=116"}],"curies":[{"name":"wp","href":"https:\/\/api.w.org\/{rel}","templated":true}]}}