{"id":1378,"date":"2025-02-26T21:50:00","date_gmt":"2025-02-27T00:50:00","guid":{"rendered":"https:\/\/www.facet.unt.edu.ar\/cic\/?page_id=1378"},"modified":"2025-02-26T22:47:42","modified_gmt":"2025-02-27T01:47:42","slug":"empresas-con-convenio-de-pps-con-la-facet","status":"publish","type":"page","link":"https:\/\/www.facet.unt.edu.ar\/cic\/carrera\/practicas-profesionales-supervisadas\/empresas-con-convenio-de-pps-con-la-facet\/","title":{"rendered":"Empresas con convenio de PPS con la FaCET"},"content":{"rendered":"<div>A continuaci\u00f3n se detalla el listado de diversas empresas con convenio vigente con la FaCET para realizar la Pr\u00e1ctica Profesional Supervisada. En algunos casos, se acompa\u00f1a una direcci\u00f3n de contacto.<\/div>\n<div><em>(Este listado fue facilitado por la Secretar\u00eda de Bienestar Estudiantil de FaCET el 18 de Febrero de 2025)<\/em><\/div>\n<div><\/div>\n<div><span style=\"color: #ffffff;\">o<\/span><\/div>\n<div><span style=\"color: #ffffff;\">o<\/span><\/div>\n<div><span style=\"color: #ffffff;\">o<\/span><\/div>\n<div><\/div>\n<div><span style=\"color: #ffffff;\">o<\/span><\/div>\n<div><\/div>\n<div><span style=\"text-decoration: underline;\"><b>RUBRO CIVILES<\/b>:<\/span><\/div>\n<div>Municipalidad de Yerba Buena<\/div>\n<div><\/div>\n<div>SKY Soluciones T\u00e9cnicas:\u00a0<a href=\"mailto:jorgecointte@skysolucionestecnicas.com\" target=\"_blank\" rel=\"noopener\">jorgecointte@<wbr \/>skysolucionestecnicas.com<\/a><\/div>\n<div>Dycasa S.A.<\/div>\n<div>LINK AZLEPI\u00a0SRL<\/div>\n<div>LAPCON INGENIERIA Y CONSTRUCCI\u00d3N<\/div>\n<div>Sistema Provincial de Salud (SIPROSA)<\/div>\n<div>Helpa Constructora:\u00a0<a href=\"mailto:rrhh@helpasa.com.ar\" target=\"_blank\" rel=\"noopener\">rrhh@helpasa.<wbr \/>com.ar<\/a><\/div>\n<div>Ingenier\u00eda y Servicios SRL;\u00a0<a href=\"mailto:ingenieriayservicios.personal@gmail.com\" target=\"_blank\" rel=\"noopener\">ingenieriayservicios.<wbr \/>personal@gmail.com<\/a><\/div>\n<div>Proyectar Ingenier\u00eda S.A.S:<\/div>\n<div>Secretar\u00eda de Estado de Producci\u00f3n del Ministerio de Econom\u00eda y Producci\u00f3n de la Provincia:<\/div>\n<div>Ente \u00fanico de Control y Regulaci\u00f3n de los Servicios P\u00fablicos de Tucum\u00e1n &#8211; ERSEPT:<\/div>\n<div>OSYM SRL:<\/div>\n<div>DEL ZAPLA SRL (EMPRESA DE JUJUY):\u00a0<a href=\"mailto:delzaplasrl@gmail.com\" target=\"_blank\" rel=\"noopener\">delzaplasrl@gmail.com<\/a><\/div>\n<div>WCL: WERBLUD. COHEN IMACH. LITCHTMAJER &#8211; NORFORK\u00a0SRL:\u00a0<a href=\"mailto:seteplitzky@herrera.unt.edu.ar\" target=\"_blank\" rel=\"noopener\">seteplitzky@herrera.unt.edu.ar<\/a><\/div>\n<div>EMPRESA CONSTRUCTORA ING. MARCELO H. ZARIF:\u00a0<a href=\"mailto:deptotecnicozarif@hotmail.com\" target=\"_blank\" rel=\"noopener\">deptotecnicozarif@hotmail.com<\/a><\/div>\n<div>IBACO INGENIER\u00cdA Y CONSTRUCCI\u00d3N SRL:<\/div>\n<div>JLUCERO S.A.S.<\/div>\n<div>REFINOR<\/div>\n<div><span style=\"color: #ffffff;\">o<\/span><\/div>\n<div><span style=\"color: #ffffff;\">o<\/span><\/div>\n<div><\/div>\n<div><span style=\"text-decoration: underline;\"><b>RUBRO MEC\u00c1NICA (que pueden requerir tareas civiles)<\/b>:<\/span><\/div>\n<div>PL\u00c1STICOS LA RIOJA &#8211; AVILES S.A.<\/div>\n<div>\u00d3ptica Solmar<\/div>\n<div>San Miguel Global<\/div>\n<div>S.A. VERACRUZ<\/div>\n<div>SCANIA<\/div>\n<div>Cer\u00e1mica Marcos Paz :\u00a0<a href=\"mailto:capitalhumano@tierradearandanos.com.ar\" target=\"_blank\" rel=\"noopener\">capitalhumano@<wbr \/>tierradearandanos.com.ar<\/a><\/div>\n<div>IMERYS<\/div>\n<div>GRUPO CARGO:<\/div>\n<div>Arbolar Citrus S.A.<\/div>\n<div>Estaci\u00f3n Experimental Obispo Colombres: Av. Williams Cross 3150, Las Talitas<\/div>\n<div>GEMSA Automotores S.A.<\/div>\n<div>Austin Powder Argentina SA<\/div>\n<div>Instituto de Promoci\u00f3n del Az\u00facar y Alcohol de Tucum\u00e1n \u2013 IPAAT<\/div>\n<div>Jos\u00e9 Minetti y C\u00eda. Ltda. SACI<\/div>\n<div>YUHMAK S.A.<\/div>\n<div>CALSA S.A<\/div>\n<div>Ingenier\u00eda y Servicios SRL;\u00a0<a href=\"mailto:ingenieriayservicios.personal@gmail.com\" target=\"_blank\" rel=\"noopener\">ingenieriayservicios.<wbr \/>personal@gmail.com<\/a><\/div>\n<div>TECOTEX<\/div>\n<div>Rolcar S.A.<\/div>\n<div>\u00a0La Providencia \u2013 Grupo Arcor<\/div>\n<div>TECOTEX<\/div>\n<div>RODAGEL:\u00a0<a href=\"mailto:ventas@rodagel.com\" target=\"_blank\" rel=\"noopener\">ventas@rodagel.com<\/a><\/div>\n<div>Rto Tucum\u00e1n, empresa de servicio dedicada al rubro de Revisi\u00f3n T\u00e9cnica:\u00a0<a href=\"mailto:cvingenierostuc@gmail.com\" target=\"_blank\" rel=\"noopener\">cvingenierostuc@<wbr \/>gmail.com<\/a><\/div>\n<div>REFINOR<\/div>\n<div>VIDRIAL SRL<\/div>\n<div>Cervecer\u00eda y Malter\u00eda Quilmes<\/div>\n<div>Kaizen Ingenier\u00eda SRL:\u00a0<a href=\"mailto:rrhh@kaizeningenieria.com.ar\" target=\"_blank\" rel=\"noopener\">rrhh@kaizeningenieria.<wbr \/>com.ar<\/a><\/div>\n<div>Industria metalmec\u00e1nica SERMETAL SRL<\/div>\n<div><span style=\"color: #ffffff;\">o<\/span><\/div>\n<div><span style=\"color: #ffffff;\">o<\/span><\/div>\n<div><\/div>\n<div><span style=\"text-decoration: underline;\"><b>RUBROS VARIOS<\/b>:<\/span><\/div>\n<div>\n<div>San Miguel Global:\u00a0<a href=\"mailto:ycharaviglio@sanmiguelglobal.com\" target=\"_blank\" rel=\"noopener\">ycharaviglio@<wbr \/>sanmiguelglobal.com<\/a>\u00a0y\u00a0<a href=\"mailto:anavarria@sanmiguelglobal.com\" target=\"_blank\" rel=\"noopener\">anavarria@sanmiguelglobal.<wbr \/>com<\/a><\/div>\n<div>Scania:\u00a0<a href=\"mailto:rodriguez.melisa.lourdes@scania.com\" target=\"_blank\" rel=\"noopener\">rodriguez.melisa.<wbr \/>lourdes@scania.com<\/a>;\u00a0<a href=\"mailto:luciana.corbalan@scania.com\" target=\"_blank\" rel=\"noopener\">luciana.<wbr \/>corbalan@scania.com<\/a>,\u00a0<a href=\"mailto:andrea-julieta.lamas.majek@scania.com\" target=\"_blank\" rel=\"noopener\">andrea-<wbr \/>julieta.lamas.majek@scania.com<\/a><\/div>\n<div>TNPLATEX:\u00a0<a href=\"mailto:ezequiell@tnplatex.com\" target=\"_blank\" rel=\"noopener\">ezequiell@tnplatex.com<\/a><\/div>\n<div>Cer\u00e1mica Marcos Paz:\u00a0<a href=\"mailto:ldelavega@ceramicamarcospaz.com.ar\" target=\"_blank\" rel=\"noopener\">ldelavega@<wbr \/>ceramicamarcospaz.com.ar<\/a><\/div>\n<div>ABB:\u00a0<a href=\"mailto:camila.goni@ar.abb.com\" target=\"_blank\" rel=\"noopener\">camila.goni@ar.abb.com<\/a><\/div>\n<div>ARCOR:\u00a0<a href=\"mailto:bmercau@arcor.com\" target=\"_blank\" rel=\"noopener\">bmercau@arcor.com<\/a><\/div>\n<div>Quilmes:\u00a0<a href=\"mailto:Sebastian.Benitez@quilmes.com.ar\" target=\"_blank\" rel=\"noopener\">Sebastian.Benitez@<wbr \/>quilmes.com.ar<\/a><\/div>\n<div><\/div>\n<\/div>\n","protected":false},"excerpt":{"rendered":"<p>A continuaci\u00f3n se detalla el listado de diversas empresas con convenio vigente con la FaCET para realizar la Pr\u00e1ctica Profesional Supervisada. En algunos casos, se acompa\u00f1a una direcci\u00f3n de contacto. (Este listado fue facilitado por la Secretar\u00eda de Bienestar Estudiantil de FaCET el 18 de Febrero de 2025) o o o o RUBRO CIVILES: Municipalidad [&hellip;]<\/p>\n","protected":false},"author":123522,"featured_media":0,"parent":419,"menu_order":2,"comment_status":"closed","ping_status":"closed","template":"templates\/template-full-notitle.php","meta":[],"_links":{"self":[{"href":"https:\/\/www.facet.unt.edu.ar\/cic\/wp-json\/wp\/v2\/pages\/1378"}],"collection":[{"href":"https:\/\/www.facet.unt.edu.ar\/cic\/wp-json\/wp\/v2\/pages"}],"about":[{"href":"https:\/\/www.facet.unt.edu.ar\/cic\/wp-json\/wp\/v2\/types\/page"}],"author":[{"embeddable":true,"href":"https:\/\/www.facet.unt.edu.ar\/cic\/wp-json\/wp\/v2\/users\/123522"}],"replies":[{"embeddable":true,"href":"https:\/\/www.facet.unt.edu.ar\/cic\/wp-json\/wp\/v2\/comments?post=1378"}],"version-history":[{"count":5,"href":"https:\/\/www.facet.unt.edu.ar\/cic\/wp-json\/wp\/v2\/pages\/1378\/revisions"}],"predecessor-version":[{"id":1389,"href":"https:\/\/www.facet.unt.edu.ar\/cic\/wp-json\/wp\/v2\/pages\/1378\/revisions\/1389"}],"up":[{"embeddable":true,"href":"https:\/\/www.facet.unt.edu.ar\/cic\/wp-json\/wp\/v2\/pages\/419"}],"wp:attachment":[{"href":"https:\/\/www.facet.unt.edu.ar\/cic\/wp-json\/wp\/v2\/media?parent=1378"}],"curies":[{"name":"wp","href":"https:\/\/api.w.org\/{rel}","templated":true}]}}