{"id":85,"date":"2015-03-06T16:14:51","date_gmt":"2015-03-06T19:14:51","guid":{"rendered":"https:\/\/www.facet.unt.edu.ar\/cic\/?page_id=85"},"modified":"2024-08-28T11:44:17","modified_gmt":"2024-08-28T14:44:17","slug":"comision-academica","status":"publish","type":"page","link":"https:\/\/www.facet.unt.edu.ar\/cic\/comision-academica\/","title":{"rendered":"Comisi\u00f3n Acad\u00e9mica"},"content":{"rendered":"<h2><strong><a id=\"DIRECTOR-DE-CARRERA\"><\/a>DIRECTOR DE CARRERA<\/strong><\/h2>\n<table style=\"width: 131.091%; height: 101px;\" border=\"0\" cellspacing=\"0\" cellpadding=\"0\">\n<tbody>\n<tr style=\"height: 35px;\">\n<td style=\"width: 1080px; border-color: #343538; background-color: #343538; height: 35px;\" colspan=\"3\"><span style=\"color: #343538;\"><strong><span style=\"font-size: 14pt; font-family: verdana, geneva;\">P<\/span><\/strong><\/span><\/td>\n<\/tr>\n<tr style=\"height: 35px;\">\n<td style=\"width: 400px; height: 33px;\" colspan=\"2\"><span style=\"font-size: 12pt; font-family: arial, helvetica, sans-serif;\">\u00a0 \u00a0 \u00a0 \u00a0 \u00a0 \u00a0 \u00a0 <span style=\"font-family: arial, helvetica, sans-serif;\"><a href=\"https:\/\/www.facet.unt.edu.ar\/iest\/integrantes\/molina-analia\/\">MOLINA TRIVI\u00d1O, Anal\u00eda<\/a><\/span><\/span><\/td>\n<td style=\"width: 680px; height: 33px;\"><span style=\"font-family: arial, helvetica, sans-serif; font-size: 12pt;\"><a href=\"mailto:amolina@herrera.unt.edu.ar\">amolina@herrera.unt.edu.ar<\/a><\/span><\/td>\n<\/tr>\n<tr style=\"height: 35px;\">\n<td style=\"width: 400px; border-color: #ffffff; height: 33px;\" colspan=\"2\"><span style=\"color: #999999; font-size: 14pt; font-family: 'times new roman', times;\"><span style=\"color: #ffffff;\">0<\/span><\/span><\/td>\n<td style=\"width: 680px; border-color: #ffffff; height: 33px;\"><span style=\"font-size: 14pt; font-family: 'times new roman', times; color: #808080;\">\u00a0<\/span><\/td>\n<\/tr>\n<\/tbody>\n<\/table>\n<p>Resoluci\u00f3n: RES-FACET-DGAD-10972\/2024 . Desde el 1 de Agosto de 2024 y hasta el d\u00eda 30 de Junio de 2026.<\/p>\n<h2><strong><a id=\"MIEMBROS-DE-LA-COMISI\u00d3N-ACAD\u00c9MICA\"><\/a>MIEMBROS DE LA COMISI\u00d3N ACAD\u00c9MICA<\/strong><\/h2>\n<p>&nbsp;<\/p>\n<table style=\"width: 131.091%; height: 167px;\" border=\"0\" cellspacing=\"0\" cellpadding=\"0\">\n<tbody>\n<tr style=\"height: 35px;\">\n<td style=\"width: 1080px; border-color: #343538; background-color: #343538; height: 35px;\" colspan=\"3\"><span style=\"color: #ffffff;\"><strong><span style=\"font-size: 14pt; font-family: verdana, geneva;\">Profesores Titulares\/Asociados<\/span><\/strong><\/span><\/td>\n<\/tr>\n<tr style=\"height: 33px;\">\n<td style=\"width: 80px; height: 33px;\">Titulares:<\/td>\n<td style=\"width: 320px; height: 33px;\"><span style=\"font-size: 12pt; font-family: arial, helvetica, sans-serif;\"><a href=\"https:\/\/www.facet.unt.edu.ar\/dcyoc\/docentes\/abascal-liliana\/\">ABASCAL, Liliana del Valle<\/a><\/span><\/td>\n<td style=\"width: 680px; height: 33px;\"><span style=\"font-family: arial, helvetica, sans-serif; font-size: 12pt;\"><a href=\"mailto:labascal@herrera.unt.edu.ar\">labascal@herrera.unt.edu.ar<\/a><\/span><\/td>\n<\/tr>\n<tr style=\"height: 33.625px;\">\n<td style=\"width: 80px; height: 33px;\"><\/td>\n<td style=\"width: 320px; height: 33px;\"><span style=\"font-size: 12pt; font-family: arial, helvetica, sans-serif;\"><a href=\"https:\/\/www.facet.unt.edu.ar\/iest\/integrantes\/perez-gustavo-ariel\/\">PEREZ, Gustavo Ariel<\/a><\/span><\/td>\n<td style=\"width: 680px; height: 33px;\"><span style=\"font-size: 12pt; font-family: arial, helvetica, sans-serif;\"><a href=\"mailto:gperez@herrera.unt.edu.ar\">gperez@herrera.unt.edu.ar<\/a><\/span><\/td>\n<\/tr>\n<tr style=\"height: 33px;\">\n<td style=\"width: 80px; height: 33px;\"><span style=\"color: #999999; font-size: 14pt; font-family: 'times new roman', times;\">Suplentes:<\/span><\/td>\n<td style=\"width: 320px; height: 33px;\"><span style=\"font-size: 12pt; font-family: arial, helvetica, sans-serif;\"><a href=\"https:\/\/www.facet.unt.edu.ar\/iest\/integrantes\/dip-oscar\/\">DIP, Oscar<\/a><\/span><\/td>\n<td style=\"width: 680px; height: 33px;\"><span style=\"font-size: 12pt; font-family: arial, helvetica, sans-serif;\"><a href=\"mailto:odip@herrera.unt.edu.ar\">odip@herrera.unt.edu.ar<\/a><\/span><\/td>\n<\/tr>\n<tr style=\"height: 33px;\">\n<td style=\"width: 80px; height: 33px;\"><\/td>\n<td style=\"width: 320px; height: 33px;\"><span style=\"font-size: 12pt; font-family: arial, helvetica, sans-serif;\"><a href=\"https:\/\/www.facet.unt.edu.ar\/dcyoc\/docentes\/arevalo-ricardo-atilio\/\">AR\u00c9VALO, Ricardo Atilio<\/a><\/span><\/td>\n<td style=\"width: 680px; height: 33px;\"><span style=\"font-size: 12pt; font-family: arial, helvetica, sans-serif;\"><a href=\"mailto:rarevalo@herrera.unt.edu.ar\">rarevalo@herrera.unt.edu.ar<\/a><\/span><\/td>\n<\/tr>\n<\/tbody>\n<\/table>\n<p>&nbsp;<\/p>\n<table style=\"width: 131.091%; height: 167px;\" border=\"0\" cellspacing=\"0\" cellpadding=\"0\">\n<tbody>\n<tr style=\"height: 35px;\">\n<td style=\"width: 1080px; background-color: #343538; height: 35px;\" colspan=\"3\"><span style=\"font-size: 14pt; font-family: 'times new roman', times; color: #ffffff;\"><strong><span style=\"font-family: verdana,geneva;\">Profesores Adjuntos<\/span><\/strong><\/span><\/td>\n<\/tr>\n<tr style=\"height: 35px;\">\n<td style=\"border-color: #d2d2d2; width: 80px; height: 33px;\"><span style=\"font-size: 14pt; font-family: 'times new roman',times;\">Titulares:<\/span><\/td>\n<td style=\"border-color: #d2d2d2; width: 320px; height: 33px;\"><span style=\"font-size: 12pt; font-family: arial, helvetica, sans-serif;\"><a href=\"https:\/\/www.facet.unt.edu.ar\/iest\/integrantes\/isla-facundo\/\">ISLA CALDER\u00d3N, Facundo<\/a><\/span><\/td>\n<td style=\"border-color: #d2d2d2; width: 680px; height: 33px;\"><span style=\"font-size: 12pt; font-family: arial, helvetica, sans-serif;\"><a href=\"fisla@herrera.unt.edu.ar\">fisla@herrera.unt.edu.ar<\/a><\/span><\/td>\n<\/tr>\n<tr style=\"height: 35px;\">\n<td style=\"border-color: #d2d2d2; width: 80px; height: 33px;\"><\/td>\n<td style=\"border-color: #d2d2d2; width: 320px; height: 33px;\"><span style=\"font-family: arial, helvetica, sans-serif; font-size: 12pt;\"><a href=\"https:\/\/www.facet.unt.edu.ar\/dcyoc\/docentes\/chanta-sebastian\/\">CHANTA, Sebasti\u00e1n<\/a><\/span><\/td>\n<td style=\"border-color: #d2d2d2; width: 680px; height: 33px;\"><span style=\"font-family: arial, helvetica, sans-serif; font-size: 12pt;\"><a href=\"mailto:schanta@herrera.unt.edu.ar\">schanta@herrera.unt.edu.ar<\/a><\/span><\/td>\n<\/tr>\n<tr style=\"height: 35px;\">\n<td style=\"border-color: #d2d2d2; width: 80px; height: 33px;\"><span style=\"color: #999999; font-size: 14pt; font-family: 'times new roman', times;\">Suplentes:<\/span><\/td>\n<td style=\"border-color: #d2d2d2; width: 320px; height: 33px;\"><span style=\"font-size: 12pt; font-family: arial, helvetica, sans-serif;\"><a href=\"https:\/\/www.facet.unt.edu.ar\/iest\/integrantes\/jacinto-abel-c\/\">JACINTO, Abel Carlos<\/a><\/span><\/td>\n<td style=\"border-color: #d2d2d2; width: 680px; height: 33px;\"><span style=\"font-size: 12pt; font-family: arial, helvetica, sans-serif;\"><a href=\"mailto:ajacinto@herrera.unt.edu.ar\">ajacinto@herrera.unt.edu.ar<\/a><\/span><\/td>\n<\/tr>\n<tr style=\"height: 35px;\">\n<td style=\"border-color: #d2d2d2; width: 80px; height: 33px;\"><span style=\"color: #999999; font-size: 14pt; font-family: 'times new roman', times;\">\u00a0<\/span><\/td>\n<td style=\"border-color: #d2d2d2; width: 320px; height: 33px;\"><span style=\"font-size: 12pt; font-family: arial, helvetica, sans-serif;\"><a href=\"https:\/\/www.facet.unt.edu.ar\/dcyoc\/docentes\/lezana-ariel\/\">LEZANA, Ariel Jos\u00e9 Roberto<\/a><\/span><\/td>\n<td style=\"border-color: #d2d2d2; width: 680px; height: 33px;\"><span style=\"font-size: 12pt; font-family: arial, helvetica, sans-serif;\"><a href=\"mailto:alezana@herrera.unt.edu.ar\">alezana@herrera.unt.edu.ar<\/a><\/span><\/td>\n<\/tr>\n<\/tbody>\n<\/table>\n<p>&nbsp;<\/p>\n<table style=\"width: 131.091%; height: 167px;\" border=\"0\" cellspacing=\"0\" cellpadding=\"0\">\n<tbody>\n<tr style=\"height: 35px;\">\n<td style=\"width: 99.815%; background-color: #343538; height: 35px;\" colspan=\"3\"><span style=\"font-size: 14pt; font-family: 'times new roman', times; color: #ffffff;\"><strong><span style=\"font-family: verdana,geneva;\">Docentes Auxiliares<\/span><\/strong><\/span><\/td>\n<\/tr>\n<tr style=\"height: 35px;\">\n<td style=\"border-color: #d2d2d2; width: 7.77144%; height: 33px;\"><span style=\"font-size: 14pt; font-family: 'times new roman',times;\">Titulares:<\/span><\/td>\n<td style=\"border-color: #d2d2d2; width: 29.4163%; height: 33px;\"><span style=\"font-size: 12pt; font-family: arial, helvetica, sans-serif;\"><a href=\"https:\/\/www.facet.unt.edu.ar\/iest\/integrantes\/arganaraz-luciana\/\">ARGA\u00d1ARAZ SAENZ, Paula Luciana<\/a><\/span><\/td>\n<td style=\"border-color: #d2d2d2; width: 62.6272%; height: 33px;\"><span style=\"font-size: 12pt; font-family: arial, helvetica, sans-serif;\"><a href=\"mailto:plarganarazsaenz@herrera.unt.edu.ar\">plarganarazsaenz@herrera.unt.edu.ar<\/a><\/span><\/td>\n<\/tr>\n<tr style=\"height: 35px;\">\n<td style=\"border-color: #d2d2d2; width: 7.77144%; height: 33px;\"><span style=\"font-size: 14pt; font-family: 'times new roman', times; color: #000000;\">\u00a0<\/span><\/td>\n<td style=\"border-color: #d2d2d2; width: 29.4163%; height: 33px;\"><span style=\"font-family: arial, helvetica, sans-serif; font-size: 12pt;\">GRITTI MONTESINOS, Germ\u00e1n<\/span><\/td>\n<td style=\"border-color: #d2d2d2; width: 62.6272%; height: 33px;\"><span style=\"font-size: 12pt; font-family: arial, helvetica, sans-serif;\"><a href=\"mailto:ggrittimontesinos@herrera.unt.edu.ar\">ggrittimontesinos@herrera.unt.edu.ar<\/a><\/span><\/td>\n<\/tr>\n<tr style=\"height: 35px;\">\n<td style=\"border-color: #d2d2d2; width: 7.77144%; height: 33px;\"><span style=\"color: #999999; font-size: 14pt; font-family: 'times new roman', times;\">Suplentes:<\/span><\/td>\n<td style=\"border-color: #d2d2d2; width: 29.4163%; height: 33px;\"><span style=\"font-size: 12pt; font-family: arial, helvetica, sans-serif;\"><a href=\"https:\/\/www.facet.unt.edu.ar\/iest\/integrantes\/almenar-martin\/\">ALMENAR, Mart\u00edn Ernesto<\/a><\/span><\/td>\n<td style=\"border-color: #d2d2d2; width: 62.6272%; height: 33px;\"><span style=\"font-size: 12pt; font-family: arial, helvetica, sans-serif;\"><a href=\"mailto:malmenar@herrera.unt.edu.ar\">malmenar@herrera.unt.edu.ar<\/a><\/span><\/td>\n<\/tr>\n<tr style=\"height: 35px;\">\n<td style=\"border-color: #d2d2d2; width: 7.77144%; height: 33px;\"><\/td>\n<td style=\"border-color: #d2d2d2; width: 29.4163%; height: 33px;\"><span style=\"font-family: arial, helvetica, sans-serif; font-size: 12pt;\">DEMAGISTRI, Agust\u00edn<\/span><\/td>\n<td style=\"border-color: #d2d2d2; width: 62.6272%; height: 33px;\"><span style=\"font-size: 12pt; font-family: arial, helvetica, sans-serif;\"><a href=\"mailto:agustindemagistri@hotmail.com\"><span style=\"color: #333333;\">agustindemagistri@hotmail.com<\/span><\/a><\/span><\/td>\n<\/tr>\n<\/tbody>\n<\/table>\n<p>&nbsp;<\/p>\n<table style=\"width: 131.091%; height: 105px;\" border=\"0\" cellspacing=\"0\" cellpadding=\"0\">\n<tbody>\n<tr style=\"height: 35px;\">\n<td style=\"width: 1080px; background-color: #343538; height: 35px;\" colspan=\"3\"><span style=\"font-size: 14pt; font-family: 'times new roman', times; color: #ffffff;\"><strong><span style=\"font-family: verdana,geneva;\">Estudiantes<\/span><\/strong><\/span><\/td>\n<\/tr>\n<tr style=\"height: 35px;\">\n<td style=\"border-color: #d2d2d2; width: 80px; height: 33px;\"><span style=\"font-size: 14pt; font-family: 'times new roman',times;\">Titulares:<\/span><\/td>\n<td style=\"border-color: #d2d2d2; width: 320px; height: 33px;\"><span style=\"font-family: arial, helvetica, sans-serif; font-size: 12pt;\">MARCHIANO, Agostina<\/span><\/td>\n<td style=\"border-color: #d2d2d2; width: 680px; height: 33px;\"><span style=\"font-size: 12pt; font-family: arial, helvetica, sans-serif;\"><a href=\"mailto:agos.marchiano.97@gmail.com\">agos.marchiano.97@gmail.com<\/a><\/span><\/td>\n<\/tr>\n<tr style=\"height: 35px;\">\n<td style=\"border-color: #d2d2d2; width: 80px; height: 33px;\"><span style=\"color: #999999; font-size: 14pt; font-family: 'times new roman', times;\">Suplentes:<\/span><\/td>\n<td style=\"border-color: #d2d2d2; width: 320px; height: 33px;\"><span style=\"font-family: arial, helvetica, sans-serif; font-size: 12pt;\">DI BACCO, Clarita Mar\u00eda<\/span><\/td>\n<td style=\"border-color: #d2d2d2; width: 680px; height: 33px;\"><span style=\"font-size: 12pt; font-family: arial, helvetica, sans-serif;\"><a href=\"mailto:claritadibacco@gmail.com\">claritadibacco@gmail.com<\/a><\/span><\/td>\n<\/tr>\n<\/tbody>\n<\/table>\n<p>Resoluci\u00f3n: RES-FACET-DGAD-10972\/2024 . Desde Agosto de 2024 y hasta el d\u00eda 30 de Junio de 2026.<\/p>\n","protected":false},"excerpt":{"rendered":"<p>DIRECTOR DE CARRERA P \u00a0 \u00a0 \u00a0 \u00a0 \u00a0 \u00a0 \u00a0 MOLINA TRIVI\u00d1O, Anal\u00eda amolina@herrera.unt.edu.ar 0 \u00a0 Resoluci\u00f3n: RES-FACET-DGAD-10972\/2024 . Desde el 1 de Agosto de 2024 y hasta el d\u00eda 30 de Junio de 2026. MIEMBROS DE LA COMISI\u00d3N ACAD\u00c9MICA &nbsp; Profesores Titulares\/Asociados Titulares: ABASCAL, Liliana del Valle labascal@herrera.unt.edu.ar PEREZ, Gustavo Ariel gperez@herrera.unt.edu.ar Suplentes: [&hellip;]<\/p>\n","protected":false},"author":20,"featured_media":0,"parent":0,"menu_order":2,"comment_status":"closed","ping_status":"closed","template":"templates\/template-full-notitle.php","meta":[],"_links":{"self":[{"href":"https:\/\/www.facet.unt.edu.ar\/cic\/wp-json\/wp\/v2\/pages\/85"}],"collection":[{"href":"https:\/\/www.facet.unt.edu.ar\/cic\/wp-json\/wp\/v2\/pages"}],"about":[{"href":"https:\/\/www.facet.unt.edu.ar\/cic\/wp-json\/wp\/v2\/types\/page"}],"author":[{"embeddable":true,"href":"https:\/\/www.facet.unt.edu.ar\/cic\/wp-json\/wp\/v2\/users\/20"}],"replies":[{"embeddable":true,"href":"https:\/\/www.facet.unt.edu.ar\/cic\/wp-json\/wp\/v2\/comments?post=85"}],"version-history":[{"count":83,"href":"https:\/\/www.facet.unt.edu.ar\/cic\/wp-json\/wp\/v2\/pages\/85\/revisions"}],"predecessor-version":[{"id":1370,"href":"https:\/\/www.facet.unt.edu.ar\/cic\/wp-json\/wp\/v2\/pages\/85\/revisions\/1370"}],"wp:attachment":[{"href":"https:\/\/www.facet.unt.edu.ar\/cic\/wp-json\/wp\/v2\/media?parent=85"}],"curies":[{"name":"wp","href":"https:\/\/api.w.org\/{rel}","templated":true}]}}