{"id":87,"date":"2015-03-06T16:19:52","date_gmt":"2015-03-06T19:19:52","guid":{"rendered":"https:\/\/www.facet.unt.edu.ar\/cic\/?page_id=87"},"modified":"2016-05-16T13:56:36","modified_gmt":"2016-05-16T16:56:36","slug":"ingenieria-civil","status":"publish","type":"page","link":"https:\/\/www.facet.unt.edu.ar\/cic\/carrera\/ingenieria-civil\/","title":{"rendered":"\u00bfIngenier\u00eda Civil?"},"content":{"rendered":"<table style=\"border-color: #ffffff;width: 900px\">\n<tbody>\n<tr>\n<td style=\"border-color: #ffffff;width: 500px;text-align: left;vertical-align: middle\"><span style=\"font-size: 14pt\"><a href=\"#Qu\u00e9%20es la Ingenier\u00eda Civil\">\u00bfQu\u00e9 es la Ingenier\u00eda Civil?<\/a><\/span><\/p>\n<p><span style=\"font-size: 14pt\"><a href=\"#Es%20la Ingenier\u00eda Civil para m\u00ed\">\u00bfEs la Ingenier\u00eda Civil para m\u00ed?<\/a><\/span><\/p>\n<p><span style=\"font-size: 14pt\"><a href=\"#Qu\u00e9%20aprender\u00e9 en la UNT\">\u00bfQu\u00e9 aprender\u00e9 en la UNT?<\/a><\/span><\/p>\n<p><span style=\"font-size: 14pt\"><a href=\"#Por%20qu\u00e9 la UNT es el mejor lugar para estudiar\">\u00bfPor qu\u00e9 la UNT es el mejor lugar para estudiar?<\/a><\/span><\/p>\n<p><span style=\"font-size: 14pt\"><a href=\"#Qu\u00e9%20trabajos hacen los ingenieros civiles\">\u00bfQu\u00e9 trabajos hacen los ingenieros civiles?<\/a><\/span><\/td>\n<td style=\"border-color: #ffffff;width: 400px;text-align: center;vertical-align: middle\">\n<p><div id=\"attachment_742\" style=\"width: 224px\" class=\"wp-caption aligncenter\"><img aria-describedby=\"caption-attachment-742\" decoding=\"async\" loading=\"lazy\" class=\"wp-image-742\" src=\"https:\/\/www.facet.unt.edu.ar\/cic\/wp-content\/uploads\/sites\/25\/2015\/03\/El-Pensador-Rodin2.jpg\" alt=\"El-Pensador-(Rodin)2\" width=\"214\" height=\"325\" srcset=\"https:\/\/www.facet.unt.edu.ar\/cic\/wp-content\/uploads\/sites\/25\/2015\/03\/El-Pensador-Rodin2.jpg 321w, https:\/\/www.facet.unt.edu.ar\/cic\/wp-content\/uploads\/sites\/25\/2015\/03\/El-Pensador-Rodin2-198x300.jpg 198w\" sizes=\"(max-width: 214px) 100vw, 214px\" \/><p id=\"caption-attachment-742\" class=\"wp-caption-text\">El Pensador (<em>Escultura de Rodin<\/em>)<\/p><\/div><\/td>\n<\/tr>\n<\/tbody>\n<\/table>\n<hr \/>\n<p style=\"text-align: justify\"><strong><a id=\"Qu\u00e9 es la Ingenier\u00eda Civil\"><\/a>\u00bfQu\u00e9 es la Ingenier\u00eda Civil?<\/strong><\/p>\n<p style=\"text-align: justify\">Como Ingeniero Civil podr\u00e1s literalmente cambiar el mundo. Los ingenieros civiles dise\u00f1an y construyen todo lo referido a la infraestructura b\u00e1sica: desde los edificios a los puentes, diques de embalse, caminos, autopistas, redes de agua potable y cloacas, puertos a\u00e9reos y mar\u00edtimos, plataformas offshort, etc. desde un concepto sustentable tratando de cuidar el Medio Ambiente. En definitiva, casi todo lo que ves a tu alrededor est\u00e1 relacionado con la Ingenier\u00eda Civil.<\/p>\n<p style=\"text-align: justify\">Los ingenieros civiles aseguran que todo lo que nos rodea sea seguro y pueda soportar fen\u00f3menos naturales como terremotos, vientos, nieve, etc. Tambi\u00e9n construyen obras para protegernos de las inundaciones y deslizamientos de tierra.<\/p>\n<p style=\"text-align: justify\">Como te dar\u00e1s cuenta, la Ingenier\u00eda Civil interviene en cada aspecto de tu vida. Argentina necesita construir mucha infraestructura (caminos, diques, canales, edificios, viviendas) y por pr\u00f3ximos a\u00f1os ser\u00e1 mucha demanda de Ingenieros Civiles y vos puedes ser parte de eso.<\/p>\n<p>&nbsp;<\/p>\n<p style=\"text-align: justify\"><strong><a id=\"Es la Ingenier\u00eda Civil para m\u00ed\"><\/a>\u00bfEs la Ingenier\u00eda Civil para m\u00ed?<\/strong><\/p>\n<p style=\"text-align: justify\">Si est\u00e1s interesado en las siguientes materias y \u00e1reas, esta carrera es para vos:<\/p>\n<ul style=\"text-align: justify\">\n<li>Ciencias<\/li>\n<li>Matem\u00e1ticas<\/li>\n<li>Nuestro mundo f\u00edsico<\/li>\n<li>La resoluci\u00f3n de problemas<\/li>\n<li>El pensamiento creativo<\/li>\n<li>Trabajo en equipo<\/li>\n<\/ul>\n<p>&nbsp;<\/p>\n<p style=\"text-align: justify\"><strong><a id=\"Qu\u00e9 aprender\u00e9 en la UNT\"><\/a>\u00bfQu\u00e9 aprender\u00e9 en la UNT?<\/strong><\/p>\n<p style=\"text-align: justify\">Como Estudiante de Ingenier\u00eda Civil aprender\u00e1s sobre las siguientes \u00e1reas a trav\u00e9s de una combinaci\u00f3n de clases, experiencias en laboratorios y trabajo de campo:<\/p>\n<ul style=\"text-align: justify\">\n<li>Estructuras<\/li>\n<li>Hidr\u00e1ulica<\/li>\n<li>V\u00edas de Comunicaci\u00f3n<\/li>\n<li>Gesti\u00f3n de infraestructuras<\/li>\n<\/ul>\n<p style=\"text-align: justify\">El Plan de Estudios se desarrolla en 5 a\u00f1os y medio, los cuales culminan con un una Pr\u00e1ctica Profesional Supervisada y Proyecto Final de Carrera. Comprende un Ciclo B\u00e1sico, el cual te ayudar\u00e1 como transici\u00f3n entre la educaci\u00f3n media (secundario) y la universidad. En esta etapa te ayudaremos a desarrollar tus habilidades intelectuales en Matem\u00e1tica, F\u00edsica y Dibujo.<\/p>\n<p style=\"text-align: justify\">Luego se continua con el ciclo B\u00e1sico-Profesional, en el cual te daremos las herramientas b\u00e1sicas para que puedas aplicar los m\u00e9todos ingenieriles en la resoluci\u00f3n de problemas y situaciones reales.<\/p>\n<p style=\"text-align: justify\">Finalmente concluiremos con el Ciclo Profesional, donde te entrenaremos en el desempe\u00f1o de tu futuro rol de Ingeniero Civil.<\/p>\n<p>&nbsp;<\/p>\n<p style=\"text-align: justify\"><strong><a id=\"Por qu\u00e9 la UNT es el mejor lugar para estudiar\"><\/a>\u00bfPor qu\u00e9 la UNT es el mejor lugar para estudiar?<\/strong><\/p>\n<p style=\"text-align: justify\">Estudiar Ingenier\u00eda Civil en la UNT te asegura que vas a desarrollar tus habilidades junto a los mejores profesores y las mejores instalaciones, adem\u00e1s de ser gratuita. Los docentes est\u00e1n para transmitirte todos sus conocimientos y apoyarte en todo lo que necesites.<\/p>\n<p style=\"text-align: justify\">Nuestras instalaciones incluyen aulas totalmente equipadas, biblioteca, salas de computaci\u00f3n. Tambi\u00e9n cuenta con laboratorios muy equipados como el Laboratorio de Estructuras, Laboratorio de Estudio de Materiales, Laboratorio de Hidr\u00e1ulica, Laboratorio de Suelos y de V\u00edas de Comunicaci\u00f3n.<\/p>\n<p style=\"text-align: justify\">Otra actividad de la Carrera de Ingenier\u00eda Civil son los proyectos de investigaci\u00f3n, a los cuales se podr\u00e1n sumar si te interesa esta actividad.<\/p>\n<p>&nbsp;<\/p>\n<p style=\"text-align: justify\"><strong><a id=\"Qu\u00e9 trabajos hacen los ingenieros civiles\"><\/a>\u00bfQu\u00e9 trabajos hacen los ingenieros civiles?<\/strong><\/p>\n<p style=\"text-align: justify\">El Ingeniero Civil tiene una gran inserci\u00f3n en la sociedad.<\/p>\n<p style=\"text-align: justify\">Podr\u00e1s trabajar en cualquiera de las tres grandes ramas de la ingenier\u00eda:<\/p>\n<ul style=\"text-align: justify\">\n<li>Estructuras (edificios, puentes, estabilizaci\u00f3n de suelos, etc.)<\/li>\n<li>V\u00edas de Comunicaci\u00f3n (caminos, obras viales urbanas, ferroviarias, aeropuertos y todas aquellas relacionadas con la circulaci\u00f3n terrestre, navegaci\u00f3n fluvial y a\u00e9rea)<\/li>\n<li>Hidr\u00e1ulica (diques de embalse, centrales hidroel\u00e9ctricas, obras de riego, desag\u00fce urbano, control de inundaciones, saneamiento urbano, etc.)<\/li>\n<\/ul>\n<p style=\"text-align: justify\">Si te gusta trabajar con computadoras en una oficina, podr\u00e1s dedicarte al dise\u00f1o y proyecto de las obras.<\/p>\n<p style=\"text-align: justify\">Si te gustan la construcci\u00f3n obras y resolver problemas pr\u00e1cticos, puedes trabajar como director t\u00e9cnico de obras en alguna empresa o como inspector.<\/p>\n<p style=\"text-align: justify\">Si te gusta la docencia y la investigaci\u00f3n podr\u00e1s pertenecer a cualquier universidad y grupos de investigaci\u00f3n del pa\u00eds y tambi\u00e9n del exterior<\/p>\n<p style=\"text-align: justify\">Todo esto lo puedes hacer tanto en el \u00e1mbito privado como en la funci\u00f3n p\u00fablica<\/p>\n","protected":false},"excerpt":{"rendered":"<p>\u00bfQu\u00e9 es la Ingenier\u00eda Civil? \u00bfEs la Ingenier\u00eda Civil para m\u00ed? \u00bfQu\u00e9 aprender\u00e9 en la UNT? \u00bfPor qu\u00e9 la UNT es el mejor lugar para estudiar? \u00bfQu\u00e9 trabajos hacen los ingenieros civiles? \u00bfQu\u00e9 es la Ingenier\u00eda Civil? Como Ingeniero Civil podr\u00e1s literalmente cambiar el mundo. Los ingenieros civiles dise\u00f1an y construyen todo lo referido a [&hellip;]<\/p>\n","protected":false},"author":20,"featured_media":0,"parent":90,"menu_order":0,"comment_status":"closed","ping_status":"closed","template":"templates\/template-full-notitle.php","meta":[],"_links":{"self":[{"href":"https:\/\/www.facet.unt.edu.ar\/cic\/wp-json\/wp\/v2\/pages\/87"}],"collection":[{"href":"https:\/\/www.facet.unt.edu.ar\/cic\/wp-json\/wp\/v2\/pages"}],"about":[{"href":"https:\/\/www.facet.unt.edu.ar\/cic\/wp-json\/wp\/v2\/types\/page"}],"author":[{"embeddable":true,"href":"https:\/\/www.facet.unt.edu.ar\/cic\/wp-json\/wp\/v2\/users\/20"}],"replies":[{"embeddable":true,"href":"https:\/\/www.facet.unt.edu.ar\/cic\/wp-json\/wp\/v2\/comments?post=87"}],"version-history":[{"count":28,"href":"https:\/\/www.facet.unt.edu.ar\/cic\/wp-json\/wp\/v2\/pages\/87\/revisions"}],"predecessor-version":[{"id":816,"href":"https:\/\/www.facet.unt.edu.ar\/cic\/wp-json\/wp\/v2\/pages\/87\/revisions\/816"}],"up":[{"embeddable":true,"href":"https:\/\/www.facet.unt.edu.ar\/cic\/wp-json\/wp\/v2\/pages\/90"}],"wp:attachment":[{"href":"https:\/\/www.facet.unt.edu.ar\/cic\/wp-json\/wp\/v2\/media?parent=87"}],"curies":[{"name":"wp","href":"https:\/\/api.w.org\/{rel}","templated":true}]}}