{"id":94,"date":"2015-03-06T16:24:55","date_gmt":"2015-03-06T19:24:55","guid":{"rendered":"https:\/\/www.facet.unt.edu.ar\/cic\/?page_id=94"},"modified":"2015-03-09T03:46:34","modified_gmt":"2015-03-09T06:46:34","slug":"titulo","status":"publish","type":"page","link":"https:\/\/www.facet.unt.edu.ar\/cic\/carrera\/titulo\/","title":{"rendered":"T\u00edtulo"},"content":{"rendered":"<h3><span style=\"font-family: verdana, geneva;color: #000000\"><strong>T\u00cdTULO A OTORGAR Y PERFIL DEL EGRESADO<\/strong><\/span><\/h3>\n<ul>\n<li style=\"text-align: justify\"><span style=\"font-family: verdana, geneva\">\u00a0Se busca formar un profesional t\u00e9cnicamente competente, creativo y con autonom\u00eda para el desempe\u00f1o de su trabajo en los distintos campos de su accionar y seg\u00fan el requerimiento de la sociedad en que habita.<\/span><\/li>\n<li style=\"text-align: justify\"><span style=\"font-family: verdana, geneva\">Deber\u00e1 valorar el trabajo en equipo y la interdisciplinariedad en la elaboraci\u00f3n de proyectos que por sus caracter\u00edsticas e importancia requieran de esta disposici\u00f3n.<\/span><\/li>\n<li style=\"text-align: justify\"><span style=\"font-family: verdana, geneva\">Deber\u00e1 actuar con sentido \u00e9tico y human\u00edstico, atento a las necesidades de la comunidad, y contemplando las consecuencias ambientales, sociales y econ\u00f3micas de sus proyectos.<\/span><\/li>\n<\/ul>\n<p>&nbsp;<\/p>\n<h3><span style=\"font-family: verdana, geneva;color: #000000\"><strong>ACTIVIDADES PROFESIONALES RESERVADAS AL T\u00cdTULO DE INGENIERO CIVIL<\/strong><\/span><\/h3>\n<p><span style=\"font-family: verdana, geneva\">De conformidad con la Resoluci\u00f3n 1232\/01, Anexo V-4, los alcances en el ejercicio del t\u00edtulo profesional son los siguientes.<\/span><\/p>\n<p><span style=\"font-family: verdana, geneva\"><strong><span style=\"font-family: 'times new roman', times\">i.<\/span> <\/strong>Estudio, factibilidad, proyecto, direcci\u00f3n, inspecci\u00f3n, construcci\u00f3n, operaci\u00f3n y mantenimiento de:<\/span><\/p>\n<ul>\n<li><span style=\"font-family: verdana,geneva\">Edificios, cualesquiera fuera su destino, con todas sus obras complementarias.<\/span><\/li>\n<li><span style=\"font-family: verdana,geneva\">Estructuras resistentes y obras civiles y de arte de todo tipo.<\/span><\/li>\n<li><span style=\"font-family: verdana,geneva\">Obras de regulaci\u00f3n, captaci\u00f3n y abastecimiento de agua.<\/span><\/li>\n<li><span style=\"font-family: verdana,geneva\">Obras de riego, desag\u00fce y drenaje.<\/span><\/li>\n<li><span style=\"font-family: verdana,geneva\">Instalaciones hidromec\u00e1nicas.<\/span><\/li>\n<li><span style=\"font-family: verdana,geneva\">Obras destinadas al aprovechamiento de la energ\u00eda hidr\u00e1ulica.<\/span><\/li>\n<li><span style=\"font-family: verdana,geneva\">Obras de correcci\u00f3n y regulaci\u00f3n fluvial.<\/span><\/li>\n<li><span style=\"font-family: verdana,geneva\">Obras destinadas al almacenamiento, conducci\u00f3n y distribuci\u00f3n de s\u00f3lidos y fluidos.<\/span><\/li>\n<li><span style=\"font-family: verdana,geneva\">Obras viales y ferroviarias.<\/span><\/li>\n<li><span style=\"font-family: verdana,geneva\">Obras de saneamiento urbano y rural.<\/span><\/li>\n<li><span style=\"font-family: verdana,geneva\">Obras portuarias, incluso aeropuertos y todas aquellas relacionadas con la navegaci\u00f3n fluvial, mar\u00edtima y a\u00e9rea.<\/span><\/li>\n<li><span style=\"font-family: verdana,geneva\">Obras de urbanismo en lo que se refiere al trazado urbano y organizaci\u00f3n de servicios p\u00fablicos vinculados con la higiene, vialidad, comunicaciones y energ\u00eda.<\/span><\/li>\n<li><span style=\"font-family: verdana,geneva\">Para todas las obras enunciadas en los incisos anteriores la previsi\u00f3n s\u00edsmica cuando correspondiere.<\/span><\/li>\n<\/ul>\n<p>&nbsp;<\/p>\n<p><span style=\"font-family: verdana, geneva\"><strong><span style=\"font-family: 'times new roman', times\">ii.<\/span> <\/strong>Estudios, tareas y asesoramiento relacionados con:<\/span><\/p>\n<ul>\n<li><span style=\"font-family: verdana,geneva\">Mec\u00e1nica de suelos y mec\u00e1nica de rocas.<\/span><\/li>\n<li><span style=\"font-family: verdana,geneva\">Trabajos topogr\u00e1ficos y geod\u00e9sicos.<\/span><\/li>\n<li><span style=\"font-family: verdana,geneva\">Planeamiento de sistemas de transporte en general.<\/span><\/li>\n<li><span style=\"font-family: verdana,geneva\">Estudios de tr\u00e1nsito en rutas y ciudades.<\/span><\/li>\n<li><span style=\"font-family: verdana,geneva\">Planeamiento del uso y administraci\u00f3n de los recursos h\u00eddricos.<\/span><\/li>\n<li><span style=\"font-family: verdana,geneva\">Estudios hidrol\u00f3gicos.<\/span><\/li>\n<li><span style=\"font-family: verdana,geneva\">Asuntos de Ingenier\u00eda Legal, Econ\u00f3mica y Financiera y de Organizaci\u00f3n, relacionados con los mismos incisos anteriores.<\/span><\/li>\n<li><span style=\"font-family: verdana,geneva\">Arbitrajes, pericias y tasaciones relacionados con los mismos incisos anteriores.<\/span><\/li>\n<li><span style=\"font-family: verdana,geneva\">Higiene, seguridad y contaminaci\u00f3n ambiental relacionados con los incisos anteriores.<\/span><\/li>\n<\/ul>\n","protected":false},"excerpt":{"rendered":"<p>T\u00cdTULO A OTORGAR Y PERFIL DEL EGRESADO \u00a0Se busca formar un profesional t\u00e9cnicamente competente, creativo y con autonom\u00eda para el desempe\u00f1o de su trabajo en los distintos campos de su accionar y seg\u00fan el requerimiento de la sociedad en que habita. Deber\u00e1 valorar el trabajo en equipo y la interdisciplinariedad en la elaboraci\u00f3n de proyectos [&hellip;]<\/p>\n","protected":false},"author":20,"featured_media":0,"parent":90,"menu_order":1,"comment_status":"closed","ping_status":"closed","template":"templates\/template-full-notitle.php","meta":[],"_links":{"self":[{"href":"https:\/\/www.facet.unt.edu.ar\/cic\/wp-json\/wp\/v2\/pages\/94"}],"collection":[{"href":"https:\/\/www.facet.unt.edu.ar\/cic\/wp-json\/wp\/v2\/pages"}],"about":[{"href":"https:\/\/www.facet.unt.edu.ar\/cic\/wp-json\/wp\/v2\/types\/page"}],"author":[{"embeddable":true,"href":"https:\/\/www.facet.unt.edu.ar\/cic\/wp-json\/wp\/v2\/users\/20"}],"replies":[{"embeddable":true,"href":"https:\/\/www.facet.unt.edu.ar\/cic\/wp-json\/wp\/v2\/comments?post=94"}],"version-history":[{"count":7,"href":"https:\/\/www.facet.unt.edu.ar\/cic\/wp-json\/wp\/v2\/pages\/94\/revisions"}],"predecessor-version":[{"id":649,"href":"https:\/\/www.facet.unt.edu.ar\/cic\/wp-json\/wp\/v2\/pages\/94\/revisions\/649"}],"up":[{"embeddable":true,"href":"https:\/\/www.facet.unt.edu.ar\/cic\/wp-json\/wp\/v2\/pages\/90"}],"wp:attachment":[{"href":"https:\/\/www.facet.unt.edu.ar\/cic\/wp-json\/wp\/v2\/media?parent=94"}],"curies":[{"name":"wp","href":"https:\/\/api.w.org\/{rel}","templated":true}]}}