{"id":133,"date":"2014-09-16T01:53:17","date_gmt":"2014-09-16T04:53:17","guid":{"rendered":"https:\/\/www.facet.unt.edu.ar\/crunic14\/?page_id=133"},"modified":"2014-09-16T01:53:18","modified_gmt":"2014-09-16T04:53:18","slug":"conferencias","status":"publish","type":"page","link":"https:\/\/www.facet.unt.edu.ar\/crunic14\/conferencias\/","title":{"rendered":"Conferencias"},"content":{"rendered":"<div id=\"pl-133\"  class=\"panel-layout\" ><div id=\"pg-133-0\"  class=\"panel-grid panel-no-style\" ><div id=\"pgc-133-0-0\"  class=\"panel-grid-cell\" ><div id=\"panel-133-0-0-0\" class=\"so-panel widget widget_headline-widget panel-first-child panel-last-child\" data-index=\"0\" >\t\t<h1>Conferencias<\/h1>\n\t\t<div class=\"decoration\"><div class=\"decoration-inside\"><\/div><\/div>\n\t\t<h3><\/h3>\n\t\t<\/div><\/div><\/div><div id=\"pg-133-1\"  class=\"panel-grid panel-no-style\" ><div id=\"pgc-133-1-0\"  class=\"panel-grid-cell\" ><div id=\"panel-133-1-0-0\" class=\"so-panel widget widget_siteorigin-panels-image panel-first-child panel-last-child\" data-index=\"1\" ><img src=\"http:\/\/www.solidsystems.co.za\/wp-content\/uploads\/Fotolia_44543883_X1.jpg\" \/><\/div><\/div><div id=\"pgc-133-1-1\"  class=\"panel-grid-cell\" ><div id=\"panel-133-1-1-0\" class=\"so-panel widget widget_text panel-first-child panel-last-child\" data-index=\"2\" ><h3 class=\"widget-title\">Cloud Computing<\/h3>\t\t\t<div class=\"textwidget\">Las plataformas de Cloud Computing est\u00e1n aumentando en popularidad, pero <b>\u00bfpor qu\u00e9?<\/b> \u00bfQu\u00e9 ventajas ofrece esta arquitectura a las empresas y a sus clientes?, <b>\u00bfqu\u00e9 es Cloud Computing?<\/b>. \n<br \/><br \/><br \/>\nEl profesor visitante por <a href=\"http:\/\/fulbright.org\/\">Fullbright Association<\/a>, Dan Marinescu nos invita a ver de cerca qu\u00e9 es la infraestructura de Cloud Computing (Cloud Computing infrastructure) y su impacto en \u00e1reas de gran importancia para TI durante los \u00faltimos a\u00f1os.\n<br \/><br \/><br \/>\n<b>Horario:<\/b> Jueves 18 - 10:00 \u2013 13:00<\/div>\n\t\t<\/div><\/div><\/div><div id=\"pg-133-2\"  class=\"panel-grid panel-no-style\" ><div id=\"pgc-133-2-0\"  class=\"panel-grid-cell panel-grid-cell-mobile-last\" ><div id=\"panel-133-2-0-0\" class=\"so-panel widget widget_text panel-first-child panel-last-child\" data-index=\"3\" ><h3 class=\"widget-title\">Computer Engineer: Standards and Education<\/h3>\t\t\t<div class=\"textwidget\">Charla a cargo del profesor visitante por <a href=\"http:\/\/fulbright.org\/\">Fullbright Association<\/a>, Dan Marinescu (Department of Electrical Engineer and Computer Science, <a href=\"http:\/\/www.ucf.edu\/\">University of Central Florida, EEUU.<\/a>)\n<br \/><br \/><br \/>\n<b>Horario:<\/b> Viernes 19 - 9:00 \u2013 10:00<\/div>\n\t\t<\/div><\/div><div id=\"pgc-133-2-1\"  class=\"panel-grid-cell panel-grid-cell-empty\" ><\/div><\/div><\/div>","protected":false},"excerpt":{"rendered":"<p>Conferencias Cloud Computing Las plataformas de Cloud Computing est\u00e1n aumentando en popularidad, pero \u00bfpor qu\u00e9? \u00bfQu\u00e9 ventajas ofrece esta arquitectura a las empresas y a sus clientes?, \u00bfqu\u00e9 es Cloud Computing?. El profesor visitante por Fullbright Association, Dan Marinescu nos invita a ver de cerca qu\u00e9 es la infraestructura de Cloud Computing (Cloud Computing infrastructure) [&hellip;]<\/p>\n","protected":false},"author":18,"featured_media":0,"parent":0,"menu_order":0,"comment_status":"closed","ping_status":"closed","template":"templates\/template-full-notitle.php","meta":[],"_links":{"self":[{"href":"https:\/\/www.facet.unt.edu.ar\/crunic14\/wp-json\/wp\/v2\/pages\/133"}],"collection":[{"href":"https:\/\/www.facet.unt.edu.ar\/crunic14\/wp-json\/wp\/v2\/pages"}],"about":[{"href":"https:\/\/www.facet.unt.edu.ar\/crunic14\/wp-json\/wp\/v2\/types\/page"}],"author":[{"embeddable":true,"href":"https:\/\/www.facet.unt.edu.ar\/crunic14\/wp-json\/wp\/v2\/users\/18"}],"replies":[{"embeddable":true,"href":"https:\/\/www.facet.unt.edu.ar\/crunic14\/wp-json\/wp\/v2\/comments?post=133"}],"version-history":[{"count":7,"href":"https:\/\/www.facet.unt.edu.ar\/crunic14\/wp-json\/wp\/v2\/pages\/133\/revisions"}],"predecessor-version":[{"id":162,"href":"https:\/\/www.facet.unt.edu.ar\/crunic14\/wp-json\/wp\/v2\/pages\/133\/revisions\/162"}],"wp:attachment":[{"href":"https:\/\/www.facet.unt.edu.ar\/crunic14\/wp-json\/wp\/v2\/media?parent=133"}],"curies":[{"name":"wp","href":"https:\/\/api.w.org\/{rel}","templated":true}]}}