{"id":138,"date":"2014-09-15T22:39:30","date_gmt":"2014-09-16T01:39:30","guid":{"rendered":"https:\/\/www.facet.unt.edu.ar\/crunic14\/?page_id=138"},"modified":"2014-09-15T22:48:43","modified_gmt":"2014-09-16T01:48:43","slug":"objetivos","status":"publish","type":"page","link":"https:\/\/www.facet.unt.edu.ar\/crunic14\/objetivos\/","title":{"rendered":"Objetivos"},"content":{"rendered":"<h4 class=\"widget-title\">Cooperaci\u00f3n e Intercambio en las principales \u00c1reas Tem\u00e1ticas.<\/h4>\n<p>Durante el primer d\u00eda se llevar\u00e1n a cabo reuniones de docentes de las tres \u00e1reas tem\u00e1ticas principales de Ingenier\u00eda en Computaci\u00f3n. En estas reuniones se informar\u00e1 c\u00f3mo est\u00e1 planteada la formaci\u00f3n del \u00e1rea en cada carrera. Se analizar\u00e1n posibles acuerdos de complementaci\u00f3n e intercambio a nivel de docencia e investigaci\u00f3n, con posibilidad de elaborar proyectos conjuntos a distancia como as\u00ed tambi\u00e9n plantear la movilidad docente y estudiantil entre las distintas Unidades Acad\u00e9micas a tal fin.<\/p>\n<h4 class=\"widget-title\">Elaboraci\u00f3n de propuesta de nuevos est\u00e1ndares de Ingenier\u00eda en computaci\u00f3n.<\/h4>\n<p>En el a\u00f1o 2012 la RUNIC es reconocida por el CONFEDI y aceptada como entidad asesora en todo lo que tiene que ver con sus disciplinas b\u00e1sicas. Se le encomend\u00f3 preparar una propuesta de nuevos est\u00e1ndares que permitan la validez internacional de t\u00edtulo que otorgan estas carreras, con el objeto de avanzar en convenios de reconocimiento con los pa\u00edses lim\u00edtrofes en una primera etapa, posteriormente en el marco de Am\u00e9rica Latina y as\u00ed sucesivamente.<\/p>\n","protected":false},"excerpt":{"rendered":"<p>Cooperaci\u00f3n e Intercambio en las principales \u00c1reas Tem\u00e1ticas. Durante el primer d\u00eda se llevar\u00e1n a cabo reuniones de docentes de las tres \u00e1reas tem\u00e1ticas principales de Ingenier\u00eda en Computaci\u00f3n. En estas reuniones se informar\u00e1 c\u00f3mo est\u00e1 planteada la formaci\u00f3n del \u00e1rea en cada carrera. Se analizar\u00e1n posibles acuerdos de complementaci\u00f3n e intercambio a nivel de [&hellip;]<\/p>\n","protected":false},"author":18,"featured_media":0,"parent":0,"menu_order":0,"comment_status":"closed","ping_status":"closed","template":"templates\/template-full.php","meta":[],"_links":{"self":[{"href":"https:\/\/www.facet.unt.edu.ar\/crunic14\/wp-json\/wp\/v2\/pages\/138"}],"collection":[{"href":"https:\/\/www.facet.unt.edu.ar\/crunic14\/wp-json\/wp\/v2\/pages"}],"about":[{"href":"https:\/\/www.facet.unt.edu.ar\/crunic14\/wp-json\/wp\/v2\/types\/page"}],"author":[{"embeddable":true,"href":"https:\/\/www.facet.unt.edu.ar\/crunic14\/wp-json\/wp\/v2\/users\/18"}],"replies":[{"embeddable":true,"href":"https:\/\/www.facet.unt.edu.ar\/crunic14\/wp-json\/wp\/v2\/comments?post=138"}],"version-history":[{"count":4,"href":"https:\/\/www.facet.unt.edu.ar\/crunic14\/wp-json\/wp\/v2\/pages\/138\/revisions"}],"predecessor-version":[{"id":143,"href":"https:\/\/www.facet.unt.edu.ar\/crunic14\/wp-json\/wp\/v2\/pages\/138\/revisions\/143"}],"wp:attachment":[{"href":"https:\/\/www.facet.unt.edu.ar\/crunic14\/wp-json\/wp\/v2\/media?parent=138"}],"curies":[{"name":"wp","href":"https:\/\/api.w.org\/{rel}","templated":true}]}}