{"id":2,"date":"2013-11-27T14:05:50","date_gmt":"2013-11-27T17:05:50","guid":{"rendered":"https:\/\/www.facet.unt.edu.arcrunic14\/?page_id=2"},"modified":"2014-09-15T23:39:53","modified_gmt":"2014-09-16T02:39:53","slug":"cronograma","status":"publish","type":"page","link":"https:\/\/www.facet.unt.edu.ar\/crunic14\/cronograma\/","title":{"rendered":"Cronograma"},"content":{"rendered":"<h3>Jueves 18<\/h3>\n<table>\n<thead>\n<tr>\n<th style=\"width: 100px\">Sala<\/th>\n<th style=\"width: 120px\">Horario<\/th>\n<th style=\"width: 150px\">Tipo de Actividad<\/th>\n<th>Actividad<\/th>\n<\/tr>\n<\/thead>\n<tbody>\n<tr>\n<td>Auditorio<\/td>\n<td>9:00 &#8211; 10:00<\/td>\n<td>Plenario<\/td>\n<td>Presentaci\u00f3n y Acreditaci\u00f3n<\/td>\n<\/tr>\n<tr>\n<td>Aula A<br \/>\nAula B<br \/>\nAula C<\/td>\n<td>10:00 &#8211; 13:00<\/td>\n<td>Conferencia Magistral<\/td>\n<td>Cloud Computing. Profesor Visitante por Fullbright Association, Dan Marinescu:Department of Electrical Engineer and Computer Science, University of Central Florida, EEUU.<\/td>\n<\/tr>\n<tr>\n<td><\/td>\n<td>13:00 &#8211; 15:00<\/td>\n<td>Break Almuerzo<\/td>\n<td><\/td>\n<\/tr>\n<tr>\n<td>Aula A<br \/>\nAula B<br \/>\nAula C<\/td>\n<td>15:00 &#8211; 18:00<\/td>\n<td>Workshops<\/td>\n<td>Workshops por \u00c1reas Tem\u00e1ticas:<\/p>\n<ul>\n<li>Software<\/li>\n<li>Sistemas Embebidos<\/li>\n<li>Redes y Comunicaciones<\/li>\n<\/ul>\n<\/td>\n<\/tr>\n<\/tbody>\n<\/table>\n<h3>Viernes 19<\/h3>\n<table>\n<thead>\n<tr>\n<th style=\"width: 100px\">Sala<\/th>\n<th style=\"width: 120px\">Horario<\/th>\n<th style=\"width: 150px\">Tipo de Actividad<\/th>\n<th>Actividad<\/th>\n<\/tr>\n<\/thead>\n<tbody>\n<tr>\n<td>Auditorio<\/td>\n<td>9:00 &#8211; 10:00<\/td>\n<td>Conferencia Magistral<\/td>\n<td>Computer Engineer: standards and Education\u201d. Profesor Visitante por Fullbright Association, Dan Marinescu: Department of Electrical Engineer and Computer Science, University of Central Florida, EEUU.<\/td>\n<\/tr>\n<tr>\n<td>Aula A<br \/>\nAula B<br \/>\nAula C<\/td>\n<td>10:00 &#8211; 13:00<\/td>\n<td>Workshops<\/td>\n<td>Workshops por \u00c1reas Tem\u00e1ticas:<\/p>\n<ul>\n<li>Software<\/li>\n<li>Sistemas Embebidos<\/li>\n<li>Redes y Comunicaciones<\/li>\n<\/ul>\n<\/td>\n<\/tr>\n<tr>\n<td><\/td>\n<td>13:00 &#8211; 15:00<\/td>\n<td>Break Almuerzo<\/td>\n<td><\/td>\n<\/tr>\n<tr>\n<td>Auditorio<\/td>\n<td>15:00 &#8211; 17:00<\/td>\n<td>Presentaci\u00f3n<\/td>\n<td>Presentaci\u00f3n de la Propuesta de est\u00e1ndares de acreditaci\u00f3n 2016, versi\u00f3n definitiva. Ing. Orlando Micolini Coordinador de la RUNIC.<\/td>\n<\/tr>\n<tr>\n<td>Auditorio<\/td>\n<td>17:00 &#8211; 18:00<\/td>\n<td>Plenario<\/td>\n<td>Conclusiones y plan de acci\u00f3n por cada \u00e1rea tem\u00e1tica<\/td>\n<\/tr>\n<\/tbody>\n<\/table>\n<p>&nbsp;<\/p>\n<p>&nbsp;<\/p>\n","protected":false},"excerpt":{"rendered":"<p>Jueves 18 Sala Horario Tipo de Actividad Actividad Auditorio 9:00 &#8211; 10:00 Plenario Presentaci\u00f3n y Acreditaci\u00f3n Aula A Aula B Aula C 10:00 &#8211; 13:00 Conferencia Magistral Cloud Computing. Profesor Visitante por Fullbright Association, Dan Marinescu:Department of Electrical Engineer and Computer Science, University of Central Florida, EEUU. 13:00 &#8211; 15:00 Break Almuerzo Aula A Aula [&hellip;]<\/p>\n","protected":false},"author":1,"featured_media":0,"parent":0,"menu_order":0,"comment_status":"closed","ping_status":"closed","template":"templates\/template-full.php","meta":[],"_links":{"self":[{"href":"https:\/\/www.facet.unt.edu.ar\/crunic14\/wp-json\/wp\/v2\/pages\/2"}],"collection":[{"href":"https:\/\/www.facet.unt.edu.ar\/crunic14\/wp-json\/wp\/v2\/pages"}],"about":[{"href":"https:\/\/www.facet.unt.edu.ar\/crunic14\/wp-json\/wp\/v2\/types\/page"}],"author":[{"embeddable":true,"href":"https:\/\/www.facet.unt.edu.ar\/crunic14\/wp-json\/wp\/v2\/users\/1"}],"replies":[{"embeddable":true,"href":"https:\/\/www.facet.unt.edu.ar\/crunic14\/wp-json\/wp\/v2\/comments?post=2"}],"version-history":[{"count":9,"href":"https:\/\/www.facet.unt.edu.ar\/crunic14\/wp-json\/wp\/v2\/pages\/2\/revisions"}],"predecessor-version":[{"id":160,"href":"https:\/\/www.facet.unt.edu.ar\/crunic14\/wp-json\/wp\/v2\/pages\/2\/revisions\/160"}],"wp:attachment":[{"href":"https:\/\/www.facet.unt.edu.ar\/crunic14\/wp-json\/wp\/v2\/media?parent=2"}],"curies":[{"name":"wp","href":"https:\/\/api.w.org\/{rel}","templated":true}]}}