{"id":97,"date":"2014-09-09T00:21:31","date_gmt":"2014-09-09T03:21:31","guid":{"rendered":"https:\/\/www.facet.unt.edu.ar\/crunic14\/?page_id=97"},"modified":"2014-09-15T20:46:33","modified_gmt":"2014-09-15T23:46:33","slug":"ubicacion","status":"publish","type":"page","link":"https:\/\/www.facet.unt.edu.ar\/crunic14\/ubicacion\/","title":{"rendered":"Ubicaci\u00f3n"},"content":{"rendered":"<p>Las actividades principales del CRUNIC 2014 se llevar\u00e1n a cabo en la sede de la Universidad Tecnol\u00f3gica Nacional, Facultad Regional Tucum\u00e1n, ubicada en calle Rivadavia 1050 de la ciudad de San Miguel de Tucum\u00e1n.<\/p>\n<div id=\"attachment_129\" style=\"width: 953px\" class=\"wp-caption aligncenter\"><a href=\"https:\/\/www.google.com.ar\/maps\/place\/Universidad+Nacional+De+Tucuman\/@-26.8449738,-65.2285788,16z\/data=!4m6!1m3!3m2!1s0x94225c79092d8783:0xb103eba49e886fc9!2sUniversidad+Nacional+De+Tucuman!3m1!1s0x0:0xb103eba49e886fc9?hl=es-419\"><img aria-describedby=\"caption-attachment-129\" decoding=\"async\" loading=\"lazy\" class=\"wp-image-129 size-full\" src=\"https:\/\/www.facet.unt.edu.ar\/crunic14\/wp-content\/uploads\/sites\/20\/2014\/09\/utn.png\" alt=\"UTN - Facultad Regional Tucum\u00e1n\" width=\"943\" height=\"592\" srcset=\"https:\/\/www.facet.unt.edu.ar\/crunic14\/wp-content\/uploads\/sites\/20\/2014\/09\/utn.png 943w, https:\/\/www.facet.unt.edu.ar\/crunic14\/wp-content\/uploads\/sites\/20\/2014\/09\/utn-300x188.png 300w\" sizes=\"(max-width: 943px) 100vw, 943px\" \/><\/a><p id=\"caption-attachment-129\" class=\"wp-caption-text\">UTN &#8211; Facultad Regional Tucum\u00e1n<\/p><\/div>\n<p>&nbsp;<\/p>\n<p>El CRUNIC 2014 est\u00e1 organizado por la Universidad Nacional de Tucum\u00e1n. La \u00a0UNT consta de 13 facultades y dos escuelas universitarias, que se encuentran distribuidas en diferentes puntos de la ciudad de San Miguel de Tucum\u00e1n y de centros de la casa de Altos Estudios.<\/p>\n<p><a title=\"Sitio web oficial de la UNT\" href=\"http:\/\/www.unt.edu.ar\/\" target=\"_blank\">Sitio web oficial<\/a><\/p>\n<p><img decoding=\"async\" loading=\"lazy\" class=\"aligncenter size-full wp-image-106\" src=\"https:\/\/www.facet.unt.edu.ar\/crunic14\/wp-content\/uploads\/sites\/20\/2014\/09\/aulas.png\" alt=\"\" width=\"1188\" height=\"753\" srcset=\"https:\/\/www.facet.unt.edu.ar\/crunic14\/wp-content\/uploads\/sites\/20\/2014\/09\/aulas.png 1188w, https:\/\/www.facet.unt.edu.ar\/crunic14\/wp-content\/uploads\/sites\/20\/2014\/09\/aulas-300x190.png 300w, https:\/\/www.facet.unt.edu.ar\/crunic14\/wp-content\/uploads\/sites\/20\/2014\/09\/aulas-1024x649.png 1024w\" sizes=\"(max-width: 1188px) 100vw, 1188px\" \/><\/p>\n","protected":false},"excerpt":{"rendered":"<p>Las actividades principales del CRUNIC 2014 se llevar\u00e1n a cabo en la sede de la Universidad Tecnol\u00f3gica Nacional, Facultad Regional Tucum\u00e1n, ubicada en calle Rivadavia 1050 de la ciudad de San Miguel de Tucum\u00e1n. &nbsp; El CRUNIC 2014 est\u00e1 organizado por la Universidad Nacional de Tucum\u00e1n. La \u00a0UNT consta de 13 facultades y dos escuelas [&hellip;]<\/p>\n","protected":false},"author":18,"featured_media":0,"parent":0,"menu_order":0,"comment_status":"closed","ping_status":"closed","template":"templates\/template-full.php","meta":[],"_links":{"self":[{"href":"https:\/\/www.facet.unt.edu.ar\/crunic14\/wp-json\/wp\/v2\/pages\/97"}],"collection":[{"href":"https:\/\/www.facet.unt.edu.ar\/crunic14\/wp-json\/wp\/v2\/pages"}],"about":[{"href":"https:\/\/www.facet.unt.edu.ar\/crunic14\/wp-json\/wp\/v2\/types\/page"}],"author":[{"embeddable":true,"href":"https:\/\/www.facet.unt.edu.ar\/crunic14\/wp-json\/wp\/v2\/users\/18"}],"replies":[{"embeddable":true,"href":"https:\/\/www.facet.unt.edu.ar\/crunic14\/wp-json\/wp\/v2\/comments?post=97"}],"version-history":[{"count":12,"href":"https:\/\/www.facet.unt.edu.ar\/crunic14\/wp-json\/wp\/v2\/pages\/97\/revisions"}],"predecessor-version":[{"id":132,"href":"https:\/\/www.facet.unt.edu.ar\/crunic14\/wp-json\/wp\/v2\/pages\/97\/revisions\/132"}],"wp:attachment":[{"href":"https:\/\/www.facet.unt.edu.ar\/crunic14\/wp-json\/wp\/v2\/media?parent=97"}],"curies":[{"name":"wp","href":"https:\/\/api.w.org\/{rel}","templated":true}]}}