{"id":127,"date":"2019-08-09T12:44:57","date_gmt":"2019-08-09T15:44:57","guid":{"rendered":"https:\/\/www.facet.unt.edu.ar\/cyklos\/?page_id=127"},"modified":"2023-11-06T14:07:49","modified_gmt":"2023-11-06T17:07:49","slug":"publicaciones","status":"publish","type":"page","link":"https:\/\/www.facet.unt.edu.ar\/cyklos\/publicaciones\/","title":{"rendered":"Publicaciones"},"content":{"rendered":"<p>Se han publicado numerosos art\u00edculos de revistas y cap\u00edtulos de libros, desde 2005, relacionados con la tem\u00e1tica. Entre ellos destacan, cronol\u00f3gicamente:<\/p>\n<ul>\n<li>Jozami, E.; <strong>Mele, F. D.<\/strong>; Piastrellini, R.; Civit, B. M.; Feldman, S. R. <a href=\"https:\/\/www.sciencedirect.com\/science\/article\/pii\/S0360544222011185\">Life cycle assessment of bioenergy from lignocellulosic herbaceous biomass: The case study of <em>Spartina argentinensis<\/em><\/a>, Energy, DOI: 10.1016\/j.energy.2022.124215<\/li>\n<li>Garolera De Nucci, L. P.; Tonatto, M. J.; <strong>Mele, F. D<\/strong>. <a href=\"https:\/\/link.springer.com\/article\/10.1007\/s11367-022-02120-2\">Environmental profile of sweet sorghum bioethanol in the province of Tucum\u00e1n (Argentina)<\/a>, International Journal of Life Cycle Assessment, 2023 vol. 28 p. 172 \u2013 185, DOI: 10.1007\/s11367-022-02120-2<\/li>\n<li>Cuezzo, A. M., <strong>Araujo<\/strong>, P. Z., <strong>Wheeler<\/strong>, J., &amp; <strong>Mele<\/strong>, F. D. (2023). <a href=\"https:\/\/www.sciencedirect.com\/science\/article\/pii\/S2212982022004206\">Modeling and environmental implications of methanol production from biogenic CO2 in the sugarcane industry<\/a>. Journal of CO2 Utilization, 67, 102301.<\/li>\n<li><strong>Machin Ferrero<\/strong>, L. M.; <strong>Wheeler<\/strong>, J.; <strong>Mele<\/strong>, F. D. <a href=\"https:\/\/www.sciencedirect.com\/science\/article\/pii\/S2352550921003274\"><em>Life cycle assessment of the Argentine lemon and its derivatives in a circular economy context<\/em>.<\/a> Sustainable Production and Consumption, 29, 672\u2013684, <strong>2022<\/strong>. DOI: 10.1016\/j.spc.2021.11.014.<\/li>\n<li><strong>Machin Ferrero<\/strong>, L. M.; <strong>Araujo<\/strong>, P. Z.; <strong>Valde\u00f3n<\/strong>, D. H.; <strong>Nishihara Hun<\/strong>, A. L.; <strong>Mele<\/strong>, F. D. <a href=\"https:\/\/www.sciencedirect.com\/science\/article\/pii\/S0048969721066900\"><em>Water footprint of lemon production in Argentina<\/em><\/a>. Science of the Total Environment, <strong>2021<\/strong>. DOI: 10.1016\/j.scitotenv.2021.151614.<\/li>\n<li><strong>Machin Ferrero<\/strong>, L. M.; <strong>Araujo<\/strong>, P. Z.; <strong>Nishihara Hun<\/strong>, A. L.; <strong>Valde\u00f3n<\/strong>, D. H.; <strong>Mele<\/strong>, F. D. <a href=\"https:\/\/link.springer.com\/article\/10.1007\/s11367-021-01939-5\"><em>Water footprint assessment of lemon and its derivatives in Argentina: a case study in the province of Tucum\u00e1n<\/em>.<\/a> The International Journal of Life Cycle Assessment, <strong>2021<\/strong>. DOI: 10.1007\/s11367-021-01939-5.<\/li>\n<li><strong>Wheeler<\/strong>, J.; Gal\u00e1n\u2010Mart\u00edn, \u00c1.; <strong>Mele<\/strong>, F. D.; Guill\u00e9n\u2010Gos\u00e1lbez, G. <a href=\"https:\/\/aiche.onlinelibrary.wiley.com\/doi\/full\/10.1002\/aic.17131\">Designing biomass supply chains within planetary boundaries.<\/a> AIChE J. <strong>2021<\/strong>; 67:e17131. DOI: 10.1002\/aic.17131.<\/li>\n<li><strong>Wheeler<\/strong>, J., Mart\u00edn, \u00c1. G., <strong>Mele<\/strong>, F. D., &amp; Guill\u00e9n-Gos\u00e1lbez, G. <a href=\"https:\/\/www.sciencedirect.com\/science\/article\/abs\/pii\/B9780128233771502494\">Supply chain design optimization within planetary boundaries<\/a>. En <i>Computer Aided Chemical Engineering<\/i>. Elsevier, 2020. p. 1489-1494. https:\/\/doi.org\/10.1016\/B978-0-12-823377-1.50249-4<\/li>\n<li><strong>Araujo<\/strong>, P.; Arena, A. P.; Civit, B.; Curadelli, S.; Feldman, S.; Jozami, E.; <strong>Mele<\/strong>, F. D.; Piastrellini, R. ; Silva Colomer, J. <em>The Water Footprint in Bioenergy \u2013 <\/em><a href=\"https:\/\/link.springer.com\/chapter\/10.1007\/978-981-13-2739-1_1\"><em>A Comparison of Four Biomass Sources to Produce Biofuels in Argentina<\/em><\/a>. En: Environmental Water Footprints. Environmental Footprints and Eco-design of Products and Processes (Muthu, S. Eds.). Springer, Singapore, <strong>2019<\/strong>.<\/li>\n<li>Jorrat, M. M.; <strong>Araujo<\/strong>, P. Z.; <strong>Mele<\/strong>, F. D. <a href=\"https:\/\/www.sciencedirect.com\/science\/article\/pii\/S0959652618309193\"><em>Sugarcane water footprint in the province of Tucum\u00e1n, Argentina. Comparison between different management practices<\/em><\/a>. Journal of Cleaner Production, 188, 521-529, <strong>2018<\/strong>.<\/li>\n<li><strong>Wheeler<\/strong>, J.; P\u00e1ez, M. A.; Guill\u00e9n-Gos\u00e1lbez, G.; <strong>Mele<\/strong>, F. D. <a href=\"https:\/\/www.sciencedirect.com\/science\/article\/pii\/S0098135418300759\"><em>Combining multi-attribute decision-making methods with multi-objective optimisation in the design of biomass supply chains<\/em>.<\/a> Computers and Chemical Engineering, 113, 11-31, <strong>2018<\/strong>.<\/li>\n<li><strong>Wheeler<\/strong>, J., Caballero, J. A., Ruiz-Femenia, R., Guill\u00e9n-Gos\u00e1lbez, G., &amp; <strong>Mele<\/strong>, F. D. <a href=\"https:\/\/www.sciencedirect.com\/science\/article\/pii\/S0098135416303301?via%3Dihub\">MINLP-based Analytic Hierarchy Process to simplify multi-objective problems: Application to the design of biofuels supply chains using on field surveys<\/a>. <i>Computers &amp; Chemical Engineering<\/i>, 2017, vol. 102, p. 64-80. https:\/\/doi.org\/10.1016\/j.compchemeng.2016.10.014<\/li>\n<li><strong>Nishihara Hun<\/strong>, A. L.; <strong>Mele<\/strong>, F. D.; P\u00e9rez, G. A. <a href=\"https:\/\/link.springer.com\/article\/10.1007\/s11367-016-1047-3\"><em>A comparative life cycle assessment of the sugarcane value chain in the province of Tucum\u00e1n (Argentina) considering different technology levels<\/em><\/a><em>.<\/em> International Journal of Life Cycle Assessment, 22 (4), 502-515, <strong>2016<\/strong>.<\/li>\n<li>P\u00e1ez, M.A.; <strong>Mele<\/strong>, F. D.; Guill\u00e9n-Gos\u00e1lbez, G. <a href=\"https:\/\/link.springer.com\/chapter\/10.1007\/978-3-319-28752-2_17\"><em>Multi-objective Optimisation Incorporating Life Cycle Assessment. A Case Study of Biofuels Supply Chain Design<\/em><\/a>. En: Alternative Energy Sources and Technologies, Process Design and Operation (Mart\u00edn, M., Ed.), Springer, p. 465-492, <strong>2016<\/strong>.<\/li>\n<li>Amores Barrero, M. J.; <strong>Mele<\/strong>, F. D.; Jim\u00e9nez Esteller, L.; Castells-Piqu\u00e9, F. <a href=\"https:\/\/link.springer.com\/article\/10.1007\/s11367-013-0584-2\"><em>Life-Cycle Assessment of fuel ethanol from sugarcane in Argentina<\/em><\/a>. International Journal of Life Cycle Assessment, 18 (7), 1344-1357, <strong>2013<\/strong>.<\/li>\n<li><strong>Mele<\/strong>, F. D.; Espu\u00f1a, A.; Puigjaner, L.<em> Environmental impact considerations into Supply Chain Management based on Life-Cycle Assessment.<\/em> En: LCM 2005: Innovation by Life Cycle Management, 2<sup>nd<\/sup> International Conference on Life Cycle Management (Castells Piqu\u00e9, F., Rieradeball Pons, J., Eds.), Gr\u00e1ficas Font: Barcelona, p. 428-433, <strong>2005<\/strong>.<\/li>\n<\/ul>\n<p><strong>Trabajos en congresos <\/strong><\/p>\n<p>Los integrantes del grupo han presentado trabajos relacionados con la tem\u00e1tica en numerosos congresos nacionales e internacionales, desde 2005. A continuaci\u00f3n se listan algunos de estos eventos:<\/p>\n<ul>\n<li>Simposio de Inform\u00e1tica Industrial e Investigaci\u00f3n Operativa (SIIIO), 47 JAIIO <strong>2018<\/strong>, 49 JAIIO<strong> 2020<\/strong> y 50 JAIIO<strong> 2021<\/strong>.<\/li>\n<li>Jornadas de J\u00f3venes Investigadores AUGM, edici\u00f3n <strong>2018<\/strong> (Mendoza).<\/li>\n<li>Encuentro Argentino de Ciclo de Vida y Encuentro de la Red Argentina de Huella H\u00eddrica (ENARCIV), ediciones <strong>2014<\/strong> (Mendoza), <strong>2015<\/strong> (C\u00f3rdoba), <strong>2016<\/strong> (San Miguel de Tucum\u00e1n), <strong>2017<\/strong> (Buenos Aires), <strong>2018<\/strong> (Zavalla), <strong>2019<\/strong> (Mendoza) y <strong>2020<\/strong> (Rafaela).<\/li>\n<li>Congreso Argentino de Ingenier\u00eda Qu\u00edmica (CAIQ), ediciones <strong>2006<\/strong> (Buenos Aires), <strong>2010<\/strong> (Mar del Plata), <strong>2015<\/strong> (Buenos Aires), <strong>2017<\/strong> (Bah\u00eda Blanca) y <strong>2019<\/strong> (Santa Fe).<\/li>\n<li>International Conference on Life Cycle Assessment in Latin America (CILCA), ediciones <strong>2009<\/strong> (Puc\u00f3n, Chile), <strong>2013<\/strong> (Mendoza, Argentina), <strong>2015<\/strong> (Lima, Per\u00fa), <strong>2017<\/strong> (Medell\u00edn, Colombia), <strong>2019<\/strong> (Cartago, Costa Rica) y <strong>2021<\/strong> (Buenos Aires, Argentina).<\/li>\n<li>RCN Conference on Pan American Biofuels &amp; Bioenergy Sustainability, edici\u00f3n <strong>2016<\/strong> (Buenos Aires).<\/li>\n<li>Jornadas de Ciencia y Tecnolog\u00eda de Facultades de Ingenier\u00eda del NOA, ediciones <strong>2009<\/strong> (Salta), <strong>2013<\/strong> (Santiago del Estero), <strong>2019<\/strong> (San Miguel de Tucum\u00e1n).<\/li>\n<li>AIChE Annual Meeting, ediciones <strong>2008<\/strong> (Filadelfia, EEUU), <strong>2012<\/strong> (Pittsburgh, EEUU) y <strong>2020<\/strong> (virtual).<\/li>\n<li>Congreso Mediterr\u00e1neo de Ingenier\u00eda Qu\u00edmica, edici\u00f3n <strong>2008<\/strong> (Barcelona, Espa\u00f1a)<\/li>\n<li>Foundations On Computer-Aided Process Operations (FOCAPO), edici\u00f3n <strong>2008<\/strong> (Cambridge, EEUU).<\/li>\n<li>Life Cycle Management Conference, edici\u00f3n <strong>2005<\/strong> (Barcelona, Espa\u00f1a).<\/li>\n<\/ul>\n","protected":false},"excerpt":{"rendered":"<p>Se han publicado numerosos art\u00edculos de revistas y cap\u00edtulos de libros, desde 2005, relacionados con la tem\u00e1tica. Entre ellos destacan, cronol\u00f3gicamente: Jozami, E.; Mele, F. D.; Piastrellini, R.; Civit, B. M.; Feldman, S. R. Life cycle assessment of bioenergy from lignocellulosic herbaceous biomass: The case study of Spartina argentinensis, Energy, DOI: 10.1016\/j.energy.2022.124215 Garolera De Nucci, [&hellip;]<\/p>\n","protected":false},"author":101047,"featured_media":0,"parent":0,"menu_order":4,"comment_status":"closed","ping_status":"closed","template":"","meta":[],"_links":{"self":[{"href":"https:\/\/www.facet.unt.edu.ar\/cyklos\/wp-json\/wp\/v2\/pages\/127"}],"collection":[{"href":"https:\/\/www.facet.unt.edu.ar\/cyklos\/wp-json\/wp\/v2\/pages"}],"about":[{"href":"https:\/\/www.facet.unt.edu.ar\/cyklos\/wp-json\/wp\/v2\/types\/page"}],"author":[{"embeddable":true,"href":"https:\/\/www.facet.unt.edu.ar\/cyklos\/wp-json\/wp\/v2\/users\/101047"}],"replies":[{"embeddable":true,"href":"https:\/\/www.facet.unt.edu.ar\/cyklos\/wp-json\/wp\/v2\/comments?post=127"}],"version-history":[{"count":11,"href":"https:\/\/www.facet.unt.edu.ar\/cyklos\/wp-json\/wp\/v2\/pages\/127\/revisions"}],"predecessor-version":[{"id":463,"href":"https:\/\/www.facet.unt.edu.ar\/cyklos\/wp-json\/wp\/v2\/pages\/127\/revisions\/463"}],"wp:attachment":[{"href":"https:\/\/www.facet.unt.edu.ar\/cyklos\/wp-json\/wp\/v2\/media?parent=127"}],"curies":[{"name":"wp","href":"https:\/\/api.w.org\/{rel}","templated":true}]}}