{"id":130,"date":"2019-08-09T12:48:44","date_gmt":"2019-08-09T15:48:44","guid":{"rendered":"https:\/\/www.facet.unt.edu.ar\/cyklos\/?page_id=130"},"modified":"2020-02-27T14:54:03","modified_gmt":"2020-02-27T17:54:03","slug":"docencia","status":"publish","type":"page","link":"https:\/\/www.facet.unt.edu.ar\/cyklos\/docencia\/","title":{"rendered":"Docencia"},"content":{"rendered":"<p>Los integrantes de CYKLOS llevan a cabo actividades de docencia universitaria que se materializa en el dictado de asignaturas de grado y cursos de posgrado. La integraci\u00f3n de tareas de docencia e investigaci\u00f3n multidisciplinaria contribuye positivamente en ambas actividades y beneficia tanto al docente como a los alumnos.<\/p>\n<p><strong>Docencia de grado<\/strong><\/p>\n<p>An\u00e1lisis y Dise\u00f1o de Reactores I y II, Ingenier\u00eda Qu\u00edmica, FACET, UNT<\/p>\n<p>Balances de Materia y Energ\u00eda, Ingenier\u00eda Qu\u00edmica, FACET, UNT<\/p>\n<p>Dise\u00f1o y Optimizaci\u00f3n de Procesos, Ingenier\u00eda Qu\u00edmica, FACET, UNT<\/p>\n<p>Fisicoqu\u00edmica, Ingenier\u00eda Qu\u00edmica, FACET, UNT<\/p>\n<p>Fundamentos de Qu\u00edmica General, todas las ingenier\u00edas, FACET, UNT<\/p>\n<p>Introducci\u00f3n a la Ingenier\u00eda Qu\u00edmica, Ingenier\u00eda Qu\u00edmica, FACET, UNT<\/p>\n<p>Microbiolog\u00eda General e Industrial, Ingenier\u00eda Qu\u00edmica, FACET, UNT<\/p>\n<p>Operaciones Unitarias II y III, Ingenier\u00eda Qu\u00edmica, FACET, UNT<\/p>\n<p>Procesos Industriales, Ingenier\u00eda Industrial, FACET, UNT<\/p>\n<p>Termodin\u00e1mica de Procesos, Ingenier\u00eda Qu\u00edmica, FACET, UNT<\/p>\n<p><strong>Docencia de posgrado<\/strong><\/p>\n<p>Doctorado en Ciencias Exactas e Ingenier\u00eda, FACET, Universidad Nacional de Tucum\u00e1n. \u201cOptimizaci\u00f3n de Procesos\u201d.<\/p>\n<p>Especializaci\u00f3n y Maestr\u00eda en Ingenier\u00eda Bioenerg\u00e9tica, Facultad Regional Tucum\u00e1n, Universidad Tecnol\u00f3gica Nacional. \u201cMedio Ambiente y Evaluaci\u00f3n de Impactos\u201d.<\/p>\n<p>Maestr\u00eda en Ingenier\u00eda Ambiental, Facultad Regional Tucum\u00e1n, Universidad Tecnol\u00f3gica Nacional. \u201cCiclo de Vida\u201d.<\/p>\n<p><strong>Otros cursos impartidos:<\/strong><\/p>\n<p>D.<strong> Mele<\/strong> (con Dra. B\u00e1rbara M. Civit) ha dictado el curso \u201cAn\u00e1lisis de Ciclo de Vida y Optimizaci\u00f3n\u201d, VIII ENARCIV 2019, Mendoza, noviembre de <strong>2019<\/strong>.<\/p>\n<p>D.<strong> Mele <\/strong>y A. L. <strong>Nishihara Hun<\/strong> han dictado el curso \u201cIntroducci\u00f3n al An\u00e1lisis del Ciclo de Vida\u201d, para la Asociaci\u00f3n Tucumana de Estudiantes de Ingenier\u00eda Qu\u00edmica (ATEIQ), septiembre de <strong>2019<\/strong>.<\/p>\n<p>D.<strong> Mele<\/strong> (con Dra. B\u00e1rbara M. Civit) ha dictado el curso \u201cAn\u00e1lisis de Ciclo de Vida y Optimizaci\u00f3n\u201d, Facultad de Ciencias Agrarias (UNR), Zavalla, marzo de <strong>2019<\/strong>.<\/p>\n<p>D.<strong> Mele<\/strong> ha dictado el curso \u201cIntroducci\u00f3n al An\u00e1lisis del Ciclo de Vida con SimaPro\u00ae\u201d, VII ENARCIV 2018, Zavalla, octubre de <strong>2018<\/strong>.<\/p>\n<p>D.<strong> Mele <\/strong>y A. L. <strong>Nishihara Hun<\/strong> han dictado el curso \u201cIntroducci\u00f3n a la metodolog\u00eda del An\u00e1lisis del Ciclo de Vida\u201d, Jornadas de Estudiantes de Ingenier\u00eda Qu\u00edmica, ediciones <strong>2014<\/strong>, <strong>2015<\/strong> y <strong>2017<\/strong>.<\/p>\n<p>D.<strong> Mele<\/strong> ha dictado el curso \u201cIntroducci\u00f3n de An\u00e1lisis de Ciclo de Vida\u201d. Facultad Regional Buenos Aires, Universidad Tecnol\u00f3gica Nacional, noviembre de <strong>2014<\/strong>.<\/p>\n","protected":false},"excerpt":{"rendered":"<p>Los integrantes de CYKLOS llevan a cabo actividades de docencia universitaria que se materializa en el dictado de asignaturas de grado y cursos de posgrado. La integraci\u00f3n de tareas de docencia e investigaci\u00f3n multidisciplinaria contribuye positivamente en ambas actividades y beneficia tanto al docente como a los alumnos. Docencia de grado An\u00e1lisis y Dise\u00f1o de [&hellip;]<\/p>\n","protected":false},"author":101047,"featured_media":0,"parent":0,"menu_order":3,"comment_status":"closed","ping_status":"closed","template":"","meta":[],"_links":{"self":[{"href":"https:\/\/www.facet.unt.edu.ar\/cyklos\/wp-json\/wp\/v2\/pages\/130"}],"collection":[{"href":"https:\/\/www.facet.unt.edu.ar\/cyklos\/wp-json\/wp\/v2\/pages"}],"about":[{"href":"https:\/\/www.facet.unt.edu.ar\/cyklos\/wp-json\/wp\/v2\/types\/page"}],"author":[{"embeddable":true,"href":"https:\/\/www.facet.unt.edu.ar\/cyklos\/wp-json\/wp\/v2\/users\/101047"}],"replies":[{"embeddable":true,"href":"https:\/\/www.facet.unt.edu.ar\/cyklos\/wp-json\/wp\/v2\/comments?post=130"}],"version-history":[{"count":5,"href":"https:\/\/www.facet.unt.edu.ar\/cyklos\/wp-json\/wp\/v2\/pages\/130\/revisions"}],"predecessor-version":[{"id":316,"href":"https:\/\/www.facet.unt.edu.ar\/cyklos\/wp-json\/wp\/v2\/pages\/130\/revisions\/316"}],"wp:attachment":[{"href":"https:\/\/www.facet.unt.edu.ar\/cyklos\/wp-json\/wp\/v2\/media?parent=130"}],"curies":[{"name":"wp","href":"https:\/\/api.w.org\/{rel}","templated":true}]}}