{"id":170,"date":"2019-08-12T11:24:16","date_gmt":"2019-08-12T14:24:16","guid":{"rendered":"https:\/\/www.facet.unt.edu.ar\/cyklos\/?page_id=170"},"modified":"2020-05-18T10:44:51","modified_gmt":"2020-05-18T13:44:51","slug":"inicio","status":"publish","type":"page","link":"https:\/\/www.facet.unt.edu.ar\/cyklos\/","title":{"rendered":"Inicio"},"content":{"rendered":"<div id=\"pl-170\"  class=\"panel-layout\" ><div id=\"pg-170-0\"  class=\"panel-grid panel-no-style\" ><div id=\"pgc-170-0-0\"  class=\"panel-grid-cell\" ><div id=\"panel-170-0-0-0\" class=\"so-panel widget widget_black-studio-tinymce widget_black_studio_tinymce panel-first-child panel-last-child\" data-index=\"0\" ><div class=\"textwidget\"><p style=\"text-align: center;\"><a href=\"https:\/\/www.facet.unt.edu.ar\/cyklos\/wp-content\/uploads\/sites\/68\/2020\/02\/DSC_1200.jpg\"><img class=\"alignnone wp-image-188 size-large\" src=\"https:\/\/www.facet.unt.edu.ar\/cyklos\/wp-content\/uploads\/sites\/68\/2020\/02\/DSC_1200-1024x683.jpg\" alt=\"\" width=\"720\" height=\"480\" \/><\/a><\/p>\n<\/div><\/div><\/div><\/div><div id=\"pg-170-1\"  class=\"panel-grid panel-no-style\" ><div id=\"pgc-170-1-0\"  class=\"panel-grid-cell\" ><div id=\"panel-170-1-0-0\" class=\"so-panel widget widget_rss panel-first-child panel-last-child\" data-index=\"1\" ><h3 class=\"widget-title\"><a class=\"rsswidget rss-widget-feed\" href=\"https:\/\/www.facet.unt.edu.ar\/cyklos\/noticias-y-novedades\/\"><img class=\"rss-widget-icon\" style=\"border:0\" width=\"14\" height=\"14\" src=\"https:\/\/www.facet.unt.edu.ar\/cyklos\/wp-includes\/images\/rss.png\" alt=\"RSS\" loading=\"lazy\" \/><\/a> <a class=\"rsswidget rss-widget-title\" href=\"https:\/\/www.facet.unt.edu.ar\/cyklos\">Novedades<\/a><\/h3><ul><li><a class='rsswidget' href='https:\/\/www.facet.unt.edu.ar\/cyklos\/2024\/08\/27\/agosto-2024-xii-encuentro-argentino-de-ciclo-de-vida-y-xi-encuentro-de-la-red-argentina-de-huella-hidrica-enarciv-2024\/'>[agosto 2024] XII Encuentro Argentino de Ciclo de Vida y XI Encuentro de la Red Argentina de Huella H\u00eddrica, ENARCIV 2024<\/a><div class=\"rssSummary\">El XII Encuentro Argentino de Ciclo de Vida y XI Encuentro de la Red Argentina de Huella H\u00eddrica (ENARCIV 2024) se desarrollar\u00e1 en el Parque Tecnol\u00f3gico Miguelete del INTI (San Mart\u00edn, Buenos Aires), los d\u00edas 31 de octubre y 1 de noviembre de 2024 en modalidad h\u00edbrida presencial-virtual. Para m\u00e1s informaci\u00f3n dirigirse a https:\/\/www.argentina.gob.ar\/ibersensor-2024\/enarciv-2024.<\/div><\/li><li><a class='rsswidget' href='https:\/\/www.facet.unt.edu.ar\/cyklos\/2024\/08\/27\/junio-2024-seminarios-de-miembros-de-cyklos-en-la-materia-indicadores-de-sustentabilidad-de-productos-procesos-y-servicios-industriales\/'>[junio 2024] Seminarios de miembros de CYKLOS en la materia \u201cIndicadores de Sustentabilidad de Productos, Procesos y Servicios Industriales\u201d<\/a><div class=\"rssSummary\">Durante el primer cuatrimestre de 2024, el Dr. Lucas Machin Ferrero (CYKLOS) dict\u00f3 la asignatura optativa \u201cIndicadores de Sustentabilidad de Productos, Procesos y Servicios Industriales\u201d para las Carreras de Ingenier\u00eda Qu\u00edmica e Ingenier\u00eda Industrial. En ese marco, otros miembros del grupo dieron charlas\/seminarios.<\/div><\/li><li><a class='rsswidget' href='https:\/\/www.facet.unt.edu.ar\/cyklos\/2024\/06\/04\/curso-de-posgrado-analisis-de-ciclo-de-vida-y-huellas-ambientales\/'>Curso de posgrado \u201cAn\u00e1lisis\u00a0de ciclo de vida y huellas ambientales\u201d<\/a><div class=\"rssSummary\">El 7 de mayo comenz\u00f3 el dictado del curso de posgrado \u201cAn\u00e1lisis\u00a0de ciclo de vida y huellas ambientales (RES \u2013 FACET \u2013 DPOS \u2013 5744 \/ 2023)\u201d, en modalidad virtual (v\u00eda Zoom). El\u00a0curso\u00a0est\u00e1 a cargo del Dr. Fernando D. Mele, Mg. Andrea Nishihara Hun y Dr. Lucas Machin Ferrero (coordinador), del grupo CYKLOS de la [&hellip;]<\/div><\/li><li><a class='rsswidget' href='https:\/\/www.facet.unt.edu.ar\/cyklos\/2023\/11\/17\/xi-encuentro-argentino-de-ciclo-de-vida-y-x-reunion-de-la-red-argentina-de-huella-hidrica-enarciv-2023\/'>XI Encuentro Argentino de Ciclo de Vida y X Reuni\u00f3n de la Red Argentina de Huella H\u00eddrica \u2013 ENARCIV 2023<\/a><div class=\"rssSummary\">Hoy continua en su segundo d\u00eda el XI Encuentro Argentino de Ciclo de Vida y X Reuni\u00f3n de la Red Argentina de Huella H\u00eddrica \u2013 ENARCIV 2023. Este evento no solo es una oportunidad para aprender de expertos en el campo, sino tambi\u00e9n para conectarse con colegas apasionados.<\/div><\/li><li><a class='rsswidget' href='https:\/\/www.facet.unt.edu.ar\/cyklos\/2023\/10\/09\/cyklos-participa-en-la-primera-jornada-de-articulacion-de-investigacion-en-salud-de-la-provincia-de-tucuman\/'>CYKLOS participa en la Primera Jornada de Articulaci\u00f3n de Investigaci\u00f3n en Salud de la Provincia de Tucum\u00e1n<\/a><div class=\"rssSummary\">Se realizar\u00e1 en la provincia de Tucum\u00e1n esta Primera Jornada en Salud el lunes 9 de octubre de 2023 de 8:30 a 18 horas en el Centro Cultural Virla. Organizada por la Secretar\u00eda de Ciencia, Arte e Innovaci\u00f3n Tecnol\u00f3gica de la Universidad Nacional de Tucum\u00e1n, el CCT NOA SUR y el Ministerio de Salud P\u00fablica [&hellip;]<\/div><\/li><\/ul><\/div><\/div><\/div><\/div>","protected":false},"excerpt":{"rendered":"<p>Novedades[agosto 2024] XII Encuentro Argentino de Ciclo de Vida y XI Encuentro de la Red Argentina de Huella H\u00eddrica, ENARCIV 2024El XII Encuentro Argentino de Ciclo de Vida y XI Encuentro de la Red Argentina de Huella H\u00eddrica (ENARCIV 2024) se desarrollar\u00e1 en el Parque Tecnol\u00f3gico Miguelete del INTI (San Mart\u00edn, Buenos Aires), los d\u00edas [&hellip;]<\/p>\n","protected":false},"author":101047,"featured_media":0,"parent":0,"menu_order":0,"comment_status":"closed","ping_status":"closed","template":"","meta":[],"_links":{"self":[{"href":"https:\/\/www.facet.unt.edu.ar\/cyklos\/wp-json\/wp\/v2\/pages\/170"}],"collection":[{"href":"https:\/\/www.facet.unt.edu.ar\/cyklos\/wp-json\/wp\/v2\/pages"}],"about":[{"href":"https:\/\/www.facet.unt.edu.ar\/cyklos\/wp-json\/wp\/v2\/types\/page"}],"author":[{"embeddable":true,"href":"https:\/\/www.facet.unt.edu.ar\/cyklos\/wp-json\/wp\/v2\/users\/101047"}],"replies":[{"embeddable":true,"href":"https:\/\/www.facet.unt.edu.ar\/cyklos\/wp-json\/wp\/v2\/comments?post=170"}],"version-history":[{"count":55,"href":"https:\/\/www.facet.unt.edu.ar\/cyklos\/wp-json\/wp\/v2\/pages\/170\/revisions"}],"predecessor-version":[{"id":332,"href":"https:\/\/www.facet.unt.edu.ar\/cyklos\/wp-json\/wp\/v2\/pages\/170\/revisions\/332"}],"wp:attachment":[{"href":"https:\/\/www.facet.unt.edu.ar\/cyklos\/wp-json\/wp\/v2\/media?parent=170"}],"curies":[{"name":"wp","href":"https:\/\/api.w.org\/{rel}","templated":true}]}}