{"id":294,"date":"2020-02-20T10:56:36","date_gmt":"2020-02-20T13:56:36","guid":{"rendered":"https:\/\/www.facet.unt.edu.ar\/cyklos\/?page_id=294"},"modified":"2020-03-03T09:46:58","modified_gmt":"2020-03-03T12:46:58","slug":"dr-mele-fernando-daniel","status":"publish","type":"page","link":"https:\/\/www.facet.unt.edu.ar\/cyklos\/dr-mele-fernando-daniel\/","title":{"rendered":"Dr. Mele, Fernando Daniel"},"content":{"rendered":"<p><a href=\"https:\/\/www.facet.unt.edu.ar\/cyklos\/wp-content\/uploads\/sites\/68\/2020\/02\/DSC_1187-e1582206873898.jpg\"><img decoding=\"async\" loading=\"lazy\" class=\"alignnone wp-image-182\" src=\"https:\/\/www.facet.unt.edu.ar\/cyklos\/wp-content\/uploads\/sites\/68\/2020\/02\/DSC_1187-e1582206873898.jpg\" alt=\"\" width=\"375\" height=\"250\" \/><\/a><\/p>\n<p>&nbsp;<\/p>\n<p><strong>Fernando Daniel Mele<\/strong> is a researcher of the Argentine National Research Council (CONICET) and a lecturer at Universidad Nacional de Tucum\u00e1n (Argentina), where he teaches Process Design, Optimization and Unit Operations in Chemical Engineering. Dr. Mele received the PhD degree from Universitat Polit\u00e8cnica de Catalunya (Spain). His research interests include process and supply chain optimization, especially in biomass-based industries. Moreover, he works in the application of Life Cycle Analysis (LCA) and related tools for the environmental evaluation of products and processes, and for their integration into optimization schemes.<\/p>\n<p style=\"font-weight: 400;\"><strong>Fernando Daniel Mele<\/strong> es ingeniero qu\u00edmico (Universidad Nacional de Tucum\u00e1n, UNT) y doctor en Ingenier\u00eda de Procesos (Universitat Polit\u00e8cnica de Catalunya). Es docente en Ingenier\u00eda Qu\u00edmica en la UNT, donde imparte las asignaturas de Dise\u00f1o y Optimizaci\u00f3n de Procesos y de Operaciones Unitarias. Es investigador del Consejo Nacional de Ciencia y T\u00e9cnica (CONICET). Sus intereses en investigaci\u00f3n incluyen optimizaci\u00f3n de procesos y cadenas de suministros, especialmente en industrias basadas en biomasa. Trabaja adem\u00e1s en la aplicaci\u00f3n del An\u00e1lisis de Ciclo de Vida (LCA) y herramientas relacionadas para la evaluaci\u00f3n ambiental de productos y procesos, y para su integraci\u00f3n en esquemas de optimizaci\u00f3n.<\/p>\n","protected":false},"excerpt":{"rendered":"<p>&nbsp; Fernando Daniel Mele is a researcher of the Argentine National Research Council (CONICET) and a lecturer at Universidad Nacional de Tucum\u00e1n (Argentina), where he teaches Process Design, Optimization and Unit Operations in Chemical Engineering. Dr. Mele received the PhD degree from Universitat Polit\u00e8cnica de Catalunya (Spain). His research interests include process and supply chain [&hellip;]<\/p>\n","protected":false},"author":101047,"featured_media":0,"parent":0,"menu_order":0,"comment_status":"closed","ping_status":"closed","template":"","meta":[],"_links":{"self":[{"href":"https:\/\/www.facet.unt.edu.ar\/cyklos\/wp-json\/wp\/v2\/pages\/294"}],"collection":[{"href":"https:\/\/www.facet.unt.edu.ar\/cyklos\/wp-json\/wp\/v2\/pages"}],"about":[{"href":"https:\/\/www.facet.unt.edu.ar\/cyklos\/wp-json\/wp\/v2\/types\/page"}],"author":[{"embeddable":true,"href":"https:\/\/www.facet.unt.edu.ar\/cyklos\/wp-json\/wp\/v2\/users\/101047"}],"replies":[{"embeddable":true,"href":"https:\/\/www.facet.unt.edu.ar\/cyklos\/wp-json\/wp\/v2\/comments?post=294"}],"version-history":[{"count":2,"href":"https:\/\/www.facet.unt.edu.ar\/cyklos\/wp-json\/wp\/v2\/pages\/294\/revisions"}],"predecessor-version":[{"id":324,"href":"https:\/\/www.facet.unt.edu.ar\/cyklos\/wp-json\/wp\/v2\/pages\/294\/revisions\/324"}],"wp:attachment":[{"href":"https:\/\/www.facet.unt.edu.ar\/cyklos\/wp-json\/wp\/v2\/media?parent=294"}],"curies":[{"name":"wp","href":"https:\/\/api.w.org\/{rel}","templated":true}]}}