{"id":355,"date":"2020-09-28T12:17:50","date_gmt":"2020-09-28T15:17:50","guid":{"rendered":"https:\/\/www.facet.unt.edu.ar\/cyklos\/?page_id=355"},"modified":"2020-09-28T12:18:46","modified_gmt":"2020-09-28T15:18:46","slug":"ing-machin-ferrero-lucas-m","status":"publish","type":"page","link":"https:\/\/www.facet.unt.edu.ar\/cyklos\/ing-machin-ferrero-lucas-m\/","title":{"rendered":"Ing. Mach\u00edn Ferrero, Lucas M"},"content":{"rendered":"<p><a href=\"https:\/\/www.facet.unt.edu.ar\/cyklos\/wp-content\/uploads\/sites\/68\/2020\/02\/DSC_1184.jpg\"><img decoding=\"async\" loading=\"lazy\" class=\"alignnone wp-image-196\" src=\"https:\/\/www.facet.unt.edu.ar\/cyklos\/wp-content\/uploads\/sites\/68\/2020\/02\/DSC_1184.jpg\" alt=\"\" width=\"441\" height=\"294\" \/><\/a><\/p>\n<p>Lucas Machin Ferrero es Ingeniero Qu\u00edmico (UNT) y Estudiante del Doctorado en Ciencias Exactas e Ingenier\u00eda (FACET-UNT). Su proyecto de tesis se titula &#8220;Dise\u00f1o y optimizaci\u00f3n de las cadenas de suministros de biorrefiner\u00edas sustentables en la Argentina&#8221;, bajo la direcci\u00f3n del Dr. Fernando Mele. Es becario doctoral del Consejo Nacional de Investigaciones Cient\u00edficas y T\u00e9cnicas de Argentina (CONICET) y docente de An\u00e1lisis y Dise\u00f1o de Reactores en Ingenier\u00eda Qu\u00edmica (FACET-UNT).<br \/>\nSus intereses en investigaci\u00f3n incluyen el modelado y optimizaci\u00f3n de cadenas de suministros y la aplicaci\u00f3n del an\u00e1lisis de ciclo de vida para el desarrollo de indicadores de sustentabilidad en modelos de optimizaci\u00f3n.<\/p>\n","protected":false},"excerpt":{"rendered":"<p>Lucas Machin Ferrero es Ingeniero Qu\u00edmico (UNT) y Estudiante del Doctorado en Ciencias Exactas e Ingenier\u00eda (FACET-UNT). Su proyecto de tesis se titula &#8220;Dise\u00f1o y optimizaci\u00f3n de las cadenas de suministros de biorrefiner\u00edas sustentables en la Argentina&#8221;, bajo la direcci\u00f3n del Dr. Fernando Mele. Es becario doctoral del Consejo Nacional de Investigaciones Cient\u00edficas y T\u00e9cnicas [&hellip;]<\/p>\n","protected":false},"author":101047,"featured_media":0,"parent":0,"menu_order":0,"comment_status":"closed","ping_status":"closed","template":"","meta":[],"_links":{"self":[{"href":"https:\/\/www.facet.unt.edu.ar\/cyklos\/wp-json\/wp\/v2\/pages\/355"}],"collection":[{"href":"https:\/\/www.facet.unt.edu.ar\/cyklos\/wp-json\/wp\/v2\/pages"}],"about":[{"href":"https:\/\/www.facet.unt.edu.ar\/cyklos\/wp-json\/wp\/v2\/types\/page"}],"author":[{"embeddable":true,"href":"https:\/\/www.facet.unt.edu.ar\/cyklos\/wp-json\/wp\/v2\/users\/101047"}],"replies":[{"embeddable":true,"href":"https:\/\/www.facet.unt.edu.ar\/cyklos\/wp-json\/wp\/v2\/comments?post=355"}],"version-history":[{"count":1,"href":"https:\/\/www.facet.unt.edu.ar\/cyklos\/wp-json\/wp\/v2\/pages\/355\/revisions"}],"predecessor-version":[{"id":356,"href":"https:\/\/www.facet.unt.edu.ar\/cyklos\/wp-json\/wp\/v2\/pages\/355\/revisions\/356"}],"wp:attachment":[{"href":"https:\/\/www.facet.unt.edu.ar\/cyklos\/wp-json\/wp\/v2\/media?parent=355"}],"curies":[{"name":"wp","href":"https:\/\/api.w.org\/{rel}","templated":true}]}}