{"id":359,"date":"2020-09-28T12:44:31","date_gmt":"2020-09-28T15:44:31","guid":{"rendered":"https:\/\/www.facet.unt.edu.ar\/cyklos\/?page_id=359"},"modified":"2020-09-28T12:44:31","modified_gmt":"2020-09-28T15:44:31","slug":"dra-robles-norma-lis","status":"publish","type":"page","link":"https:\/\/www.facet.unt.edu.ar\/cyklos\/dra-robles-norma-lis\/","title":{"rendered":"Dra. Robles, Norma Lis"},"content":{"rendered":"<p><a href=\"https:\/\/www.facet.unt.edu.ar\/cyklos\/wp-content\/uploads\/sites\/68\/2020\/02\/DSC_1197.jpg\"><img decoding=\"async\" loading=\"lazy\" class=\"wp-image-186 alignleft\" src=\"https:\/\/www.facet.unt.edu.ar\/cyklos\/wp-content\/uploads\/sites\/68\/2020\/02\/DSC_1197.jpg\" alt=\"\" width=\"492\" height=\"328\" \/><\/a><\/p>\n<p>&nbsp;<\/p>\n<p>&nbsp;<\/p>\n<p>&nbsp;<\/p>\n<p>&nbsp;<\/p>\n<p>&nbsp;<\/p>\n<p>&nbsp;<\/p>\n<p>&nbsp;<\/p>\n<p>&nbsp;<\/p>\n<p>&nbsp;<\/p>\n<p><strong>Norma Lis Robles<\/strong> es licenciada en qu\u00edmica y doctora en Ciencias Qu\u00edmicas de la Universidad Nacional de Tucum\u00e1n, UNT. Es docente de la FACET UNT en las asignaturas Fisicoqu\u00edmica (Ingenier\u00eda Qu\u00edmica) y Fundamentos de Qu\u00edmica General (CBI). Es investigadora del Consejo Nacional de Investigaciones Cient\u00edficas y T\u00e9cnicas (CONICET) en la unidad ejecutora INQUINOA (Instituto de Qu\u00edmica del Noroeste Argentino) CONICET NOA SUR. Sus intereses en investigaci\u00f3n est\u00e1n centrados en \u00e1reas de la Fisicoqu\u00edmica Org\u00e1nica y de la Biorefiner\u00eda, a trav\u00e9s de la s\u00edntesis, aislamiento y caracterizaci\u00f3n espectrosc\u00f3pica de diferentes compuestos qu\u00edmicos. Como miembro de CYKLOS, se interesa particularmente en la aplicaci\u00f3n del An\u00e1lisis de Ciclo de Vida (LCA) para la evaluaci\u00f3n ambiental de productos y procesos de inter\u00e9s en el NOA.<\/p>\n<p>&nbsp;<\/p>\n<p><strong>Norma Lis Robles<\/strong> is a researcher of the Argentinean Council of Scientific and Technological Research (CONICET) belonging to INQUINOA (Instituto de Qu\u00edmica del Noroeste Argentino). In addition, she is a chemical physics lecturer at Universidad Nacional de Tucum\u00e1n (Argentine), in Chemical Engineering. Being a PhD in the chemistry field, her research interests spread from Organic Chemical Physics to Biorefinery, through the synthesis, isolation and spectroscopic characterization of different chemical compounds. As a member of CYKLOS, she is particularly interested in the implementation of the Lyfe Cycle Assessment (LCA) to the environmental evaluation of regional products and processes of interest in the Argentinean Northwest.<\/p>\n","protected":false},"excerpt":{"rendered":"<p>&nbsp; &nbsp; &nbsp; &nbsp; &nbsp; &nbsp; &nbsp; &nbsp; &nbsp; Norma Lis Robles es licenciada en qu\u00edmica y doctora en Ciencias Qu\u00edmicas de la Universidad Nacional de Tucum\u00e1n, UNT. Es docente de la FACET UNT en las asignaturas Fisicoqu\u00edmica (Ingenier\u00eda Qu\u00edmica) y Fundamentos de Qu\u00edmica General (CBI). Es investigadora del Consejo Nacional de Investigaciones Cient\u00edficas y [&hellip;]<\/p>\n","protected":false},"author":101047,"featured_media":0,"parent":0,"menu_order":0,"comment_status":"closed","ping_status":"closed","template":"","meta":[],"_links":{"self":[{"href":"https:\/\/www.facet.unt.edu.ar\/cyklos\/wp-json\/wp\/v2\/pages\/359"}],"collection":[{"href":"https:\/\/www.facet.unt.edu.ar\/cyklos\/wp-json\/wp\/v2\/pages"}],"about":[{"href":"https:\/\/www.facet.unt.edu.ar\/cyklos\/wp-json\/wp\/v2\/types\/page"}],"author":[{"embeddable":true,"href":"https:\/\/www.facet.unt.edu.ar\/cyklos\/wp-json\/wp\/v2\/users\/101047"}],"replies":[{"embeddable":true,"href":"https:\/\/www.facet.unt.edu.ar\/cyklos\/wp-json\/wp\/v2\/comments?post=359"}],"version-history":[{"count":1,"href":"https:\/\/www.facet.unt.edu.ar\/cyklos\/wp-json\/wp\/v2\/pages\/359\/revisions"}],"predecessor-version":[{"id":360,"href":"https:\/\/www.facet.unt.edu.ar\/cyklos\/wp-json\/wp\/v2\/pages\/359\/revisions\/360"}],"wp:attachment":[{"href":"https:\/\/www.facet.unt.edu.ar\/cyklos\/wp-json\/wp\/v2\/media?parent=359"}],"curies":[{"name":"wp","href":"https:\/\/api.w.org\/{rel}","templated":true}]}}