{"id":415,"date":"2022-08-27T19:35:16","date_gmt":"2022-08-27T22:35:16","guid":{"rendered":"https:\/\/www.facet.unt.edu.ar\/cyklos\/?page_id=415"},"modified":"2022-08-27T19:35:16","modified_gmt":"2022-08-27T22:35:16","slug":"dr-daniel-valdeon","status":"publish","type":"page","link":"https:\/\/www.facet.unt.edu.ar\/cyklos\/dr-daniel-valdeon\/","title":{"rendered":"Dr Daniel Valdeon"},"content":{"rendered":"<p><a href=\"https:\/\/www.facet.unt.edu.ar\/cyklos\/wp-content\/uploads\/sites\/68\/2020\/02\/DSC_1181.jpg\"><img decoding=\"async\" loading=\"lazy\" class=\"alignnone size-full wp-image-180\" src=\"https:\/\/www.facet.unt.edu.ar\/cyklos\/wp-content\/uploads\/sites\/68\/2020\/02\/DSC_1181.jpg\" alt=\"\" width=\"4217\" height=\"2811\" \/><\/a><\/p>\n<p>&nbsp;<\/p>\n<p>Daniel Horacio Valde\u00f3n se gradu\u00f3 de Ingeniero Qu\u00edmico en la Universidad Nacional de Tucum\u00e1n (UNT) en 2007. Realiz\u00f3 sus estudios de doctorado en PROIMI y obtuvo el t\u00edtulo de Doctor en Ingenier\u00eda en la Universidad Nacional de Salta (2017). En 2018 recibi\u00f3 su t\u00edtulo de Especialista en Ingenier\u00eda Bioenerg\u00e9tica en la Universidad Tecnol\u00f3gica Nacional \u2013 Facultad Regional Tucum\u00e1n. Desde 2013 hasta la actualidad se desempe\u00f1a como Jefe de Trabajos Pr\u00e1cticos en las materias \u201cMicrobiolog\u00eda General e Industrial\u201d e \u201cIntroducci\u00f3n a la Biotecnolog\u00eda\u201d para las carreras de Ingenier\u00eda Qu\u00edmica e Industrial en la Facultad de Ciencias Exactas y Tecnolog\u00eda-UNT. A partir de mayo de 2018 es investigador del CEDIA (Centro de investigaci\u00f3n y desarrollo de ingenier\u00eda ambiental) en la UTN-Facultad Regional Tucum\u00e1n. Forma parte del Grupo CYKLOS de FACET. Sus l\u00edneas de investigaci\u00f3n son: biocat\u00e1lisis aplicada, inmovilizaci\u00f3n de enzimas, dise\u00f1o de bioprocesos, tratamiento de vinaza, an\u00e1lisis de ciclo de vida y huellas ambientales.<\/p>\n<p>&nbsp;<\/p>\n<p>Daniel Horacio Valde\u00f3n graduated as a Chemical Engineer from the National University of Tucum\u00e1n in 2007. He completed his doctoral studies at PROIMI and obtained a PhD of Engineering degree from the National University of Salta (2017). In 2018 he received his title of Specialist in Bioenergetic Engineering at the National Technological University (UTN-FRT) and from 2013 to the present, he works as Teacher Assistant in the subjects &#8220;General and Industrial Microbiology&#8221; and &#8220;Introduction to Biotechnology&#8221; for the Chemical and Industrial Engineering careers at the \u201cFaculty of Exact Sciences and Technology &#8211; UNT\u201d.<\/p>\n<p>As of May 2018, he is a researcher at CEDIA (Environmental Engineering Research and Development Center) at the UTN-FRT. He is part of the CYKLOS Group of FACET. His lines of research include but are not limited to; applied biocatalysis, enzyme immobilization, bioprocess design, vinasse treatment, life cycle analysis and environmental footprints.<\/p>\n","protected":false},"excerpt":{"rendered":"<p>&nbsp; Daniel Horacio Valde\u00f3n se gradu\u00f3 de Ingeniero Qu\u00edmico en la Universidad Nacional de Tucum\u00e1n (UNT) en 2007. Realiz\u00f3 sus estudios de doctorado en PROIMI y obtuvo el t\u00edtulo de Doctor en Ingenier\u00eda en la Universidad Nacional de Salta (2017). En 2018 recibi\u00f3 su t\u00edtulo de Especialista en Ingenier\u00eda Bioenerg\u00e9tica en la Universidad Tecnol\u00f3gica Nacional [&hellip;]<\/p>\n","protected":false},"author":101047,"featured_media":0,"parent":0,"menu_order":0,"comment_status":"closed","ping_status":"closed","template":"","meta":[],"_links":{"self":[{"href":"https:\/\/www.facet.unt.edu.ar\/cyklos\/wp-json\/wp\/v2\/pages\/415"}],"collection":[{"href":"https:\/\/www.facet.unt.edu.ar\/cyklos\/wp-json\/wp\/v2\/pages"}],"about":[{"href":"https:\/\/www.facet.unt.edu.ar\/cyklos\/wp-json\/wp\/v2\/types\/page"}],"author":[{"embeddable":true,"href":"https:\/\/www.facet.unt.edu.ar\/cyklos\/wp-json\/wp\/v2\/users\/101047"}],"replies":[{"embeddable":true,"href":"https:\/\/www.facet.unt.edu.ar\/cyklos\/wp-json\/wp\/v2\/comments?post=415"}],"version-history":[{"count":1,"href":"https:\/\/www.facet.unt.edu.ar\/cyklos\/wp-json\/wp\/v2\/pages\/415\/revisions"}],"predecessor-version":[{"id":416,"href":"https:\/\/www.facet.unt.edu.ar\/cyklos\/wp-json\/wp\/v2\/pages\/415\/revisions\/416"}],"wp:attachment":[{"href":"https:\/\/www.facet.unt.edu.ar\/cyklos\/wp-json\/wp\/v2\/media?parent=415"}],"curies":[{"name":"wp","href":"https:\/\/api.w.org\/{rel}","templated":true}]}}