{"id":419,"date":"2022-08-27T19:38:36","date_gmt":"2022-08-27T22:38:36","guid":{"rendered":"https:\/\/www.facet.unt.edu.ar\/cyklos\/?page_id=419"},"modified":"2022-08-27T19:38:36","modified_gmt":"2022-08-27T22:38:36","slug":"dra-paula-araujo","status":"publish","type":"page","link":"https:\/\/www.facet.unt.edu.ar\/cyklos\/dra-paula-araujo\/","title":{"rendered":"Dra. Paula Araujo"},"content":{"rendered":"<p><a href=\"https:\/\/www.facet.unt.edu.ar\/cyklos\/wp-content\/uploads\/sites\/68\/2020\/02\/DSC_1199-e1581514025216.jpg\"><img decoding=\"async\" loading=\"lazy\" class=\"alignnone size-full wp-image-187\" src=\"https:\/\/www.facet.unt.edu.ar\/cyklos\/wp-content\/uploads\/sites\/68\/2020\/02\/DSC_1199-e1581514025216.jpg\" alt=\"\" width=\"750\" height=\"500\" \/><\/a><\/p>\n<p>&nbsp;<\/p>\n<p>Paula Z. Araujo es ingeniera qu\u00edmica (Universidad Nacional de Tucum\u00e1n, UNT) y doctora en Ciencia y Tecnolog\u00eda (Universidad Nacional de San Mart\u00edn). Es docente e Investigadora en el Departamento de Ingenier\u00eda de Procesos y Gesti\u00f3n Industrial de FACET \u2013 UNT, donde imparte las asignaturas de Procesos Industriales (Ingenier\u00eda Industrial) y Termodin\u00e1mica de Procesos (Ingenier\u00eda Qu\u00edmica). Sus intereses en investigaci\u00f3n y vinculaci\u00f3n con industria incluyen temas vinculados a evaluaci\u00f3n ambiental, el desarrollo de procesos de tratamiento de aguas de proceso y efluentes l\u00edquidos y aplicaci\u00f3n de indicadores de sustentabilidad empleando Huellas Ambientales y An\u00e1lisis de Ciclo de Vida de productos y servicios. En particular, se enfoca a la estimaci\u00f3n de Huella H\u00eddrica y Huella de Agua.<\/p>\n<p>Paula Z. Araujo is a chemical engineer (National University of Tucum\u00e1n, UNT) and PhD in Science and Technology (National University of San Mart\u00edn). She is a teacher and researcher in the Department of Process Engineering and Industrial Management of FACET \u2013 UNT, where she teaches the subjects of Industrial Processes (Industrial Engineering) and Process Thermodynamics (Chemical Engineering). His interests in research and links with industry include issues related to environmental assessment, the development of process water and liquid effluent treatment processes, and the application of sustainability indicators using Environmental Footprints and Life Cycle Assessment of products and services. In particular, it focuses on the estimation of the Water Footprint.<\/p>\n","protected":false},"excerpt":{"rendered":"<p>&nbsp; Paula Z. Araujo es ingeniera qu\u00edmica (Universidad Nacional de Tucum\u00e1n, UNT) y doctora en Ciencia y Tecnolog\u00eda (Universidad Nacional de San Mart\u00edn). Es docente e Investigadora en el Departamento de Ingenier\u00eda de Procesos y Gesti\u00f3n Industrial de FACET \u2013 UNT, donde imparte las asignaturas de Procesos Industriales (Ingenier\u00eda Industrial) y Termodin\u00e1mica de Procesos (Ingenier\u00eda [&hellip;]<\/p>\n","protected":false},"author":101047,"featured_media":0,"parent":0,"menu_order":0,"comment_status":"closed","ping_status":"closed","template":"","meta":[],"_links":{"self":[{"href":"https:\/\/www.facet.unt.edu.ar\/cyklos\/wp-json\/wp\/v2\/pages\/419"}],"collection":[{"href":"https:\/\/www.facet.unt.edu.ar\/cyklos\/wp-json\/wp\/v2\/pages"}],"about":[{"href":"https:\/\/www.facet.unt.edu.ar\/cyklos\/wp-json\/wp\/v2\/types\/page"}],"author":[{"embeddable":true,"href":"https:\/\/www.facet.unt.edu.ar\/cyklos\/wp-json\/wp\/v2\/users\/101047"}],"replies":[{"embeddable":true,"href":"https:\/\/www.facet.unt.edu.ar\/cyklos\/wp-json\/wp\/v2\/comments?post=419"}],"version-history":[{"count":1,"href":"https:\/\/www.facet.unt.edu.ar\/cyklos\/wp-json\/wp\/v2\/pages\/419\/revisions"}],"predecessor-version":[{"id":420,"href":"https:\/\/www.facet.unt.edu.ar\/cyklos\/wp-json\/wp\/v2\/pages\/419\/revisions\/420"}],"wp:attachment":[{"href":"https:\/\/www.facet.unt.edu.ar\/cyklos\/wp-json\/wp\/v2\/media?parent=419"}],"curies":[{"name":"wp","href":"https:\/\/api.w.org\/{rel}","templated":true}]}}