{"id":97,"date":"2019-08-09T12:18:40","date_gmt":"2019-08-09T15:18:40","guid":{"rendered":"https:\/\/www.facet.unt.edu.ar\/cyklos\/?page_id=97"},"modified":"2020-02-27T14:52:02","modified_gmt":"2020-02-27T17:52:02","slug":"objetivos","status":"publish","type":"page","link":"https:\/\/www.facet.unt.edu.ar\/cyklos\/objetivos\/","title":{"rendered":"Objetivos"},"content":{"rendered":"<p>CYKLOS busca desarrollar y aplicar herramientas para la sostenibilidad y la prevenci\u00f3n ambiental en los \u00e1mbitos del LCA, la ecoeficiencia y la ecolog\u00eda industrial, a escala de proceso, local, regional y nacional. La actividad de CYKLOS integra la investigaci\u00f3n cient\u00edfica, la docencia superior y la transferencia de conocimientos y servicios relacionados con el an\u00e1lisis, evaluaci\u00f3n y optimizaci\u00f3n ambiental de sistemas y productos.<\/p>\n<p>Buscamos posicionarnos como referentes de la regi\u00f3n en el \u00e1rea de LCA, huellas ambientales y tem\u00e1ticas relacionadas (ej.: mercado de bonos de carbono, declaraciones ambientales de productos), en una provincia con numerosos recursos productivos y agentes en constante competencia por estos recursos, situaci\u00f3n que se multiplica a nivel nacional. Para ello, los objetivos espec\u00edficos son:<\/p>\n<ul>\n<li>Formaci\u00f3n de RRHH para volcar la tem\u00e1tica hacia el sector productivo y la administraci\u00f3n.<\/li>\n<li>Investigaci\u00f3n y desarrollo.<\/li>\n<li>Vinculaci\u00f3n tecnol\u00f3gica y servicios a terceros.<\/li>\n<li>Participaci\u00f3n activa con los organismos p\u00fablicos que atienden esta tem\u00e1tica tales como, Canciller\u00eda, Secretar\u00eda de Agroindustria y Ministerios, etc.<\/li>\n<\/ul>\n","protected":false},"excerpt":{"rendered":"<p>CYKLOS busca desarrollar y aplicar herramientas para la sostenibilidad y la prevenci\u00f3n ambiental en los \u00e1mbitos del LCA, la ecoeficiencia y la ecolog\u00eda industrial, a escala de proceso, local, regional y nacional. La actividad de CYKLOS integra la investigaci\u00f3n cient\u00edfica, la docencia superior y la transferencia de conocimientos y servicios relacionados con el an\u00e1lisis, evaluaci\u00f3n [&hellip;]<\/p>\n","protected":false},"author":101047,"featured_media":0,"parent":0,"menu_order":1,"comment_status":"closed","ping_status":"closed","template":"","meta":[],"_links":{"self":[{"href":"https:\/\/www.facet.unt.edu.ar\/cyklos\/wp-json\/wp\/v2\/pages\/97"}],"collection":[{"href":"https:\/\/www.facet.unt.edu.ar\/cyklos\/wp-json\/wp\/v2\/pages"}],"about":[{"href":"https:\/\/www.facet.unt.edu.ar\/cyklos\/wp-json\/wp\/v2\/types\/page"}],"author":[{"embeddable":true,"href":"https:\/\/www.facet.unt.edu.ar\/cyklos\/wp-json\/wp\/v2\/users\/101047"}],"replies":[{"embeddable":true,"href":"https:\/\/www.facet.unt.edu.ar\/cyklos\/wp-json\/wp\/v2\/comments?post=97"}],"version-history":[{"count":4,"href":"https:\/\/www.facet.unt.edu.ar\/cyklos\/wp-json\/wp\/v2\/pages\/97\/revisions"}],"predecessor-version":[{"id":314,"href":"https:\/\/www.facet.unt.edu.ar\/cyklos\/wp-json\/wp\/v2\/pages\/97\/revisions\/314"}],"wp:attachment":[{"href":"https:\/\/www.facet.unt.edu.ar\/cyklos\/wp-json\/wp\/v2\/media?parent=97"}],"curies":[{"name":"wp","href":"https:\/\/api.w.org\/{rel}","templated":true}]}}