{"id":1681,"date":"2025-06-18T14:43:27","date_gmt":"2025-06-18T17:43:27","guid":{"rendered":"https:\/\/www.facet.unt.edu.ar\/cyt\/?page_id=1681"},"modified":"2025-07-02T14:17:01","modified_gmt":"2025-07-02T17:17:01","slug":"conferencias-ted","status":"publish","type":"page","link":"https:\/\/www.facet.unt.edu.ar\/cyt\/inicio\/conferencias-ted\/","title":{"rendered":"Conferencias TED"},"content":{"rendered":"<div id=\"pl-1681\"  class=\"panel-layout\" ><div id=\"pg-1681-0\"  class=\"panel-grid panel-no-style\" ><div id=\"pgc-1681-0-0\"  class=\"panel-grid-cell\" ><div id=\"panel-1681-0-0-0\" class=\"so-panel widget widget_black-studio-tinymce widget_black_studio_tinymce panel-first-child panel-last-child\" data-index=\"0\" ><div class=\"panel-widget-style panel-widget-style-for-1681-0-0-0\" ><div class=\"textwidget\"><h2 style=\"text-align: center; color: #fff; font-size: 2.2em; margin-bottom: 10px; text-shadow: 1px 1px 2px #000;\"><strong>CONFERENCIAS TED<\/strong><\/h2>\n<div style=\"margin: 0 auto; background-color: #fff; border-radius: 5px; width: 250px; font-style: italic; font-size: 1.2em; text-align: center; color: #0099cc; text-shadow: 1px 1px 1px #000;\">Conocimientos que inspiran<\/div>\n<p style=\"text-align: center; color: #fff; font-size: 1.4em; text-shadow: 0 0 2px #000;\">Organizadas por la Secretar\u00eda de Posgrado, Investigaci\u00f3n e Innovaci\u00f3n, se desarrollaron los d\u00edas 22 y 29 de mayo de 2025<\/p>\n<\/div><\/div><\/div><\/div><\/div><div id=\"pg-1681-1\"  class=\"panel-grid panel-no-style\" ><div id=\"pgc-1681-1-0\"  class=\"panel-grid-cell\" ><div id=\"panel-1681-1-0-0\" class=\"so-panel widget widget_black-studio-tinymce widget_black_studio_tinymce panel-first-child panel-last-child\" data-index=\"1\" ><div class=\"textwidget\"><p><iframe  id=\"_ytid_99524\"  width=\"720\" height=\"405\"  data-origwidth=\"720\" data-origheight=\"405\" src=\"https:\/\/www.youtube.com\/embed\/Lx6EkepKObc?enablejsapi=1&autoplay=0&cc_load_policy=0&cc_lang_pref=&iv_load_policy=1&loop=0&modestbranding=0&rel=1&fs=1&playsinline=0&autohide=2&theme=dark&color=red&controls=1&\" class=\"__youtube_prefs__  __youtube_prefs_widget__  no-lazyload\" title=\"YouTube player\"  allow=\"accelerometer; autoplay; clipboard-write; encrypted-media; gyroscope; picture-in-picture\" allowfullscreen data-no-lazy=\"1\" data-skipgform_ajax_framebjll=\"\"><\/iframe><\/p>\n<\/div><\/div><\/div><div id=\"pgc-1681-1-1\"  class=\"panel-grid-cell\" ><div id=\"panel-1681-1-1-0\" class=\"so-panel widget widget_black-studio-tinymce widget_black_studio_tinymce panel-first-child panel-last-child\" data-index=\"2\" ><div class=\"textwidget\"><h3 style=\"color: #0099cc; text-shadow: 1px 1px 1px #000; text-align: center;\"><strong>Conferencia - Lucas Pedro ACOSTA<\/strong><\/h3>\n<h5 style=\"color: #1d60c4; text-shadow: 0 0 1px #000; text-align: center; line-height: 1.1;\"><strong>Tecnolog\u00edas 3D para aplicaciones en ingenier\u00eda<\/strong><\/h5>\n<p style=\"font-size: .8em; text-align: center; line-height: 1;\"><strong>DEPARTAMENTO DE MEC\u00c1NICA<\/strong><\/p>\n<\/div><\/div><\/div><\/div><div id=\"pg-1681-2\"  class=\"panel-grid panel-no-style\" ><div id=\"pgc-1681-2-0\"  class=\"panel-grid-cell\" ><div id=\"panel-1681-2-0-0\" class=\"so-panel widget widget_black-studio-tinymce widget_black_studio_tinymce panel-first-child panel-last-child\" data-index=\"3\" ><div class=\"textwidget\"><p><iframe  id=\"_ytid_95356\"  width=\"720\" height=\"405\"  data-origwidth=\"720\" data-origheight=\"405\" src=\"https:\/\/www.youtube.com\/embed\/b2EgI_sIdoE?enablejsapi=1&autoplay=0&cc_load_policy=0&cc_lang_pref=&iv_load_policy=1&loop=0&modestbranding=0&rel=1&fs=1&playsinline=0&autohide=2&theme=dark&color=red&controls=1&\" class=\"__youtube_prefs__  __youtube_prefs_widget__  no-lazyload\" title=\"YouTube player\"  allow=\"accelerometer; autoplay; clipboard-write; encrypted-media; gyroscope; picture-in-picture\" allowfullscreen data-no-lazy=\"1\" data-skipgform_ajax_framebjll=\"\"><\/iframe><\/p>\n<\/div><\/div><\/div><div id=\"pgc-1681-2-1\"  class=\"panel-grid-cell\" ><div id=\"panel-1681-2-1-0\" class=\"so-panel widget widget_black-studio-tinymce widget_black_studio_tinymce panel-first-child panel-last-child\" data-index=\"4\" ><div class=\"textwidget\"><h3 style=\"color: #0099cc; text-shadow: 1px 1px 1px #000; text-align: center;\"><strong>Conferencia - Mar\u00eda Lourdes RUIZ SANDOBAL<\/strong><\/h3>\n<h5 style=\"color: #1d60c4; text-shadow: 0 0 1px #000; text-align: center; line-height: 1.1;\"><strong>Explorar, Conectar, Descubrir: el poder de un cap\u00edtulo estudiantil en el mundo de la Geociencia<\/strong><\/h5>\n<p style=\"font-size: .8em; text-align: center; line-height: 1;\"><strong>DEPARTAMENTO DE GEODESIA Y TOPOGRAF\u00cdA<\/strong><\/p>\n<\/div><\/div><\/div><\/div><div id=\"pg-1681-3\"  class=\"panel-grid panel-no-style\" ><div id=\"pgc-1681-3-0\"  class=\"panel-grid-cell\" ><div id=\"panel-1681-3-0-0\" class=\"so-panel widget widget_black-studio-tinymce widget_black_studio_tinymce panel-first-child panel-last-child\" data-index=\"5\" ><div class=\"textwidget\"><p><iframe  id=\"_ytid_37409\"  width=\"720\" height=\"405\"  data-origwidth=\"720\" data-origheight=\"405\" src=\"https:\/\/www.youtube.com\/embed\/iSBUUQpiinY?enablejsapi=1&autoplay=0&cc_load_policy=0&cc_lang_pref=&iv_load_policy=1&loop=0&modestbranding=0&rel=1&fs=1&playsinline=0&autohide=2&theme=dark&color=red&controls=1&\" class=\"__youtube_prefs__  __youtube_prefs_widget__  no-lazyload\" title=\"YouTube player\"  allow=\"accelerometer; autoplay; clipboard-write; encrypted-media; gyroscope; picture-in-picture\" allowfullscreen data-no-lazy=\"1\" data-skipgform_ajax_framebjll=\"\"><\/iframe><\/p>\n<\/div><\/div><\/div><div id=\"pgc-1681-3-1\"  class=\"panel-grid-cell\" ><div id=\"panel-1681-3-1-0\" class=\"so-panel widget widget_black-studio-tinymce widget_black_studio_tinymce panel-first-child panel-last-child\" data-index=\"6\" ><div class=\"textwidget\"><h3 style=\"color: #0099cc; text-shadow: 1px 1px 1px #000; text-align: center;\"><strong>Conferencia - Paula BARBOZA<\/strong><\/h3>\n<h5 style=\"color: #1d60c4; text-shadow: 0 0 1px #000; text-align: center; line-height: 1.1;\"><strong>Elementos Finitos y Gemelos Digitales para evaluaci\u00f3n y control de la integridad estructural de edificios<\/strong><\/h5>\n<p style=\"font-size: .8em; text-align: center; line-height: 1;\"><strong>DEPARTAMENTO DE CONSTRUCCIONES Y OBRAS CIVILES<\/strong><\/p>\n<\/div><\/div><\/div><\/div><div id=\"pg-1681-4\"  class=\"panel-grid panel-no-style\" ><div id=\"pgc-1681-4-0\"  class=\"panel-grid-cell\" ><div id=\"panel-1681-4-0-0\" class=\"so-panel widget widget_black-studio-tinymce widget_black_studio_tinymce panel-first-child panel-last-child\" data-index=\"7\" ><div class=\"textwidget\"><p><iframe  id=\"_ytid_12163\"  width=\"720\" height=\"405\"  data-origwidth=\"720\" data-origheight=\"405\" src=\"https:\/\/www.youtube.com\/embed\/NCpqkxJYLDc?enablejsapi=1&autoplay=0&cc_load_policy=0&cc_lang_pref=&iv_load_policy=1&loop=0&modestbranding=0&rel=1&fs=1&playsinline=0&autohide=2&theme=dark&color=red&controls=1&\" class=\"__youtube_prefs__  __youtube_prefs_widget__  no-lazyload\" title=\"YouTube player\"  allow=\"accelerometer; autoplay; clipboard-write; encrypted-media; gyroscope; picture-in-picture\" allowfullscreen data-no-lazy=\"1\" data-skipgform_ajax_framebjll=\"\"><\/iframe><\/p>\n<\/div><\/div><\/div><div id=\"pgc-1681-4-1\"  class=\"panel-grid-cell\" ><div id=\"panel-1681-4-1-0\" class=\"so-panel widget widget_black-studio-tinymce widget_black_studio_tinymce panel-first-child panel-last-child\" data-index=\"8\" ><div class=\"textwidget\"><h3 style=\"color: #0099cc; text-shadow: 1px 1px 1px #000; text-align: center;\"><strong>Conferencia - Graciela MOLINA<\/strong><\/h3>\n<h5 style=\"color: #1d60c4; text-shadow: 0 0 1px #000; text-align: center; line-height: 1.1;\"><strong>Inteligencia Artificial y Meteorolog\u00eda del Espacio<\/strong><\/h5>\n<p style=\"font-size: .8em; text-align: center; line-height: 1;\"><strong>DEPARTAMENTO DE CIENCIAS DE LA COMPUTACI\u00d3N<\/strong><\/p>\n<\/div><\/div><\/div><\/div><div id=\"pg-1681-5\"  class=\"panel-grid panel-no-style\" ><div id=\"pgc-1681-5-0\"  class=\"panel-grid-cell\" ><div id=\"panel-1681-5-0-0\" class=\"so-panel widget widget_black-studio-tinymce widget_black_studio_tinymce panel-first-child panel-last-child\" data-index=\"9\" ><div class=\"textwidget\"><p><iframe  id=\"_ytid_22748\"  width=\"720\" height=\"405\"  data-origwidth=\"720\" data-origheight=\"405\" src=\"https:\/\/www.youtube.com\/embed\/g_Z_GSTEdAE?enablejsapi=1&autoplay=0&cc_load_policy=0&cc_lang_pref=&iv_load_policy=1&loop=0&modestbranding=0&rel=1&fs=1&playsinline=0&autohide=2&theme=dark&color=red&controls=1&\" class=\"__youtube_prefs__  __youtube_prefs_widget__  no-lazyload\" title=\"YouTube player\"  allow=\"accelerometer; autoplay; clipboard-write; encrypted-media; gyroscope; picture-in-picture\" allowfullscreen data-no-lazy=\"1\" data-skipgform_ajax_framebjll=\"\"><\/iframe><\/p>\n<\/div><\/div><\/div><div id=\"pgc-1681-5-1\"  class=\"panel-grid-cell\" ><div id=\"panel-1681-5-1-0\" class=\"so-panel widget widget_black-studio-tinymce widget_black_studio_tinymce panel-first-child panel-last-child\" data-index=\"10\" ><div class=\"textwidget\"><h3 style=\"color: #0099cc; text-shadow: 1px 1px 1px #000; text-align: center;\"><strong>Conferencia - Roc\u00edo CONTRERAS<\/strong><\/h3>\n<h5 style=\"color: #1d60c4; text-shadow: 0 0 1px #000; text-align: center; line-height: 1.1;\"><strong>B\u00fasqueda de Precursores S\u00edsmicos Electromagn\u00e9ticos en la lon\u00f3sfera<\/strong><\/h5>\n<p style=\"font-size: .8em; text-align: center; line-height: 1;\"><strong>DEPARTAMENTO DE FISICA<\/strong><\/p>\n<\/div><\/div><\/div><\/div><div id=\"pg-1681-6\"  class=\"panel-grid panel-no-style\" ><div id=\"pgc-1681-6-0\"  class=\"panel-grid-cell\" ><div id=\"panel-1681-6-0-0\" class=\"so-panel widget widget_black-studio-tinymce widget_black_studio_tinymce panel-first-child panel-last-child\" data-index=\"11\" ><div class=\"textwidget\"><p><iframe  id=\"_ytid_16696\"  width=\"720\" height=\"405\"  data-origwidth=\"720\" data-origheight=\"405\" src=\"https:\/\/www.youtube.com\/embed\/7XEgbMT_RCM?enablejsapi=1&autoplay=0&cc_load_policy=0&cc_lang_pref=&iv_load_policy=1&loop=0&modestbranding=0&rel=1&fs=1&playsinline=0&autohide=2&theme=dark&color=red&controls=1&\" class=\"__youtube_prefs__  __youtube_prefs_widget__  no-lazyload\" title=\"YouTube player\"  allow=\"accelerometer; autoplay; clipboard-write; encrypted-media; gyroscope; picture-in-picture\" allowfullscreen data-no-lazy=\"1\" data-skipgform_ajax_framebjll=\"\"><\/iframe><\/p>\n<\/div><\/div><\/div><div id=\"pgc-1681-6-1\"  class=\"panel-grid-cell\" ><div id=\"panel-1681-6-1-0\" class=\"so-panel widget widget_black-studio-tinymce widget_black_studio_tinymce panel-first-child panel-last-child\" data-index=\"12\" ><div class=\"textwidget\"><h3 style=\"color: #0099cc; text-shadow: 1px 1px 1px #000; text-align: center;\"><strong>Conferencia - Paula ARAUJO, Daniel VALDE\u00d3N<\/strong><\/h3>\n<h5 style=\"color: #1d60c4; text-shadow: 0 0 1px #000; text-align: center; line-height: 1.1;\"><strong>Desarrollo de Productos Agroindustriales con Alto Valor Agregado en la Regi\u00f3n del NOA<\/strong><\/h5>\n<p style=\"font-size: .8em; text-align: center; line-height: 1;\"><strong>DEPARTAMENTO DE ING. DE PROCESOS Y GESTI\u00d3N INDUSTRIAL<\/strong><\/p>\n<\/div><\/div><\/div><\/div><\/div>","protected":false},"excerpt":{"rendered":"<p>CONFERENCIAS TED Conocimientos que inspiran Organizadas por la Secretar\u00eda de Posgrado, Investigaci\u00f3n e Innovaci\u00f3n, se desarrollaron los d\u00edas 22 y 29 de mayo de 2025 Conferencia &#8211; Lucas Pedro ACOSTA Tecnolog\u00edas 3D para aplicaciones en ingenier\u00eda DEPARTAMENTO DE MEC\u00c1NICA<\/p>\n","protected":false},"author":123507,"featured_media":0,"parent":845,"menu_order":0,"comment_status":"closed","ping_status":"closed","template":"","meta":{"_EventAllDay":false,"_EventTimezone":"","_EventStartDate":"","_EventEndDate":"","_EventStartDateUTC":"","_EventEndDateUTC":"","_EventShowMap":false,"_EventShowMapLink":false,"_EventURL":"","_EventCost":"","_EventCostDescription":"","_EventCurrencySymbol":"","_EventCurrencyCode":"","_EventCurrencyPosition":"","_EventDateTimeSeparator":"","_EventTimeRangeSeparator":"","_EventOrganizerID":[],"_EventVenueID":0,"_OrganizerEmail":"","_OrganizerPhone":"","_OrganizerWebsite":"","_VenueAddress":"","_VenueCity":"","_VenueCountry":"","_VenueProvince":"","_VenueZip":"","_VenuePhone":"","_VenueURL":"","_VenueStateProvince":"","_VenueLat":"","_VenueLng":""},"_links":{"self":[{"href":"https:\/\/www.facet.unt.edu.ar\/cyt\/wp-json\/wp\/v2\/pages\/1681"}],"collection":[{"href":"https:\/\/www.facet.unt.edu.ar\/cyt\/wp-json\/wp\/v2\/pages"}],"about":[{"href":"https:\/\/www.facet.unt.edu.ar\/cyt\/wp-json\/wp\/v2\/types\/page"}],"author":[{"embeddable":true,"href":"https:\/\/www.facet.unt.edu.ar\/cyt\/wp-json\/wp\/v2\/users\/123507"}],"replies":[{"embeddable":true,"href":"https:\/\/www.facet.unt.edu.ar\/cyt\/wp-json\/wp\/v2\/comments?post=1681"}],"version-history":[{"count":59,"href":"https:\/\/www.facet.unt.edu.ar\/cyt\/wp-json\/wp\/v2\/pages\/1681\/revisions"}],"predecessor-version":[{"id":1765,"href":"https:\/\/www.facet.unt.edu.ar\/cyt\/wp-json\/wp\/v2\/pages\/1681\/revisions\/1765"}],"up":[{"embeddable":true,"href":"https:\/\/www.facet.unt.edu.ar\/cyt\/wp-json\/wp\/v2\/pages\/845"}],"wp:attachment":[{"href":"https:\/\/www.facet.unt.edu.ar\/cyt\/wp-json\/wp\/v2\/media?parent=1681"}],"curies":[{"name":"wp","href":"https:\/\/api.w.org\/{rel}","templated":true}]}}