{"id":1778,"date":"2025-06-30T17:17:49","date_gmt":"2025-06-30T20:17:49","guid":{"rendered":"https:\/\/www.facet.unt.edu.ar\/cyt\/?page_id=1778"},"modified":"2025-07-24T11:57:18","modified_gmt":"2025-07-24T14:57:18","slug":"dialogos-sobre-el-agua","status":"publish","type":"page","link":"https:\/\/www.facet.unt.edu.ar\/cyt\/inicio\/dialogos-sobre-el-agua\/","title":{"rendered":"Dialogos Sobre el Agua"},"content":{"rendered":"<div id=\"pl-1778\"  class=\"panel-layout\" ><div id=\"pg-1778-0\"  class=\"panel-grid panel-has-style\" ><div style=\"background-color: #efefef; \" class=\"panel-row-style panel-row-style-for-1778-0\" ><div id=\"pgc-1778-0-0\"  class=\"panel-grid-cell\" ><div id=\"panel-1778-0-0-0\" class=\"so-panel widget widget_black-studio-tinymce widget_black_studio_tinymce panel-first-child panel-last-child\" data-index=\"0\" ><div class=\"textwidget\"><p style=\"text-align: center;\"><img class=\"alignnone size-full wp-image-1658\" src=\"https:\/\/www.facet.unt.edu.ar\/cyt\/wp-content\/uploads\/sites\/76\/2025\/06\/DialogosAgua_h.jpg\" alt=\"\" width=\"983\" height=\"716\" \/><\/p>\n<p style=\"font-size: 1.2em; text-align: center;\">El <i>Encuentro Internacional: Di\u00e1logos sobre el Agua, Buena Gobernanza, Alianzas y Cooperaci\u00f3n<\/i>, que tiene lugar en la Facultad de Ciencias Exactas y Tecnolog\u00eda de la Universidad Nacional de Tucum\u00e1n, re\u00fane a especialistas de distintas \u00e1reas para abordar uno de los temas m\u00e1s cr\u00edticos para nuestro futuro com\u00fan: la gesti\u00f3n del agua.<\/p>\n<p style=\"text-align: center;\"><img class=\"alignnone wp-image-1822\" src=\"https:\/\/www.facet.unt.edu.ar\/cyt\/wp-content\/uploads\/sites\/76\/2025\/06\/DSA_01.jpg\" alt=\"\" width=\"383\" height=\"255\" \/>\u00a0 \u00a0 \u00a0\u00a0 <img class=\"alignnone wp-image-1824\" src=\"https:\/\/www.facet.unt.edu.ar\/cyt\/wp-content\/uploads\/sites\/76\/2025\/06\/DSA_03.jpg\" alt=\"\" width=\"300\" height=\"255\" \/><\/p>\n<p style=\"font-size: 1.2em; text-align: center;\">En los <i>Reportes T\u00e9cnicos de los a\u00f1os\u00a0 2023 y 2024, elaborados por el Programa Mundial de Evaluaci\u00f3n de los Recursos H\u00eddricos de la UNESCO<\/i>, se subraya el papel fundamental del agua como un recurso vital para el desarrollo econ\u00f3mico, la estabilidad social y la protecci\u00f3n del medio ambiente planteando un llamado urgente a reforzar alianzas globales y nacionales, integrar a las comunidades locales y priorizar el financiamiento en infraestructura h\u00eddrica, para asegurar que el agua sea un motor de prosperidad para todos.<\/p>\n<p style=\"text-align: center;\"><img class=\"alignnone wp-image-1825\" src=\"https:\/\/www.facet.unt.edu.ar\/cyt\/wp-content\/uploads\/sites\/76\/2025\/06\/DSA_02.jpg\" alt=\"\" width=\"200\" height=\"300\" \/>\u00a0 \u00a0 \u00a0 \u00a0<img class=\"alignnone wp-image-1826\" src=\"https:\/\/www.facet.unt.edu.ar\/cyt\/wp-content\/uploads\/sites\/76\/2025\/06\/DSA_05.jpg\" alt=\"\" width=\"200\" height=\"300\" \/>\u00a0 \u00a0 \u00a0 \u00a0<img class=\"alignnone wp-image-1827\" src=\"https:\/\/www.facet.unt.edu.ar\/cyt\/wp-content\/uploads\/sites\/76\/2025\/06\/DSA_04.jpg\" alt=\"\" width=\"200\" height=\"300\" \/><\/p>\n<\/div><\/div><\/div><\/div><\/div><div id=\"pg-1778-1\"  class=\"panel-grid panel-no-style\" ><div id=\"pgc-1778-1-0\"  class=\"panel-grid-cell\" ><div id=\"panel-1778-1-0-0\" class=\"so-panel widget widget_black-studio-tinymce widget_black_studio_tinymce panel-first-child\" data-index=\"1\" ><div class=\"textwidget\"><h3 style=\"text-align: center;\">Art\u00edculos de Prensa Audiovisual<\/h3>\n<\/div><\/div><div id=\"panel-1778-1-0-1\" class=\"so-panel widget widget_black-studio-tinymce widget_black_studio_tinymce\" data-index=\"2\" ><div class=\"textwidget\"><p style=\"text-align: center;\"><iframe  id=\"_ytid_95918\"  width=\"720\" height=\"405\"  data-origwidth=\"720\" data-origheight=\"405\" src=\"https:\/\/www.youtube.com\/embed\/d37R7SI_LNM?enablejsapi=1&autoplay=0&cc_load_policy=0&cc_lang_pref=&iv_load_policy=1&loop=0&modestbranding=0&rel=1&fs=1&playsinline=0&autohide=2&theme=dark&color=red&controls=1&\" class=\"__youtube_prefs__  __youtube_prefs_widget__  no-lazyload\" title=\"YouTube player\"  allow=\"accelerometer; autoplay; clipboard-write; encrypted-media; gyroscope; picture-in-picture\" allowfullscreen data-no-lazy=\"1\" data-skipgform_ajax_framebjll=\"\"><\/iframe><\/p>\n<p style=\"text-align: center;\">Presentacion en \"LG Play\", Canal de LA GACETA - Tucum\u00e1n<\/p>\n<\/div><\/div><div id=\"panel-1778-1-0-2\" class=\"so-panel widget widget_black-studio-tinymce widget_black_studio_tinymce\" data-index=\"3\" ><div class=\"textwidget\"><p style=\"text-align: center;\"><iframe  id=\"_ytid_42699\"  width=\"720\" height=\"405\"  data-origwidth=\"720\" data-origheight=\"405\" src=\"https:\/\/www.youtube.com\/embed\/w8pz-k7b15k\">https:\/\/www.youtube.com\/watch?enablejsapi=1&autoplay=0&cc_load_policy=0&cc_lang_pref=&iv_load_policy=1&loop=0&modestbranding=0&rel=1&fs=1&playsinline=0&autohide=2&theme=dark&color=red&controls=1&\" class=\"__youtube_prefs__  __youtube_prefs_widget__  no-lazyload\" title=\"YouTube player\"  allow=\"accelerometer; autoplay; clipboard-write; encrypted-media; gyroscope; picture-in-picture\" allowfullscreen data-no-lazy=\"1\" data-skipgform_ajax_framebjll=\"\"><\/iframe><\/p>\n<p style=\"text-align: center;\">Presentacion en \"Los Primeros\", Canal de 10 - Tucum\u00e1n<\/p>\n<\/div><\/div><div id=\"panel-1778-1-0-3\" class=\"so-panel widget widget_black-studio-tinymce widget_black_studio_tinymce panel-last-child\" data-index=\"4\" ><div class=\"textwidget\"><p style=\"text-align: center;\"><iframe  id=\"_ytid_95843\"  width=\"720\" height=\"405\"  data-origwidth=\"720\" data-origheight=\"405\" src=\"https:\/\/www.youtube.com\/embed\/VKISE1jEDuw?enablejsapi=1&autoplay=0&cc_load_policy=0&cc_lang_pref=&iv_load_policy=1&loop=0&modestbranding=0&rel=1&fs=1&playsinline=0&autohide=2&theme=dark&color=red&controls=1&\" class=\"__youtube_prefs__  __youtube_prefs_widget__  no-lazyload\" title=\"YouTube player\"  allow=\"accelerometer; autoplay; clipboard-write; encrypted-media; gyroscope; picture-in-picture\" allowfullscreen data-no-lazy=\"1\" data-skipgform_ajax_framebjll=\"\"><\/iframe><\/p>\n<p style=\"text-align: center;\">Informe \"Medios UNT\" - Tucum\u00e1n<\/p>\n<\/div><\/div><\/div><div id=\"pgc-1778-1-1\"  class=\"panel-grid-cell\" ><div id=\"panel-1778-1-1-0\" class=\"so-panel widget widget_black-studio-tinymce widget_black_studio_tinymce panel-first-child\" data-index=\"5\" ><div class=\"textwidget\"><h3 style=\"text-align: center;\">Art\u00edculos de Prensa Escrita<\/h3>\n<p>&nbsp;<\/p>\n<ul style=\"list-style-type: disc;\">\n<li><a href=\"https:\/\/www.comunicaciontucuman.gob.ar\/noticia\/gobierno\/229637\/tucuman-sera-sede-encuentro-internacional-dialogos-sobre-agua\" target=\"_blank\" rel=\"noopener\">\"Secretar\u00eda de Estado de Comunicaci\u00f3n P\u00fablica\" - Gob. de Tucum\u00e1n<\/a><\/li>\n<li><a href=\"https:\/\/medios.unt.edu.ar\/2024\/09\/02\/invitan-al-evento-dialogos-sobre-el-agua-buena-gobernanza-alianzas-y-cooperacion\/\" target=\"_blank\" rel=\"noopener\">\"Medios UNT\" - Tucum\u00e1n<\/a><\/li>\n<li><a href=\"https:\/\/www.lagaceta.com.ar\/nota\/1051757\/politica\/facultad-ciencias-exactas-encuentro-para-hablar-sobre-agua.html\" target=\"_blank\" rel=\"noopener\">Presentaci\u00f3n \"Diario LA GACETA\" - Tucum\u00e1n<\/a><\/li>\n<li><a href=\"https:\/\/www.lagaceta.com.ar\/nota\/1052293\/sociedad\/vaticinan-lograr-cobertura-universal-agua-para-2030-requerira-cuadruplicar-ritmos-actuales.html\" target=\"_blank\" rel=\"noopener\">Informe \"Diario LA GACETA\" - Tucum\u00e1n<\/a><\/li>\n<\/ul>\n<\/div><\/div><div id=\"panel-1778-1-1-1\" class=\"widget_text so-panel widget widget_custom_html panel-last-child\" data-index=\"6\" ><div class=\"textwidget custom-html-widget\"><div style=\"background-color: #333399; margin: 10px 20px 10px 40px; padding: 10px 0; border-radius: 5px;\">\n\t<p style=\"text-align: center; font-size: 1.2em; line-height: 1.4;\">\n\t\t<a style=\"color: #fff;\" href=\"https:\/\/www.facet.unt.edu.ar\/cyt\/wp-content\/uploads\/sites\/76\/2025\/07\/Agua_Informe-Ejecutivo.pdf\" target=\"_blank\" rel=\"noopener\">Informe Ejecutivo<br>Encuentro Internacional<br>\"Di\u00e1logos sobre el agua\"<\/a>\n\t<\/p>\n<\/div>\n<\/div><\/div><\/div><\/div><\/div>","protected":false},"excerpt":{"rendered":"<p>El Encuentro Internacional: Di\u00e1logos sobre el Agua, Buena Gobernanza, Alianzas y Cooperaci\u00f3n, que tiene lugar en la Facultad de Ciencias Exactas y Tecnolog\u00eda de la Universidad Nacional de Tucum\u00e1n, re\u00fane a especialistas de distintas \u00e1reas para abordar uno de los temas m\u00e1s cr\u00edticos para nuestro futuro com\u00fan: la gesti\u00f3n del agua. \u00a0 \u00a0 \u00a0\u00a0 En [&hellip;]<\/p>\n","protected":false},"author":123507,"featured_media":0,"parent":845,"menu_order":0,"comment_status":"closed","ping_status":"closed","template":"","meta":{"_EventAllDay":false,"_EventTimezone":"","_EventStartDate":"","_EventEndDate":"","_EventStartDateUTC":"","_EventEndDateUTC":"","_EventShowMap":false,"_EventShowMapLink":false,"_EventURL":"","_EventCost":"","_EventCostDescription":"","_EventCurrencySymbol":"","_EventCurrencyCode":"","_EventCurrencyPosition":"","_EventDateTimeSeparator":"","_EventTimeRangeSeparator":"","_EventOrganizerID":[],"_EventVenueID":0,"_OrganizerEmail":"","_OrganizerPhone":"","_OrganizerWebsite":"","_VenueAddress":"","_VenueCity":"","_VenueCountry":"","_VenueProvince":"","_VenueZip":"","_VenuePhone":"","_VenueURL":"","_VenueStateProvince":"","_VenueLat":"","_VenueLng":""},"_links":{"self":[{"href":"https:\/\/www.facet.unt.edu.ar\/cyt\/wp-json\/wp\/v2\/pages\/1778"}],"collection":[{"href":"https:\/\/www.facet.unt.edu.ar\/cyt\/wp-json\/wp\/v2\/pages"}],"about":[{"href":"https:\/\/www.facet.unt.edu.ar\/cyt\/wp-json\/wp\/v2\/types\/page"}],"author":[{"embeddable":true,"href":"https:\/\/www.facet.unt.edu.ar\/cyt\/wp-json\/wp\/v2\/users\/123507"}],"replies":[{"embeddable":true,"href":"https:\/\/www.facet.unt.edu.ar\/cyt\/wp-json\/wp\/v2\/comments?post=1778"}],"version-history":[{"count":55,"href":"https:\/\/www.facet.unt.edu.ar\/cyt\/wp-json\/wp\/v2\/pages\/1778\/revisions"}],"predecessor-version":[{"id":1852,"href":"https:\/\/www.facet.unt.edu.ar\/cyt\/wp-json\/wp\/v2\/pages\/1778\/revisions\/1852"}],"up":[{"embeddable":true,"href":"https:\/\/www.facet.unt.edu.ar\/cyt\/wp-json\/wp\/v2\/pages\/845"}],"wp:attachment":[{"href":"https:\/\/www.facet.unt.edu.ar\/cyt\/wp-json\/wp\/v2\/media?parent=1778"}],"curies":[{"name":"wp","href":"https:\/\/api.w.org\/{rel}","templated":true}]}}