{"id":97,"date":"2022-08-25T23:52:02","date_gmt":"2022-08-26T02:52:02","guid":{"rendered":"https:\/\/www.facet.unt.edu.ar\/cyt\/?page_id=97"},"modified":"2025-08-20T15:43:34","modified_gmt":"2025-08-20T18:43:34","slug":"institucional","status":"publish","type":"page","link":"https:\/\/www.facet.unt.edu.ar\/cyt\/institucional\/","title":{"rendered":"Institucional"},"content":{"rendered":"<div id=\"pl-97\"  class=\"panel-layout\" ><div id=\"pg-97-0\"  class=\"panel-grid panel-no-style\" ><div id=\"pgc-97-0-0\"  class=\"panel-grid-cell\" ><div id=\"panel-97-0-0-0\" class=\"widget_text so-panel widget widget_custom_html panel-first-child\" data-index=\"0\" ><div class=\"textwidget custom-html-widget\"><p class=\"func\">Las Subsecretar\u00eda de Investigaci\u00f3n e Innovaci\u00f3n, tiene como funciones coordinar, promocionar, organizar y asesorar las actividades de investigaci\u00f3n, desarrollo e innovaci\u00f3n cient\u00edfica y tecnol\u00f3gica en el \u00e1mbito de la FACET y su interrelaci\u00f3n con la Secretar\u00eda de Ciencia, Arte e Innovaci\u00f3n Tecnol\u00f3gica de la UNT.<\/p>\n\n<style>\n.func{\n  text-align: center;\n  color: black;\n  font-size: 2rem;\n  font-family: \"Merriweather\", serif;\n  font-weight: 300;\n  font-style: italic;\n\tpadding: 1em;\n\tbackground-color: #00758b1a;\n\tborder-radius: 5px;\n}\n<\/style><\/div><\/div><div id=\"panel-97-0-0-1\" class=\"widget_text so-panel widget widget_custom_html panel-last-child\" data-index=\"1\" ><div class=\"textwidget custom-html-widget\"><h2 style=\"text-decoration: underline 2px;\"><strong>Autoridades<\/strong><\/h2>\n\n<h2>Secretario de Posgrado Investigaci\u00f3n e Innovaci\u00f3n<br>\n<span style=\"Font-size: .8em;\"><strong>Dr. Nicolas Nieva<\/strong><\/span><\/h2>\n\n<h2>Subsecretaria de Investigaci\u00f3n e Innovaci\u00f3n<br>\n<span style=\"Font-size: .8em;\"><strong>Dra. Liliana Abascal<\/strong><\/span><\/h2>\n\n<h3 style=\"text-align: justify;\">Miembros del Consejo Asesor, designados seg\u00fan <a href=\"https:\/\/www.facet.unt.edu.ar\/cyt\/wp-content\/uploads\/sites\/76\/2022\/11\/Res_1327_22-Designacion-miembro-Dpto-Mecanica-CAs-CyT-FACET.pdf\" target=\"_blank\" rel=\"noopener\">Resoluci\u00f3n N\u00b0 1327\/2022<\/a> y <a href=\"https:\/\/www.facet.unt.edu.ar\/cyt\/wp-content\/uploads\/sites\/76\/2022\/11\/Res_1279_22-Designacion-miembros-CAs-CyT-FACET.pdf\" target=\"_blank\" rel=\"noopener\">Resoluci\u00f3n N\u00b0 1279\/2022<\/a>:<\/h3>\n<p><strong>Departamento de Bioingenier\u00eda<\/strong>:<br>\nTitular: Dr. Antonio ORLANDO<br>\nSuplente: Dr. Gabriel Alfredo RU\u00cdZ<\/p>\n\n<p><strong>Departamento Ciencias de Computaci\u00f3n<\/strong>:<br>\nTitular: Dr. Leonardo Miguel ALBARRAC\u00cdN<br>\nSuplente: Dra. Mar\u00eda Graciela MOLINA<\/p>\n\n<p><strong>Departamento de Construcciones y Obras Civiles<\/strong>:<br>\nTitular: Dra. Sonia Mariel VRECH<br>\nSuplente: Dr. Facundo Andr\u00e9s ISLA CALDER\u00d3N<\/p>\n\n<p><strong>Departamento de Electricidad, Electr\u00f3nica y Computaci\u00f3n<\/strong>:<br>\nTitular: Dr. Mariano FAGRE<br>\nSuplente: Ing. Cristian Ariel FIGUEROA<\/p>\n\n<p><strong>Departamento de F\u00edsica<\/strong>:<br>\nTitular: Dra. Mar\u00eda Cecilia ZAPATA<br>\nSuplente: Dr. Gustavo Adolfo MANSILLA<\/p>\n\n<p><strong>Departamento de Geodesia y Topograf\u00eda<\/strong>:<br>\nTitular: Dr. Jos\u00e9 Lu\u00eds VACAFLOR<br>\nSuplente: Dr. Jorge Marcelo DURAND<\/p>\n\n<p><strong>Departamento de Industria Azucarera<\/strong>:<br>\nTitular: Lic. Leticia Alejandra ROMANO NANNI<br>\nSuplente: Ing. Mar\u00eda Eugenia TOSI<\/p>\n\n<p><strong>Departamento de Ingenier\u00eda de Procesos y Gesti\u00f3n Industrial<\/strong>:<br>\nTitular: Dr. Fernando Daniel MELE<br>\nSuplente: Dr. Adolfo Mar\u00eda \u00c1VILA<\/p>\n\n<p><strong>Departamento de Luminotecnia, Luz y Visi\u00f3n<\/strong>:<br>\nTitular: Dr. Jos\u00e9 Fernando BARRAZA<br>\nSuplente: Dr. Eduardo Roberto MANZANO<\/p>\n\n<p><strong>Departamento de Matem\u00e1tica<\/strong>:<br>\nTitular: Mg. Estela F\u00e1tima FERN\u00c1NDEZ<br>\nSuplente: Mg. Mar\u00eda Eugenia ROIG<\/p>\n\n<p><strong>Departamento de Mec\u00e1nica:<\/strong><br>\nTitular: Ing. Lucas Pedro ACOSTA<br>\nSuplente: Ing. Carlos Alejandro VEGA<\/p><\/div><\/div><\/div><\/div><\/div>","protected":false},"excerpt":{"rendered":"<p>Las Subsecretar\u00eda de Investigaci\u00f3n e Innovaci\u00f3n, tiene como funciones coordinar, promocionar, organizar y asesorar las actividades de investigaci\u00f3n, desarrollo e innovaci\u00f3n cient\u00edfica y tecnol\u00f3gica en el \u00e1mbito de la FACET y su interrelaci\u00f3n con la Secretar\u00eda de Ciencia, Arte e Innovaci\u00f3n Tecnol\u00f3gica de la UNT. Autoridades Secretario de Posgrado Investigaci\u00f3n e Innovaci\u00f3n Dr. Nicolas Nieva [&hellip;]<\/p>\n","protected":false},"author":6,"featured_media":0,"parent":0,"menu_order":0,"comment_status":"closed","ping_status":"closed","template":"","meta":{"_EventAllDay":false,"_EventTimezone":"","_EventStartDate":"","_EventEndDate":"","_EventStartDateUTC":"","_EventEndDateUTC":"","_EventShowMap":false,"_EventShowMapLink":false,"_EventURL":"","_EventCost":"","_EventCostDescription":"","_EventCurrencySymbol":"","_EventCurrencyCode":"","_EventCurrencyPosition":"","_EventDateTimeSeparator":"","_EventTimeRangeSeparator":"","_EventOrganizerID":[],"_EventVenueID":0,"_OrganizerEmail":"","_OrganizerPhone":"","_OrganizerWebsite":"","_VenueAddress":"","_VenueCity":"","_VenueCountry":"","_VenueProvince":"","_VenueZip":"","_VenuePhone":"","_VenueURL":"","_VenueStateProvince":"","_VenueLat":"","_VenueLng":""},"_links":{"self":[{"href":"https:\/\/www.facet.unt.edu.ar\/cyt\/wp-json\/wp\/v2\/pages\/97"}],"collection":[{"href":"https:\/\/www.facet.unt.edu.ar\/cyt\/wp-json\/wp\/v2\/pages"}],"about":[{"href":"https:\/\/www.facet.unt.edu.ar\/cyt\/wp-json\/wp\/v2\/types\/page"}],"author":[{"embeddable":true,"href":"https:\/\/www.facet.unt.edu.ar\/cyt\/wp-json\/wp\/v2\/users\/6"}],"replies":[{"embeddable":true,"href":"https:\/\/www.facet.unt.edu.ar\/cyt\/wp-json\/wp\/v2\/comments?post=97"}],"version-history":[{"count":14,"href":"https:\/\/www.facet.unt.edu.ar\/cyt\/wp-json\/wp\/v2\/pages\/97\/revisions"}],"predecessor-version":[{"id":2027,"href":"https:\/\/www.facet.unt.edu.ar\/cyt\/wp-json\/wp\/v2\/pages\/97\/revisions\/2027"}],"wp:attachment":[{"href":"https:\/\/www.facet.unt.edu.ar\/cyt\/wp-json\/wp\/v2\/media?parent=97"}],"curies":[{"name":"wp","href":"https:\/\/api.w.org\/{rel}","templated":true}]}}