{"id":126,"date":"2015-02-11T14:13:45","date_gmt":"2015-02-11T17:13:45","guid":{"rendered":"https:\/\/www.facet.unt.edu.ar\/dcyoc\/?page_id=126"},"modified":"2016-05-13T00:54:56","modified_gmt":"2016-05-13T03:54:56","slug":"laboratorios","status":"publish","type":"page","link":"https:\/\/www.facet.unt.edu.ar\/dcyoc\/laboratorios\/","title":{"rendered":"Laboratorios"},"content":{"rendered":"<h3><a href=\"https:\/\/www.facet.unt.edu.ar\/lch\/\" target=\"_blank\">Laboratorio de Construcciones Hidr\u00e1ulicas<\/a><\/h3>\n<p><strong>Director<\/strong>: <a title=\"D\u00cdAZ Leandro\" href=\"https:\/\/www.facet.unt.edu.ar\/dcyoc\/docentes\/diaz-leandro\/\">DIAZ, Leandro Ra\u00fal<\/a><br \/>\n<a href=\"mailto:ldiaz@herrera.unt.edu.ar\">ldiaz@herrera.unt.edu.ar<\/a><\/p>\n<p>&nbsp;<\/p>\n<h3><a href=\"https:\/\/www.facet.unt.edu.ar\/lem\" target=\"_blank\">Laboratorio de Ensayo de Materiales<\/a><\/h3>\n<p><strong>Director<\/strong>: <a href=\"https:\/\/www.facet.unt.edu.ar\/lem\/integrantes\/palazzi-silvia\/\" target=\"_blank\">PALAZZI, Silvia Beatriz<\/a><br \/>\n<a href=\"mailto:spalazzi@herrera.unt.edu.ar\" target=\"_blank\">spalazzi@herrera.unt.edu.ar<\/a><\/p>\n<p>&nbsp;<\/p>\n<h3><a href=\"https:\/\/www.facet.unt.edu.ar\/lms\" target=\"_blank\">Laboratorio de Mec\u00e1nica de los Suelos<\/a><\/h3>\n<p><strong>Director<\/strong>: <a title=\"PAGANI Sergio\" href=\"https:\/\/www.facet.unt.edu.ar\/lms\/integrantes\/pagani-sergio\/\" target=\"_blank\">PAGANI, Sergio Jos\u00e9<\/a><br \/>\n<a href=\"mailto:spagani@herrera.unt.edu.ar\" target=\"_blank\">spagani@herrera.unt.edu.ar<\/a><\/p>\n<p>&nbsp;<\/p>\n<h3><a href=\"https:\/\/www.facet.unt.edu.ar\/lvc\/\" target=\"_blank\">Laboratorio de V\u00edas de Comunicaci\u00f3n<\/a><\/h3>\n<p><strong>Director<\/strong>: <a title=\"GUZM\u00c1N Juan Carlos\" href=\"https:\/\/www.facet.unt.edu.ar\/dcyoc\/docentes\/guzman-juan-carlos\/\">GUZM\u00c1N, Juan Carlos<\/a><br \/>\n<a href=\"mailto:jcguzman@uolsinectis.com.ar\">jcguzman@uolsinectis.com.ar<\/a><\/p>\n<p>&nbsp;<\/p>\n<h3><a href=\"https:\/\/www.facet.unt.edu.ar\/iest\" target=\"_blank\">Instituto de Estructuras<\/a><\/h3>\n<p><strong>Director<\/strong>: <a title=\"Mg. Ing. Guti\u00e9rrez Sergio E.\" href=\"https:\/\/www.facet.unt.edu.ar\/iest\/integrantes\/gutierrez-sergio-e\/\">GUTI\u00c9RREZ Sergio Eduardo<\/a><strong><br \/>\n<\/strong><a href=\"mailto:sgutierrez@herrera.unt.edu.ar\">sgutierrez@herrera.unt.edu.ar<\/a><\/p>\n","protected":false},"excerpt":{"rendered":"<p>Laboratorio de Construcciones Hidr\u00e1ulicas Director: DIAZ, Leandro Ra\u00fal ldiaz@herrera.unt.edu.ar &nbsp; Laboratorio de Ensayo de Materiales Director: PALAZZI, Silvia Beatriz spalazzi@herrera.unt.edu.ar &nbsp; Laboratorio de Mec\u00e1nica de los Suelos Director: PAGANI, Sergio Jos\u00e9 spagani@herrera.unt.edu.ar &nbsp; Laboratorio de V\u00edas de Comunicaci\u00f3n Director: GUZM\u00c1N, Juan Carlos jcguzman@uolsinectis.com.ar &nbsp; Instituto de Estructuras Director: GUTI\u00c9RREZ Sergio Eduardo sgutierrez@herrera.unt.edu.ar<\/p>\n","protected":false},"author":20,"featured_media":0,"parent":0,"menu_order":2,"comment_status":"closed","ping_status":"closed","template":"templates\/template-full-notitle.php","meta":[],"_links":{"self":[{"href":"https:\/\/www.facet.unt.edu.ar\/dcyoc\/wp-json\/wp\/v2\/pages\/126"}],"collection":[{"href":"https:\/\/www.facet.unt.edu.ar\/dcyoc\/wp-json\/wp\/v2\/pages"}],"about":[{"href":"https:\/\/www.facet.unt.edu.ar\/dcyoc\/wp-json\/wp\/v2\/types\/page"}],"author":[{"embeddable":true,"href":"https:\/\/www.facet.unt.edu.ar\/dcyoc\/wp-json\/wp\/v2\/users\/20"}],"replies":[{"embeddable":true,"href":"https:\/\/www.facet.unt.edu.ar\/dcyoc\/wp-json\/wp\/v2\/comments?post=126"}],"version-history":[{"count":12,"href":"https:\/\/www.facet.unt.edu.ar\/dcyoc\/wp-json\/wp\/v2\/pages\/126\/revisions"}],"predecessor-version":[{"id":853,"href":"https:\/\/www.facet.unt.edu.ar\/dcyoc\/wp-json\/wp\/v2\/pages\/126\/revisions\/853"}],"wp:attachment":[{"href":"https:\/\/www.facet.unt.edu.ar\/dcyoc\/wp-json\/wp\/v2\/media?parent=126"}],"curies":[{"name":"wp","href":"https:\/\/api.w.org\/{rel}","templated":true}]}}