{"id":184,"date":"2015-03-10T16:17:46","date_gmt":"2015-03-10T19:17:46","guid":{"rendered":"https:\/\/www.facet.unt.edu.ar\/dcyoc\/?page_id=184"},"modified":"2015-03-14T15:55:16","modified_gmt":"2015-03-14T18:55:16","slug":"arevalo-ricardo-atilio","status":"publish","type":"page","link":"https:\/\/www.facet.unt.edu.ar\/dcyoc\/docentes\/arevalo-ricardo-atilio\/","title":{"rendered":"AR\u00c9VALO Ricardo Atilio"},"content":{"rendered":"<h2>Ing. AR\u00c9VALO Ricardo Atilio<\/h2>\n<div>\n<table style=\"width: 750px;border-color: #ffffff\">\n<tbody>\n<tr>\n<td style=\"width: 350px;height: 300px;text-align: center;vertical-align: middle;background-color: #ffffff\">\u00a0<img decoding=\"async\" loading=\"lazy\" class=\" wp-image-511 alignnone\" src=\"https:\/\/www.facet.unt.edu.ar\/dcyoc\/wp-content\/uploads\/sites\/23\/2015\/03\/foto_cv_1-300x300.jpg\" alt=\"foto_cv_1\" width=\"300\" height=\"300\" srcset=\"https:\/\/www.facet.unt.edu.ar\/dcyoc\/wp-content\/uploads\/sites\/23\/2015\/03\/foto_cv_1-300x300.jpg 300w, https:\/\/www.facet.unt.edu.ar\/dcyoc\/wp-content\/uploads\/sites\/23\/2015\/03\/foto_cv_1-150x150.jpg 150w, https:\/\/www.facet.unt.edu.ar\/dcyoc\/wp-content\/uploads\/sites\/23\/2015\/03\/foto_cv_1.jpg 400w\" sizes=\"(max-width: 300px) 100vw, 300px\" \/><\/td>\n<td style=\"width: 400px;height: 300px;border-color: #ffffff;vertical-align: top;text-align: left\">\n<p style=\"padding-left: 30px\"><span style=\"font-family: 'times new roman', times;font-size: 12pt\">Dpto. de Construcciones y Obras Civiles<br \/>\n<\/span><\/p>\n<p style=\"padding-left: 30px\"><span style=\"font-family: 'times new roman', times;font-size: 12pt\"><a href=\"https:\/\/www.facet.unt.edu.ar\/\" target=\"_blank\">Facultad de Ciencias Exactas y Tecnolog\u00eda<\/a><\/span><\/p>\n<p style=\"padding-left: 30px\"><span style=\"font-family: 'times new roman', times;font-size: 12pt\"><a href=\"http:\/\/www.unt.edu.ar\/\" target=\"_blank\">Universidad Nacional de Tucum\u00e1n<\/a><\/span><\/p>\n<p style=\"padding-left: 30px\"><span style=\"font-family: 'times new roman', times;font-size: 12pt\">Av. Independencia 1800 \u2013 CP 4000<\/span><\/p>\n<p style=\"padding-left: 30px\"><span style=\"font-family: 'times new roman', times;font-size: 12pt\">San Miguel de Tucum\u00e1n, Tucum\u00e1n, Argentina<\/span><\/p>\n<p style=\"padding-left: 30px\"><span style=\"font-family: 'times new roman', times;font-size: 12pt\">Tel. Lab.: +54 (0) 381 4364093 Int. 7773<br \/>\n<\/span><\/p>\n<p style=\"padding-left: 30px\"><span style=\"font-family: times new roman,times;font-size: 12pt\">Tel.\/Cel:\u00a0 0381 4365503 \/ 0381 154193059<\/span><\/p>\n<p style=\"padding-left: 30px\"><span style=\"font-family: 'times new roman', times;font-size: 12pt\">e-mail: rarevalo@herrera.unt.edu.ar<br \/>\n<\/span><\/p>\n<\/td>\n<\/tr>\n<\/tbody>\n<\/table>\n<\/div>\n<h4>T\u00edtulo<\/h4>\n<ul>\n<li>Ingeniero Civil<\/li>\n<\/ul>\n<h4>Especialidad<\/h4>\n<ul>\n<li>Ingenier\u00eda Sanitaria \u2013 Ingenier\u00eda Hidr\u00e1ulica<\/li>\n<\/ul>\n<h4>Docencia<\/h4>\n<ul>\n<li>Profesor Asociado Semidedicaci\u00f3n en Instalaciones Complementarias para Edificios.<\/li>\n<li>Profesor Adjunto Semidedicaci\u00f3n en Hidr\u00e1ulica Aplicada II.<\/li>\n<\/ul>\n<h4>Gesti\u00f3n<\/h4>\n<ul>\n<li>Jefe de Departamento de Construcciones y Obras Civiles.<\/li>\n<li>Representante del Colegio de Ingenieros Civiles de Tucum\u00e1n, ante la Comisi\u00f3n de Vinculaci\u00f3n con los Egresados de la FACET.<\/li>\n<\/ul>\n<p>&nbsp;<\/p>\n","protected":false},"excerpt":{"rendered":"<p>Ing. AR\u00c9VALO Ricardo Atilio \u00a0 Dpto. de Construcciones y Obras Civiles Facultad de Ciencias Exactas y Tecnolog\u00eda Universidad Nacional de Tucum\u00e1n Av. Independencia 1800 \u2013 CP 4000 San Miguel de Tucum\u00e1n, Tucum\u00e1n, Argentina Tel. Lab.: +54 (0) 381 4364093 Int. 7773 Tel.\/Cel:\u00a0 0381 4365503 \/ 0381 154193059 e-mail: rarevalo@herrera.unt.edu.ar T\u00edtulo Ingeniero Civil Especialidad Ingenier\u00eda Sanitaria [&hellip;]<\/p>\n","protected":false},"author":20,"featured_media":0,"parent":182,"menu_order":6,"comment_status":"closed","ping_status":"closed","template":"templates\/template-full-notitle.php","meta":[],"_links":{"self":[{"href":"https:\/\/www.facet.unt.edu.ar\/dcyoc\/wp-json\/wp\/v2\/pages\/184"}],"collection":[{"href":"https:\/\/www.facet.unt.edu.ar\/dcyoc\/wp-json\/wp\/v2\/pages"}],"about":[{"href":"https:\/\/www.facet.unt.edu.ar\/dcyoc\/wp-json\/wp\/v2\/types\/page"}],"author":[{"embeddable":true,"href":"https:\/\/www.facet.unt.edu.ar\/dcyoc\/wp-json\/wp\/v2\/users\/20"}],"replies":[{"embeddable":true,"href":"https:\/\/www.facet.unt.edu.ar\/dcyoc\/wp-json\/wp\/v2\/comments?post=184"}],"version-history":[{"count":14,"href":"https:\/\/www.facet.unt.edu.ar\/dcyoc\/wp-json\/wp\/v2\/pages\/184\/revisions"}],"predecessor-version":[{"id":514,"href":"https:\/\/www.facet.unt.edu.ar\/dcyoc\/wp-json\/wp\/v2\/pages\/184\/revisions\/514"}],"up":[{"embeddable":true,"href":"https:\/\/www.facet.unt.edu.ar\/dcyoc\/wp-json\/wp\/v2\/pages\/182"}],"wp:attachment":[{"href":"https:\/\/www.facet.unt.edu.ar\/dcyoc\/wp-json\/wp\/v2\/media?parent=184"}],"curies":[{"name":"wp","href":"https:\/\/api.w.org\/{rel}","templated":true}]}}