{"id":186,"date":"2015-03-10T16:20:42","date_gmt":"2015-03-10T19:20:42","guid":{"rendered":"https:\/\/www.facet.unt.edu.ar\/dcyoc\/?page_id=186"},"modified":"2015-03-14T15:55:44","modified_gmt":"2015-03-14T18:55:44","slug":"katz-monica-cecilia","status":"publish","type":"page","link":"https:\/\/www.facet.unt.edu.ar\/dcyoc\/docentes\/katz-monica-cecilia\/","title":{"rendered":"KATZ M\u00f3nica Cecilia"},"content":{"rendered":"<h2>Ing. KATZ M\u00f3nica Cecilia<\/h2>\n<div>\n<table style=\"width: 750px;border-color: #ffffff\">\n<tbody>\n<tr>\n<td style=\"width: 350px;height: 300px;text-align: center;vertical-align: middle;background-color: #ffffff\"><img decoding=\"async\" loading=\"lazy\" class=\" wp-image-512 alignnone\" src=\"https:\/\/www.facet.unt.edu.ar\/dcyoc\/wp-content\/uploads\/sites\/23\/2015\/03\/foto_cv_2-300x300.jpg\" alt=\"foto_cv_2\" width=\"300\" height=\"300\" srcset=\"https:\/\/www.facet.unt.edu.ar\/dcyoc\/wp-content\/uploads\/sites\/23\/2015\/03\/foto_cv_2-300x300.jpg 300w, https:\/\/www.facet.unt.edu.ar\/dcyoc\/wp-content\/uploads\/sites\/23\/2015\/03\/foto_cv_2-150x150.jpg 150w, https:\/\/www.facet.unt.edu.ar\/dcyoc\/wp-content\/uploads\/sites\/23\/2015\/03\/foto_cv_2.jpg 400w\" sizes=\"(max-width: 300px) 100vw, 300px\" \/><\/td>\n<td style=\"width: 400px;height: 300px;border-color: #ffffff;vertical-align: top;text-align: left\">\n<p style=\"padding-left: 30px\"><span style=\"font-family: 'times new roman', times;font-size: 12pt\">Dpto. de Construcciones y Obras Civiles<br \/>\n<\/span><\/p>\n<p style=\"padding-left: 30px\"><span style=\"font-family: 'times new roman', times;font-size: 12pt\"><a href=\"https:\/\/www.facet.unt.edu.ar\/\" target=\"_blank\">Facultad de Ciencias Exactas y Tecnolog\u00eda<\/a><\/span><\/p>\n<p style=\"padding-left: 30px\"><span style=\"font-family: 'times new roman', times;font-size: 12pt\"><a href=\"http:\/\/www.unt.edu.ar\/\" target=\"_blank\">Universidad Nacional de Tucum\u00e1n<\/a><\/span><\/p>\n<p style=\"padding-left: 30px\"><span style=\"font-family: 'times new roman', times;font-size: 12pt\">Av. Independencia 1800 \u2013 CP 4000<\/span><\/p>\n<p style=\"padding-left: 30px\"><span style=\"font-family: 'times new roman', times;font-size: 12pt\">San Miguel de Tucum\u00e1n, Tucum\u00e1n, Argentina<\/span><\/p>\n<p style=\"padding-left: 30px\"><span style=\"font-family: 'times new roman', times;font-size: 12pt\">Tel. Lab: +54 (0) 381 4364093 Int. 7823<br \/>\n<\/span><\/p>\n<p style=\"padding-left: 30px\"><span style=\"font-family: times new roman,times;font-size: 12pt\">Cel. 0381 154178260<\/span><\/p>\n<p style=\"padding-left: 30px\"><span style=\"font-family: 'times new roman', times;font-size: 12pt\">e-mail: <span class=\"gI\"><span class=\"go\">katz.monica@gmail.com<\/span><\/span><br \/>\n<\/span><\/p>\n<\/td>\n<\/tr>\n<\/tbody>\n<\/table>\n<\/div>\n<p>&nbsp;<\/p>\n<h4>T\u00edtulos<\/h4>\n<ul>\n<li>Ingeniero Civil<\/li>\n<\/ul>\n<h4>Especialidad<\/h4>\n<ul>\n<li>V\u00edas de Comunicaci\u00f3n<\/li>\n<\/ul>\n<h4>Docencia<\/h4>\n<ul>\n<li>Profesora Titular con Semidedicaci\u00f3n en V\u00edas de Comunicaci\u00f3n I (Plan 1996) \u2013 Dise\u00f1o Geom\u00e9trico Vial (Plan 2005).<\/li>\n<li>Profesora Asociada con Dedicaci\u00f3n Simple en V\u00edas de Comunicaci\u00f3n II (Plan 1996) \u2013 Obras B\u00e1sicas Viales (Plan 2005).<\/li>\n<\/ul>\n<h4>Gesti\u00f3n<\/h4>\n<ul>\n<li>Directora de Carrera de Ingenieria Civil.<\/li>\n<li>Directora interina Laboratorio de V\u00edas de Comunicaci\u00f3n, Tr\u00e1nsito y Transporte \u2013 Dpto Construcciones y Obras Civiles\u2013 Fac. Ciencias Exactas y Tecnolog\u00eda \u2013 UNT, desde 2005 y continuo funciones.<\/li>\n<li>Directora del Departamento de Ingenier\u00eda Civil en la Facultad Regional Tucum\u00e1n \u2013 UTN, periodo 2003-2007.<\/li>\n<\/ul>\n","protected":false},"excerpt":{"rendered":"<p>Ing. KATZ M\u00f3nica Cecilia Dpto. de Construcciones y Obras Civiles Facultad de Ciencias Exactas y Tecnolog\u00eda Universidad Nacional de Tucum\u00e1n Av. Independencia 1800 \u2013 CP 4000 San Miguel de Tucum\u00e1n, Tucum\u00e1n, Argentina Tel. Lab: +54 (0) 381 4364093 Int. 7823 Cel. 0381 154178260 e-mail: katz.monica@gmail.com &nbsp; T\u00edtulos Ingeniero Civil Especialidad V\u00edas de Comunicaci\u00f3n Docencia Profesora [&hellip;]<\/p>\n","protected":false},"author":20,"featured_media":0,"parent":182,"menu_order":50,"comment_status":"closed","ping_status":"closed","template":"templates\/template-full-notitle.php","meta":[],"_links":{"self":[{"href":"https:\/\/www.facet.unt.edu.ar\/dcyoc\/wp-json\/wp\/v2\/pages\/186"}],"collection":[{"href":"https:\/\/www.facet.unt.edu.ar\/dcyoc\/wp-json\/wp\/v2\/pages"}],"about":[{"href":"https:\/\/www.facet.unt.edu.ar\/dcyoc\/wp-json\/wp\/v2\/types\/page"}],"author":[{"embeddable":true,"href":"https:\/\/www.facet.unt.edu.ar\/dcyoc\/wp-json\/wp\/v2\/users\/20"}],"replies":[{"embeddable":true,"href":"https:\/\/www.facet.unt.edu.ar\/dcyoc\/wp-json\/wp\/v2\/comments?post=186"}],"version-history":[{"count":18,"href":"https:\/\/www.facet.unt.edu.ar\/dcyoc\/wp-json\/wp\/v2\/pages\/186\/revisions"}],"predecessor-version":[{"id":516,"href":"https:\/\/www.facet.unt.edu.ar\/dcyoc\/wp-json\/wp\/v2\/pages\/186\/revisions\/516"}],"up":[{"embeddable":true,"href":"https:\/\/www.facet.unt.edu.ar\/dcyoc\/wp-json\/wp\/v2\/pages\/182"}],"wp:attachment":[{"href":"https:\/\/www.facet.unt.edu.ar\/dcyoc\/wp-json\/wp\/v2\/media?parent=186"}],"curies":[{"name":"wp","href":"https:\/\/api.w.org\/{rel}","templated":true}]}}