{"id":207,"date":"2015-03-10T17:50:34","date_gmt":"2015-03-10T20:50:34","guid":{"rendered":"https:\/\/www.facet.unt.edu.ar\/dcyoc\/?page_id=207"},"modified":"2015-03-14T15:54:29","modified_gmt":"2015-03-14T18:54:29","slug":"paz-hugo-roger","status":"publish","type":"page","link":"https:\/\/www.facet.unt.edu.ar\/dcyoc\/docentes\/paz-hugo-roger\/","title":{"rendered":"PAZ Hugo Roger"},"content":{"rendered":"<h2>Mg. Ing. PAZ Hugo Roger<\/h2>\n<div>\n<table style=\"width: 750px;border-color: #ffffff\">\n<tbody>\n<tr>\n<td style=\"width: 350px;height: 300px;text-align: center;vertical-align: middle;background-color: #ffffff\"><img decoding=\"async\" loading=\"lazy\" class=\" wp-image-511 alignnone\" src=\"https:\/\/www.facet.unt.edu.ar\/dcyoc\/wp-content\/uploads\/sites\/23\/2015\/03\/foto_cv_1-300x300.jpg\" alt=\"foto_cv_1\" width=\"300\" height=\"300\" srcset=\"https:\/\/www.facet.unt.edu.ar\/dcyoc\/wp-content\/uploads\/sites\/23\/2015\/03\/foto_cv_1-300x300.jpg 300w, https:\/\/www.facet.unt.edu.ar\/dcyoc\/wp-content\/uploads\/sites\/23\/2015\/03\/foto_cv_1-150x150.jpg 150w, https:\/\/www.facet.unt.edu.ar\/dcyoc\/wp-content\/uploads\/sites\/23\/2015\/03\/foto_cv_1.jpg 400w\" sizes=\"(max-width: 300px) 100vw, 300px\" \/><\/td>\n<td style=\"width: 400px;height: 300px;border-color: #ffffff;vertical-align: top;text-align: left\">\n<p style=\"padding-left: 30px\"><span style=\"font-family: 'times new roman', times;font-size: 12pt\">Laboratorio de Construcciones Hidr\u00e1ulicas<\/span><\/p>\n<p style=\"padding-left: 30px\"><span style=\"font-family: 'times new roman', times;font-size: 12pt\">Dpto. de Construcciones y Obras Civiles <\/span><\/p>\n<p style=\"padding-left: 30px\"><span style=\"font-family: 'times new roman', times;font-size: 12pt\"><a href=\"https:\/\/www.facet.unt.edu.ar\/\" target=\"_blank\">Facultad de Ciencias Exactas y Tecnolog\u00eda<\/a><\/span><\/p>\n<p style=\"padding-left: 30px\"><span style=\"font-family: 'times new roman', times;font-size: 12pt\"><a href=\"http:\/\/www.unt.edu.ar\/\" target=\"_blank\">Universidad Nacional de Tucum\u00e1n<\/a><\/span><\/p>\n<p style=\"padding-left: 30px\"><span style=\"font-family: 'times new roman', times;font-size: 12pt\">Av. Independencia 1800 \u2013 CP 4000<\/span><\/p>\n<p style=\"padding-left: 30px\"><span style=\"font-family: 'times new roman', times;font-size: 12pt\">San Miguel de Tucum\u00e1n, Tucum\u00e1n, Argentina<\/span><\/p>\n<p style=\"padding-left: 30px\"><span style=\"font-family: 'times new roman', times;font-size: 12pt\">Tel. Lab.: +54 (0) 381 4364093 <\/span><\/p>\n<p style=\"padding-left: 30px\"><span style=\"font-family: times new roman,times;font-size: 12pt\">Cel: 0381 155000182<\/span><\/p>\n<p style=\"padding-left: 30px\"><span style=\"font-family: 'times new roman', times;font-size: 12pt\">e-mail: hpaz@herrera.unt.edu.ar <\/span><\/p>\n<\/td>\n<\/tr>\n<\/tbody>\n<\/table>\n<\/div>\n<h4><strong>T\u00edtulos<\/strong><\/h4>\n<ul>\n<li>Ingeniero Civil (Orientaci\u00f3n Hidr\u00e1ulica), FACET-UNT, 1990.<\/li>\n<li>Mag\u00edster en Ingenier\u00eda Hidr\u00e1ulica, Universidad de Cantabria, Espa\u00f1a, 1993.<\/li>\n<\/ul>\n<p><strong>Especialidad<\/strong><\/p>\n<ul>\n<li>Experiencia en modelaci\u00f3n f\u00edsica y num\u00e9rica hidr\u00e1ulica, hidrolog\u00eda, transporte de sedimentos.<\/li>\n<li>Proyectista y calculista especializado en hidr\u00e1ulica, con m\u00e1s de 20 a\u00f1os de experiencia adquirida en la actividad de consultor\u00eda para organismos p\u00fablicos y empresas privadas.<\/li>\n<\/ul>\n<h4>Docencia<\/h4>\n<ul>\n<li>Profesor Asociado con Dedicaci\u00f3n Exclusiva en Hidr\u00e1ulica B\u00e1sica.<\/li>\n<\/ul>\n<h4>Docencia en Posgrado<\/h4>\n<ul>\n<li>Dictado de curso &#8220;Mec\u00e1nica del Transporte de Sedimentos&#8221;, FACET &#8211; UNT. Noviembre de 2000.<\/li>\n<\/ul>\n<h4><span style=\"font-family: verdana,geneva\"><strong>Investigaci\u00f3n<\/strong><\/span><\/h4>\n<ul>\n<li>Numerosos trabajos de investigaci\u00f3n en Modelaci\u00f3n f\u00edsica hidr\u00e1ulica e hidrolog\u00eda.<\/li>\n<li>Actualmente Director del proyecto CIUNT: &#8220;Distribuci\u00f3n Espacial de Valores Puntuales de Precipitaci\u00f3n M\u00e1xima Diaria en la Provincia de Tucum\u00e1n&#8221;.<\/li>\n<\/ul>\n<h4 align=\"justify\">Publicaciones en Libros<\/h4>\n<ul>\n<li>Paz, Hugo Roger; Aguirre, Hector David Aguirre. &#8220;Sistema De Derivaci\u00f3n De Caudales De R\u00edo Chirimayo A R\u00edo Gastona&#8221;. ISBN 978-3-659-00903-7. Editorial Acad\u00e9mica Espa\u00f1ola. . Lap Lambert Academic Publishing Gmb &amp; Co KG. Heinrich-B\u00f6king-Str 6-8, 66121, Saarbr\u00fccken, Alemania. Junio 2012<\/li>\n<li>Paz, Hugo Roger; Daziano, Alejandra. &#8220;Dispositivos de Control de Fondo en Cauces de Fuerte Pendinte&#8221;. ISBN 978-3-659-02211-1. Editorial Acad\u00e9mica Espa\u00f1ola. Lap Lambert Academic Publishing Gmb &amp; Co KG. Heinrich-B\u00f6king-Str 6-8, 66121, Saarbr\u00fccken, Alemania. Julio 2012.<\/li>\n<li>Paz, Hugo Roger; Bazzano, Flavia. &#8220;Din\u00e1mica de Tormentas Extremas en San Miguel de Tucum\u00e1n&#8221;. ISBN 978-3-8465-7891-9. Editorial Acad\u00e9mica Espa\u00f1ola. Lap Lambert Academic Publishing Gmb &amp; Co KG. Heinrich-B\u00f6king-Str 6-8, 66121, Saarbr\u00fccken, Alemania. Agosto 2012.<\/li>\n<\/ul>\n<h4><strong>Publicaciones en Congresos<\/strong><\/h4>\n<ul>\n<li>M\u00e1s de 20 publicaciones en congresos de la especialidad.<\/li>\n<\/ul>\n","protected":false},"excerpt":{"rendered":"<p>Mg. Ing. PAZ Hugo Roger Laboratorio de Construcciones Hidr\u00e1ulicas Dpto. de Construcciones y Obras Civiles Facultad de Ciencias Exactas y Tecnolog\u00eda Universidad Nacional de Tucum\u00e1n Av. Independencia 1800 \u2013 CP 4000 San Miguel de Tucum\u00e1n, Tucum\u00e1n, Argentina Tel. Lab.: +54 (0) 381 4364093 Cel: 0381 155000182 e-mail: hpaz@herrera.unt.edu.ar T\u00edtulos Ingeniero Civil (Orientaci\u00f3n Hidr\u00e1ulica), FACET-UNT, 1990. [&hellip;]<\/p>\n","protected":false},"author":20,"featured_media":0,"parent":182,"menu_order":83,"comment_status":"closed","ping_status":"closed","template":"templates\/template-full-notitle.php","meta":[],"_links":{"self":[{"href":"https:\/\/www.facet.unt.edu.ar\/dcyoc\/wp-json\/wp\/v2\/pages\/207"}],"collection":[{"href":"https:\/\/www.facet.unt.edu.ar\/dcyoc\/wp-json\/wp\/v2\/pages"}],"about":[{"href":"https:\/\/www.facet.unt.edu.ar\/dcyoc\/wp-json\/wp\/v2\/types\/page"}],"author":[{"embeddable":true,"href":"https:\/\/www.facet.unt.edu.ar\/dcyoc\/wp-json\/wp\/v2\/users\/20"}],"replies":[{"embeddable":true,"href":"https:\/\/www.facet.unt.edu.ar\/dcyoc\/wp-json\/wp\/v2\/comments?post=207"}],"version-history":[{"count":7,"href":"https:\/\/www.facet.unt.edu.ar\/dcyoc\/wp-json\/wp\/v2\/pages\/207\/revisions"}],"predecessor-version":[{"id":517,"href":"https:\/\/www.facet.unt.edu.ar\/dcyoc\/wp-json\/wp\/v2\/pages\/207\/revisions\/517"}],"up":[{"embeddable":true,"href":"https:\/\/www.facet.unt.edu.ar\/dcyoc\/wp-json\/wp\/v2\/pages\/182"}],"wp:attachment":[{"href":"https:\/\/www.facet.unt.edu.ar\/dcyoc\/wp-json\/wp\/v2\/media?parent=207"}],"curies":[{"name":"wp","href":"https:\/\/api.w.org\/{rel}","templated":true}]}}