{"id":229,"date":"2015-03-10T23:03:24","date_gmt":"2015-03-11T02:03:24","guid":{"rendered":"https:\/\/www.facet.unt.edu.ar\/dcyoc\/?page_id=229"},"modified":"2015-04-10T15:55:07","modified_gmt":"2015-04-10T18:55:07","slug":"publicaciones","status":"publish","type":"page","link":"https:\/\/www.facet.unt.edu.ar\/dcyoc\/investigacion\/publicaciones\/","title":{"rendered":"Publicaciones"},"content":{"rendered":"<table>\n<tbody>\n<tr>\n<td style=\"width: 1080px;height: 50px;vertical-align: middle;background-color: #343538\">\n<h2><span style=\"color: #ffffff\">\u00a0 TECNOLOGIA DE MATERIALES<br \/>\n<\/span><\/h2>\n<\/td>\n<\/tr>\n<\/tbody>\n<\/table>\n<p>&nbsp;<\/p>\n<p>&nbsp;<\/p>\n<table>\n<tbody>\n<tr>\n<td style=\"width: 1080px;height: 50px;vertical-align: middle;background-color: #343538\">\n<h2><span style=\"color: #ffffff\">\u00a0 HIDRAULICA<\/span><\/h2>\n<\/td>\n<\/tr>\n<\/tbody>\n<\/table>\n<table style=\"width: 1080px;height: 135px\">\n<tbody>\n<tr>\n<td style=\"border-color: #ffffff;width: 1080px;height: 30px;text-align: center;vertical-align: middle\" colspan=\"6\">\n<h4 style=\"text-align: left\">IV Taller sobre regionalizaci\u00f3n de precipitaciones m\u00e1ximas. 2014<\/h4>\n<\/td>\n<\/tr>\n<tr>\n<td style=\"border-color: #ffffff;width: 120px;height: 80px;text-align: center;vertical-align: bottom\"><a href=\"https:\/\/www.facet.unt.edu.ar\/dcyoc\/wp-content\/uploads\/sites\/23\/2015\/04\/Indice.-IV-Taller-sobre-Regionalizaci\u00f3n-de-Precipitaciones-M\u00e1ximas-2014.pdf\" target=\"_blank\"><img decoding=\"async\" loading=\"lazy\" class=\"alignnone wp-image-806\" src=\"https:\/\/www.facet.unt.edu.ar\/dcyoc\/wp-content\/uploads\/sites\/23\/2015\/04\/pdf-150x150.jpg\" alt=\"pdf\" width=\"80\" height=\"80\" srcset=\"https:\/\/www.facet.unt.edu.ar\/dcyoc\/wp-content\/uploads\/sites\/23\/2015\/04\/pdf-150x150.jpg 150w, https:\/\/www.facet.unt.edu.ar\/dcyoc\/wp-content\/uploads\/sites\/23\/2015\/04\/pdf.jpg 204w\" sizes=\"(max-width: 80px) 100vw, 80px\" \/><\/a><\/td>\n<td style=\"border-color: #ffffff;width: 120px;height: 80px;text-align: center;vertical-align: bottom\"><a href=\"https:\/\/www.facet.unt.edu.ar\/dcyoc\/wp-content\/uploads\/sites\/23\/2015\/04\/Pag.001-068.-IV-Taller-sobre-Regionalizaci\u00f3n-de-Precipitaciones-M\u00e1ximas-2014.pdf\" target=\"_blank\"><img decoding=\"async\" loading=\"lazy\" class=\"alignnone wp-image-806\" src=\"https:\/\/www.facet.unt.edu.ar\/dcyoc\/wp-content\/uploads\/sites\/23\/2015\/04\/pdf-150x150.jpg\" alt=\"pdf\" width=\"80\" height=\"80\" srcset=\"https:\/\/www.facet.unt.edu.ar\/dcyoc\/wp-content\/uploads\/sites\/23\/2015\/04\/pdf-150x150.jpg 150w, https:\/\/www.facet.unt.edu.ar\/dcyoc\/wp-content\/uploads\/sites\/23\/2015\/04\/pdf.jpg 204w\" sizes=\"(max-width: 80px) 100vw, 80px\" \/><\/a><\/td>\n<td style=\"border-color: #ffffff;width: 120px;height: 80px;text-align: center;vertical-align: bottom\"><a href=\"https:\/\/www.facet.unt.edu.ar\/dcyoc\/wp-content\/uploads\/sites\/23\/2015\/04\/Pag.069-132.-IV-Taller-sobre-Regionalizaci\u00f3n-de-Precipitaciones-M\u00e1ximas-2014.pdf\" target=\"_blank\"><img decoding=\"async\" loading=\"lazy\" class=\"alignnone wp-image-806\" src=\"https:\/\/www.facet.unt.edu.ar\/dcyoc\/wp-content\/uploads\/sites\/23\/2015\/04\/pdf-150x150.jpg\" alt=\"pdf\" width=\"80\" height=\"80\" srcset=\"https:\/\/www.facet.unt.edu.ar\/dcyoc\/wp-content\/uploads\/sites\/23\/2015\/04\/pdf-150x150.jpg 150w, https:\/\/www.facet.unt.edu.ar\/dcyoc\/wp-content\/uploads\/sites\/23\/2015\/04\/pdf.jpg 204w\" sizes=\"(max-width: 80px) 100vw, 80px\" \/><\/a><\/td>\n<td style=\"border-color: #ffffff;width: 120px;height: 80px;text-align: center;vertical-align: bottom\"><a href=\"https:\/\/www.facet.unt.edu.ar\/dcyoc\/wp-content\/uploads\/sites\/23\/2015\/04\/Pag.133-202.-IV-Taller-sobre-Regionalizaci\u00f3n-de-Precipitaciones-M\u00e1ximas-2014.pdf\" target=\"_blank\"><img decoding=\"async\" loading=\"lazy\" class=\"alignnone wp-image-806\" src=\"https:\/\/www.facet.unt.edu.ar\/dcyoc\/wp-content\/uploads\/sites\/23\/2015\/04\/pdf-150x150.jpg\" alt=\"pdf\" width=\"80\" height=\"80\" srcset=\"https:\/\/www.facet.unt.edu.ar\/dcyoc\/wp-content\/uploads\/sites\/23\/2015\/04\/pdf-150x150.jpg 150w, https:\/\/www.facet.unt.edu.ar\/dcyoc\/wp-content\/uploads\/sites\/23\/2015\/04\/pdf.jpg 204w\" sizes=\"(max-width: 80px) 100vw, 80px\" \/><\/a><\/td>\n<td style=\"border-color: #ffffff;width: 120px;height: 80px;text-align: center;vertical-align: bottom\"><a href=\"https:\/\/www.facet.unt.edu.ar\/dcyoc\/wp-content\/uploads\/sites\/23\/2015\/04\/Pag.203-276.-IV-Taller-sobre-Regionalizaci\u00f3n-de-Precipitaciones-M\u00e1ximas-2014.pdf\" target=\"_blank\"><img decoding=\"async\" loading=\"lazy\" class=\"alignnone wp-image-806\" src=\"https:\/\/www.facet.unt.edu.ar\/dcyoc\/wp-content\/uploads\/sites\/23\/2015\/04\/pdf-150x150.jpg\" alt=\"pdf\" width=\"80\" height=\"80\" srcset=\"https:\/\/www.facet.unt.edu.ar\/dcyoc\/wp-content\/uploads\/sites\/23\/2015\/04\/pdf-150x150.jpg 150w, https:\/\/www.facet.unt.edu.ar\/dcyoc\/wp-content\/uploads\/sites\/23\/2015\/04\/pdf.jpg 204w\" sizes=\"(max-width: 80px) 100vw, 80px\" \/><\/a><\/td>\n<td style=\"border-color: #ffffff;width: 480px;height: 80px;text-align: center;vertical-align: middle\"><\/td>\n<\/tr>\n<tr>\n<td style=\"border-color: #ffffff;width: 120px;height: 15px;text-align: center\"><span style=\"font-size: 10pt\">Indice<\/span><\/td>\n<td style=\"border-color: #ffffff;width: 120px;height: 15px;text-align: center\"><span style=\"font-size: 10pt\">P\u00e1g. 1 a 68<\/span><\/td>\n<td style=\"border-color: #ffffff;width: 120px;height: 15px;text-align: center\"><span style=\"font-size: 10pt\">P\u00e1g. 69 a 132<\/span><\/td>\n<td style=\"border-color: #ffffff;width: 120px;height: 15px;text-align: center\"><span style=\"font-size: 10pt\">P\u00e1g. 133 a 202<\/span><\/td>\n<td style=\"border-color: #ffffff;width: 120px;height: 15px;text-align: center\">P<span style=\"font-size: 10pt\">\u00e1g. 203 a 276<\/span><\/td>\n<td style=\"border-color: #ffffff;width: 480px;height: 15px;text-align: center;vertical-align: middle\"><\/td>\n<\/tr>\n<\/tbody>\n<\/table>\n<p>&nbsp;<\/p>\n<table>\n<tbody>\n<tr>\n<td style=\"width: 1080px;height: 50px;vertical-align: middle;background-color: #343538\">\n<h2><span style=\"color: #ffffff\">\u00a0 VIAS DE COMUNICACI\u00d3N<br \/>\n<\/span><\/h2>\n<\/td>\n<\/tr>\n<\/tbody>\n<\/table>\n<p>&nbsp;<\/p>\n<p>&nbsp;<\/p>\n<table>\n<tbody>\n<tr>\n<td style=\"width: 1080px;height: 50px;vertical-align: middle;background-color: #343538\">\n<h2><span style=\"color: #ffffff\">\u00a0 ESTRUCTURAS<\/span><\/h2>\n<\/td>\n<\/tr>\n<\/tbody>\n<\/table>\n<p>&nbsp;<\/p>\n<h4>Bones reconstruction from tomographic images using numerical and computational methods. 2014<\/h4>\n<p>Autores: Moreno Madrid, A. P. and Vrech, S. M.<br \/>\n<a href=\"https:\/\/www.facet.unt.edu.ar\/dcyoc\/wp-content\/uploads\/sites\/23\/2015\/04\/Bones-reconstruction-from-tomographic-images-using-numerical-and-computational-methods-2014.pdf\" target=\"_blank\"><img decoding=\"async\" loading=\"lazy\" class=\"alignnone wp-image-806\" src=\"https:\/\/www.facet.unt.edu.ar\/dcyoc\/wp-content\/uploads\/sites\/23\/2015\/04\/pdf-150x150.jpg\" alt=\"pdf\" width=\"80\" height=\"80\" srcset=\"https:\/\/www.facet.unt.edu.ar\/dcyoc\/wp-content\/uploads\/sites\/23\/2015\/04\/pdf-150x150.jpg 150w, https:\/\/www.facet.unt.edu.ar\/dcyoc\/wp-content\/uploads\/sites\/23\/2015\/04\/pdf.jpg 204w\" sizes=\"(max-width: 80px) 100vw, 80px\" \/><\/a><\/p>\n<h4>Hormig\u00f3n reforzado con fibras sometido a temperaturas elevadas. 2014<\/h4>\n<p>Autores: Gonzalo Ruano, Andr\u00e9s Isla, Bibiana Luccioni<br \/>\n<a href=\"https:\/\/www.facet.unt.edu.ar\/dcyoc\/wp-content\/uploads\/sites\/23\/2015\/04\/Hormig\u00f3n-reforzado-con-fibras-sometido-a-temperaturas-elevadas-2014.pdf\" target=\"_blank\"><img decoding=\"async\" loading=\"lazy\" class=\"alignnone wp-image-806\" src=\"https:\/\/www.facet.unt.edu.ar\/dcyoc\/wp-content\/uploads\/sites\/23\/2015\/04\/pdf-150x150.jpg\" alt=\"pdf\" width=\"80\" height=\"80\" srcset=\"https:\/\/www.facet.unt.edu.ar\/dcyoc\/wp-content\/uploads\/sites\/23\/2015\/04\/pdf-150x150.jpg 150w, https:\/\/www.facet.unt.edu.ar\/dcyoc\/wp-content\/uploads\/sites\/23\/2015\/04\/pdf.jpg 204w\" sizes=\"(max-width: 80px) 100vw, 80px\" \/><\/a><\/p>\n<h4>Continuum-based modelling of recycled aggregate concrete. 2013<\/h4>\n<p>Autores: Marianela Ripani, Sonia M. Vrech, Antonio Caggiano and Guillermo Etse<br \/>\n<a href=\"https:\/\/www.facet.unt.edu.ar\/dcyoc\/wp-content\/uploads\/sites\/23\/2015\/04\/Continuum-based-modelling-of-recycled-aggregate-concrete-2013.pdf\" target=\"_blank\"><img decoding=\"async\" loading=\"lazy\" class=\"alignnone wp-image-806\" src=\"https:\/\/www.facet.unt.edu.ar\/dcyoc\/wp-content\/uploads\/sites\/23\/2015\/04\/pdf-150x150.jpg\" alt=\"pdf\" width=\"80\" height=\"80\" srcset=\"https:\/\/www.facet.unt.edu.ar\/dcyoc\/wp-content\/uploads\/sites\/23\/2015\/04\/pdf-150x150.jpg 150w, https:\/\/www.facet.unt.edu.ar\/dcyoc\/wp-content\/uploads\/sites\/23\/2015\/04\/pdf.jpg 204w\" sizes=\"(max-width: 80px) 100vw, 80px\" \/><\/a><\/p>\n","protected":false},"excerpt":{"rendered":"<p>\u00a0 TECNOLOGIA DE MATERIALES &nbsp; &nbsp; \u00a0 HIDRAULICA IV Taller sobre regionalizaci\u00f3n de precipitaciones m\u00e1ximas. 2014 Indice P\u00e1g. 1 a 68 P\u00e1g. 69 a 132 P\u00e1g. 133 a 202 P\u00e1g. 203 a 276 &nbsp; \u00a0 VIAS DE COMUNICACI\u00d3N &nbsp; &nbsp; \u00a0 ESTRUCTURAS &nbsp; Bones reconstruction from tomographic images using numerical and computational methods. 2014 Autores: [&hellip;]<\/p>\n","protected":false},"author":20,"featured_media":0,"parent":137,"menu_order":2,"comment_status":"closed","ping_status":"closed","template":"templates\/template-full-notitle.php","meta":[],"_links":{"self":[{"href":"https:\/\/www.facet.unt.edu.ar\/dcyoc\/wp-json\/wp\/v2\/pages\/229"}],"collection":[{"href":"https:\/\/www.facet.unt.edu.ar\/dcyoc\/wp-json\/wp\/v2\/pages"}],"about":[{"href":"https:\/\/www.facet.unt.edu.ar\/dcyoc\/wp-json\/wp\/v2\/types\/page"}],"author":[{"embeddable":true,"href":"https:\/\/www.facet.unt.edu.ar\/dcyoc\/wp-json\/wp\/v2\/users\/20"}],"replies":[{"embeddable":true,"href":"https:\/\/www.facet.unt.edu.ar\/dcyoc\/wp-json\/wp\/v2\/comments?post=229"}],"version-history":[{"count":16,"href":"https:\/\/www.facet.unt.edu.ar\/dcyoc\/wp-json\/wp\/v2\/pages\/229\/revisions"}],"predecessor-version":[{"id":828,"href":"https:\/\/www.facet.unt.edu.ar\/dcyoc\/wp-json\/wp\/v2\/pages\/229\/revisions\/828"}],"up":[{"embeddable":true,"href":"https:\/\/www.facet.unt.edu.ar\/dcyoc\/wp-json\/wp\/v2\/pages\/137"}],"wp:attachment":[{"href":"https:\/\/www.facet.unt.edu.ar\/dcyoc\/wp-json\/wp\/v2\/media?parent=229"}],"curies":[{"name":"wp","href":"https:\/\/api.w.org\/{rel}","templated":true}]}}