{"id":240,"date":"2015-03-10T23:26:24","date_gmt":"2015-03-11T02:26:24","guid":{"rendered":"https:\/\/www.facet.unt.edu.ar\/dcyoc\/?page_id=240"},"modified":"2015-03-14T15:56:50","modified_gmt":"2015-03-14T18:56:50","slug":"medina-estela-lourdes","status":"publish","type":"page","link":"https:\/\/www.facet.unt.edu.ar\/dcyoc\/docentes\/medina-estela-lourdes\/","title":{"rendered":"MEDINA Estela Lourdes"},"content":{"rendered":"<h2>Ing. MEDINA Estela Lourdes<\/h2>\n<div>\n<table style=\"width: 750px;border-color: #ffffff\">\n<tbody>\n<tr>\n<td style=\"width: 350px;height: 300px;text-align: center;vertical-align: middle;background-color: #ffffff\"><img decoding=\"async\" loading=\"lazy\" class=\" wp-image-512 alignnone\" src=\"https:\/\/www.facet.unt.edu.ar\/dcyoc\/wp-content\/uploads\/sites\/23\/2015\/03\/foto_cv_2-300x300.jpg\" alt=\"foto_cv_2\" width=\"300\" height=\"300\" srcset=\"https:\/\/www.facet.unt.edu.ar\/dcyoc\/wp-content\/uploads\/sites\/23\/2015\/03\/foto_cv_2-300x300.jpg 300w, https:\/\/www.facet.unt.edu.ar\/dcyoc\/wp-content\/uploads\/sites\/23\/2015\/03\/foto_cv_2-150x150.jpg 150w, https:\/\/www.facet.unt.edu.ar\/dcyoc\/wp-content\/uploads\/sites\/23\/2015\/03\/foto_cv_2.jpg 400w\" sizes=\"(max-width: 300px) 100vw, 300px\" \/><\/td>\n<td style=\"width: 400px;height: 300px;border-color: #ffffff;vertical-align: top\">\n<p style=\"padding-left: 30px\"><span style=\"font-family: 'times new roman', times\">Dpto. de Construcciones y Obras Civiles<\/span><\/p>\n<p style=\"padding-left: 30px\"><span style=\"font-family: 'times new roman', times\"><a href=\"https:\/\/www.facet.unt.edu.ar\/\" target=\"_blank\">Facultad de Ciencias Exactas y Tecnolog\u00eda<\/a><\/span><\/p>\n<p style=\"padding-left: 30px\"><span style=\"font-family: 'times new roman', times\"><a href=\"http:\/\/www.unt.edu.ar\/\" target=\"_blank\">Universidad Nacional de Tucum\u00e1n<\/a><\/span><\/p>\n<p style=\"padding-left: 30px\"><span style=\"font-family: 'times new roman', times\">Av. Independencia 1800 \u2013 CP 4000<\/span><\/p>\n<p style=\"padding-left: 30px\"><span style=\"font-family: 'times new roman', times\">San Miguel de Tucum\u00e1n, Tucum\u00e1n, Argentina<\/span><\/p>\n<p style=\"padding-left: 30px\"><span style=\"font-family: 'times new roman', times\">Tel\/Fax: +54 (0) 381 4321989<\/span><\/p>\n<p style=\"padding-left: 30px\"><span style=\"font-family: 'times new roman', times\">e-mail: e_medina_1010@hotmail.com<\/span><\/p>\n<\/td>\n<\/tr>\n<\/tbody>\n<\/table>\n<\/div>\n<p>&nbsp;<\/p>\n<h4>T\u00edtulos<\/h4>\n<ul>\n<li>Ingeniera Civil.<\/li>\n<\/ul>\n<h4>Especialidad<\/h4>\n<ul>\n<li>V\u00edas de Comunicaci\u00f3n.<\/li>\n<li>Gesti\u00f3n y Proyecto Vialidad Urbana.<\/li>\n<\/ul>\n<h4>Docencia de Grado<\/h4>\n<ul>\n<li>Profesora Adjunta con Dedicaci\u00f3n Media en\u00a0Estudio de materiales I , Ingenier\u00eda Civil<\/li>\n<li>Dictado y Coordinaci\u00f3n de Cursos para Terceros implementados por la Asignatura Estudio de Materiales I y el Laboratorio de V\u00edas de Comunicaci\u00f3n.<\/li>\n<\/ul>\n<h4>Actividad Profesional<\/h4>\n<ul>\n<li>Proyectista en Vialidad Urbana en la DOPM de la Municipalidad de San Miguel de Tucum\u00e1n.<\/li>\n<li>Responsable T\u00e9cnica y Gesti\u00f3n del Programa Federal de Integraci\u00f3n Socio comunitaria para Cooperativas.<\/li>\n<li>Jefe Secci\u00f3n Ingenier\u00eda del Dpto. Estudios y Proyectos de la DOPM.<\/li>\n<li>Coordinadora de Cursos de Capacitaci\u00f3n en Materiales Asf\u00e1lticos para la DOPM.<\/li>\n<li>Coordinadora de Cursos de Capacitaci\u00f3n en Trabajo en Equipo para la DOPM.<\/li>\n<\/ul>\n","protected":false},"excerpt":{"rendered":"<p>Ing. MEDINA Estela Lourdes Dpto. de Construcciones y Obras Civiles Facultad de Ciencias Exactas y Tecnolog\u00eda Universidad Nacional de Tucum\u00e1n Av. Independencia 1800 \u2013 CP 4000 San Miguel de Tucum\u00e1n, Tucum\u00e1n, Argentina Tel\/Fax: +54 (0) 381 4321989 e-mail: e_medina_1010@hotmail.com &nbsp; T\u00edtulos Ingeniera Civil. Especialidad V\u00edas de Comunicaci\u00f3n. Gesti\u00f3n y Proyecto Vialidad Urbana. Docencia de Grado [&hellip;]<\/p>\n","protected":false},"author":20,"featured_media":0,"parent":182,"menu_order":67,"comment_status":"closed","ping_status":"closed","template":"templates\/template-full-notitle.php","meta":[],"_links":{"self":[{"href":"https:\/\/www.facet.unt.edu.ar\/dcyoc\/wp-json\/wp\/v2\/pages\/240"}],"collection":[{"href":"https:\/\/www.facet.unt.edu.ar\/dcyoc\/wp-json\/wp\/v2\/pages"}],"about":[{"href":"https:\/\/www.facet.unt.edu.ar\/dcyoc\/wp-json\/wp\/v2\/types\/page"}],"author":[{"embeddable":true,"href":"https:\/\/www.facet.unt.edu.ar\/dcyoc\/wp-json\/wp\/v2\/users\/20"}],"replies":[{"embeddable":true,"href":"https:\/\/www.facet.unt.edu.ar\/dcyoc\/wp-json\/wp\/v2\/comments?post=240"}],"version-history":[{"count":2,"href":"https:\/\/www.facet.unt.edu.ar\/dcyoc\/wp-json\/wp\/v2\/pages\/240\/revisions"}],"predecessor-version":[{"id":518,"href":"https:\/\/www.facet.unt.edu.ar\/dcyoc\/wp-json\/wp\/v2\/pages\/240\/revisions\/518"}],"up":[{"embeddable":true,"href":"https:\/\/www.facet.unt.edu.ar\/dcyoc\/wp-json\/wp\/v2\/pages\/182"}],"wp:attachment":[{"href":"https:\/\/www.facet.unt.edu.ar\/dcyoc\/wp-json\/wp\/v2\/media?parent=240"}],"curies":[{"name":"wp","href":"https:\/\/api.w.org\/{rel}","templated":true}]}}