{"id":407,"date":"2015-03-12T22:12:52","date_gmt":"2015-03-13T01:12:52","guid":{"rendered":"https:\/\/www.facet.unt.edu.ar\/dcyoc\/?page_id=407"},"modified":"2015-03-16T13:40:07","modified_gmt":"2015-03-16T16:40:07","slug":"bazzano-flavia","status":"publish","type":"page","link":"https:\/\/www.facet.unt.edu.ar\/dcyoc\/docentes\/bazzano-flavia\/","title":{"rendered":"BAZZANO Flavia"},"content":{"rendered":"<h3>Ing. BAZZANO Flavia Marcela<\/h3>\n<div>\n<table style=\"width: 750px;border-color: #ffffff\">\n<tbody>\n<tr>\n<td style=\"width: 350px;height: 300px;border-color: #ffffff;text-align: center;vertical-align: middle\"><img decoding=\"async\" loading=\"lazy\" class=\" wp-image-512 alignnone\" src=\"https:\/\/www.facet.unt.edu.ar\/dcyoc\/wp-content\/uploads\/sites\/23\/2015\/03\/fbazzano.png\" alt=\"fbazzano\" width=\"300\" height=\"300\" \/><\/td>\n<td style=\"width: 400px;height: 300px;border-color: #ffffff;vertical-align: top;text-align: left\">\n<p style=\"padding-left: 30px\"><span style=\"font-family: 'times new roman', times;font-size: 12pt\">Laboratorio de Construcciones Hidr\u00e1ulicas<\/span><\/p>\n<p style=\"padding-left: 30px\"><span style=\"font-family: 'times new roman', times;font-size: 12pt\">Dpto. de Construcciones y Obras Civiles<br \/>\n<\/span><\/p>\n<p style=\"padding-left: 30px\"><span style=\"font-family: 'times new roman', times;font-size: 12pt\"><a href=\"https:\/\/www.facet.unt.edu.ar\/\" target=\"_blank\">Facultad de Ciencias Exactas y Tecnolog\u00eda<\/a><\/span><\/p>\n<p style=\"padding-left: 30px\"><span style=\"font-family: 'times new roman', times;font-size: 12pt\"><a href=\"http:\/\/www.unt.edu.ar\/\" target=\"_blank\">Universidad Nacional de Tucum\u00e1n<\/a><\/span><\/p>\n<p style=\"padding-left: 30px\"><span style=\"font-family: 'times new roman', times;font-size: 12pt\">Av. Independencia 1800 \u2013 CP 4000<\/span><\/p>\n<p style=\"padding-left: 30px\"><span style=\"font-family: 'times new roman', times;font-size: 12pt\">San Miguel de Tucum\u00e1n, Tucum\u00e1n, Argentina<\/span><\/p>\n<p style=\"padding-left: 30px\"><span style=\"font-family: 'times new roman', times;font-size: 12pt\">Tel. Lab.: +54 (0) 381 4364093 Int.<br \/>\n<\/span><\/p>\n<p style=\"padding-left: 30px\"><span style=\"font-family: 'times new roman', times;font-size: 12pt\">Tel.\/Cel.: +54 (0) 381 4244968 \/ 0381 156780785<br \/>\n<\/span><\/p>\n<p style=\"padding-left: 30px\"><span style=\"font-family: 'times new roman', times;font-size: 12pt\">e-mail: flaviabazzano@gmail.com<br \/>\n<\/span><\/p>\n<\/td>\n<\/tr>\n<\/tbody>\n<\/table>\n<\/div>\n<h4 style=\"text-align: justify\">FORMACI\u00d3N ACADEMICA<\/h4>\n<ul style=\"text-align: justify\">\n<li>ESTUDIOS DE POSGRADO<\/li>\n<\/ul>\n<p style=\"padding-left: 60px;text-align: justify\">Doctorado en Ciencias Exactas e Ingenier\u00eda (en curso).<br \/>\nDepartamento de Postgrado Facultad de Ciencias Exactas y Tecnolog\u00eda.<br \/>\nUniversidad Nacional de Tucum\u00e1n. Tucum\u00e1n. Argentina.<br \/>\nA\u00f1o de ingreso: 2014<br \/>\nM\u00e1ster Universitario en Ingenier\u00eda Hidr\u00e1ulica y Medioambiente con intensificaci\u00f3n en An\u00e1lisis de Sistemas de Recursos H\u00eddricos (en curso).<br \/>\nDepartamento de Ingenier\u00eda Hidr\u00e1ulica y Medioambiente.<br \/>\nUniversidad Polit\u00e9cnica de Valencia. Valencia. Espa\u00f1a.<br \/>\nPromedio parcial: 8,20<\/p>\n<ul style=\"text-align: justify\">\n<li>ESTUDIOS DE GRADO<\/li>\n<\/ul>\n<p style=\"padding-left: 60px;text-align: justify\">Ingeniera Civil. Otorgado por Facultad de Ciencias Exactas y Tecnolog\u00eda.<br \/>\nUniversidad Nacional de Tucum\u00e1n. Tucum\u00e1n. Argentina<br \/>\nPromedio final: 8,14<br \/>\nA\u00f1o de Egreso: 2010<\/p>\n<ul style=\"text-align: justify\">\n<li>ESTUDIOS PREUNIVERSTARIOS<\/li>\n<\/ul>\n<p style=\"padding-left: 60px;text-align: justify\">Bachiller superior con intensificaci\u00f3n en humanidades. Otorgado por Escuela y Liceo Vocacional Sarmiento.<br \/>\nUniversidad Nacional de Tucum\u00e1n. Tucum\u00e1n. Argentina<br \/>\nPromedio final: 8,43<br \/>\nA\u00f1o de Egreso: 2001<\/p>\n<ul>\n<li style=\"text-align: justify\">CURSOS Y CAPACITACIONES<\/li>\n<\/ul>\n<ol>\n<li>\u201cSIG \u2013 Evaluaci\u00f3n Multiobjetivo\u201d. (UNT). Tucum\u00e1n, Argentina, octubre de 2014. Calificaci\u00f3n: Aprobado. Carga horaria: 20hs.<\/li>\n<li>\u201cModelaci\u00f3n Hidrometeorol\u00f3gica de Caudales Mensuales con Aplicaci\u00f3n del Software C.H.A.C.&#8221;. (UNT). Tucum\u00e1n, Argentina, agosto de 2014. Calificaci\u00f3n: Aprobado. Carga horaria: 20hs.<\/li>\n<li>\u201cHidr\u00e1ulica e Hidrolog\u00eda Computacional\u201d. (UNC). C\u00f3rdoba, Argentina, marzo a agosto de 2014. Calificaci\u00f3n: 9. Carga horaria: 60hs.<\/li>\n<li>\u201cHidrolog\u00eda Avanzada y Tormenta De Proyecto\u201d. (UNC). C\u00f3rdoba, Argentina, marzo a agosto de 2014. Calificaci\u00f3n: 8. Carga horaria: 60hs.<\/li>\n<li>\u201cSeguridad y Riesgo en la Ingenier\u00eda de Presas\u201d. (ORSEP &#8211; UNT). Tucum\u00e1n, julio de 2011. Calificaci\u00f3n: Aprobado. Carga horaria: 20 horas.<\/li>\n<li>\u201cCaracterizaci\u00f3n experimental de flujos turbulentos\u201d. (UNR): Rosario, Septiembre 2010. Calificaci\u00f3n: 7 Carga horaria: 40 horas.<\/li>\n<li>\u201cPredicci\u00f3n y regionalizaci\u00f3n de lluvias m\u00e1ximas\u201d. (UNT). Tucum\u00e1n, agosto 2010. Calificaci\u00f3n: 8. Carga horaria: 40 horas.<\/li>\n<li>\u201cMorfolog\u00eda de R\u00edos y Procesos Fluviales\u201d. (UNT). Tucum\u00e1n, agosto de 2007. Calificaci\u00f3n: Aprobado. Carga horaria: 40 horas.<\/li>\n<\/ol>\n<ul>\n<li style=\"text-align: justify\">CURSOS PERTENECIENTES AL M\u00c1STER EN INGENIER\u00cdA HIDR\u00c1ULICA Y MEDIOAMBIENTE (UNIVERSIDAD POLIT\u00c9CNICA DE VALENCIA)<\/li>\n<\/ul>\n<ol style=\"text-align: justify\">\n<li style=\"text-align: justify\">\u201cSistemas de Recursos H\u00eddricos\u201d. Valencia, septiembre a diciembre de 2011. Calificaci\u00f3n: 8. Carga horaria: 60hs.<\/li>\n<li style=\"text-align: justify\">\u201cBases Limnol\u00f3gicas para la Gesti\u00f3n de los Ecosistemas Acu\u00e1ticos\u201d. Valencia, septiembre a diciembre de 2011. Calificaci\u00f3n: 7,7. Carga horaria: 30hs.<\/li>\n<li style=\"text-align: justify\">\u201cCalidad y Contaminaci\u00f3n de Aguas\u201d. Valencia, septiembre a diciembre de 2011. Calificaci\u00f3n: 9,0. Carga horaria: 60hs.<\/li>\n<li style=\"text-align: justify\">\u201cContaminaci\u00f3n de Suelos y Acu\u00edferos\u201d. Valencia, febrero a julio de 2012. Calificaci\u00f3n: 8,0. Carga Horaria: 30hs.<\/li>\n<li style=\"text-align: justify\">\u201cHidrolog\u00eda Estoc\u00e1stica\u201d. Valencia, febrero a julio de 2012. Calificaci\u00f3n: 9,0. Carga horaria: 30hs.<\/li>\n<li style=\"text-align: justify\">\u201cModelaci\u00f3n matem\u00e1tica del flujo y transporte en el Subsuelo\u201d. Valencia, febrero a julio de 2012. Calificaci\u00f3n: 8,6. Carga horaria: 30hs.<\/li>\n<li style=\"text-align: justify\">\u201cModelaci\u00f3n Hidrol\u00f3gica y Ambiental Distribuida\u201d. Valencia, febrero a julio de 2012. Calificaci\u00f3n: 9,2. Carga horaria: 30hs.<\/li>\n<li style=\"text-align: justify\">\u201cModelos de Calidad de Aguas Superficiales\u201d. Valencia, febrero a julio de 2012. Calificaci\u00f3n: 6,7. Carga horaria: 30hs.<\/li>\n<li style=\"text-align: justify\">\u201cEconom\u00eda de los Recursos H\u00eddricos\u201d. Valencia, febrero a julio de 2012. Calificaci\u00f3n: 7,8. Carga horaria: 30hs.<\/li>\n<li style=\"text-align: justify\">\u201cGesti\u00f3n integrada de los Sistemas de Recursos H\u00eddricos\u201d. Valencia, febrero a julio de 2012. Calificaci\u00f3n: 9,1. Carga horaria: 30hs.<\/li>\n<li style=\"text-align: justify\">\u201cIncidencia del Cambio Clim\u00e1tico en Sistemas de Recursos H\u00eddricos\u201d. Valencia, febrero a julio de 2012. Calificaci\u00f3n: 7,1. Carga horaria: 30hs.<\/li>\n<li style=\"text-align: justify\">\u201cIngenier\u00eda Fluvial Avanzada\u201d. Valencia, febrero a julio de 2012. Calificaci\u00f3n: 9,3. Carga horaria: 30hs.<\/li>\n<li style=\"text-align: justify\">\u201cSistemas de Informaci\u00f3n Geogr\u00e1fica\u201d. Valencia, febrero a julio de 2012. Calificaci\u00f3n: 8,4. Carga horaria: 30 hs.<\/li>\n<\/ol>\n<h4>PREMIOS Y DISTINCIONES<\/h4>\n<ul>\n<li>Mejor Promedio en la carrera de Ingenier\u00eda Civil. Per\u00edodo Acad\u00e9mico 2010. Otorgado por la Federaci\u00f3n Argentina de Mujeres Universitarias. Asociaci\u00f3n Tucum\u00e1n<\/li>\n<\/ul>\n<h4>DOCENCIA<\/h4>\n<ul>\n<li>Auxiliar docente graduado en las asignaturas Mec\u00e1nica de los Fluidos e Hidr\u00e1ulica B\u00e1sica de la carrera de Ingenier\u00eda Civil de la Facultad de Ciencias Exactas y Tecnolog\u00eda (UNT), designada por concurso anual de antecedentes y oposici\u00f3n. Per\u00edodo: Julio 2013 \u2013 a la fecha.<\/li>\n<li>Auxiliar docente de segunda categor\u00eda en la asignatura Mec\u00e1nica de los Fluidos de la carrera de Ingenier\u00eda Civil de la Facultad de Ciencias Exactas y Tecnolog\u00eda (UNT), designada por concurso anual de antecedentes y oposici\u00f3n. Per\u00edodo: Abril 2006 \u2013 Octubre 2010.<\/li>\n<\/ul>\n<h4 style=\"text-align: justify\">INVESTIGACION<\/h4>\n<ul>\n<li style=\"text-align: justify\">Beca de Posgrado Tipo I para Temas Estrat\u00e9gicos. Otorgada por CONICET, en orden de m\u00e9rito, para la realizaci\u00f3n del proyecto:\u201dPredicci\u00f3n de lluvias m\u00e1ximas para dise\u00f1o hidrol\u00f3gico: desarrollo experimental en la provincia de Tucum\u00e1n.\u201d Duraci\u00f3n: 5 a\u00f1os. Per\u00edodo: Octubre 2013 \u2013 a la fecha.<\/li>\n<li style=\"text-align: justify\">Participante del proyecto de investigaci\u00f3n: \u201cDistribuci\u00f3n Espacial de Valores Puntuales de Precipitaci\u00f3n M\u00e1xima Diaria en la Provincia de Tucum\u00e1n\u201d financiado por el CIUNT (Consejo de Investigaci\u00f3n de la Universidad Nacional de Tucum\u00e1n). Director: Mag. Ing. Hugo Roger Paz. Codirector: Roberto Lazarte. Per\u00edodo: Julio 2010 \u2013 Julio 2013.<\/li>\n<li style=\"text-align: justify\">Miembro del proyecto de investigaci\u00f3n: \u201cVariabilidad de la precipitaci\u00f3n puntual en el \u00e1rea del Gran San Miguel de Tucum\u00e1n.\u201d financiado por el CIUNT (Consejo de Investigaci\u00f3n de la Universidad Nacional de Tucum\u00e1n). Director: Mag. Ing. Hugo Roger Paz. Codirector: Roberto Lazarte. Per\u00edodo: Junio 2009 \u2013 Julio2010.<\/li>\n<li style=\"text-align: justify\">Beca estudiantil de investigaci\u00f3n. Otorgada por el Consejo de Investigaciones de la Universidad Nacional de Tucum\u00e1n, en orden de m\u00e9rito, para la realizaci\u00f3n del proyecto: \u201cEstudio de la variablidad de la precipitaci\u00f3n puntual en el Gran San Miguel de Tucum\u00e1n mediante un an\u00e1lisis geoestad\u00edstico a partir de la generaci\u00f3n de una base de datos\u201d. Director de beca: Mag. Ing. Hugo Roger Paz Per\u00edodo: Julio 2009 \u2013 Julio 2010.<\/li>\n<li style=\"text-align: justify\">Trabajo de Investigaci\u00f3n: \u201cAn\u00e1lisis Din\u00e1mico de Tormentas Extremas en el Gran San Miguel de Tucum\u00e1n\u201d. Tutor del Proyecto: Mag. Ing. Roger Paz. Presentado como Proyecto Final de la Carrera de Ingenier\u00eda Civil. Calificaci\u00f3n 10. Abril 2010.<\/li>\n<\/ul>\n<h4>PUBLICACIONES EN LIBROS<\/h4>\n<ul>\n<li>Publicaci\u00f3n de Trabajos del IV Taller de Regionalizaci\u00f3n de Precipitaciones M\u00e1ximas. Editores: H. R. Paz, R. Lazarte Sfer, F. Bazzano, H. D. Aguirre, M F. Nanni y M. N. Iturre. Editorial Ecos. 2014. ISBN 978-987-45745-0-3.<\/li>\n<li>\u201cDin\u00e1mica de tormentas extremas: En San Miguel de Tucum\u00e1n. Argentina\u201d. Autores: H. R. Paz y F. Bazzano. Editorial Acad\u00e9mica Espa\u00f1ola. 2012. ISBN 978-3-8465-7891-9.<\/li>\n<\/ul>\n<h4 style=\"text-align: justify\">ART\u00cdCULOS PRESENTADOS EN EVENTOS CIENT\u00cdFICOS<\/h4>\n<ul style=\"text-align: justify\">\n<li>Bazzano, F; Caama\u00f1o Nelli, G. \u201cAvances en la estimaci\u00f3n de la relaci\u00f3n IDT en Tucum\u00e1n\u201d. IV Taller de Regionalizaci\u00f3n de Precipitaciones M\u00e1ximas. San Miguel de Tucum\u00e1n, Argentina. 14 y 15 de Mayo de 2014. Organizado por Laboratorio de Construcciones Hidr\u00e1ulicas de la Facultad de Ciencias Exactas y Tecnolog\u00eda. Universidad Nacional de Tucum\u00e1n.<\/li>\n<li>Lazarte Sfer, R. R.; Paz, H. R.; Bazzano, F.; Nanni, F.; Aguirre, H. D.; Iturre, M. N.; Go\u00f1i M. y Forciniti J. \u201cRegionalizaci\u00f3n de Extremos de Precipitaci\u00f3n Diaria en la Llanura y Pedemonte de la Provincia de Tucum\u00e1n.\u201d IV Taller de Regionalizaci\u00f3n de Precipitaciones M\u00e1ximas. San Miguel de Tucum\u00e1n, Argentina. 14 y 15 de Mayo de 2014. Organizado por Laboratorio de Construcciones Hidr\u00e1ulicas de la Facultad de Ciencias Exactas y Tecnolog\u00eda. Universidad Nacional de Tucum\u00e1n.<\/li>\n<li>Garc\u00eda, M. G.; Dasso, C. M.; Catalini, C.; Alvarez, J.; Barchiesi, G.M.; D\u00edaz Losada, J.M.; Bazzano, F.; G\u00f3mez, J.; Guill\u00e9n, N. F.; Heredia Ligorria, A. &#8220;Evaluaci\u00f3n de la Probabilidad de Excedencia de un Evento Pluviom\u00e9trico Extraordinario en la Cuenca Arroyo \u201cLos Chorrillos\u201d, Provincia de C\u00f3rdoba&#8221; IV Taller de Regionalizaci\u00f3n de Precipitaciones M\u00e1ximas. San Miguel de Tucum\u00e1n, Argentina. 14 y 15 de Mayo de 2014. Organizado por Laboratorio de Construcciones Hidr\u00e1ulicas de la Facultad de Ciencias Exactas y Tecnolog\u00eda. Universidad Nacional de Tucum\u00e1n.<\/li>\n<li>Paz, H R; Lazarte Sfer, R; Bazzano, F. \u201cAn\u00e1lisis Din\u00e1mico de Tormentas Extremas En el Gran San Miguel de Tucum\u00e1n\u201d. III Taller sobre Regionalizaci\u00f3n de Precipitaciones M\u00e1ximas. Rosario. Santa Fe. Argentina. 1 y 2 de Diciembre de 2011.Organizado por Departamento de Hidr\u00e1ulica y CURIHAM. Facultad de Ciencias Exactas, Ingenier\u00eda y Agrimensura. Universidad Nacional de Rosario.<\/li>\n<\/ul>\n<h4>ASISTENCIA A CONGRESOS<\/h4>\n<ul>\n<li>\u201cTaller de Regionalizaci\u00f3n de Precipitaciones M\u00e1ximas\u201d. San Miguel de Tucum\u00e1n, Tucum\u00e1n. A\u00f1o: 2014. Participaci\u00f3n: Expositor.<\/li>\n<li>\u201cTaller de Regionalizaci\u00f3n de Precipitaciones M\u00e1ximas\u201d. Rosario, Santa Fe. A\u00f1o: 2011. Participaci\u00f3n: Expositor.<\/li>\n<li>\u201cIV Simposio Regional sobre Hidr\u00e1ulica de R\u00edos.\u201d Salta. A\u00f1o: 2009. Participaci\u00f3n: Asistente.<\/li>\n<li>\u201cV Congreso Argentino de Presas y Aprovechamientos Hidroel\u00e9ctricos.\u201d San Miguel de Tucum\u00e1n. A\u00f1o: 2008. Participaci\u00f3n: Asistente.<\/li>\n<li>\u201cXXI Congreso Nacional del Agua\u201d. San Miguel de Tucum\u00e1n. A\u00f1o: 2007. Participaci\u00f3n: Asistente<\/li>\n<li>\u201cII Curso de Presas y Desarrollo.\u201d San Miguel de Tucum\u00e1n. A\u00f1o: 2006. Participaci\u00f3n: Asistente.<\/li>\n<li>\u201cIV Congreso Argentino de Presas y Aprovechamientos Hidroel\u00e9ctricos\u201d. Posadas, Misiones. A\u00f1o: 2006. Participaci\u00f3n: Asistente.<\/li>\n<\/ul>\n<h4 style=\"text-align: justify\">GESTI\u00d3N ACAD\u00c9MICA<\/h4>\n<ul>\n<li style=\"text-align: justify\">Representante estudiantil en la Comisi\u00f3n Acad\u00e9mica de carrera de Ingenier\u00eda Civil. Facultad de Ciencias Exactas y Tecnolog\u00eda (UNT). Per\u00edodo 2007 \u2013 2008.<\/li>\n<\/ul>\n<h4 style=\"text-align: justify\">OTROS ANTECEDENTES LABORALES<\/h4>\n<ul style=\"text-align: justify\">\n<li style=\"text-align: justify\">Auditor de Obras P\u00fablicas. Secretaria de Fiscalizaci\u00f3n y Control de Gesti\u00f3n. Direcci\u00f3n de Control de Obras y Servicios de Municipios y Comunas. Ministerio del Interior. Provincia de Tucum\u00e1n. Argentina. Mayo 2013 &#8211; Octubre de 2013.<\/li>\n<li style=\"text-align: justify\">Pasante en empresa consultora de Ingenier\u00eda Hidr\u00e1ulica eWATER Consultant. Valencia. Espa\u00f1a. Noviembre 2011 \u2013 Abril 2012.<\/li>\n<li style=\"text-align: justify\">Inspecci\u00f3n de construcci\u00f3n de obra de toma sobre Arroyo Barrientos. Departamento Rio Chico. Tucum\u00e1n. Direcci\u00f3n General de Recursos H\u00eddricos de Tucum\u00e1n. Argentina. Marzo 2011 \u2013 Julio 2011.<\/li>\n<li style=\"text-align: justify\">Ingeniera Junior en empresa de Ingenier\u00eda Civil y Construcciones &#8211; INC S.R.L. Consultores: Ing. Carlos Hernandez \u2013 Ing. Jose Vallois. Tucum\u00e1n. Febrero 2011 \u2013 Julio 2011.<\/li>\n<li style=\"text-align: justify\">Pasante en Scania Argentina S. A&#8230; Sector de Servicio de Mantenimiento de Infraestructura. (TSI). Tucum\u00e1n. Enero 2010 \u2013 Junio 2010.<\/li>\n<\/ul>\n<h4 style=\"text-align: justify\">IDIOMAS<\/h4>\n<ul style=\"text-align: justify\">\n<li>INGL\u00c9S:\u00a0 Manejo escrito y oral excelente.<\/li>\n<li>FRANC\u00c9S: Manejo escrito y oral muy bueno.<\/li>\n<li>ITALIANO: Manejo escrito y oral bueno<\/li>\n<\/ul>\n<h4 style=\"text-align: justify\">MANEJO DE HERRAMIENTAS NUMERICAS<\/h4>\n<ul style=\"text-align: justify\">\n<li>SIMULACION HIDROL\u00d3GICA<\/li>\n<\/ul>\n<p style=\"padding-left: 60px;text-align: justify\">HEC \u2013 HMS (Hydrologic Engineering Centers &#8211; Hydrologic Modeling System).<\/p>\n<p style=\"padding-left: 60px;text-align: justify\">EPA &#8211; SWMM (United States Environmental Protection Agency &#8211; Storm Water Management Model).<\/p>\n<p style=\"padding-left: 60px;text-align: justify\">TETIS v 8.1 (desarrollado por el Instituto de Ingenier\u00eda del Agua y Medioambiente de la Universidad Polit\u00e9cnica de Valencia. Espa\u00f1a).<\/p>\n<ul style=\"text-align: justify\">\n<li>MODELACI\u00d3N HIDR\u00c1ULICA<\/li>\n<\/ul>\n<p style=\"padding-left: 60px;text-align: justify\">HEC \u2013 RAS (Hydrologic Engineering Centers River Analysis System).<\/p>\n<ul style=\"text-align: justify\">\n<li>GESTI\u00d3N DE RECURSOS H\u00cdDRICOS Y MODELACI\u00d3N DE CALIDAD DE AGUAS<\/li>\n<\/ul>\n<p style=\"padding-left: 60px;text-align: justify\">Aquatool v 4.42 (desarrollado por el Instituto de Ingenier\u00eda del Agua y Medioambiente de la Universidad Polit\u00e9cnica de Valencia. Espa\u00f1a).<\/p>\n<ul style=\"text-align: justify\">\n<li>SIMULACI\u00d3N DE FLUJO Y TRANSPORTE DE AGUAS SUBTERR\u00c1NEAS<\/li>\n<\/ul>\n<p style=\"padding-left: 60px;text-align: justify\">Proocessing Modflow v 8.<\/p>\n","protected":false},"excerpt":{"rendered":"<p>Ing. BAZZANO Flavia Marcela Laboratorio de Construcciones Hidr\u00e1ulicas Dpto. de Construcciones y Obras Civiles Facultad de Ciencias Exactas y Tecnolog\u00eda Universidad Nacional de Tucum\u00e1n Av. Independencia 1800 \u2013 CP 4000 San Miguel de Tucum\u00e1n, Tucum\u00e1n, Argentina Tel. Lab.: +54 (0) 381 4364093 Int. Tel.\/Cel.: +54 (0) 381 4244968 \/ 0381 156780785 e-mail: flaviabazzano@gmail.com FORMACI\u00d3N ACADEMICA [&hellip;]<\/p>\n","protected":false},"author":20,"featured_media":0,"parent":182,"menu_order":12,"comment_status":"closed","ping_status":"closed","template":"templates\/template-full-notitle.php","meta":[],"_links":{"self":[{"href":"https:\/\/www.facet.unt.edu.ar\/dcyoc\/wp-json\/wp\/v2\/pages\/407"}],"collection":[{"href":"https:\/\/www.facet.unt.edu.ar\/dcyoc\/wp-json\/wp\/v2\/pages"}],"about":[{"href":"https:\/\/www.facet.unt.edu.ar\/dcyoc\/wp-json\/wp\/v2\/types\/page"}],"author":[{"embeddable":true,"href":"https:\/\/www.facet.unt.edu.ar\/dcyoc\/wp-json\/wp\/v2\/users\/20"}],"replies":[{"embeddable":true,"href":"https:\/\/www.facet.unt.edu.ar\/dcyoc\/wp-json\/wp\/v2\/comments?post=407"}],"version-history":[{"count":10,"href":"https:\/\/www.facet.unt.edu.ar\/dcyoc\/wp-json\/wp\/v2\/pages\/407\/revisions"}],"predecessor-version":[{"id":671,"href":"https:\/\/www.facet.unt.edu.ar\/dcyoc\/wp-json\/wp\/v2\/pages\/407\/revisions\/671"}],"up":[{"embeddable":true,"href":"https:\/\/www.facet.unt.edu.ar\/dcyoc\/wp-json\/wp\/v2\/pages\/182"}],"wp:attachment":[{"href":"https:\/\/www.facet.unt.edu.ar\/dcyoc\/wp-json\/wp\/v2\/media?parent=407"}],"curies":[{"name":"wp","href":"https:\/\/api.w.org\/{rel}","templated":true}]}}