{"id":424,"date":"2015-03-12T22:32:30","date_gmt":"2015-03-13T01:32:30","guid":{"rendered":"https:\/\/www.facet.unt.edu.ar\/dcyoc\/?page_id=424"},"modified":"2015-03-18T23:32:08","modified_gmt":"2015-03-19T02:32:08","slug":"ascarate-jose","status":"publish","type":"page","link":"https:\/\/www.facet.unt.edu.ar\/dcyoc\/docentes\/ascarate-jose\/","title":{"rendered":"ASC\u00c1RATE Jos\u00e9"},"content":{"rendered":"<h2>Ing. ASC\u00c1RATE Jos\u00e9 Ricardo<\/h2>\n<div>\n<table style=\"width: 750px;border-color: #ffffff\">\n<tbody>\n<tr>\n<td style=\"width: 350px;height: 300px;text-align: center;vertical-align: middle;background-color: #ffffff\"><img decoding=\"async\" loading=\"lazy\" class=\" wp-image-511 alignnone\" src=\"https:\/\/www.facet.unt.edu.ar\/dcyoc\/wp-content\/uploads\/sites\/23\/2015\/03\/foto_cv_1-300x300.jpg\" alt=\"foto_cv_1\" width=\"300\" height=\"300\" srcset=\"https:\/\/www.facet.unt.edu.ar\/dcyoc\/wp-content\/uploads\/sites\/23\/2015\/03\/foto_cv_1-300x300.jpg 300w, https:\/\/www.facet.unt.edu.ar\/dcyoc\/wp-content\/uploads\/sites\/23\/2015\/03\/foto_cv_1-150x150.jpg 150w, https:\/\/www.facet.unt.edu.ar\/dcyoc\/wp-content\/uploads\/sites\/23\/2015\/03\/foto_cv_1.jpg 400w\" sizes=\"(max-width: 300px) 100vw, 300px\" \/><\/td>\n<td style=\"width: 400px;height: 300px;border-color: #ffffff;vertical-align: top;text-align: left\">\n<p style=\"padding-left: 30px\"><span style=\"font-family: 'times new roman', times;font-size: 12pt\">Dpto. de Construcciones y Obras Civiles<br \/>\n<\/span><\/p>\n<p style=\"padding-left: 30px\"><span style=\"font-family: 'times new roman', times;font-size: 12pt\"><a href=\"https:\/\/www.facet.unt.edu.ar\/\" target=\"_blank\">Facultad de Ciencias Exactas y Tecnolog\u00eda<\/a><\/span><\/p>\n<p style=\"padding-left: 30px\"><span style=\"font-family: 'times new roman', times;font-size: 12pt\"><a href=\"http:\/\/www.unt.edu.ar\/\" target=\"_blank\">Universidad Nacional de Tucum\u00e1n<\/a><\/span><\/p>\n<p style=\"padding-left: 30px\"><span style=\"font-family: 'times new roman', times;font-size: 12pt\">Av. Independencia 1800 \u2013 CP 4000<\/span><\/p>\n<p style=\"padding-left: 30px\"><span style=\"font-family: 'times new roman', times;font-size: 12pt\">San Miguel de Tucum\u00e1n, Tucum\u00e1n, Argentina<\/span><\/p>\n<p style=\"padding-left: 30px\"><span style=\"font-family: 'times new roman', times;font-size: 12pt\">Tel. Lab.: +54 (0) 381 4364093 Int.<br \/>\n<\/span><\/p>\n<p style=\"padding-left: 30px\"><span style=\"font-family: 'times new roman', times;font-size: 12pt\">e-mail: jrascarate@yahoo.com.ar<\/span><\/p>\n<\/td>\n<\/tr>\n<\/tbody>\n<\/table>\n<\/div>\n<p>&nbsp;<\/p>\n<h4 style=\"text-align: justify\">T\u00edtulos<\/h4>\n<ul style=\"text-align: justify\">\n<li>Ingeniero Civil.<\/li>\n<li>Postgrado en Caminos (Esc. De Graduados de Ingenieria en Caminos \u2013 UBA).<\/li>\n<\/ul>\n<h4 style=\"text-align: justify\">Especialidad<\/h4>\n<ul style=\"text-align: justify\">\n<li>V\u00edas de Comunicaci\u00f3n.<\/li>\n<\/ul>\n<h4 style=\"text-align: justify\">Docencia<\/h4>\n<ul style=\"text-align: justify\">\n<li>Profesor Adjunto con Semidedicaci\u00f3n en V\u00edas de Comunicaci\u00f3n I (Plan 1996) \u2013 Dise\u00f1o Geom\u00e9trico Vial (Plan 2005).<\/li>\n<\/ul>\n<h4 style=\"text-align: justify\">Actividad Profesional<\/h4>\n<ul>\n<li style=\"text-align: justify\">Segundo Jefe Dpto Proyecto de la Direcci\u00f3n Provincial de Vialidad \u2013 Tucum\u00e1n.<\/li>\n<\/ul>\n","protected":false},"excerpt":{"rendered":"<p>Ing. ASC\u00c1RATE Jos\u00e9 Ricardo Dpto. de Construcciones y Obras Civiles Facultad de Ciencias Exactas y Tecnolog\u00eda Universidad Nacional de Tucum\u00e1n Av. Independencia 1800 \u2013 CP 4000 San Miguel de Tucum\u00e1n, Tucum\u00e1n, Argentina Tel. Lab.: +54 (0) 381 4364093 Int. e-mail: jrascarate@yahoo.com.ar &nbsp; T\u00edtulos Ingeniero Civil. Postgrado en Caminos (Esc. De Graduados de Ingenieria en Caminos [&hellip;]<\/p>\n","protected":false},"author":20,"featured_media":0,"parent":182,"menu_order":9,"comment_status":"closed","ping_status":"closed","template":"templates\/template-full-notitle.php","meta":[],"_links":{"self":[{"href":"https:\/\/www.facet.unt.edu.ar\/dcyoc\/wp-json\/wp\/v2\/pages\/424"}],"collection":[{"href":"https:\/\/www.facet.unt.edu.ar\/dcyoc\/wp-json\/wp\/v2\/pages"}],"about":[{"href":"https:\/\/www.facet.unt.edu.ar\/dcyoc\/wp-json\/wp\/v2\/types\/page"}],"author":[{"embeddable":true,"href":"https:\/\/www.facet.unt.edu.ar\/dcyoc\/wp-json\/wp\/v2\/users\/20"}],"replies":[{"embeddable":true,"href":"https:\/\/www.facet.unt.edu.ar\/dcyoc\/wp-json\/wp\/v2\/comments?post=424"}],"version-history":[{"count":4,"href":"https:\/\/www.facet.unt.edu.ar\/dcyoc\/wp-json\/wp\/v2\/pages\/424\/revisions"}],"predecessor-version":[{"id":698,"href":"https:\/\/www.facet.unt.edu.ar\/dcyoc\/wp-json\/wp\/v2\/pages\/424\/revisions\/698"}],"up":[{"embeddable":true,"href":"https:\/\/www.facet.unt.edu.ar\/dcyoc\/wp-json\/wp\/v2\/pages\/182"}],"wp:attachment":[{"href":"https:\/\/www.facet.unt.edu.ar\/dcyoc\/wp-json\/wp\/v2\/media?parent=424"}],"curies":[{"name":"wp","href":"https:\/\/api.w.org\/{rel}","templated":true}]}}