{"id":451,"date":"2015-03-12T23:13:54","date_gmt":"2015-03-13T02:13:54","guid":{"rendered":"https:\/\/www.facet.unt.edu.ar\/dcyoc\/?page_id=451"},"modified":"2015-03-28T22:16:12","modified_gmt":"2015-03-29T01:16:12","slug":"robledo-guillermo","status":"publish","type":"page","link":"https:\/\/www.facet.unt.edu.ar\/dcyoc\/docentes\/robledo-guillermo\/","title":{"rendered":"ROBLEDO Guillermo"},"content":{"rendered":"<h2>Ing. ROBLEDO Juan Guillermo Angel<\/h2>\n<div>\n<table style=\"width: 750px;border-color: #ffffff\">\n<tbody>\n<tr>\n<td style=\"width: 350px;height: 300px;text-align: center;vertical-align: middle;background-color: #ffffff\"><img decoding=\"async\" loading=\"lazy\" class=\" wp-image-511 alignnone\" src=\"https:\/\/www.facet.unt.edu.ar\/dcyoc\/wp-content\/uploads\/sites\/23\/2015\/03\/foto_cv_1-300x300.jpg\" alt=\"foto_cv_1\" width=\"300\" height=\"300\" srcset=\"https:\/\/www.facet.unt.edu.ar\/dcyoc\/wp-content\/uploads\/sites\/23\/2015\/03\/foto_cv_1-300x300.jpg 300w, https:\/\/www.facet.unt.edu.ar\/dcyoc\/wp-content\/uploads\/sites\/23\/2015\/03\/foto_cv_1-150x150.jpg 150w, https:\/\/www.facet.unt.edu.ar\/dcyoc\/wp-content\/uploads\/sites\/23\/2015\/03\/foto_cv_1.jpg 400w\" sizes=\"(max-width: 300px) 100vw, 300px\" \/><\/td>\n<td style=\"width: 400px;height: 300px;border-color: #ffffff;vertical-align: top\">\n<p style=\"padding-left: 30px\"><span style=\"font-size: 12pt;font-family: 'times new roman', times\">Dpto. de Construcciones y Obras Civiles<\/span><\/p>\n<p style=\"padding-left: 30px\"><span style=\"font-size: 12pt;font-family: 'times new roman', times\"><a href=\"https:\/\/www.facet.unt.edu.ar\/\" target=\"_blank\">Facultad de Ciencias Exactas y Tecnolog\u00eda<\/a><\/span><\/p>\n<p style=\"padding-left: 30px\"><span style=\"font-size: 12pt;font-family: 'times new roman', times\"><a href=\"http:\/\/www.unt.edu.ar\/\" target=\"_blank\">Universidad Nacional de Tucum\u00e1n<\/a><\/span><\/p>\n<p style=\"padding-left: 30px\"><span style=\"font-size: 12pt;font-family: 'times new roman', times\">Av. Independencia 1800 \u2013 CP 4000<\/span><\/p>\n<p style=\"padding-left: 30px\"><span style=\"font-size: 12pt;font-family: 'times new roman', times\">San Miguel de Tucum\u00e1n, Tucum\u00e1n, Argentina<\/span><\/p>\n<p style=\"padding-left: 30px\"><span style=\"font-size: 12pt;font-family: 'times new roman', times\">Tel.: +54 (0) 381 421-9052<\/span><\/p>\n<p style=\"padding-left: 30px\"><span style=\"font-size: 12pt;font-family: 'times new roman', times\">e-mail: grobledo@herrera.unt.edu.ar<\/span><\/p>\n<\/td>\n<\/tr>\n<\/tbody>\n<\/table>\n<\/div>\n<p>&nbsp;<\/p>\n<h4 style=\"text-align: justify\">T\u00edtulos<\/h4>\n<ul style=\"text-align: justify\">\n<li>Ingeniero Civil &#8211; Orientaci\u00f3n Estructuras.<\/li>\n<\/ul>\n<h4 style=\"text-align: justify\">Especialidad<\/h4>\n<ul style=\"text-align: justify\">\n<li>Dise\u00f1o y C\u00e1lculo de Estructuras.<\/li>\n<\/ul>\n<h4 style=\"text-align: justify\">Docencia<\/h4>\n<ul style=\"text-align: justify\">\n<li>Profesor Adjunto, con Media Dedicaci\u00f3n en &#8220;Construcciones Met\u00e1licas y de Madera&#8221; y &#8220;Hormig\u00f3n I&#8221; de la Carrera de Ingenier\u00eda Civil.<\/li>\n<\/ul>\n<h4 style=\"text-align: justify\">Gesti\u00f3n<\/h4>\n<ul style=\"text-align: justify\">\n<li>Coordinador en el \u00c1rea Dimensionado de Estructuras: 4 a\u00f1os (2003 &#8211; 2006).<\/li>\n<li>Miembro de la Comisi\u00f3n Acad\u00e9mica de la Carrera de Ingenier\u00eda Civil: 4 a\u00f1os (2007 &#8211; 2010).<\/li>\n<li>Miembro de la Comisi\u00f3n de Prioridades del Departamento de Construcciones y Obras Civiles: 2 a\u00f1os (2011 &#8211; 2012).<\/li>\n<li>Tutor de Proyectos Finales de la Carrera Ingenier\u00eda Civil y de Pr\u00e1cticas Finales Supervisadas (PPS).<\/li>\n<li>Miembro de Jurados para evaluar Proyectos Finales de la misma Carrera y en Concursos.<\/li>\n<\/ul>\n<h4 style=\"text-align: justify\">Actividad Profesional<\/h4>\n<ul>\n<li style=\"text-align: justify\">Ejercicio libre de la profesi\u00f3n como Proyectista y Calculista de Estructuras para Obras Civiles.<\/li>\n<\/ul>\n","protected":false},"excerpt":{"rendered":"<p>Ing. ROBLEDO Juan Guillermo Angel Dpto. de Construcciones y Obras Civiles Facultad de Ciencias Exactas y Tecnolog\u00eda Universidad Nacional de Tucum\u00e1n Av. Independencia 1800 \u2013 CP 4000 San Miguel de Tucum\u00e1n, Tucum\u00e1n, Argentina Tel.: +54 (0) 381 421-9052 e-mail: grobledo@herrera.unt.edu.ar &nbsp; T\u00edtulos Ingeniero Civil &#8211; Orientaci\u00f3n Estructuras. Especialidad Dise\u00f1o y C\u00e1lculo de Estructuras. Docencia Profesor [&hellip;]<\/p>\n","protected":false},"author":20,"featured_media":0,"parent":182,"menu_order":89,"comment_status":"closed","ping_status":"closed","template":"templates\/template-full-notitle.php","meta":[],"_links":{"self":[{"href":"https:\/\/www.facet.unt.edu.ar\/dcyoc\/wp-json\/wp\/v2\/pages\/451"}],"collection":[{"href":"https:\/\/www.facet.unt.edu.ar\/dcyoc\/wp-json\/wp\/v2\/pages"}],"about":[{"href":"https:\/\/www.facet.unt.edu.ar\/dcyoc\/wp-json\/wp\/v2\/types\/page"}],"author":[{"embeddable":true,"href":"https:\/\/www.facet.unt.edu.ar\/dcyoc\/wp-json\/wp\/v2\/users\/20"}],"replies":[{"embeddable":true,"href":"https:\/\/www.facet.unt.edu.ar\/dcyoc\/wp-json\/wp\/v2\/comments?post=451"}],"version-history":[{"count":4,"href":"https:\/\/www.facet.unt.edu.ar\/dcyoc\/wp-json\/wp\/v2\/pages\/451\/revisions"}],"predecessor-version":[{"id":740,"href":"https:\/\/www.facet.unt.edu.ar\/dcyoc\/wp-json\/wp\/v2\/pages\/451\/revisions\/740"}],"up":[{"embeddable":true,"href":"https:\/\/www.facet.unt.edu.ar\/dcyoc\/wp-json\/wp\/v2\/pages\/182"}],"wp:attachment":[{"href":"https:\/\/www.facet.unt.edu.ar\/dcyoc\/wp-json\/wp\/v2\/media?parent=451"}],"curies":[{"name":"wp","href":"https:\/\/api.w.org\/{rel}","templated":true}]}}