{"id":484,"date":"2015-03-14T00:32:43","date_gmt":"2015-03-14T03:32:43","guid":{"rendered":"https:\/\/www.facet.unt.edu.ar\/dcyoc\/?page_id=484"},"modified":"2016-09-12T00:57:03","modified_gmt":"2016-09-12T03:57:03","slug":"blanca-rafael","status":"publish","type":"page","link":"https:\/\/www.facet.unt.edu.ar\/dcyoc\/docentes\/blanca-rafael\/","title":{"rendered":"BLANCA Rafael"},"content":{"rendered":"<h2>Ing. BLANCA Rafael H\u00e9ctor<\/h2>\n<div>\n<table style=\"width: 750px;border-color: #ffffff\">\n<tbody>\n<tr>\n<td style=\"width: 350px;height: 300px;text-align: center;vertical-align: middle;background-color: #ffffff\"><img decoding=\"async\" loading=\"lazy\" class=\"alignnone wp-image-877 size-large\" src=\"https:\/\/www.facet.unt.edu.ar\/dcyoc\/wp-content\/uploads\/sites\/23\/2016\/08\/rblanca-1024x1024.jpg\" width=\"720\" height=\"720\" srcset=\"https:\/\/www.facet.unt.edu.ar\/dcyoc\/wp-content\/uploads\/sites\/23\/2016\/08\/rblanca-1024x1024.jpg 1024w, https:\/\/www.facet.unt.edu.ar\/dcyoc\/wp-content\/uploads\/sites\/23\/2016\/08\/rblanca-150x150.jpg 150w, https:\/\/www.facet.unt.edu.ar\/dcyoc\/wp-content\/uploads\/sites\/23\/2016\/08\/rblanca-300x300.jpg 300w, https:\/\/www.facet.unt.edu.ar\/dcyoc\/wp-content\/uploads\/sites\/23\/2016\/08\/rblanca-768x768.jpg 768w, https:\/\/www.facet.unt.edu.ar\/dcyoc\/wp-content\/uploads\/sites\/23\/2016\/08\/rblanca.jpg 1280w\" sizes=\"(max-width: 720px) 100vw, 720px\" \/><\/td>\n<td style=\"width: 400px;height: 300px;border-color: #ffffff;vertical-align: top\">\n<p style=\"padding-left: 30px\"><span style=\"font-size: 12pt;font-family: 'times new roman', times\">Dpto. de Construcciones y Obras Civiles<\/span><\/p>\n<p style=\"padding-left: 30px\"><span style=\"font-size: 12pt;font-family: 'times new roman', times\"><a href=\"https:\/\/www.facet.unt.edu.ar\/\" target=\"_blank\">Facultad de Ciencias Exactas y Tecnolog\u00eda<\/a><\/span><\/p>\n<p style=\"padding-left: 30px\"><span style=\"font-size: 12pt;font-family: 'times new roman', times\"><a href=\"http:\/\/www.unt.edu.ar\/\" target=\"_blank\">Universidad Nacional de Tucum\u00e1n<\/a><\/span><\/p>\n<p style=\"padding-left: 30px\"><span style=\"font-size: 12pt;font-family: 'times new roman', times\">Av. Independencia 1800 \u2013 CP 4000<\/span><\/p>\n<p style=\"padding-left: 30px\"><span style=\"font-size: 12pt;font-family: 'times new roman', times\">San Miguel de Tucum\u00e1n, Tucum\u00e1n, Argentina<\/span><\/p>\n<p style=\"padding-left: 30px\"><span style=\"font-size: 12pt;font-family: 'times new roman', times\">Tel\/Fax Lab.: +54 (0) 381 4364093 Int. <\/span><\/p>\n<p style=\"padding-left: 30px\"><span style=\"font-size: 12pt;font-family: 'times new roman', times\">e-mail: estructuras2y3fau@herrera.unt.edu.ar<\/span><\/p>\n<p style=\"padding-left: 30px\"><span style=\"font-size: 12pt;font-family: 'times new roman', times\">e-mail: rafaelblanca57@gmail.com<\/span><\/p>\n<\/td>\n<\/tr>\n<\/tbody>\n<\/table>\n<\/div>\n<h4><\/h4>\n<h3 style=\"text-align: justify\">T\u00edtulos<\/h3>\n<ul style=\"text-align: justify\">\n<li>Ingeniero Civil, orientaci\u00f3n Estructuras (U.N.T.).<\/li>\n<\/ul>\n<p>&nbsp;<\/p>\n<h3 style=\"text-align: justify\">Especialidad<\/h3>\n<ul style=\"text-align: justify\">\n<li>Proyectos y Direcciones T\u00e9cnicas de Estructuras de Hormig\u00f3n Armado y Acero.<\/li>\n<li>Gerenciamiento y Direcciones T\u00e9cnicas de Proyectos y Emprendimientos Inmobiliarios.<\/li>\n<\/ul>\n<p>&nbsp;<\/p>\n<h3 style=\"text-align: justify\">Docencia<\/h3>\n<ul style=\"text-align: justify\">\n<li>POST GRADO &#8211; Profesor de la Asignatura Financiaci\u00f3n de Proyectos- Modelo Financieros , de la Maestr\u00eda en Proyectos de Ingenier\u00eda, (Master of Engineer Management) (dictado en UNT y Universidad de Biberach \u2013 Alemania).<\/li>\n<li>PROFESOR TITULAR, Disciplina Estructuras de la FAU-UNT, con atenci\u00f3n de las c\u00e1tedras Estructuras II y Estructuras III.<\/li>\n<li>PROFESOR TITULAR, en la\u00a0asignatura <a href=\"http:\/\/catedras.facet.unt.edu.ar\/estabilidadiii\/\" target=\"_blank\">ESTABILIDAD III<\/a> del\u00a0Area \u201cTeor\u00eda de las Estructuras\u201d , Carrera de Ingenier\u00eda Civil, FACET-UNT.<\/li>\n<\/ul>\n<p>&nbsp;<\/p>\n<h3 style=\"text-align: justify\">Cursos de Postgrado y Conferencias Dictadas<\/h3>\n<ul style=\"text-align: justify\">\n<li>Cursos de Postgrado en Universidades de Rep\u00fablica Argentina y Bolivia.<\/li>\n<li>Numerosas conferencias en Universidades e Instituciones T\u00e9cnico Cient\u00edficas sobre Ingenier\u00eda Estructural.<\/li>\n<li>Numerosas conferencias en Universidades e Instituciones T\u00e9cnico Cient\u00edficas sobre Gerenciamiento de proyectos y Evaluaci\u00f3n y Seguimiento de proyectos de Inversi\u00f3n.<\/li>\n<\/ul>\n<p>&nbsp;<\/p>\n<h3 style=\"text-align: justify\">Publicaciones y Presentaciones en Jornadas y Congresos<\/h3>\n<ul style=\"text-align: justify\">\n<li>Autor de trabajos con referato presentados en Congresos y Jornadas sobre la Especialidad de Dise\u00f1o y Proyectos Estructurales.<\/li>\n<li>Autor de trabajos con referato presentados en Congresos y Jornadas sobre la Especialidad de Gerenciamiento de Proyecto y Evaluaci\u00f3n y Seguimiento de proyectos de Inversi\u00f3n.<\/li>\n<\/ul>\n<p>&nbsp;<\/p>\n<h3 style=\"text-align: justify\">Gesti\u00f3n Acad\u00e9mica<\/h3>\n<ul style=\"text-align: justify\">\n<li>Profesor C\u00e1tedra INGENIERIA DE LA PRODUCCION Y GERENCIAMIENTO DE PROYECTOS, UNT Tucum\u00e1n.<\/li>\n<li>Carrera de Posgrado en proyecto \u201cEspecializaci\u00f3n en Ingeniar\u00eda Estructural\u201d, coordinador de Asignatura \u201cDise\u00f1o por Capacidad de Estructuras de Hormig\u00f3n Armado\u201d y Profesor de Estructuras Especiales. FACET, UNT.<\/li>\n<li>Designado Miembro del Cuerpo Acad\u00e9mico de la carrera &#8220;Especializaci\u00f3n en Ingeniar\u00eda Estructural&#8221;, coordinador de Asignatura \u201cDise\u00f1o por Capacidad de Estructuras de Hormig\u00f3n Armado\u201d. FACET, UNT.<\/li>\n<li>Coordinar del Area Teor\u00eda de las Estructuras, Depto de Ing. Civil de la Facultad de Ciencias Exactas y Tecnolog\u00eda, UNT. Desde 2009 a 2015.<\/li>\n<li>Consejero Docente por el Estamento de Profesores Titulares, de la Facultad de Arquitectura y Urbanismo, UNT, elegido para el per\u00edodo 2008-2009.<\/li>\n<li>Representante de la Universidad Nacional de Tucum\u00e1n, ante el Consejo Provincial de Prevenci\u00f3n S\u00edsmica, seg\u00fan res. Rectorado 032-98 Ref 1-98, de 3 de Abril de 1998.<\/li>\n<\/ul>\n<p>&nbsp;<\/p>\n<h3 style=\"text-align: justify\">Actividad Profesional<\/h3>\n<h6 style=\"text-align: justify\"><em>Proyectos y c\u00e1lculos estructurales<\/em><\/h6>\n<ul style=\"text-align: justify\">\n<li>Autor de m\u00e1s de 500 proyectos de Estructuras de Hormig\u00f3n Armado y Acero para Plantas Industriales, edificios en altura, edificios escolares, hospitales, tanques elevados, dep\u00f3sitos, etc., en Argentina y pa\u00edses de Latinoam\u00e9rica.<\/li>\n<\/ul>\n<h6 style=\"text-align: justify\"><em>Proyectos de puentes y viaductos<\/em><\/h6>\n<ul style=\"text-align: justify\">\n<li>Autor de m\u00e1s de 80 proyectos Proyecto de Estructuras de Hormig\u00f3n Armado, Pretensado, y Acero para puentes y viaductos para diversas obras viales en el pa\u00eds, Boiivia y Paraguay.<\/li>\n<\/ul>\n<h6 style=\"text-align: justify\"><em>Estudios de suelos realizados<\/em><\/h6>\n<ul style=\"text-align: justify\">\n<li>Autor de m\u00e1s de 250 estudios de suelos y posibilidades de fundaci\u00f3n para edificios en alturas, obras de infraestructura, pilotajes, etc.<\/li>\n<\/ul>\n<h6 style=\"text-align: justify\"><em>Desarrollos y management de proyectos<\/em><\/h6>\n<ul style=\"text-align: justify\">\n<li>Proyecto y gerenciamiento de importantes emprendimientos inmobiliarios y desarrollos comerciales, destac\u00e1ndose shopping centers y Estaciones Terminales de Omnibus, en Argentina y Venezuela, y numerosos desarrollos habitacionales.<\/li>\n<\/ul>\n<h6 style=\"text-align: justify\"><em>Proyectos y direcciones t\u00e9cnicas<\/em><\/h6>\n<ul style=\"text-align: justify\">\n<li>Proyecto, direcci\u00f3n t\u00e9cnica y administraci\u00f3n de variadas obras de Arquitectura e Ingenier\u00eda, destac\u00e1ndose m\u00e1s de cincuenta edificios habitacionales en altura, shopping centers, edificios educacionales, religiosos, etc, con una superficie de m\u00e1s de 300.000 metros cuadrados.<\/li>\n<\/ul>\n<h6 style=\"text-align: justify\"><em>Cargos y tareas profesionales<\/em><\/h6>\n<ul>\n<li style=\"text-align: justify\">Presidente Tribunal de Tasaciones Colegio Corredores Inmobiliarios Tucum\u00e1n.<\/li>\n<li style=\"text-align: justify\">Miembro CD C\u00e1mara de Constructores Privados Tucuman.<\/li>\n<li style=\"text-align: justify\">Titular del Estudio de Ingenier\u00eda <a href=\"http:\/\/www.rafaelblancayasoc.com\/\" target=\"_blank\">RAFAEL BLANCA Y ASOCIADOS<\/a>.<\/li>\n<li style=\"text-align: justify\">Auditor proyectos Estructurales TRANSNOA S.A. desde 2007.<\/li>\n<li style=\"text-align: justify\">Jefe Asesor\u00eda T\u00e9cnica Banco Noar desde Feb 1981 hasta Mayo 1995.<\/li>\n<li style=\"text-align: justify\">Jefe Depto T\u00e9cnico Banco Mayo Coop Ltdo, Tucum\u00e1n, de 1995 a 1998.<\/li>\n<li style=\"text-align: justify\">Tasador Banco Quilmes SA Suc Tucum\u00e1n, luego Scotia Bank.<\/li>\n<li style=\"text-align: justify\">Asesor t\u00e9cnico del CONSORCIO DEL NOROESTE ARGENTINO encargado para la COMERCIALIZACION DE BIENES DEL ESTADO seg\u00fan licitaci\u00f3n p\u00fablica Nacional de Julio de 1991.<\/li>\n<li style=\"text-align: justify\">Secretario Regional del XIII Congreso Panamericano de Valuaciones Buenos Aires, a\u00f1o 1985.<\/li>\n<li style=\"text-align: justify\">Asesor de C\u00e1mara Inmobiliaria de Tucum\u00e1n, rubro Construcciones 1987-1988.<\/li>\n<li style=\"text-align: justify\">Asesor Honorario Federaci\u00f3n Econ\u00f3mica de Tucum\u00e1n, Rubro Ingenier\u00eda Civil ,a\u00f1os 1982-1983.<\/li>\n<\/ul>\n","protected":false},"excerpt":{"rendered":"<p>Ing. BLANCA Rafael H\u00e9ctor Dpto. de Construcciones y Obras Civiles Facultad de Ciencias Exactas y Tecnolog\u00eda Universidad Nacional de Tucum\u00e1n Av. Independencia 1800 \u2013 CP 4000 San Miguel de Tucum\u00e1n, Tucum\u00e1n, Argentina Tel\/Fax Lab.: +54 (0) 381 4364093 Int. e-mail: estructuras2y3fau@herrera.unt.edu.ar e-mail: rafaelblanca57@gmail.com T\u00edtulos Ingeniero Civil, orientaci\u00f3n Estructuras (U.N.T.). &nbsp; Especialidad Proyectos y Direcciones T\u00e9cnicas [&hellip;]<\/p>\n","protected":false},"author":20,"featured_media":0,"parent":182,"menu_order":15,"comment_status":"closed","ping_status":"closed","template":"templates\/template-full-notitle.php","meta":[],"_links":{"self":[{"href":"https:\/\/www.facet.unt.edu.ar\/dcyoc\/wp-json\/wp\/v2\/pages\/484"}],"collection":[{"href":"https:\/\/www.facet.unt.edu.ar\/dcyoc\/wp-json\/wp\/v2\/pages"}],"about":[{"href":"https:\/\/www.facet.unt.edu.ar\/dcyoc\/wp-json\/wp\/v2\/types\/page"}],"author":[{"embeddable":true,"href":"https:\/\/www.facet.unt.edu.ar\/dcyoc\/wp-json\/wp\/v2\/users\/20"}],"replies":[{"embeddable":true,"href":"https:\/\/www.facet.unt.edu.ar\/dcyoc\/wp-json\/wp\/v2\/comments?post=484"}],"version-history":[{"count":28,"href":"https:\/\/www.facet.unt.edu.ar\/dcyoc\/wp-json\/wp\/v2\/pages\/484\/revisions"}],"predecessor-version":[{"id":902,"href":"https:\/\/www.facet.unt.edu.ar\/dcyoc\/wp-json\/wp\/v2\/pages\/484\/revisions\/902"}],"up":[{"embeddable":true,"href":"https:\/\/www.facet.unt.edu.ar\/dcyoc\/wp-json\/wp\/v2\/pages\/182"}],"wp:attachment":[{"href":"https:\/\/www.facet.unt.edu.ar\/dcyoc\/wp-json\/wp\/v2\/media?parent=484"}],"curies":[{"name":"wp","href":"https:\/\/api.w.org\/{rel}","templated":true}]}}