{"id":550,"date":"2015-03-14T16:39:56","date_gmt":"2015-03-14T19:39:56","guid":{"rendered":"https:\/\/www.facet.unt.edu.ar\/dcyoc\/?page_id=550"},"modified":"2018-03-13T14:13:21","modified_gmt":"2018-03-13T17:13:21","slug":"etse-guillermo","status":"publish","type":"page","link":"https:\/\/www.facet.unt.edu.ar\/dcyoc\/docentes\/etse-guillermo\/","title":{"rendered":"ETSE Guillermo"},"content":{"rendered":"<h2>Dr. Ing. ETSE Jos\u00e9 Guillermo<\/h2>\n<div>\n<table style=\"width: 750px; border-color: #ffffff;\">\n<tbody>\n<tr>\n<td style=\"width: 350px; height: 300px; background-color: #ffffff; border-color: #ffffff; text-align: center; vertical-align: middle;\"><img decoding=\"async\" loading=\"lazy\" class=\"wp-image-957 alignnone\" src=\"https:\/\/www.facet.unt.edu.ar\/dcyoc\/wp-content\/uploads\/sites\/23\/2018\/03\/getse-218x300.jpg\" alt=\"\" width=\"255\" height=\"350\" srcset=\"https:\/\/www.facet.unt.edu.ar\/dcyoc\/wp-content\/uploads\/sites\/23\/2018\/03\/getse-218x300.jpg 218w, https:\/\/www.facet.unt.edu.ar\/dcyoc\/wp-content\/uploads\/sites\/23\/2018\/03\/getse-768x1055.jpg 768w, https:\/\/www.facet.unt.edu.ar\/dcyoc\/wp-content\/uploads\/sites\/23\/2018\/03\/getse-745x1024.jpg 745w, https:\/\/www.facet.unt.edu.ar\/dcyoc\/wp-content\/uploads\/sites\/23\/2018\/03\/getse.jpg 1187w\" sizes=\"(max-width: 255px) 100vw, 255px\" \/><\/td>\n<td style=\"width: 400px; height: 300px; border-color: #ffffff; vertical-align: top;\">\n<p style=\"padding-left: 30px;\"><span style=\"font-size: 12pt; font-family: 'times new roman', times;\">CEMNCI | Centro de M\u00e9todos Num\u00e9ricos y Computacionales en Ingenier\u00eda<\/span><\/p>\n<p style=\"padding-left: 30px;\"><span style=\"font-size: 12pt; font-family: 'times new roman', times;\">Dpto. de Construcciones y Obras Civiles<\/span><\/p>\n<p style=\"padding-left: 30px;\"><span style=\"font-size: 12pt; font-family: 'times new roman', times;\"><a href=\"https:\/\/www.facet.unt.edu.ar\/\" target=\"_blank\" rel=\"noopener\">Facultad de Ciencias Exactas y Tecnolog\u00eda<\/a><\/span><\/p>\n<p style=\"padding-left: 30px;\"><span style=\"font-size: 12pt; font-family: 'times new roman', times;\"><a href=\"http:\/\/www.unt.edu.ar\/\" target=\"_blank\" rel=\"noopener\">Universidad Nacional de Tucum\u00e1n<\/a><\/span><\/p>\n<p style=\"padding-left: 30px;\"><span style=\"font-size: 12pt; font-family: 'times new roman', times;\">Av. Independencia 1800 \u2013 CP 4000<\/span><\/p>\n<p style=\"padding-left: 30px;\"><span style=\"font-size: 12pt; font-family: 'times new roman', times;\">San Miguel de Tucum\u00e1n, Tucum\u00e1n, Argentina<\/span><\/p>\n<p style=\"padding-left: 30px;\"><span style=\"font-size: 12pt; font-family: 'times new roman', times;\">Tel\/Fax Lab.: +54 (0) 381 436 4093 Interno 7856 o 7784<\/span><\/p>\n<p style=\"padding-left: 30px;\"><span style=\"font-size: 12pt; font-family: 'times new roman', times;\">e-mail: getse@herrera.unt.edu.ar<\/span><\/p>\n<\/td>\n<\/tr>\n<\/tbody>\n<\/table>\n<p>&nbsp;<\/p>\n<h3><strong>FORMACI\u00d3N <\/strong><\/h3>\n<ul>\n<li style=\"text-align: justify;\">1988 &#8211; 1992 DOKTOR-INGENIEUR,\u00a0Fakultaet fuer Bauingenieurwesesn (Facultad de Ingenier\u00eda Civil),\u00a0Universidad de Karlsruhe, Alemania Federal.<\/li>\n<li style=\"text-align: justify;\">1988 DIPLOM BAUINGENIEUR,\u00a0Facultaet fuer Bauingenieurwesen (Facultad de Ingenier\u00eda Civil),\u00a0Universidad de Karlsruhe, Alemania Federal.<\/li>\n<li style=\"text-align: justify;\">1986 &#8211; 1988 MAGISTER EN INGENIER\u00cdA ESTRUCTURAL. Facultad de Ciencias Exactas y Tecnolog\u00eda,\u00a0Universidad Nacional de Tucum\u00e1n &#8211; Argentina.<\/li>\n<li style=\"text-align: justify;\">1976 &#8211; 1982 INGENIERO CIVIL Facultad de Ciencias Exactas y Tecnolog\u00eda,\u00a0Universidad Nacional de Tucum\u00e1n &#8211; Argentina.<\/li>\n<\/ul>\n<p>&nbsp;<\/p>\n<h3><strong>BECAS <\/strong><\/h3>\n<ul>\n<li style=\"text-align: justify;\">2000 &#8211; 2001 BECA NIVEL SUPERIOR &#8211; FUNDACI\u00d3N KONRAD ADENAUER en el Instituto de Mec\u00e1nica de la Universidad de Kaiserslautern, Alemania.<\/li>\n<li style=\"text-align: justify;\">1996 BECA POSTDOCTORAL &#8211; FOMEC en Department of Civil, Architectural and Environmental Engineering, University of Colorado at Boulder, U.S.A.<\/li>\n<li style=\"text-align: justify;\">1988 &#8211; 1990 BECA &#8211; <em>INSTITUTO DE PROMOCI\u00d3N PARA ESTUDIANTES ALTAMENTE DOTADOS <\/em>&#8211; FUNDACI\u00d3N KONRAD ADENAUER en el Instituto de Mec\u00e1nica de la Facultad de Ingenier\u00eda Civil, Universidad de Karlsruhe, Alemania.<\/li>\n<li style=\"text-align: justify;\">1984 &#8211; 1988 BECA DE INICIACI\u00d3N Y PERFECCIONAMIENTO \u2013 CONICET<\/li>\n<li style=\"text-align: justify;\">2000 \u2013 2001 BECA NIVEL SUPERIOR DE \u201cFUNDACI\u00d3N KONRAD ADENAUER\u201d en la Universidad de Kaiserslautern, Alemania. Instituto de Mecanica<\/li>\n<\/ul>\n<p>&nbsp;<\/p>\n<h3><strong>ANTECEDENTES ACADEMICOS Y CIENTIFICOS <\/strong><strong>(\u00faltimos 20 a\u00f1os).<\/strong><\/h3>\n<ul>\n<li style=\"text-align: justify;\">Actualmente PROFESOR TITULAR en:\u00a0Mec\u00e1nica T\u00e9cnica I, Estudio Mat. I (Ing. Civil), Mec\u00e1nica del Continuo y Teor\u00eda Gral de Met. Comp en Ing. (Mag\u00edster en Met. Num y Comp en Ing., Doctorado en Ciencias Exactas e Ingenier\u00eda, Magister en Ing. Estructural).<\/li>\n<li style=\"text-align: justify;\">Jun 2016 PROFESOR VISITANTE, Universidad de Leipzig, Alemania.<\/li>\n<li style=\"text-align: justify;\">May-Jun 2015 PROFESOR VISITANTE, Universidad de Minho, Portugal.<\/li>\n<li style=\"text-align: justify;\">Jun 2014 PROFESOR VISITANTE, Polit\u00e9cnico de Mil\u00e1n, Italia.<\/li>\n<li style=\"text-align: justify;\">Ene-Mar 2013 PROFESOR VISITANTE, Universidad de Salerno, Italia.<\/li>\n<li style=\"text-align: justify;\">Ene-Abr 2009 PROFESOR VISITANTE, Universidad de Bochum, Alemania.<\/li>\n<li style=\"text-align: justify;\">Enero-Marzo 2006 y Ago-Oct 2003 PROFESOR VISITANTE. Universidad Polit\u00e9cnica de Catalu\u00f1a, Barcelona Espa\u00f1a. Escuela de Caminos Canales y Puertos.<\/li>\n<li style=\"text-align: justify;\">2005,1997 y 1998 PROFESOR INVITADO del Dpt. of Civil, Architectural &amp; Environmental Engineering, University of Colorado at Boulder, USA.<\/li>\n<li style=\"text-align: justify;\">Desde 2005 DIRECTOR ACAD\u00c9MICO del \u201cDoctorado en Ciencias Exactas e Ingenier\u00eda\u201d. FCEyT \u2013 Univ. Nac.Tucum\u00e1n. Nombrado por Resoluci\u00f3n de Consejo Directivo y Consejo Superior.<\/li>\n<li style=\"text-align: justify;\">Ene-Feb 2001 PROFESOR DE POSTGRADO. Universidad de Kaiserslautern, Alemania. Responsable del curso \u201cAdvanced Non-Linear Mechanics of Solid Materials\u201d.<\/li>\n<li style=\"text-align: justify;\">Desde 1999 DIRECTOR ACAD\u00c9MICO del \u201cMagister en M\u00e9todos Num\u00e9ricos y Computacionales en Ingenier\u00eda\u201d. FCEyT &#8211; Universidad Nacional de Tucum\u00e1n y FCEyT &#8211; Universidad Nacional de Santiago del Estero. Titulaci\u00f3n conjunta entre ambas universidades.<\/li>\n<li style=\"text-align: justify;\">desde 2001 PROFESOR de \u201cTeoria Gral de Met. Comput. en Ing.\u201d y de \u201cMecanica del Continuo\u201d de las carreras de posgrado <em>Mag\u00edster en Met Num y Comp en Ingenier\u00eda <\/em>y <em>Doctorado en Ciencias Exactas e Ingenieria<\/em>. FCEyT &#8211; UNT<\/li>\n<li style=\"text-align: justify;\">Jun. 1999 PROFESOR INVITADO de la Escuela de Caminos Canales y Puertos, Universidad Polit\u00e9cnica de Catalu\u00f1a, Espa\u00f1a.<\/li>\n<li style=\"text-align: justify;\">Desde 1997 CATEGOR\u00cdA EQUIVALENTE DE INVESTIGACION: I. R\u00e9gimen Legal del Programa de Incentivos del Ministerio de Cultura y Educaci\u00f3n de la Naci\u00f3n.<\/li>\n<li style=\"text-align: justify;\">1996 y 1999 PROFESOR INVITADO del \u201cMag\u00edster en Ing.Estructural\u201d , Facultad de Ingenier\u00eda &#8211; Univ. Nac. de Rosario. Curso de Posgrado \u201cTeor\u00edas Constitutivas para Materiales Ingenieriles\u201d.<\/li>\n<li style=\"text-align: justify;\">Dic. 1997 PROFESOR INVITADO. Dictado del Curso de Posgrado \u201cAn\u00e1lisis de Falla en Materiales y Estructuras\u201d, perteneciente al Doctorado en Ingenier\u00eda. Facultad de Ingenier\u00eda &#8211; UBA<\/li>\n<li style=\"text-align: justify;\">1996 &#8211; 1998 DIRECTOR DE LA ESCUELA DE ING. CIVIL. FCEyT &#8211; UNSE<\/li>\n<\/ul>\n<p>&nbsp;<\/p>\n<h3 style=\"text-align: justify;\"><strong>ANTECEDENTES PROFESIONALES <\/strong><\/h3>\n<ul>\n<li style=\"text-align: justify;\">desde 1995 Consultor de Ingenier\u00eda Estructural y Mec\u00e1nica Computacional. Estudios de Factibilidad de Proyectos y C\u00e1lculo de Estructuras, Verificaci\u00f3n computacional de la seguridad Est\u00e1tica y Din\u00e1mica de Sistemas Estructurales, Problemas de Interacci\u00f3n Suelo-Estructura, An\u00e1lisis Computacional de Problemas No Lineales y Falla de Estructuras.<\/li>\n<li style=\"text-align: justify;\">1992 &#8211; 1995 Ingeniero de Proyectos y Desarrollo de Software para Ingenier\u00eda,<\/li>\n<li style=\"text-align: justify;\">Departamento Ingenieurbau und Konstruktionssoftware (IKS) de la firma HOCHTIEF A.G., Frankfurt, Alemania Federal. Tareas Espec\u00edficas: Desarrollo de Software para el an\u00e1lisis de la seguridad din\u00e1mica de estructuras de centrales nucleares (acciones producidas por sismos y por impactos de aviones). Direcci\u00f3n de grupo de desarrollo de software computacional para ingenier\u00eda.<\/li>\n<\/ul>\n<h3><strong>PREMIOS Y DISTINCIONES <\/strong><\/h3>\n<ul>\n<li style=\"text-align: justify;\">2004 Premio AMCA 2004 a la Trayectoria Docente, Profesionales y Cient\u00edfica en Argentina. Asociaci\u00f3n Argentina de Mec\u00e1nica Computacional<\/li>\n<li style=\"text-align: justify;\">1997 Categor\u00eda Equivalente de Investigaci\u00f3n: 1 &#8211; Comisi\u00f3n Nacional de Categorizaci\u00f3n. Programa de Incentivos. Ministerio de Cultura y Educaci\u00f3n de la Naci\u00f3n. Total de puntos otorgados: 1220.<\/li>\n<li style=\"text-align: justify;\">1996 Premio de la Academia Nacional de Ciencias Exactas, F\u00edsicas y Naturales de la Rep. Argentina, \u201cIngeniero Enrique Villareal\u201d en Ing. Estructural por actuaci\u00f3n en el campo cient\u00edfico y profesional.<\/li>\n<li style=\"text-align: justify;\">1994 Seleccionado por la Secretar\u00eda de Ciencia y T\u00e9cnica de la Naci\u00f3n para el Programa PROCYTEC para la Repatriaci\u00f3n de Investigadores Argentinos Destacados en el Extranjero.<\/li>\n<li style=\"text-align: justify;\">1992 Distinci\u00f3n con la m\u00e1xima calificaci\u00f3n que otorgan las universidades alemanas a las tesis para el grado Doktor-Ingenieur. Universidad de Karlsruhe.<\/li>\n<li style=\"text-align: justify;\">1988 Distinci\u00f3n con la m\u00e1xima calificaci\u00f3n por defensa de Tesis de Mag\u00edster en Ingenier\u00eda Estructural, Universidad Nacional de Tucum\u00e1n.<\/li>\n<\/ul>\n<p>&nbsp;<\/p>\n<h3><strong>FORMACI\u00d3N DE RECURSOS HUMANOS <\/strong><\/h3>\n<p>DIRECCI\u00d3N DE TESIS DE MAG\u00cdSTER O MASTER<\/p>\n<ul>\n<li>4 Mag\u00edsters en Ingenier\u00eda Estructural &#8211; UNT<\/li>\n<li>1 Master en Tecnolog\u00eda y Construcciones del Hormig\u00f3n &#8211; UNICEN<\/li>\n<li>6 Mag\u00edster en M\u00e9todos Num\u00e9ricos y Computacionales en Ingenier\u00eda &#8211; UNT<\/li>\n<li>2 Mag\u00edster en M\u00e9todos Num\u00e9ricos y Computacionales en Ingenier\u00eda &#8211; UNSE<\/li>\n<li>2 Maestrando &#8211; UNT<\/li>\n<\/ul>\n<p>DIRECCI\u00d3N DE TESIS DE DOCTORADO.<\/p>\n<ul>\n<li>2 Doctores en Ingenier\u00eda &#8211; UNT<\/li>\n<li>6 Doctores en Ciencias Exactas e Ingenier\u00eda \u2013 UNT<\/li>\n<li>3 Doctores en Ingenier\u00eda &#8211; UBA<\/li>\n<\/ul>\n<p>&nbsp;<\/p>\n<h3><strong>ACTUACIONES COMO CONFERENCISTA (\u00faltimos 5 a\u00f1os).<\/strong><\/h3>\n<ul>\n<li style=\"text-align: justify;\">Cfrac 2011.- Int.Conf. on Comput. Modeling of Fracture. Barcelona. Jun. 2011.<\/li>\n<li style=\"text-align: justify;\">Universidad de Salerno, Italia. Enero 2013.<\/li>\n<li style=\"text-align: justify;\">Politecnico de Milan, Italia. Julio 2014<\/li>\n<li style=\"text-align: justify;\">Int. Workshop on durability and Sustainability of Concrete Structures-DSCS. Bologna, Italia, Oct. 2015.<\/li>\n<\/ul>\n<p>&nbsp;<\/p>\n<h3 style=\"text-align: justify;\"><strong>TRABAJOS DOCUMENTADOS Y PUBLICACIONES <\/strong><\/h3>\n<p style=\"text-align: justify;\"><strong>Tesis <\/strong><\/p>\n<ul>\n<li style=\"text-align: justify;\">Etse, G., &#8220;Theoretische und numerische Untersuchung zum diffusen und lokalisierten Versagen in Beton&#8221;. <em>Tesis de Doktor Ingenieur<\/em>. 202 p\u00e1ginas. Editada por el Instituto de Mec\u00e1nica de la Universidad de Karlsruhe, Alemania Federal. 1992.<\/li>\n<li style=\"text-align: justify;\">Etse, G., &#8220;Estudio del Comportamiento Sismorresistente de Nudos Viga-Columna de Hormig\u00f3n Armado&#8221;. <em>Tesis de Magister en Ing. Estructural. <\/em>262 p\u00e1ginas. Editada por el Laboratorio de Estructuras de la U.N.T. 1988.<\/li>\n<\/ul>\n<p>&nbsp;<\/p>\n<p style=\"text-align: justify;\"><strong>Art\u00edculos en Revistas Cient\u00edficas Indexadas (\u00faltimos 5 a\u00f1os).<\/strong><\/p>\n<ul>\n<li style=\"text-align: justify;\">Mroginski, J., Etse, G. \u201cA finite element formulation of gradient-based plasticity for porous media with C1 interpolation of state variables\u201d <em>Computers &amp; Geotechnics. <\/em>ISSN 0266-352X Vol. 49, P\u00e1gs. 7-17. 2013.<\/li>\n<li style=\"text-align: justify;\">Mroginski, J., Etse, G. \u201cDiscontinuous bifurcation analysis of thermodynamically consistent gradient poroplastic materials\u201d <em>International Journal of Solids and Structures. <\/em>ISSN 0020-7683 Vol. 51, P\u00e1gs. 1834-1846. 2014.<\/li>\n<li style=\"text-align: justify;\">Ripani, M., Etse, G., Vrech, S., Mroginski, J. \u201cThermodynamic gradient-based poroplastic theory for concrete under high temperatures\u201d <em>International Journal of Plasticity. <\/em>ISSN 07496419 Vol. 61 P\u00e1gs 157-177. 2014.<\/li>\n<li style=\"text-align: justify;\">Caggiano, A. Etse, G. \u201cCoupled Thermo-Mechanical Interface Model for Concrete Failure Analysis Under High Temperature\u201d <em>Computer Methods in Applied Mechanics and engineering. <\/em>ISSN 0045-7825. 289:498-516. 2015.<\/li>\n<li style=\"text-align: justify;\">Vrech, S., Etse, G., Caggiano, A. \u201cThermodynamically consistent elasto-plastic microplane formulation for fiber reinforced concrete\u201d, <em>International Journal of Solids and Structures<\/em>. Vol.81, 337-349. 2016.<\/li>\n<li style=\"text-align: justify;\">Etse, G., Vrech, S., Ripani, M. \u201cConstitutive theory for recycled aggregate concretes subjected to high temperature\u201d, <em>Int. Journal of Construction and Building Materials<\/em>, Vol.111, 43-53. 2016.<\/li>\n<li style=\"text-align: justify;\">Lopez Rivarola, F., Etse, G., Folino, P. \u201cOn Thermodynamic Consistency of homogenization-based Multiscale Theories\u201d. <em>Journal of Engineering Materials and Technology, ASME. <\/em>Vol 139, pags.031011-1 \u2013 031011-9. 2017.<\/li>\n<li style=\"text-align: justify;\">Caggiano, A., Etse, G., Ferrara, L., Krelani, V. \u201cZero-thickness interface constitutive theory for concrete self-healing effects\u201d, Computers and Structures. Vol. 186, Pags. 22-34. 2017.<\/li>\n<li style=\"text-align: justify;\">Caggiano, A., Said Schicchi, D., Etse, G., Ripani, M. Meso-scale response of concrete under high temperature based on coupled thermo-mechanical and pore-pressure interface modeling. Engineering Failure Analysis, Vol. 85, Pags. 167-188. 2018.<\/li>\n<li style=\"text-align: justify;\">Xargay, H., Folino, P., Sambataro, L., Etse, G., Temperature effects on failure behavior of Self-Compacting High Strength plain and Fiber Reinforced Concrete. <em>Constructions and Building Materials<\/em>. Vol 165, pags. 723-734. 2018.<\/li>\n<li style=\"text-align: justify;\">Vrech, S., Etse, G., Ripani, M., Numerical assessment of temperature effects on concrete failure behavior. Int. Journal of Fracture. Aceptado para publicacion, Marzo 2018.<\/li>\n<\/ul>\n<p>&nbsp;<\/p>\n<p><strong>Art\u00edculos en Libros con Referato. <\/strong><strong>(<\/strong><strong>\u00faltimos 5 a\u00f1os).<\/strong><\/p>\n<ul>\n<li style=\"text-align: justify;\">Etse, G., Ripani, M., Vrech, S. \u201cFracture energy-based thermodynamically consistent gradient model for concrete under high temperature\u201d. Int Association for Fracture Mechanics of Concrete and Concrete Structures, ISBN 978 84 941004 1 3. A\u00f1o 8, p\u00e1g. 1506-1515 \u2013 Toledo, Espa\u00f1a. 2013.<\/li>\n<li style=\"text-align: justify;\">Vrech, S., Ripani, M., Etse, G., Caggiano, A. \u201cConstitutive modeling for failure properties analysis of concrete with recycled aggregates\u201d &#8211; ACI Italy Chapter 3rd Workshop: ISBN 9788890429279. 2013.<\/li>\n<li style=\"text-align: justify;\">Etse, G., Ripani, M., Morginski, J. \u201cComputational Failure Analysis of Concrete under High Temperature\u201d Computational Modelling of Concrete Structures, Editado por Meschke, de Borst, Mang &amp; Bi\u0107ani\u0107, Taylor &amp; Francis Group, London, ISBN: 978-0-415-58479-1, Vol. 2. 2014.<\/li>\n<li style=\"text-align: justify;\">Mroginski, J.L., Etse, G., Ripani, M. \u201cA Non-isothermal Consolidation Model for Gradient-based Poroplasticity\u201d. PANACM 2015. 1er Cong Panamericano en Mec. Comp. Vol I. ISBN 978 84 943928 2 5. Bs Aires, 2015.<\/li>\n<li style=\"text-align: justify;\">Caggiano, A., Kelani, V., Ferrara, L., Etse, G. \u201cZero-Thickness Interface for Fracture analysis of Self-Healing Concrete\u201d PANACM 2015. 1er Cong Panamericano Mec.Comp. Vol.I ISBN 978 84 943928 2 5. Bs Aires. 2015.<\/li>\n<li style=\"text-align: justify;\">Vrech, S.M., Caggiano, A., Etse, G. \u201cContinuous Microplane Theory and Interface Approach for Failure form Analysis of Steel Fiber Reinforced Concrete\u201d PANACM 2015. 1er Congreso Panamericano en Mec\u00e1nica Computacional. Vol. I P\u00e1gs. 75-84. ISBN 978 84 943928 2 5. Buenos Aires, Argentina. 2015.<\/li>\n<li style=\"text-align: justify;\">Vrech, S.M., Ripani, M., Etse, G. \u201cLocalized versus diffused failure modes in concrete subjected to high temperature\u201d PANACM 2015. 1er Congreso Panamericano en Mec\u00e1nica Computacional. Vol. I P\u00e1gs. 249-260. ISBN 978 84 943928 2 5. Buenos Aires, Argentina. 2015.<\/li>\n<li style=\"text-align: justify;\">Etse, G., Said Schicchi, D., Caggiano, A. Discontinuous approach for meso-scale modeling of porous materials like concrete under high temperature. IFRAMCOS, ISBN 978 84 941004 1 3. Univ of CA at Berkeley. 2016.<\/li>\n<li style=\"text-align: justify;\">Etse, G., Benedetto, M., Caggiano, A. Concrete mesoscopic failure analysis with the Virtual Element Method. Computational Modelling of Concrete Structures, Euro-C. ISBN 978-1-138-74117-1. CRC Press Balkema. Vol. I, pags. 403-412. 2018.<\/li>\n<\/ul>\n<p style=\"text-align: justify;\"><strong>Presentaciones\/Comunicaciones a Congresos. <\/strong><\/p>\n<ul>\n<li style=\"text-align: justify;\">Congresos Internacionales. (68 trabajos)<\/li>\n<li style=\"text-align: justify;\">Congresos Nacionales. (142 trabajos).<\/li>\n<\/ul>\n<\/div>\n","protected":false},"excerpt":{"rendered":"<p>Dr. Ing. ETSE Jos\u00e9 Guillermo CEMNCI | Centro de M\u00e9todos Num\u00e9ricos y Computacionales en Ingenier\u00eda Dpto. de Construcciones y Obras Civiles Facultad de Ciencias Exactas y Tecnolog\u00eda Universidad Nacional de Tucum\u00e1n Av. Independencia 1800 \u2013 CP 4000 San Miguel de Tucum\u00e1n, Tucum\u00e1n, Argentina Tel\/Fax Lab.: +54 (0) 381 436 4093 Interno 7856 o 7784 e-mail: [&hellip;]<\/p>\n","protected":false},"author":20,"featured_media":0,"parent":182,"menu_order":31,"comment_status":"closed","ping_status":"closed","template":"templates\/template-full-notitle.php","meta":[],"_links":{"self":[{"href":"https:\/\/www.facet.unt.edu.ar\/dcyoc\/wp-json\/wp\/v2\/pages\/550"}],"collection":[{"href":"https:\/\/www.facet.unt.edu.ar\/dcyoc\/wp-json\/wp\/v2\/pages"}],"about":[{"href":"https:\/\/www.facet.unt.edu.ar\/dcyoc\/wp-json\/wp\/v2\/types\/page"}],"author":[{"embeddable":true,"href":"https:\/\/www.facet.unt.edu.ar\/dcyoc\/wp-json\/wp\/v2\/users\/20"}],"replies":[{"embeddable":true,"href":"https:\/\/www.facet.unt.edu.ar\/dcyoc\/wp-json\/wp\/v2\/comments?post=550"}],"version-history":[{"count":7,"href":"https:\/\/www.facet.unt.edu.ar\/dcyoc\/wp-json\/wp\/v2\/pages\/550\/revisions"}],"predecessor-version":[{"id":958,"href":"https:\/\/www.facet.unt.edu.ar\/dcyoc\/wp-json\/wp\/v2\/pages\/550\/revisions\/958"}],"up":[{"embeddable":true,"href":"https:\/\/www.facet.unt.edu.ar\/dcyoc\/wp-json\/wp\/v2\/pages\/182"}],"wp:attachment":[{"href":"https:\/\/www.facet.unt.edu.ar\/dcyoc\/wp-json\/wp\/v2\/media?parent=550"}],"curies":[{"name":"wp","href":"https:\/\/api.w.org\/{rel}","templated":true}]}}