{"id":572,"date":"2015-03-14T17:16:08","date_gmt":"2015-03-14T20:16:08","guid":{"rendered":"https:\/\/www.facet.unt.edu.ar\/dcyoc\/?page_id=572"},"modified":"2015-03-28T23:14:10","modified_gmt":"2015-03-29T02:14:10","slug":"cesano-dante","status":"publish","type":"page","link":"https:\/\/www.facet.unt.edu.ar\/dcyoc\/docentes\/cesano-dante\/","title":{"rendered":"CESANO Dante"},"content":{"rendered":"<h2>Ing. CESANO Dante Mario<\/h2>\n<div>\n<table style=\"width: 750px;border-color: #ffffff\">\n<tbody>\n<tr>\n<td style=\"width: 350px;height: 300px;text-align: center;vertical-align: middle;background-color: #ffffff\"><img decoding=\"async\" loading=\"lazy\" class=\" wp-image-511 alignnone\" src=\"https:\/\/www.facet.unt.edu.ar\/dcyoc\/wp-content\/uploads\/sites\/23\/2015\/03\/foto_cv_1-300x300.jpg\" alt=\"foto_cv_1\" width=\"300\" height=\"300\" srcset=\"https:\/\/www.facet.unt.edu.ar\/dcyoc\/wp-content\/uploads\/sites\/23\/2015\/03\/foto_cv_1-300x300.jpg 300w, https:\/\/www.facet.unt.edu.ar\/dcyoc\/wp-content\/uploads\/sites\/23\/2015\/03\/foto_cv_1-150x150.jpg 150w, https:\/\/www.facet.unt.edu.ar\/dcyoc\/wp-content\/uploads\/sites\/23\/2015\/03\/foto_cv_1.jpg 400w\" sizes=\"(max-width: 300px) 100vw, 300px\" \/><\/td>\n<td style=\"width: 400px;height: 300px;border-color: #ffffff;vertical-align: top\">\n<p style=\"padding-left: 30px\"><span style=\"font-size: 12pt;font-family: 'times new roman', times\">Dpto. de Construcciones y Obras Civiles<\/span><\/p>\n<p style=\"padding-left: 30px\"><span style=\"font-size: 12pt;font-family: 'times new roman', times\"><a href=\"https:\/\/www.facet.unt.edu.ar\/\" target=\"_blank\">Facultad de Ciencias Exactas y Tecnolog\u00eda<\/a><\/span><\/p>\n<p style=\"padding-left: 30px\"><span style=\"font-size: 12pt;font-family: 'times new roman', times\"><a href=\"http:\/\/www.unt.edu.ar\/\" target=\"_blank\">Universidad Nacional de Tucum\u00e1n<\/a><\/span><\/p>\n<p style=\"padding-left: 30px\"><span style=\"font-size: 12pt;font-family: 'times new roman', times\">Av. Independencia 1800 \u2013 CP 4000<\/span><\/p>\n<p style=\"padding-left: 30px\"><span style=\"font-size: 12pt;font-family: 'times new roman', times\">San Miguel de Tucum\u00e1n, Tucum\u00e1n, Argentina<\/span><\/p>\n<p style=\"padding-left: 30px\"><span style=\"font-size: 12pt;font-family: 'times new roman', times\">Tel\/Fax Lab.: +54 (0) 381 4246695<\/span><\/p>\n<p style=\"padding-left: 30px\"><span style=\"font-size: 12pt;font-family: 'times new roman', times\">e-mail: dante.cesano@refinor.com<\/span><\/p>\n<\/td>\n<\/tr>\n<\/tbody>\n<\/table>\n<\/div>\n<p>&nbsp;<\/p>\n<h4>T\u00edtulos<\/h4>\n<ul>\n<li>Ingeniero Civil.<\/li>\n<\/ul>\n<h4>Especialidad<\/h4>\n<ul>\n<li>Estructuras.<\/li>\n<\/ul>\n<h4>Docencia<\/h4>\n<ul>\n<li>Jefe de Trabajos Pr\u00e1cticos con Semidedicaci\u00f3n en Estabilidad I (Ingenier\u00eda Mec\u00e1nica), Estabilidad I ( Ingenier\u00eda Civil), Estabilidad y Resistencia de Materiales (Ingenier\u00eda Industrial).<\/li>\n<\/ul>\n<h4>Cursos<\/h4>\n<ul>\n<li>\u201cACCION DEL VIENTO EN LAS CONSTRUCCIONES-CIRSOC 102\u201d, a cargo de los Ingenieros Roberto Cudmani y Juan Carlos Reimund\u00edn-UNT- Octubre de 2002.<\/li>\n<li>\u201cSEMINARIO SOBRE CONSTRUCCI\u00d3N EN SECO\u201d, a cargo de las firmas Eternit Argentina, Royal Technologies Mercosur, Knauf Argentina e Isover Argentina &#8211; 1 y 2 de Setiembre 2004.<\/li>\n<li>\u201cPROGRAMA INTEGRAL DE CONTROL DE GESTION- IN COMPANY REFINOR S.A.\u201d, a cargo del Prof. Julio Marcelo Soria ( Grupo Sonnenfeld ) \u2013 Noviembre 2004.<\/li>\n<li>\u201cCurso de HAZID-HAZOP HAZARD AND OPERABILITY ANALYSIS\u201d, a cargo del Bureau Veritas \u2013 Mayo 2005.<\/li>\n<li>\u201cComo gestionar los RRHH y las Comunicaciones en un Proyecto&#8221; a cargo del Prof. Alberto L\u00f3pez del grupo Axis \u2013 Group \u2013 Junio 2007.<\/li>\n<li>\u201cGesti\u00f3n de Riesgos, Calidad y Contratos &#8221; a cargo del Prof. Alberto L\u00f3pez del grupo Axis \u2013 Group \u2013 Setiembre 2007.<\/li>\n<\/ul>\n<h4>Actividad Profesional<\/h4>\n<ul>\n<li>Trabajo profesional desarrollando tareas de inspecci\u00f3n de obras, confecci\u00f3n de presupuestos, elaboraci\u00f3n de pliegos t\u00e9cnicos para licitaci\u00f3n de obras y coordinaci\u00f3n de Obras y Proyectos para la Empresa Refinor SA.<\/li>\n<\/ul>\n","protected":false},"excerpt":{"rendered":"<p>Ing. CESANO Dante Mario Dpto. de Construcciones y Obras Civiles Facultad de Ciencias Exactas y Tecnolog\u00eda Universidad Nacional de Tucum\u00e1n Av. Independencia 1800 \u2013 CP 4000 San Miguel de Tucum\u00e1n, Tucum\u00e1n, Argentina Tel\/Fax Lab.: +54 (0) 381 4246695 e-mail: dante.cesano@refinor.com &nbsp; T\u00edtulos Ingeniero Civil. Especialidad Estructuras. Docencia Jefe de Trabajos Pr\u00e1cticos con Semidedicaci\u00f3n en Estabilidad [&hellip;]<\/p>\n","protected":false},"author":20,"featured_media":0,"parent":182,"menu_order":19,"comment_status":"closed","ping_status":"closed","template":"templates\/template-full-notitle.php","meta":[],"_links":{"self":[{"href":"https:\/\/www.facet.unt.edu.ar\/dcyoc\/wp-json\/wp\/v2\/pages\/572"}],"collection":[{"href":"https:\/\/www.facet.unt.edu.ar\/dcyoc\/wp-json\/wp\/v2\/pages"}],"about":[{"href":"https:\/\/www.facet.unt.edu.ar\/dcyoc\/wp-json\/wp\/v2\/types\/page"}],"author":[{"embeddable":true,"href":"https:\/\/www.facet.unt.edu.ar\/dcyoc\/wp-json\/wp\/v2\/users\/20"}],"replies":[{"embeddable":true,"href":"https:\/\/www.facet.unt.edu.ar\/dcyoc\/wp-json\/wp\/v2\/comments?post=572"}],"version-history":[{"count":3,"href":"https:\/\/www.facet.unt.edu.ar\/dcyoc\/wp-json\/wp\/v2\/pages\/572\/revisions"}],"predecessor-version":[{"id":752,"href":"https:\/\/www.facet.unt.edu.ar\/dcyoc\/wp-json\/wp\/v2\/pages\/572\/revisions\/752"}],"up":[{"embeddable":true,"href":"https:\/\/www.facet.unt.edu.ar\/dcyoc\/wp-json\/wp\/v2\/pages\/182"}],"wp:attachment":[{"href":"https:\/\/www.facet.unt.edu.ar\/dcyoc\/wp-json\/wp\/v2\/media?parent=572"}],"curies":[{"name":"wp","href":"https:\/\/api.w.org\/{rel}","templated":true}]}}