{"id":574,"date":"2015-03-14T17:16:46","date_gmt":"2015-03-14T20:16:46","guid":{"rendered":"https:\/\/www.facet.unt.edu.ar\/dcyoc\/?page_id=574"},"modified":"2015-03-29T00:35:09","modified_gmt":"2015-03-29T03:35:09","slug":"cesano-sergio","status":"publish","type":"page","link":"https:\/\/www.facet.unt.edu.ar\/dcyoc\/docentes\/cesano-sergio\/","title":{"rendered":"CESANO Sergio"},"content":{"rendered":"<h2>Ing. CESANO Sergio Daniel<\/h2>\n<div>\n<table style=\"width: 750px;border-color: #ffffff\">\n<tbody>\n<tr>\n<td style=\"width: 350px;height: 300px;text-align: center;vertical-align: middle;background-color: #ffffff\"><img decoding=\"async\" loading=\"lazy\" class=\" wp-image-511 alignnone\" src=\"https:\/\/www.facet.unt.edu.ar\/dcyoc\/wp-content\/uploads\/sites\/23\/2015\/03\/foto_cv_1-300x300.jpg\" alt=\"foto_cv_1\" width=\"300\" height=\"300\" srcset=\"https:\/\/www.facet.unt.edu.ar\/dcyoc\/wp-content\/uploads\/sites\/23\/2015\/03\/foto_cv_1-300x300.jpg 300w, https:\/\/www.facet.unt.edu.ar\/dcyoc\/wp-content\/uploads\/sites\/23\/2015\/03\/foto_cv_1-150x150.jpg 150w, https:\/\/www.facet.unt.edu.ar\/dcyoc\/wp-content\/uploads\/sites\/23\/2015\/03\/foto_cv_1.jpg 400w\" sizes=\"(max-width: 300px) 100vw, 300px\" \/><\/td>\n<td style=\"width: 400px;height: 300px;border-color: #ffffff;vertical-align: top\">\n<p style=\"padding-left: 30px\"><span style=\"font-size: 12pt;font-family: 'times new roman', times\">Dpto. de Construcciones y Obras Civiles<\/span><\/p>\n<p style=\"padding-left: 30px\"><span style=\"font-size: 12pt;font-family: 'times new roman', times\"><a href=\"https:\/\/www.facet.unt.edu.ar\/\" target=\"_blank\">Facultad de Ciencias Exactas y Tecnolog\u00eda<\/a><\/span><\/p>\n<p style=\"padding-left: 30px\"><span style=\"font-size: 12pt;font-family: 'times new roman', times\"><a href=\"http:\/\/www.unt.edu.ar\/\" target=\"_blank\">Universidad Nacional de Tucum\u00e1n<\/a><\/span><\/p>\n<p style=\"padding-left: 30px\"><span style=\"font-size: 12pt;font-family: 'times new roman', times\">Av. Independencia 1800 \u2013 CP 4000<\/span><\/p>\n<p style=\"padding-left: 30px\"><span style=\"font-size: 12pt;font-family: 'times new roman', times\">San Miguel de Tucum\u00e1n, Tucum\u00e1n, Argentina<\/span><\/p>\n<p style=\"padding-left: 30px\"><span style=\"font-size: 12pt;font-family: 'times new roman', times\">Tel. Lab.: +54 (0) 381 4364093 Int.<\/span><\/p>\n<p style=\"padding-left: 30px\"><span style=\"font-size: 12pt;font-family: 'times new roman', times\">e-mail: scesano@arnet.com.ar<\/span><\/p>\n<\/td>\n<\/tr>\n<\/tbody>\n<\/table>\n<\/div>\n<p>&nbsp;<\/p>\n<h4 style=\"text-align: justify\">T\u00edtulos<\/h4>\n<ul style=\"text-align: justify\">\n<li>Ingeniero Civil.<\/li>\n<\/ul>\n<h4 style=\"text-align: justify\">Especialidad<\/h4>\n<ul style=\"text-align: justify\">\n<li>Estructuras.<\/li>\n<\/ul>\n<h4 style=\"text-align: justify\">Docencia<\/h4>\n<ul style=\"text-align: justify\">\n<li>Profesor Asociado, con Semidedicaci\u00f3n en Hormig\u00f3n I \u2013 Ingenier\u00eda Civil.<\/li>\n<li>Profesor Adjunto en la C\u00e1tedra de Estructuras II de la Facultad de Arquitectura y Urbanismo de la UNT.<\/li>\n<\/ul>\n<h4 style=\"text-align: justify\">Gesti\u00f3n<\/h4>\n<ul style=\"text-align: justify\">\n<li>Miembro de Jurados para evaluar Proyectos Finales de la Carrera de Ingenier\u00eda Civil y en Concursos.<\/li>\n<li>Profesor Tutor de un grupo de alumnos del IV m\u00f3dulo (2007).<\/li>\n<\/ul>\n<h4 style=\"text-align: justify\">Actividad Profesional<\/h4>\n<ul>\n<li style=\"text-align: justify\">Ejercicio libre de la profesi\u00f3n como Proyectista y Calculista de Estructuras para Obras Civiles. Estudio de Licitaciones P\u00fablicas y Privadas.<\/li>\n<\/ul>\n","protected":false},"excerpt":{"rendered":"<p>Ing. CESANO Sergio Daniel Dpto. de Construcciones y Obras Civiles Facultad de Ciencias Exactas y Tecnolog\u00eda Universidad Nacional de Tucum\u00e1n Av. Independencia 1800 \u2013 CP 4000 San Miguel de Tucum\u00e1n, Tucum\u00e1n, Argentina Tel. Lab.: +54 (0) 381 4364093 Int. e-mail: scesano@arnet.com.ar &nbsp; T\u00edtulos Ingeniero Civil. Especialidad Estructuras. Docencia Profesor Asociado, con Semidedicaci\u00f3n en Hormig\u00f3n I [&hellip;]<\/p>\n","protected":false},"author":20,"featured_media":0,"parent":182,"menu_order":20,"comment_status":"closed","ping_status":"closed","template":"templates\/template-full-notitle.php","meta":[],"_links":{"self":[{"href":"https:\/\/www.facet.unt.edu.ar\/dcyoc\/wp-json\/wp\/v2\/pages\/574"}],"collection":[{"href":"https:\/\/www.facet.unt.edu.ar\/dcyoc\/wp-json\/wp\/v2\/pages"}],"about":[{"href":"https:\/\/www.facet.unt.edu.ar\/dcyoc\/wp-json\/wp\/v2\/types\/page"}],"author":[{"embeddable":true,"href":"https:\/\/www.facet.unt.edu.ar\/dcyoc\/wp-json\/wp\/v2\/users\/20"}],"replies":[{"embeddable":true,"href":"https:\/\/www.facet.unt.edu.ar\/dcyoc\/wp-json\/wp\/v2\/comments?post=574"}],"version-history":[{"count":3,"href":"https:\/\/www.facet.unt.edu.ar\/dcyoc\/wp-json\/wp\/v2\/pages\/574\/revisions"}],"predecessor-version":[{"id":781,"href":"https:\/\/www.facet.unt.edu.ar\/dcyoc\/wp-json\/wp\/v2\/pages\/574\/revisions\/781"}],"up":[{"embeddable":true,"href":"https:\/\/www.facet.unt.edu.ar\/dcyoc\/wp-json\/wp\/v2\/pages\/182"}],"wp:attachment":[{"href":"https:\/\/www.facet.unt.edu.ar\/dcyoc\/wp-json\/wp\/v2\/media?parent=574"}],"curies":[{"name":"wp","href":"https:\/\/api.w.org\/{rel}","templated":true}]}}