{"id":576,"date":"2015-03-14T17:17:17","date_gmt":"2015-03-14T20:17:17","guid":{"rendered":"https:\/\/www.facet.unt.edu.ar\/dcyoc\/?page_id=576"},"modified":"2023-03-21T10:32:19","modified_gmt":"2023-03-21T13:32:19","slug":"chanta-sebastian","status":"publish","type":"page","link":"https:\/\/www.facet.unt.edu.ar\/dcyoc\/docentes\/chanta-sebastian\/","title":{"rendered":"CHANTA Sebasti\u00e1n"},"content":{"rendered":"<h2>MSc. Ing. CHANTA Sebasti\u00e1n<\/h2>\n<div>\n<table style=\"width: 750px; border-color: #ffffff;\">\n<tbody>\n<tr>\n<td style=\"width: 350px; height: 300px; text-align: center; vertical-align: middle; background-color: #ffffff;\"><a href=\"https:\/\/www.facet.unt.edu.ar\/dcyoc\/docentes\/chanta-sebastian\/schanta\/#main\"><img decoding=\"async\" loading=\"lazy\" class=\"alignnone wp-image-999 size-full\" src=\"https:\/\/www.facet.unt.edu.ar\/dcyoc\/wp-content\/uploads\/sites\/23\/2023\/03\/SChanta.png\" alt=\"\" width=\"550\" height=\"421\" \/><\/a><\/td>\n<td style=\"width: 400px; height: 300px; border-color: #ffffff; vertical-align: top;\">\n<p style=\"padding-left: 30px;\">Laboratorio de V\u00edas de Comunicaci\u00f3n<\/p>\n<p style=\"padding-left: 30px;\"><span style=\"font-size: 12pt; font-family: 'times new roman', times;\">Dpto. de Construcciones y Obras Civiles<\/span><\/p>\n<p style=\"padding-left: 30px;\"><span style=\"font-size: 12pt; font-family: 'times new roman', times;\"><a href=\"https:\/\/www.facet.unt.edu.ar\/\" target=\"_blank\" rel=\"noopener\">Facultad de Ciencias Exactas y Tecnolog\u00eda<\/a><\/span><\/p>\n<p style=\"padding-left: 30px;\"><span style=\"font-size: 12pt; font-family: 'times new roman', times;\"><a href=\"http:\/\/www.unt.edu.ar\/\" target=\"_blank\" rel=\"noopener\">Universidad Nacional de Tucum\u00e1n<\/a><\/span><\/p>\n<p style=\"padding-left: 30px;\"><span style=\"font-size: 12pt; font-family: 'times new roman', times;\">Av. Independencia 1800 \u2013 CP 4000<\/span><\/p>\n<p style=\"padding-left: 30px;\"><span style=\"font-size: 12pt; font-family: 'times new roman', times;\">San Miguel de Tucum\u00e1n, Tucum\u00e1n, Argentina<\/span><\/p>\n<p style=\"padding-left: 30px;\"><span style=\"font-size: 12pt; font-family: 'times new roman', times;\">Tel\/Fax Lab.: +54 (0) 381 4364093 Int.7776<\/span><\/p>\n<p style=\"padding-left: 30px;\"><span style=\"font-size: 12pt; font-family: 'times new roman', times;\">Cel.: +54 (9) 381 5439202<\/span><\/p>\n<p style=\"padding-left: 30px;\"><span style=\"font-size: 12pt; font-family: 'times new roman', times;\">e-mail: schanta@herrera.unt.edu.ar<\/span><\/p>\n<p style=\"padding-left: 30px;\"><span style=\"font-size: 12pt; font-family: 'times new roman', times;\">\u00a0 \u00a0 \u00a0 \u00a0 \u00a0 \u00a0 \u00a0ingchanta@yahoo.com.ar<\/span><\/p>\n<\/td>\n<\/tr>\n<\/tbody>\n<\/table>\n<\/div>\n<p>&nbsp;<\/p>\n<p><strong>T\u00edtulos<\/strong><\/p>\n<ul>\n<li>Ingeniero Civil (UNT).<\/li>\n<li>Mag\u00edster en Ingenier\u00eda Vial (UNR).<\/li>\n<\/ul>\n<p><strong>Especialidad<\/strong><\/p>\n<ul>\n<li>Estabilizaci\u00f3n de suelos.<\/li>\n<li>C\u00e1lculo, construcci\u00f3n y evaluaci\u00f3n de pavimentos r\u00edgidos y flexibles. Diagn\u00f3stico de fallas.<\/li>\n<\/ul>\n<p>&nbsp;<\/p>\n<p><strong>Docencia<\/strong><\/p>\n<ul>\n<li>Profesor Adjunto con Media Dedicaci\u00f3n en Dise\u00f1o y Construcci\u00f3n de Pavimentos (Carrera de Ingenier\u00eda Civil).<\/li>\n<\/ul>\n<p><strong>Investigaci\u00f3n<\/strong><\/p>\n<ul>\n<li>Investigador Categor\u00eda V en el programa de incentivos.<\/li>\n<li>Miembro del proyecto de investigaci\u00f3n E528\/1: \u201cValoraci\u00f3n de residuos industriales producidos en Tucum\u00e1n como componentes de materiales de construcci\u00f3n\u201d financiado por el CIUNT (Consejo de Investigaci\u00f3n de la Universidad Nacional de Tucum\u00e1n). Director: Mg. Ing. Silvia Palazzi. Per\u00edodo: 01\/2015 hasta 12\/2017<\/li>\n<li>Miembro del proyecto de investigaci\u00f3n E650\/1: \u201cValoraci\u00f3n de residuos industriales como componentes de materiales de construcci\u00f3n, en Tucum\u00e1n\u201d financiado por el CIUNT (Consejo de Investigaci\u00f3n de la Universidad Nacional de Tucum\u00e1n). Director: Mg. Ing. Daniel Anaya. Per\u00edodo: 01\/2018 hasta 12\/2021.<\/li>\n<li>Trabajos en Congresos:\n<ul>\n<li>\u201cEstudio del comportamiento del residuo de la perlita expandida en la estabilizaci\u00f3n de suelos\u201d. Chanta, S., Palazzi, S. B. (2016). 17\u00ba Congreso Argentino de Vialidad y Tr\u00e1nsito,<\/li>\n<\/ul>\n<\/li>\n<\/ul>\n<p>Trabajo T\u00e9cnico N\u00ba 017. (Pavimentos).<\/p>\n<ul>\n<li>\u201cOptimizaci\u00f3n del estudio del comportamiento del residuo de perlita expandida (RPE) en la estabilizaci\u00f3n de suelos\u201d. Chanta S., Palazzi S. (2019). XXVI Congreso Mundial de Carreteras, Abu Dhabi, Emiratos \u00c1rabes Unidos. (IP 0389),<\/li>\n<li>\u201cInclusi\u00f3n de la ceniza del bagazo de la ca\u00f1a de az\u00facar (CBCA) en la estabilizaci\u00f3n de suelos de Tucum\u00e1n\u201d. Chanta, S., Palazzi, S. B., Casanova, J.A., Cruz Herrera, G.A. (2022). 18\u00ba Congreso Argentino de Vialidad y Tr\u00e1nsito, Trabajo T\u00e9cnico N\u00ba 0127 (Pavimentos).<\/li>\n<li>\u201cEstudio del comportamiento de la escoria proveniente de horno de cubilote en la estabilizaci\u00f3n de suelos de Tucum\u00e1n\u201d. Chanta, S., Palazzi, S. B., Frias Mena, R. N., M\u00e1rquez, R. F. (2022). 18\u00ba Congreso Argentino de Vialidad y Tr\u00e1nsito, Trabajo T\u00e9cnico N\u00ba 0277 (Pavimentos).<\/li>\n<\/ul>\n<p>&nbsp;<\/p>\n<p><strong>Extensi\u00f3n y transferencia<\/strong><\/p>\n<ul>\n<li>Participaci\u00f3n en Servicios de extensi\u00f3n y transferencia a trav\u00e9s del Laboratorio de V\u00edas de Comunicaci\u00f3n.<\/li>\n<\/ul>\n<p><strong>Gesti\u00f3n<\/strong><\/p>\n<ul>\n<li>Miembro de Comisi\u00f3n de Prioridades del Departamento de Construcciones y Obras Civiles. UNT. Res. N\u00ba: 893\/2018 (01\/07\/2018 a 30\/06\/2022).<\/li>\n<li>Miembro de la Comisi\u00f3n Acad\u00e9mica (Carrera Ing. Civil) del Departamento de Construcciones y Obras Civiles. UNT. Res. N\u00ba: 0671\/2022 (Set 2022 por 2 a\u00f1os).<\/li>\n<li>Miembro de la Comisi\u00f3n de Prioridades (Carrera Ing. Civil) del Departamento de Construcciones y Obras Civiles. UNT. Res. N\u00ba: 0548\/22 (Jul 2022 por 2 a\u00f1os).<\/li>\n<li>Coordinador del \u00c1rea V\u00edas de Comunicaci\u00f3n, Tr\u00e1nsito y Transporte. (03\/10\/2022).<\/li>\n<\/ul>\n","protected":false},"excerpt":{"rendered":"<p>MSc. Ing. CHANTA Sebasti\u00e1n Laboratorio de V\u00edas de Comunicaci\u00f3n Dpto. de Construcciones y Obras Civiles Facultad de Ciencias Exactas y Tecnolog\u00eda Universidad Nacional de Tucum\u00e1n Av. Independencia 1800 \u2013 CP 4000 San Miguel de Tucum\u00e1n, Tucum\u00e1n, Argentina Tel\/Fax Lab.: +54 (0) 381 4364093 Int.7776 Cel.: +54 (9) 381 5439202 e-mail: schanta@herrera.unt.edu.ar \u00a0 \u00a0 \u00a0 \u00a0 [&hellip;]<\/p>\n","protected":false},"author":20,"featured_media":0,"parent":182,"menu_order":21,"comment_status":"closed","ping_status":"closed","template":"templates\/template-full-notitle.php","meta":[],"_links":{"self":[{"href":"https:\/\/www.facet.unt.edu.ar\/dcyoc\/wp-json\/wp\/v2\/pages\/576"}],"collection":[{"href":"https:\/\/www.facet.unt.edu.ar\/dcyoc\/wp-json\/wp\/v2\/pages"}],"about":[{"href":"https:\/\/www.facet.unt.edu.ar\/dcyoc\/wp-json\/wp\/v2\/types\/page"}],"author":[{"embeddable":true,"href":"https:\/\/www.facet.unt.edu.ar\/dcyoc\/wp-json\/wp\/v2\/users\/20"}],"replies":[{"embeddable":true,"href":"https:\/\/www.facet.unt.edu.ar\/dcyoc\/wp-json\/wp\/v2\/comments?post=576"}],"version-history":[{"count":5,"href":"https:\/\/www.facet.unt.edu.ar\/dcyoc\/wp-json\/wp\/v2\/pages\/576\/revisions"}],"predecessor-version":[{"id":1000,"href":"https:\/\/www.facet.unt.edu.ar\/dcyoc\/wp-json\/wp\/v2\/pages\/576\/revisions\/1000"}],"up":[{"embeddable":true,"href":"https:\/\/www.facet.unt.edu.ar\/dcyoc\/wp-json\/wp\/v2\/pages\/182"}],"wp:attachment":[{"href":"https:\/\/www.facet.unt.edu.ar\/dcyoc\/wp-json\/wp\/v2\/media?parent=576"}],"curies":[{"name":"wp","href":"https:\/\/api.w.org\/{rel}","templated":true}]}}