{"id":578,"date":"2015-03-14T17:18:14","date_gmt":"2015-03-14T20:18:14","guid":{"rendered":"https:\/\/www.facet.unt.edu.ar\/dcyoc\/?page_id=578"},"modified":"2015-03-28T22:37:16","modified_gmt":"2015-03-29T01:37:16","slug":"comba-anibal","status":"publish","type":"page","link":"https:\/\/www.facet.unt.edu.ar\/dcyoc\/docentes\/comba-anibal\/","title":{"rendered":"COMBA An\u00edbal"},"content":{"rendered":"<h2>Ing. COMBA An\u00edbal<\/h2>\n<div>\n<table style=\"width: 750px;border-color: #ffffff\">\n<tbody>\n<tr>\n<td style=\"width: 350px;height: 300px;text-align: center;vertical-align: middle;background-color: #ffffff\"><img decoding=\"async\" loading=\"lazy\" class=\" wp-image-511 alignnone\" src=\"https:\/\/www.facet.unt.edu.ar\/dcyoc\/wp-content\/uploads\/sites\/23\/2015\/03\/foto_cv_1-300x300.jpg\" alt=\"foto_cv_1\" width=\"300\" height=\"300\" srcset=\"https:\/\/www.facet.unt.edu.ar\/dcyoc\/wp-content\/uploads\/sites\/23\/2015\/03\/foto_cv_1-300x300.jpg 300w, https:\/\/www.facet.unt.edu.ar\/dcyoc\/wp-content\/uploads\/sites\/23\/2015\/03\/foto_cv_1-150x150.jpg 150w, https:\/\/www.facet.unt.edu.ar\/dcyoc\/wp-content\/uploads\/sites\/23\/2015\/03\/foto_cv_1.jpg 400w\" sizes=\"(max-width: 300px) 100vw, 300px\" \/><\/td>\n<td style=\"width: 400px;height: 300px;border-color: #ffffff;vertical-align: top\">\n<p style=\"padding-left: 30px\"><span style=\"font-family: 'times new roman', times\">Laboratorio de Construcciones Hidr\u00e1ulicas<\/span><\/p>\n<p style=\"padding-left: 30px\"><span style=\"font-size: 12pt;font-family: 'times new roman', times\">Dpto. de Construcciones y Obras Civiles<\/span><\/p>\n<p style=\"padding-left: 30px\"><span style=\"font-size: 12pt;font-family: 'times new roman', times\"><a href=\"https:\/\/www.facet.unt.edu.ar\/\" target=\"_blank\">Facultad de Ciencias Exactas y Tecnolog\u00eda<\/a><\/span><\/p>\n<p style=\"padding-left: 30px\"><span style=\"font-size: 12pt;font-family: 'times new roman', times\"><a href=\"http:\/\/www.unt.edu.ar\/\" target=\"_blank\">Universidad Nacional de Tucum\u00e1n<\/a><\/span><\/p>\n<p style=\"padding-left: 30px\"><span style=\"font-size: 12pt;font-family: 'times new roman', times\">Av. Independencia 1800 \u2013 CP 4000<\/span><\/p>\n<p style=\"padding-left: 30px\"><span style=\"font-size: 12pt;font-family: 'times new roman', times\">San Miguel de Tucum\u00e1n, Tucum\u00e1n, Argentina<\/span><\/p>\n<p style=\"padding-left: 30px\"><span style=\"font-size: 12pt;font-family: 'times new roman', times\">Cel.: +54 (0) 381 155057213<\/span><\/p>\n<p style=\"padding-left: 30px\"><span style=\"font-size: 12pt;font-family: 'times new roman', times\">e-mail: acomba@herrera.unt.edu.ar<\/span><\/p>\n<\/td>\n<\/tr>\n<\/tbody>\n<\/table>\n<\/div>\n<p>&nbsp;<\/p>\n<h4 style=\"text-align: justify\">T\u00edtulos<\/h4>\n<ul style=\"text-align: justify\">\n<li>Ingeniero en Recursos H\u00eddricos.<\/li>\n<\/ul>\n<h4 style=\"text-align: justify\">Especialidad<\/h4>\n<ul style=\"text-align: justify\">\n<li>Hidrolog\u00eda \/ Riego.<\/li>\n<\/ul>\n<h4 style=\"text-align: justify\">Docencia<\/h4>\n<ul style=\"text-align: justify\">\n<li>Profesor Asociado, con Media Dedicaci\u00f3n en Hidrolog\u00eda, Carrera de Ingenier\u00eda Civil.<\/li>\n<\/ul>\n<h4 style=\"text-align: justify\">Gesti\u00f3n<\/h4>\n<ul style=\"text-align: justify\">\n<li>Coordinador del \u00c1rea Hidr\u00e1ulica de la Carrera de Ingenier\u00eda Civil.<\/li>\n<\/ul>\n<h4 style=\"text-align: justify\">Congresos<\/h4>\n<ul style=\"text-align: justify\">\n<li>Disertante y Asistente a numerosos Congresos y Cursos de la especialidad.<\/li>\n<\/ul>\n<h4 style=\"text-align: justify\">Publicaciones<\/h4>\n<ul style=\"text-align: justify\">\n<li>Autor del cap\u00edtulo \u201cR\u00e9gimen h\u00eddrico de la Provincia y legislaci\u00f3n de aguas\u201d del libro intitulado \u201cAgua y Ambiente: problem\u00e1tica de la Cuenca Sal\u00ed-Dulce. Rol del Ombudsman y Jurisprudencia\u201d. Editorial UNSTA. 130 pag. ISBN 978-987-1662-39-5. Setiembre 2012.<\/li>\n<li>Co-Autor del cap\u00edtulo \u201cHidroeconom\u00eda del Embalse de la Presa Potrero de las Tablas. Provincia de Tucum\u00e1n. Argentina\u201d, del libro intitulado \u201cLa cuenca del R\u00edo Lules. Una aproximaci\u00f3n interdisciplinaria a su complejidad\u201d. Editorial EDUNT. Agosto 2012.<\/li>\n<li>Autor del libro denominado \u201cHistorias (poco conocidas) del agua en Tucum\u00e1n\u201d. 1\u00b0 Edici\u00f3n. Imprenta Central de la Universidad Nacional del Tucum\u00e1n. ISBN: 978-987-05-2875-3. Fecha de catalogaci\u00f3n: 19\/06\/2007. 112 p\u00e1g. Formato 22x17cm. Declarado de inter\u00e9s por la Subsecretar\u00eda de Recursos H\u00eddricos de la Naci\u00f3n.<\/li>\n<li>Co-autor de la publicaci\u00f3n denominada \u201cPlan Director de Usos del Agua. Municipalidad de Andalgal\u00e1. Provincia de Catamarca\u201d. Publicado por el Ing. Claudio Bravo. A\u00f1o 2006. 204 p\u00e1gs.<\/li>\n<\/ul>\n<h4 style=\"text-align: justify\">Formaci\u00f3n en Posgrado<\/h4>\n<ul style=\"text-align: justify\">\n<li>Inscripto en el MAGISTER EN RECURSOS NATURALES Y MEDIO AMBIENTE, ORIENTACION: ORDENACION DE CUENCAS HIDROGRAFICAS, de la Universidad Nacional de Salta. Presentaci\u00f3n de solicitud de admisi\u00f3n: Diciembre de 2000. Aceptada en el a\u00f1o 2002. Sin terminar.<\/li>\n<\/ul>\n<h4 style=\"text-align: justify\">Actividad Profesional<\/h4>\n<ul>\n<li style=\"text-align: justify\">Sub-Director de la Direcci\u00f3n de Recursos H\u00eddricos de Tucum\u00e1n, desde Noviembre 2003 hasta la fecha.<\/li>\n<li style=\"text-align: justify\">Coordinador Ejecutivo del Programa de Riego y Transformaci\u00f3n Productiva de la Provincia de Tucum\u00e1n, con financiaci\u00f3n del Banco Mundial, desde Abril 2004 hasta la fecha.<\/li>\n<li style=\"text-align: justify\">Director Suplente del Centro de Estudios de Ingenier\u00eda Hidr\u00e1ulica y Medio Ambiente de la Universidad Nacional de Tucum\u00e1n. 2002\/2003 y hasta la fecha.<\/li>\n<li style=\"text-align: justify\">Representante Alterno de la Provincia de Tucum\u00e1n ante el Consejo H\u00eddrico Federal. 2003 hasta la fecha.<\/li>\n<li style=\"text-align: justify\">Responsable T\u00e9cnico de la Direcci\u00f3n de Recursos H\u00eddricos ante la Direcci\u00f3n Nacional de Pre inversi\u00f3n. Desde Marzo 2011 hasta la fecha.<\/li>\n<li style=\"text-align: justify\">Representante Alterno por la Provincia de Tucum\u00e1n en el Comit\u00e9 Interjurisdiccional de Cuenca del R\u00edo Sal\u00ed-Dulce. Designado por Decreto N\u00b0 1.747\/3 (MDP). A\u00f1o 2007 hasta la fecha.<\/li>\n<\/ul>\n","protected":false},"excerpt":{"rendered":"<p>Ing. COMBA An\u00edbal Laboratorio de Construcciones Hidr\u00e1ulicas Dpto. de Construcciones y Obras Civiles Facultad de Ciencias Exactas y Tecnolog\u00eda Universidad Nacional de Tucum\u00e1n Av. Independencia 1800 \u2013 CP 4000 San Miguel de Tucum\u00e1n, Tucum\u00e1n, Argentina Cel.: +54 (0) 381 155057213 e-mail: acomba@herrera.unt.edu.ar &nbsp; T\u00edtulos Ingeniero en Recursos H\u00eddricos. Especialidad Hidrolog\u00eda \/ Riego. Docencia Profesor Asociado, [&hellip;]<\/p>\n","protected":false},"author":20,"featured_media":0,"parent":182,"menu_order":22,"comment_status":"closed","ping_status":"closed","template":"templates\/template-full-notitle.php","meta":[],"_links":{"self":[{"href":"https:\/\/www.facet.unt.edu.ar\/dcyoc\/wp-json\/wp\/v2\/pages\/578"}],"collection":[{"href":"https:\/\/www.facet.unt.edu.ar\/dcyoc\/wp-json\/wp\/v2\/pages"}],"about":[{"href":"https:\/\/www.facet.unt.edu.ar\/dcyoc\/wp-json\/wp\/v2\/types\/page"}],"author":[{"embeddable":true,"href":"https:\/\/www.facet.unt.edu.ar\/dcyoc\/wp-json\/wp\/v2\/users\/20"}],"replies":[{"embeddable":true,"href":"https:\/\/www.facet.unt.edu.ar\/dcyoc\/wp-json\/wp\/v2\/comments?post=578"}],"version-history":[{"count":4,"href":"https:\/\/www.facet.unt.edu.ar\/dcyoc\/wp-json\/wp\/v2\/pages\/578\/revisions"}],"predecessor-version":[{"id":746,"href":"https:\/\/www.facet.unt.edu.ar\/dcyoc\/wp-json\/wp\/v2\/pages\/578\/revisions\/746"}],"up":[{"embeddable":true,"href":"https:\/\/www.facet.unt.edu.ar\/dcyoc\/wp-json\/wp\/v2\/pages\/182"}],"wp:attachment":[{"href":"https:\/\/www.facet.unt.edu.ar\/dcyoc\/wp-json\/wp\/v2\/media?parent=578"}],"curies":[{"name":"wp","href":"https:\/\/api.w.org\/{rel}","templated":true}]}}