{"id":587,"date":"2015-03-14T17:33:24","date_gmt":"2015-03-14T20:33:24","guid":{"rendered":"https:\/\/www.facet.unt.edu.ar\/dcyoc\/?page_id=587"},"modified":"2015-03-29T00:25:49","modified_gmt":"2015-03-29T03:25:49","slug":"garcia-cote-viviana","status":"publish","type":"page","link":"https:\/\/www.facet.unt.edu.ar\/dcyoc\/docentes\/garcia-cote-viviana\/","title":{"rendered":"GARC\u00cdA COTE Viviana"},"content":{"rendered":"<h2>Ing. GARC\u00cdA COTE Viviana Beatriz<\/h2>\n<div>\n<table style=\"width: 750px;border-color: #ffffff\">\n<tbody>\n<tr>\n<td style=\"width: 350px;height: 300px;text-align: center;vertical-align: middle;background-color: #ffffff\"><img decoding=\"async\" loading=\"lazy\" class=\" wp-image-512 alignnone\" src=\"https:\/\/www.facet.unt.edu.ar\/dcyoc\/wp-content\/uploads\/sites\/23\/2015\/03\/foto_cv_2-300x300.jpg\" alt=\"foto_cv_2\" width=\"300\" height=\"300\" srcset=\"https:\/\/www.facet.unt.edu.ar\/dcyoc\/wp-content\/uploads\/sites\/23\/2015\/03\/foto_cv_2-300x300.jpg 300w, https:\/\/www.facet.unt.edu.ar\/dcyoc\/wp-content\/uploads\/sites\/23\/2015\/03\/foto_cv_2-150x150.jpg 150w, https:\/\/www.facet.unt.edu.ar\/dcyoc\/wp-content\/uploads\/sites\/23\/2015\/03\/foto_cv_2.jpg 400w\" sizes=\"(max-width: 300px) 100vw, 300px\" \/><\/td>\n<td style=\"width: 400px;height: 300px;border-color: #ffffff;vertical-align: top\">\n<p style=\"padding-left: 30px\"><span style=\"font-family: 'times new roman', times\">Laboratorio de Construcciones Hidr\u00e1ulicas<\/span><\/p>\n<p style=\"padding-left: 30px\"><span style=\"font-size: 12pt;font-family: 'times new roman', times\">Dpto. de Construcciones y Obras Civiles<\/span><\/p>\n<p style=\"padding-left: 30px\"><span style=\"font-size: 12pt;font-family: 'times new roman', times\"><a href=\"https:\/\/www.facet.unt.edu.ar\/\" target=\"_blank\">Facultad de Ciencias Exactas y Tecnolog\u00eda<\/a><\/span><\/p>\n<p style=\"padding-left: 30px\"><span style=\"font-size: 12pt;font-family: 'times new roman', times\"><a href=\"http:\/\/www.unt.edu.ar\/\" target=\"_blank\">Universidad Nacional de Tucum\u00e1n<\/a><\/span><\/p>\n<p style=\"padding-left: 30px\"><span style=\"font-size: 12pt;font-family: 'times new roman', times\">Av. Independencia 1800 \u2013 CP 4000<\/span><\/p>\n<p style=\"padding-left: 30px\"><span style=\"font-size: 12pt;font-family: 'times new roman', times\">San Miguel de Tucum\u00e1n, Tucum\u00e1n, Argentina<\/span><\/p>\n<p style=\"padding-left: 30px\"><span style=\"font-size: 12pt;font-family: 'times new roman', times\">Cel.: +54 (0) 381 156458044<\/span><\/p>\n<p style=\"padding-left: 30px\"><span style=\"font-size: 12pt;font-family: 'times new roman', times\">e-mail: vgarciacote@herrera.unt.edu.ar<\/span><\/p>\n<\/td>\n<\/tr>\n<\/tbody>\n<\/table>\n<\/div>\n<p>&nbsp;<\/p>\n<h4 style=\"text-align: justify\">T\u00edtulos<\/h4>\n<ul style=\"text-align: justify\">\n<li>Ingeniera Civil ( U.N.T.)<\/li>\n<li>Especialista en Ingenier\u00eda Sanitaria &#8211; Diplomada en Tratamiento de Agua y Efluentes (U.N.de Rosario).<\/li>\n<\/ul>\n<h4 style=\"text-align: justify\">Especialidad<\/h4>\n<ul style=\"text-align: justify\">\n<li>Ingenier\u00eda Sanitaria &#8211; Ingenier\u00eda Hidr\u00e1ulica.<\/li>\n<\/ul>\n<h4 style=\"text-align: justify\">Docencia<\/h4>\n<ul style=\"text-align: justify\">\n<li>Jefe de Trabajos Pr\u00e1cticos, con Dedicaci\u00f3n Exclusiva en Hidr\u00e1ulica Aplicada II \u2013 Carrera de Ingenier\u00eda Civil.<\/li>\n<\/ul>\n<h4 style=\"text-align: justify\">Gesti\u00f3n<\/h4>\n<ul style=\"text-align: justify\">\n<li>Responsable a cargo del Laboratorio Docente de Hidr\u00e1ulica de la FACET, UNT.<\/li>\n<\/ul>\n<h4 style=\"text-align: justify\">Actividad Profesional<\/h4>\n<ul>\n<li style=\"text-align: justify\">Gerenciamiento, Formulaci\u00f3n y Evaluaci\u00f3n de Proyectos, Tratamientos de Agua (Potabilizaci\u00f3n) y Redes de Distribuci\u00f3n, Redes Colectoras Cloacales, Tratamientos de Efluentes.<\/li>\n<\/ul>\n","protected":false},"excerpt":{"rendered":"<p>Ing. GARC\u00cdA COTE Viviana Beatriz Laboratorio de Construcciones Hidr\u00e1ulicas Dpto. de Construcciones y Obras Civiles Facultad de Ciencias Exactas y Tecnolog\u00eda Universidad Nacional de Tucum\u00e1n Av. Independencia 1800 \u2013 CP 4000 San Miguel de Tucum\u00e1n, Tucum\u00e1n, Argentina Cel.: +54 (0) 381 156458044 e-mail: vgarciacote@herrera.unt.edu.ar &nbsp; T\u00edtulos Ingeniera Civil ( U.N.T.) Especialista en Ingenier\u00eda Sanitaria &#8211; [&hellip;]<\/p>\n","protected":false},"author":20,"featured_media":0,"parent":182,"menu_order":34,"comment_status":"closed","ping_status":"closed","template":"templates\/template-full-notitle.php","meta":[],"_links":{"self":[{"href":"https:\/\/www.facet.unt.edu.ar\/dcyoc\/wp-json\/wp\/v2\/pages\/587"}],"collection":[{"href":"https:\/\/www.facet.unt.edu.ar\/dcyoc\/wp-json\/wp\/v2\/pages"}],"about":[{"href":"https:\/\/www.facet.unt.edu.ar\/dcyoc\/wp-json\/wp\/v2\/types\/page"}],"author":[{"embeddable":true,"href":"https:\/\/www.facet.unt.edu.ar\/dcyoc\/wp-json\/wp\/v2\/users\/20"}],"replies":[{"embeddable":true,"href":"https:\/\/www.facet.unt.edu.ar\/dcyoc\/wp-json\/wp\/v2\/comments?post=587"}],"version-history":[{"count":3,"href":"https:\/\/www.facet.unt.edu.ar\/dcyoc\/wp-json\/wp\/v2\/pages\/587\/revisions"}],"predecessor-version":[{"id":777,"href":"https:\/\/www.facet.unt.edu.ar\/dcyoc\/wp-json\/wp\/v2\/pages\/587\/revisions\/777"}],"up":[{"embeddable":true,"href":"https:\/\/www.facet.unt.edu.ar\/dcyoc\/wp-json\/wp\/v2\/pages\/182"}],"wp:attachment":[{"href":"https:\/\/www.facet.unt.edu.ar\/dcyoc\/wp-json\/wp\/v2\/media?parent=587"}],"curies":[{"name":"wp","href":"https:\/\/api.w.org\/{rel}","templated":true}]}}