{"id":597,"date":"2015-03-14T17:42:55","date_gmt":"2015-03-14T20:42:55","guid":{"rendered":"https:\/\/www.facet.unt.edu.ar\/dcyoc\/?page_id=597"},"modified":"2015-03-18T23:23:12","modified_gmt":"2015-03-19T02:23:12","slug":"guzman-juan-carlos","status":"publish","type":"page","link":"https:\/\/www.facet.unt.edu.ar\/dcyoc\/docentes\/guzman-juan-carlos\/","title":{"rendered":"GUZM\u00c1N Juan Carlos"},"content":{"rendered":"<h2>Ing. GUZM\u00c1N Juan Carlos<\/h2>\n<div>\n<table style=\"width: 750px;border-color: #ffffff\">\n<tbody>\n<tr>\n<td style=\"width: 350px;height: 300px;text-align: center;vertical-align: middle;background-color: #ffffff\"><img decoding=\"async\" loading=\"lazy\" class=\" wp-image-511 alignnone\" src=\"https:\/\/www.facet.unt.edu.ar\/dcyoc\/wp-content\/uploads\/sites\/23\/2015\/03\/foto_cv_1-300x300.jpg\" alt=\"foto_cv_1\" width=\"300\" height=\"300\" srcset=\"https:\/\/www.facet.unt.edu.ar\/dcyoc\/wp-content\/uploads\/sites\/23\/2015\/03\/foto_cv_1-300x300.jpg 300w, https:\/\/www.facet.unt.edu.ar\/dcyoc\/wp-content\/uploads\/sites\/23\/2015\/03\/foto_cv_1-150x150.jpg 150w, https:\/\/www.facet.unt.edu.ar\/dcyoc\/wp-content\/uploads\/sites\/23\/2015\/03\/foto_cv_1.jpg 400w\" sizes=\"(max-width: 300px) 100vw, 300px\" \/><\/td>\n<td style=\"width: 400px;height: 300px;border-color: #ffffff;vertical-align: top\">\n<p style=\"padding-left: 30px\"><span style=\"font-size: 12pt;font-family: 'times new roman', times\">Dpto. de Construcciones y Obras Civiles<\/span><\/p>\n<p style=\"padding-left: 30px\"><span style=\"font-size: 12pt;font-family: 'times new roman', times\"><a href=\"https:\/\/www.facet.unt.edu.ar\/\" target=\"_blank\">Facultad de Ciencias Exactas y Tecnolog\u00eda<\/a><\/span><\/p>\n<p style=\"padding-left: 30px\"><span style=\"font-size: 12pt;font-family: 'times new roman', times\"><a href=\"http:\/\/www.unt.edu.ar\/\" target=\"_blank\">Universidad Nacional de Tucum\u00e1n<\/a><\/span><\/p>\n<p style=\"padding-left: 30px\"><span style=\"font-size: 12pt;font-family: 'times new roman', times\">Av. Independencia 1800 \u2013 CP 4000<\/span><\/p>\n<p style=\"padding-left: 30px\"><span style=\"font-size: 12pt;font-family: 'times new roman', times\">San Miguel de Tucum\u00e1n, Tucum\u00e1n, Argentina<\/span><\/p>\n<p style=\"padding-left: 30px\"><span style=\"font-size: 12pt;font-family: 'times new roman', times\">Tel\/Fax Lab.: +54 (0) 381 4364093 Int.<\/span><\/p>\n<p style=\"padding-left: 30px\"><span style=\"font-size: 12pt;font-family: 'times new roman', times\">e-mail: jcguzman@uolsinectis.com.ar<\/span><\/p>\n<\/td>\n<\/tr>\n<\/tbody>\n<\/table>\n<\/div>\n<p>&nbsp;<\/p>\n<h4 style=\"text-align: justify\">T\u00edtulos<\/h4>\n<ul style=\"text-align: justify\">\n<li>Ingeniero Civil<\/li>\n<\/ul>\n<h4 style=\"text-align: justify\">Especialidad<\/h4>\n<ul style=\"text-align: justify\">\n<li>V\u00edas de Comunicaci\u00f3n<\/li>\n<\/ul>\n<h4 style=\"text-align: justify\">Docencia<\/h4>\n<ul style=\"text-align: justify\">\n<li>Profesor Adjunto con semidedicaci\u00f3n en V\u00edas de Comunicaci\u00f3n III (Plan 1996) \u2013 Dise\u00f1o y Construcci\u00f3n de Pavimentos (Plan 2005).<\/li>\n<li>Dictado de M\u00f3dulo &#8220;Conducci\u00f3n T\u00e9cnica de Obra&#8221; en curso de Posgrado en Fundaci\u00f3n Mag\u00edster, dictado en S.M. de Tucum\u00e1n, Salta y Santiago del Estero.<\/li>\n<\/ul>\n<h4 style=\"text-align: justify\">Actividad Profesional<\/h4>\n<ul>\n<li style=\"text-align: justify\">Proyectos y ejecuci\u00f3n de obras viales urbanas.<\/li>\n<\/ul>\n","protected":false},"excerpt":{"rendered":"<p>Ing. GUZM\u00c1N Juan Carlos Dpto. de Construcciones y Obras Civiles Facultad de Ciencias Exactas y Tecnolog\u00eda Universidad Nacional de Tucum\u00e1n Av. Independencia 1800 \u2013 CP 4000 San Miguel de Tucum\u00e1n, Tucum\u00e1n, Argentina Tel\/Fax Lab.: +54 (0) 381 4364093 Int. e-mail: jcguzman@uolsinectis.com.ar &nbsp; T\u00edtulos Ingeniero Civil Especialidad V\u00edas de Comunicaci\u00f3n Docencia Profesor Adjunto con semidedicaci\u00f3n en [&hellip;]<\/p>\n","protected":false},"author":20,"featured_media":0,"parent":182,"menu_order":41,"comment_status":"closed","ping_status":"closed","template":"templates\/template-full-notitle.php","meta":[],"_links":{"self":[{"href":"https:\/\/www.facet.unt.edu.ar\/dcyoc\/wp-json\/wp\/v2\/pages\/597"}],"collection":[{"href":"https:\/\/www.facet.unt.edu.ar\/dcyoc\/wp-json\/wp\/v2\/pages"}],"about":[{"href":"https:\/\/www.facet.unt.edu.ar\/dcyoc\/wp-json\/wp\/v2\/types\/page"}],"author":[{"embeddable":true,"href":"https:\/\/www.facet.unt.edu.ar\/dcyoc\/wp-json\/wp\/v2\/users\/20"}],"replies":[{"embeddable":true,"href":"https:\/\/www.facet.unt.edu.ar\/dcyoc\/wp-json\/wp\/v2\/comments?post=597"}],"version-history":[{"count":3,"href":"https:\/\/www.facet.unt.edu.ar\/dcyoc\/wp-json\/wp\/v2\/pages\/597\/revisions"}],"predecessor-version":[{"id":692,"href":"https:\/\/www.facet.unt.edu.ar\/dcyoc\/wp-json\/wp\/v2\/pages\/597\/revisions\/692"}],"up":[{"embeddable":true,"href":"https:\/\/www.facet.unt.edu.ar\/dcyoc\/wp-json\/wp\/v2\/pages\/182"}],"wp:attachment":[{"href":"https:\/\/www.facet.unt.edu.ar\/dcyoc\/wp-json\/wp\/v2\/media?parent=597"}],"curies":[{"name":"wp","href":"https:\/\/api.w.org\/{rel}","templated":true}]}}