{"id":604,"date":"2015-03-14T17:53:05","date_gmt":"2015-03-14T20:53:05","guid":{"rendered":"https:\/\/www.facet.unt.edu.ar\/dcyoc\/?page_id=604"},"modified":"2015-03-28T21:52:01","modified_gmt":"2015-03-29T00:52:01","slug":"herrera-luis","status":"publish","type":"page","link":"https:\/\/www.facet.unt.edu.ar\/dcyoc\/docentes\/herrera-luis\/","title":{"rendered":"HERRERA Lu\u00eds"},"content":{"rendered":"<h2>Agr. HERRERA Lu\u00eds Alberto<\/h2>\n<div>\n<table style=\"width: 750px;border-color: #ffffff\">\n<tbody>\n<tr>\n<td style=\"width: 350px;height: 300px;text-align: center;vertical-align: middle;background-color: #ffffff\"><img decoding=\"async\" loading=\"lazy\" class=\" wp-image-511 alignnone\" src=\"https:\/\/www.facet.unt.edu.ar\/dcyoc\/wp-content\/uploads\/sites\/23\/2015\/03\/foto_cv_1-300x300.jpg\" alt=\"foto_cv_1\" width=\"300\" height=\"300\" srcset=\"https:\/\/www.facet.unt.edu.ar\/dcyoc\/wp-content\/uploads\/sites\/23\/2015\/03\/foto_cv_1-300x300.jpg 300w, https:\/\/www.facet.unt.edu.ar\/dcyoc\/wp-content\/uploads\/sites\/23\/2015\/03\/foto_cv_1-150x150.jpg 150w, https:\/\/www.facet.unt.edu.ar\/dcyoc\/wp-content\/uploads\/sites\/23\/2015\/03\/foto_cv_1.jpg 400w\" sizes=\"(max-width: 300px) 100vw, 300px\" \/><\/td>\n<td style=\"width: 400px;height: 300px;border-color: #ffffff;vertical-align: top\">\n<p style=\"padding-left: 30px\"><span style=\"font-size: 12pt;font-family: 'times new roman', times\">Dpto. de Construcciones y Obras Civiles<\/span><\/p>\n<p style=\"padding-left: 30px\"><span style=\"font-size: 12pt;font-family: 'times new roman', times\"><a href=\"https:\/\/www.facet.unt.edu.ar\/\" target=\"_blank\">Facultad de Ciencias Exactas y Tecnolog\u00eda<\/a><\/span><\/p>\n<p style=\"padding-left: 30px\"><span style=\"font-size: 12pt;font-family: 'times new roman', times\"><a href=\"http:\/\/www.unt.edu.ar\/\" target=\"_blank\">Universidad Nacional de Tucum\u00e1n<\/a><\/span><\/p>\n<p style=\"padding-left: 30px\"><span style=\"font-size: 12pt;font-family: 'times new roman', times\">Av. Independencia 1800 \u2013 CP 4000<\/span><\/p>\n<p style=\"padding-left: 30px\"><span style=\"font-size: 12pt;font-family: 'times new roman', times\">San Miguel de Tucum\u00e1n, Tucum\u00e1n, Argentina<\/span><\/p>\n<p style=\"padding-left: 30px\"><span style=\"font-size: 12pt;font-family: 'times new roman', times\">Tel\/Fax Lab.: +54 (0) 381 4364093 Int.7778<\/span><\/p>\n<p style=\"padding-left: 30px\"><span style=\"font-size: 12pt;font-family: 'times new roman', times\">e-mail: laherrera@herrera.unt.edu.ar<\/span><\/p>\n<\/td>\n<\/tr>\n<\/tbody>\n<\/table>\n<\/div>\n<p>&nbsp;<\/p>\n<h4 style=\"text-align: justify\">T\u00edtulos<\/h4>\n<ul style=\"text-align: justify\">\n<li>Agrimensor.<\/li>\n<\/ul>\n<h4 style=\"text-align: justify\">Especialidad<\/h4>\n<ul style=\"text-align: justify\">\n<li>Sistema de Representaci\u00f3n T\u00e9cnica.<\/li>\n<\/ul>\n<h4 style=\"text-align: justify\">Docencia<\/h4>\n<ul style=\"text-align: justify\">\n<li>Profesor Adjunto, con Dedicaci\u00f3n Exclusiva en Sistemas de Representaci\u00f3n, Ciclo B\u00e1sico de Ingenier\u00eda de la Facet.<\/li>\n<li>Dictado del Curso de Ambientaci\u00f3n \u201cSistemas de Representaci\u00f3n\u201d para Ingresantes a la FACET de la UNT, durante los meses de Febrero y Marzo, 2009 a 2012.<\/li>\n<\/ul>\n<h4 style=\"text-align: justify\">Formaci\u00f3n de Posgrado<\/h4>\n<ul style=\"text-align: justify\">\n<li>Curso de Postgrado: &#8220;La Problem\u00e1tica del aprendizaje y la pr\u00e1ctica pedag\u00f3gica\u201d, organizado por el Departamento de Postgrado de la Facultad de Ciencias Exactas y Tecnolog\u00eda de la U.N.T. A\u00f1o 2008.<\/li>\n<li>Curso de Postgrado: \u201cInclusi\u00f3n de Pr\u00e1cticas de Virtualizaci\u00f3n en la Ense\u00f1anza Universitaria\u201d, organizado por la UNT Virtual, CITEC (Centro de Investigaci\u00f3n y Estudios en Tecnolog\u00edas Educativas) y la Secretar\u00eda Acad\u00e9mica de Rectorado de la UNT. A\u00f1os 2010-2011.<\/li>\n<li>Curso de Postgrado: \u201cTaller b\u00e1sico de manejo de Moodle para docentes\u201d, organizado por CEDITE (Centro de Educaci\u00f3n a Distancia e Investigaci\u00f3n en Tecnolog\u00edas Educativas), dictado en la Facultad de Ciencias Exactas y Tecnolog\u00eda de la UNT \u2013 A\u00f1o 2011.<\/li>\n<\/ul>\n<h4 style=\"text-align: justify\">Actividad Profesional<\/h4>\n<ul>\n<li style=\"text-align: justify\">Realizaci\u00f3n durante el per\u00edodo comprendido entre los a\u00f1os 1986 y 2006 de diversos Servicios Profesionales a empresas y particulares, consistentes en: mensuras urbanas y rurales, divisiones, unificaciones, verificaciones, nivelaciones, propiedades horizontales y loteos, en San Miguel de Tucum\u00e1n y en otras localidades de la Provincia de Tucum\u00e1n y Provincias vecinas.<\/li>\n<\/ul>\n","protected":false},"excerpt":{"rendered":"<p>Agr. HERRERA Lu\u00eds Alberto Dpto. de Construcciones y Obras Civiles Facultad de Ciencias Exactas y Tecnolog\u00eda Universidad Nacional de Tucum\u00e1n Av. Independencia 1800 \u2013 CP 4000 San Miguel de Tucum\u00e1n, Tucum\u00e1n, Argentina Tel\/Fax Lab.: +54 (0) 381 4364093 Int.7778 e-mail: laherrera@herrera.unt.edu.ar &nbsp; T\u00edtulos Agrimensor. Especialidad Sistema de Representaci\u00f3n T\u00e9cnica. Docencia Profesor Adjunto, con Dedicaci\u00f3n Exclusiva [&hellip;]<\/p>\n","protected":false},"author":20,"featured_media":0,"parent":182,"menu_order":44,"comment_status":"closed","ping_status":"closed","template":"templates\/template-full-notitle.php","meta":[],"_links":{"self":[{"href":"https:\/\/www.facet.unt.edu.ar\/dcyoc\/wp-json\/wp\/v2\/pages\/604"}],"collection":[{"href":"https:\/\/www.facet.unt.edu.ar\/dcyoc\/wp-json\/wp\/v2\/pages"}],"about":[{"href":"https:\/\/www.facet.unt.edu.ar\/dcyoc\/wp-json\/wp\/v2\/types\/page"}],"author":[{"embeddable":true,"href":"https:\/\/www.facet.unt.edu.ar\/dcyoc\/wp-json\/wp\/v2\/users\/20"}],"replies":[{"embeddable":true,"href":"https:\/\/www.facet.unt.edu.ar\/dcyoc\/wp-json\/wp\/v2\/comments?post=604"}],"version-history":[{"count":3,"href":"https:\/\/www.facet.unt.edu.ar\/dcyoc\/wp-json\/wp\/v2\/pages\/604\/revisions"}],"predecessor-version":[{"id":733,"href":"https:\/\/www.facet.unt.edu.ar\/dcyoc\/wp-json\/wp\/v2\/pages\/604\/revisions\/733"}],"up":[{"embeddable":true,"href":"https:\/\/www.facet.unt.edu.ar\/dcyoc\/wp-json\/wp\/v2\/pages\/182"}],"wp:attachment":[{"href":"https:\/\/www.facet.unt.edu.ar\/dcyoc\/wp-json\/wp\/v2\/media?parent=604"}],"curies":[{"name":"wp","href":"https:\/\/api.w.org\/{rel}","templated":true}]}}