{"id":615,"date":"2015-03-14T18:16:52","date_gmt":"2015-03-14T21:16:52","guid":{"rendered":"https:\/\/www.facet.unt.edu.ar\/dcyoc\/?page_id=615"},"modified":"2015-03-18T23:16:40","modified_gmt":"2015-03-19T02:16:40","slug":"lombana-evaristo","status":"publish","type":"page","link":"https:\/\/www.facet.unt.edu.ar\/dcyoc\/docentes\/lombana-evaristo\/","title":{"rendered":"LOMBANA Evaristo"},"content":{"rendered":"<h2>Ing. LOMBANA Evaristo Jos\u00e9<\/h2>\n<div>\n<table style=\"width: 750px;border-color: #ffffff\">\n<tbody>\n<tr>\n<td style=\"width: 350px;height: 300px;text-align: center;vertical-align: middle;background-color: #ffffff\"><img decoding=\"async\" loading=\"lazy\" class=\" wp-image-511 alignnone\" src=\"https:\/\/www.facet.unt.edu.ar\/dcyoc\/wp-content\/uploads\/sites\/23\/2015\/03\/foto_cv_1-300x300.jpg\" alt=\"foto_cv_1\" width=\"300\" height=\"300\" srcset=\"https:\/\/www.facet.unt.edu.ar\/dcyoc\/wp-content\/uploads\/sites\/23\/2015\/03\/foto_cv_1-300x300.jpg 300w, https:\/\/www.facet.unt.edu.ar\/dcyoc\/wp-content\/uploads\/sites\/23\/2015\/03\/foto_cv_1-150x150.jpg 150w, https:\/\/www.facet.unt.edu.ar\/dcyoc\/wp-content\/uploads\/sites\/23\/2015\/03\/foto_cv_1.jpg 400w\" sizes=\"(max-width: 300px) 100vw, 300px\" \/><\/td>\n<td style=\"width: 400px;height: 300px;border-color: #ffffff;vertical-align: top\">\n<p style=\"padding-left: 30px\"><span style=\"font-size: 12pt;font-family: 'times new roman', times\">Dpto. de Construcciones y Obras Civiles<\/span><\/p>\n<p style=\"padding-left: 30px\"><span style=\"font-size: 12pt;font-family: 'times new roman', times\"><a href=\"https:\/\/www.facet.unt.edu.ar\/\" target=\"_blank\">Facultad de Ciencias Exactas y Tecnolog\u00eda<\/a><\/span><\/p>\n<p style=\"padding-left: 30px\"><span style=\"font-size: 12pt;font-family: 'times new roman', times\"><a href=\"http:\/\/www.unt.edu.ar\/\" target=\"_blank\">Universidad Nacional de Tucum\u00e1n<\/a><\/span><\/p>\n<p style=\"padding-left: 30px\"><span style=\"font-size: 12pt;font-family: 'times new roman', times\">Av. Independencia 1800 \u2013 CP 4000<\/span><\/p>\n<p style=\"padding-left: 30px\"><span style=\"font-size: 12pt;font-family: 'times new roman', times\">San Miguel de Tucum\u00e1n, Tucum\u00e1n, Argentina<\/span><\/p>\n<p style=\"padding-left: 30px\"><span style=\"font-size: 12pt;font-family: 'times new roman', times\">Tel\/Fax Lab.: +54 (0) 381 4364093 Int.<\/span><\/p>\n<p style=\"padding-left: 30px\"><span style=\"font-size: 12pt;font-family: 'times new roman', times\">e-mail: ejlombana@hotmail.com<\/span><\/p>\n<\/td>\n<\/tr>\n<\/tbody>\n<\/table>\n<\/div>\n<p>&nbsp;<\/p>\n<h4 style=\"text-align: justify\">T\u00edtulos<\/h4>\n<ul style=\"text-align: justify\">\n<li>Ingeniero Civil.<\/li>\n<\/ul>\n<h4 style=\"text-align: justify\">Especialidad<\/h4>\n<ul style=\"text-align: justify\">\n<li>V\u00edas de Comunicaci\u00f3n.<\/li>\n<\/ul>\n<h4 style=\"text-align: justify\">Docencia<\/h4>\n<ul style=\"text-align: justify\">\n<li>Jefe de Trabajos Pr\u00e1cticos con Semidedicaci\u00f3n en Obras B\u00e1sicas Viales (Plan 2005) Carrera de Ingenier\u00eda Civil.<\/li>\n<li>V\u00edas de Comunicaci\u00f3n, Carreras de Ingenier\u00eda Geod\u00e9sica y Geof\u00edsica \/ y Agrimensura.<\/li>\n<li>Coordinador Acad\u00e9mico de la Escuela T\u00e9cnica de Vialidad Nacional N\u00b0 3 &#8220;Gral. Manuel Belgrano&#8221; \u2013 Direccion Nacional de Vialidad. 2009 &#8211; 2012.<\/li>\n<\/ul>\n<h4 style=\"text-align: justify\">Actividad profesional en la Direcci\u00f3n Nacional de Vialidad:<\/h4>\n<ul style=\"text-align: justify\">\n<li>Inspector de Obras del 3er Distrito &#8211; Tucum\u00e1n, 1994 &#8211; 1995.<\/li>\n<li>Coordinador de Proyectos de la IV Regi\u00f3n, 1995.<\/li>\n<li>Tasador de Inmuebles de la IV Regi\u00f3n, 1995 &#8211; 2001.<\/li>\n<li>Jefe Secci\u00f3n Obras y Estudios y Proyectos (Int.) de la IV Regi\u00f3n, 1995 &#8211; 2000.<\/li>\n<li>Jefe Divisi\u00f3n Obras y Servicios Viales (Int.) de la IV Regi\u00f3n, 2000 &#8211; 2001.<\/li>\n<li>Jefe del 16\u00b0 Distrito \u2013Santiago del Estero- (Int.) 2001 &#8211; 2008.<\/li>\n<li>Coordinador Unidad de Trabajo Secretar\u00eda del 3er Distrito \u2013 Tucum\u00e1n, 2008 a la fecha.<\/li>\n<\/ul>\n<h4 style=\"text-align: justify\">\u00c1reas de inter\u00e9s profesional:<\/h4>\n<ul>\n<li style=\"text-align: justify\">Trabajos topogr\u00e1ficos.<\/li>\n<li style=\"text-align: justify\">Proyectos de infraestructura (redes de circulaci\u00f3n vial, de provisi\u00f3n de agua potable y de desag\u00fce cloacal).<\/li>\n<li style=\"text-align: justify\">Asesor de Empresas Constructoras del Medio.<\/li>\n<\/ul>\n","protected":false},"excerpt":{"rendered":"<p>Ing. LOMBANA Evaristo Jos\u00e9 Dpto. de Construcciones y Obras Civiles Facultad de Ciencias Exactas y Tecnolog\u00eda Universidad Nacional de Tucum\u00e1n Av. Independencia 1800 \u2013 CP 4000 San Miguel de Tucum\u00e1n, Tucum\u00e1n, Argentina Tel\/Fax Lab.: +54 (0) 381 4364093 Int. e-mail: ejlombana@hotmail.com &nbsp; T\u00edtulos Ingeniero Civil. Especialidad V\u00edas de Comunicaci\u00f3n. Docencia Jefe de Trabajos Pr\u00e1cticos con [&hellip;]<\/p>\n","protected":false},"author":20,"featured_media":0,"parent":182,"menu_order":56,"comment_status":"closed","ping_status":"closed","template":"templates\/template-full-notitle.php","meta":[],"_links":{"self":[{"href":"https:\/\/www.facet.unt.edu.ar\/dcyoc\/wp-json\/wp\/v2\/pages\/615"}],"collection":[{"href":"https:\/\/www.facet.unt.edu.ar\/dcyoc\/wp-json\/wp\/v2\/pages"}],"about":[{"href":"https:\/\/www.facet.unt.edu.ar\/dcyoc\/wp-json\/wp\/v2\/types\/page"}],"author":[{"embeddable":true,"href":"https:\/\/www.facet.unt.edu.ar\/dcyoc\/wp-json\/wp\/v2\/users\/20"}],"replies":[{"embeddable":true,"href":"https:\/\/www.facet.unt.edu.ar\/dcyoc\/wp-json\/wp\/v2\/comments?post=615"}],"version-history":[{"count":3,"href":"https:\/\/www.facet.unt.edu.ar\/dcyoc\/wp-json\/wp\/v2\/pages\/615\/revisions"}],"predecessor-version":[{"id":688,"href":"https:\/\/www.facet.unt.edu.ar\/dcyoc\/wp-json\/wp\/v2\/pages\/615\/revisions\/688"}],"up":[{"embeddable":true,"href":"https:\/\/www.facet.unt.edu.ar\/dcyoc\/wp-json\/wp\/v2\/pages\/182"}],"wp:attachment":[{"href":"https:\/\/www.facet.unt.edu.ar\/dcyoc\/wp-json\/wp\/v2\/media?parent=615"}],"curies":[{"name":"wp","href":"https:\/\/api.w.org\/{rel}","templated":true}]}}