{"id":960,"date":"2020-08-15T09:35:48","date_gmt":"2020-08-15T12:35:48","guid":{"rendered":"https:\/\/www.facet.unt.edu.ar\/dcyoc\/?page_id=960"},"modified":"2020-09-05T05:51:01","modified_gmt":"2020-09-05T08:51:01","slug":"correa-pablo","status":"publish","type":"page","link":"https:\/\/www.facet.unt.edu.ar\/dcyoc\/docentes\/correa-pablo\/","title":{"rendered":"CORREA Pablo"},"content":{"rendered":"<h2>Ing. CORREA MEDINA Pablo Jos\u00e9<\/h2>\n<div>\n<table style=\"width: 750px; border-color: #ffffff;\">\n<tbody>\n<tr>\n<td style=\"width: 350px; height: 300px; background-color: #ffffff; border-color: #ffffff; text-align: center; vertical-align: middle;\"><img decoding=\"async\" loading=\"lazy\" class=\"wp-image-1836 aligncenter\" src=\"https:\/\/www.facet.unt.edu.ar\/dcyoc\/wp-content\/uploads\/sites\/23\/2020\/08\/pcorrea04-300x300.jpg\" alt=\"\" width=\"276\" height=\"276\" \/><\/td>\n<td style=\"width: 400px; height: 300px; border-color: #ffffff; vertical-align: top;\">\n<p style=\"padding-left: 30px;\"><span style=\"font-size: 12pt; font-family: 'times new roman', times;\">Dpto. de Construcciones y Obras Civiles<\/span><\/p>\n<p style=\"padding-left: 30px;\"><span style=\"font-size: 12pt; font-family: 'times new roman', times;\"><a href=\"https:\/\/www.facet.unt.edu.ar\/\" target=\"_blank\" rel=\"noopener noreferrer\">Facultad de Ciencias Exactas y Tecnolog\u00eda<\/a><\/span><\/p>\n<p style=\"padding-left: 30px;\"><span style=\"font-size: 12pt; font-family: 'times new roman', times;\"><a href=\"http:\/\/www.unt.edu.ar\/\" target=\"_blank\" rel=\"noopener noreferrer\">Universidad Nacional de Tucum\u00e1n<\/a><\/span><\/p>\n<p style=\"padding-left: 30px;\"><span style=\"font-size: 12pt; font-family: 'times new roman', times;\">Av. Independencia 1800 \u2013 CP 4000<\/span><\/p>\n<p style=\"padding-left: 30px;\"><span style=\"font-size: 12pt; font-family: 'times new roman', times;\">San Miguel de Tucum\u00e1n, Tucum\u00e1n, Argentina<\/span><\/p>\n<p style=\"padding-left: 30px;\"><span style=\"font-size: 12pt; font-family: 'times new roman', times;\">Tel\/Fax Lab.: +54 (0) 381 4364087<\/span><\/p>\n<p style=\"padding-left: 30px;\"><span style=\"font-size: 12pt; font-family: 'times new roman', times;\">e-mail: pablo.correa@pcmingenieria.com<\/span><\/p>\n<\/td>\n<\/tr>\n<\/tbody>\n<\/table>\n<\/div>\n<h4>T\u00edtulos<\/h4>\n<ul>\n<li style=\"text-align: justify;\">Ingeniero Civil. Facultad de Ciencias Exactas y Tecnolog\u00eda (FACET),\u00a0Universidad Nacional de Tucum\u00e1n.<\/li>\n<\/ul>\n<h4 style=\"text-align: justify;\">Especialidad<\/h4>\n<ul style=\"text-align: justify;\">\n<li>Ingenier\u00eda Estructural<\/li>\n<li>Ingenier\u00eda de Presas de Embalse<\/li>\n<\/ul>\n<h4 style=\"text-align: justify;\">Docencia de Grado<\/h4>\n<ul>\n<li style=\"text-align: justify;\">Auxiliar Docente Graduado con dedicaci\u00f3n media, por concurso, en UNT \u2013 FACEyT, en el \u00c1rea de las Teor\u00edas de las Estructuras, asignatura Estabilidad III de la carrera de Ingenier\u00eda Civil, a partir del 2017.<\/li>\n<li style=\"text-align: justify;\">Ayudante Estudiantil por concurso, en UNT \u2013 FACEyT, en el \u00c1rea de las Teor\u00edas de las Estructuras, en las asignaturas Estabilidad \u00a0I de las carreras de Ingenier\u00eda Civil y Mec\u00e1nica, y en la signatura de Estabilidad y Resistencia de Materiales de la carrera de Ingenier\u00eda Industrial, durante los per\u00edodos lectivos 2006 a 2010 (4 a\u00f1os).<\/li>\n<\/ul>\n<h4 style=\"text-align: justify;\">Actividad Profesional<\/h4>\n<ul style=\"text-align: justify;\">\n<li style=\"text-align: justify;\">VERIFICACION DINAMICA DE LA ESTABILIDAD GLOBAL DE PRESAS DE HORMIGON FUNDADAS EN ROCA<\/li>\n<\/ul>\n<ul>\n<li style=\"text-align: justify;\">VERIFICACION ESTATICA DE LA ESTABILIDAD GLOBAL DE PRESAS DE MATERIALES SUELTOS FUNDADAS EN ARCILLAS<\/li>\n<\/ul>\n<ul>\n<li style=\"text-align: justify;\">VERIFICACION DEL ESTADO TENSIONAL DE PRESAS DE HORMIGON DE CONTRAFUERTES BAJO ESCENARIOS ESTATICOS Y DINAMICOS<\/li>\n<\/ul>\n<ul>\n<li style=\"text-align: justify;\">PROYECTOS Y C\u00c1LCULOS DE ESTRUCTURAS INDUSTRIALES: autor de numerosos proyectos de Estructuras de Hormig\u00f3n Armado y Acero para Plantas Industriales de Cemento y Miner\u00eda (Torres de Precalentamiento, Fundaci\u00f3n de Molinos de eje vertical y horizontal, Edificios de Filtro, Ciclones y Tolvas, Cintas Transportadoras y Staker, Trituradores Primarios, Secundarios y Terciarios, Silos de Cemento y Clinker, Naves de grandes luces) en Argentina y en el exterior para Holcim, Cemex, Votorantim, InterCement, CSN, Yura, Fives, Barrick Gold, Bechtel y Techint.<\/li>\n<\/ul>\n<ul style=\"text-align: justify;\">\n<li style=\"text-align: justify;\">PROYECTOS Y C\u00c1LCULOS ESTRUCTURALES PARA EDIFICIOS EN ALTURA, ESCUELAS, TANQUES ELEVADOS Y ESTRUCTURAS HIDR\u00c1ULICAS.<\/li>\n<\/ul>\n<ul>\n<li>CARGOS Y TAREAS PROFESIONALES\n<ul style=\"list-style-type: circle;\">\n<li style=\"text-align: justify;\">Titular del Estudio de Ingenier\u00eda PCM INGENIERIA<\/li>\n<li style=\"text-align: justify;\">Auditor de Informes de Auscultaci\u00f3n de Presas de Hormig\u00f3n y Materiales Sueltos<\/li>\n<li style=\"text-align: justify;\">Asesor Independiente de Empresas Hidroel\u00e9ctricas en las \u00e1reas de Mantenimiento y Operaci\u00f3n de Embalses<\/li>\n<\/ul>\n<\/li>\n<\/ul>\n<h4><\/h4>\n","protected":false},"excerpt":{"rendered":"<p>Ing. CORREA MEDINA Pablo Jos\u00e9 Dpto. de Construcciones y Obras Civiles Facultad de Ciencias Exactas y Tecnolog\u00eda Universidad Nacional de Tucum\u00e1n Av. Independencia 1800 \u2013 CP 4000 San Miguel de Tucum\u00e1n, Tucum\u00e1n, Argentina Tel\/Fax Lab.: +54 (0) 381 4364087 e-mail: pablo.correa@pcmingenieria.com T\u00edtulos Ingeniero Civil. Facultad de Ciencias Exactas y Tecnolog\u00eda (FACET),\u00a0Universidad Nacional de Tucum\u00e1n. Especialidad [&hellip;]<\/p>\n","protected":false},"author":20,"featured_media":0,"parent":182,"menu_order":0,"comment_status":"closed","ping_status":"closed","template":"templates\/template-full-notitle.php","meta":[],"_links":{"self":[{"href":"https:\/\/www.facet.unt.edu.ar\/dcyoc\/wp-json\/wp\/v2\/pages\/960"}],"collection":[{"href":"https:\/\/www.facet.unt.edu.ar\/dcyoc\/wp-json\/wp\/v2\/pages"}],"about":[{"href":"https:\/\/www.facet.unt.edu.ar\/dcyoc\/wp-json\/wp\/v2\/types\/page"}],"author":[{"embeddable":true,"href":"https:\/\/www.facet.unt.edu.ar\/dcyoc\/wp-json\/wp\/v2\/users\/20"}],"replies":[{"embeddable":true,"href":"https:\/\/www.facet.unt.edu.ar\/dcyoc\/wp-json\/wp\/v2\/comments?post=960"}],"version-history":[{"count":5,"href":"https:\/\/www.facet.unt.edu.ar\/dcyoc\/wp-json\/wp\/v2\/pages\/960\/revisions"}],"predecessor-version":[{"id":968,"href":"https:\/\/www.facet.unt.edu.ar\/dcyoc\/wp-json\/wp\/v2\/pages\/960\/revisions\/968"}],"up":[{"embeddable":true,"href":"https:\/\/www.facet.unt.edu.ar\/dcyoc\/wp-json\/wp\/v2\/pages\/182"}],"wp:attachment":[{"href":"https:\/\/www.facet.unt.edu.ar\/dcyoc\/wp-json\/wp\/v2\/media?parent=960"}],"curies":[{"name":"wp","href":"https:\/\/api.w.org\/{rel}","templated":true}]}}