{"id":170,"date":"2023-08-15T18:52:14","date_gmt":"2023-08-15T21:52:14","guid":{"rendered":"https:\/\/www.facet.unt.edu.ar\/deec\/?page_id=170"},"modified":"2023-08-15T19:08:01","modified_gmt":"2023-08-15T22:08:01","slug":"autoridades","status":"publish","type":"page","link":"https:\/\/www.facet.unt.edu.ar\/deec\/autoridades\/","title":{"rendered":"Autoridades"},"content":{"rendered":"<div id=\"pl-170\"  class=\"panel-layout\" ><div id=\"pg-170-0\"  class=\"panel-grid panel-no-style\" ><div id=\"pgc-170-0-0\"  class=\"panel-grid-cell\" ><div id=\"panel-170-0-0-0\" class=\"so-panel widget widget_text panel-first-child panel-last-child\" data-index=\"0\" >\t\t\t<div class=\"textwidget\"><p><strong>Jefe de Departamento: <\/strong><\/p>\n<p>Mag. Ing. Mar\u00eda de los Angeles G\u00f3mez L\u00f3pez &#8211; email: <a href=\"mailto:mgomezlopez@herrera.unt.edu.ar\">mgomezlopez@herrera.unt.edu.ar<\/a><\/p>\n<\/div>\n\t\t<\/div><\/div><\/div><div id=\"pg-170-1\"  class=\"panel-grid panel-no-style\" ><div id=\"pgc-170-1-0\"  class=\"panel-grid-cell\" ><div id=\"panel-170-1-0-0\" class=\"so-panel widget widget_text panel-first-child panel-last-child\" data-index=\"1\" >\t\t\t<div class=\"textwidget\"><p><strong>Comisi\u00f3n de Prioridades:<\/strong><\/p>\n<p>Mag. Ing. Rub\u00e9n Fadel &#8211; email: <a href=\"mailto:rfadel@herrera.unt.edu.ar\">rfadel@herrera.unt.edu.ar<\/a><\/p>\n<p>Ing. Sergio G\u00f3mez Blessing &#8211; email: <a href=\"mailto:sgomezblessing@herrera.unt.edu.ar\">sgomezblessing@herrera.unt.edu.ar<\/a><\/p>\n<p>Ing. Mariana Sanchez &#8211; email: <a href=\"mailto:msanchez@herrera.unt.edu.ar\">msanchez@herrera.unt.edu.ar<\/a><\/p>\n<p>Ing. Oscar Sanchez &#8211; email: <a href=\"mailto:osanchez@herrera.unt.edu.ar\">osanchez@herrera.unt.edu.ar<\/a><\/p>\n<p>Ing. Mart\u00edn Grande &#8211; email: <a href=\"mailto:cmgrande@herrera.unt.edu.ar\">cmgrande@herrera.unt.edu.ar<\/a><\/p>\n<\/div>\n\t\t<\/div><\/div><\/div><\/div>","protected":false},"excerpt":{"rendered":"<p>Jefe de Departamento: Mag. Ing. Mar\u00eda de los Angeles G\u00f3mez L\u00f3pez &#8211; email: mgomezlopez@herrera.unt.edu.ar Comisi\u00f3n de Prioridades: Mag. Ing. Rub\u00e9n Fadel &#8211; email: rfadel@herrera.unt.edu.ar Ing. Sergio G\u00f3mez Blessing &#8211; email: sgomezblessing@herrera.unt.edu.ar Ing. Mariana Sanchez &#8211; email: msanchez@herrera.unt.edu.ar Ing. Oscar Sanchez &#8211; email: osanchez@herrera.unt.edu.ar Ing. Mart\u00edn Grande &#8211; email: cmgrande@herrera.unt.edu.ar<\/p>\n","protected":false},"author":101025,"featured_media":0,"parent":0,"menu_order":0,"comment_status":"closed","ping_status":"closed","template":"templates\/template-full.php","meta":[],"_links":{"self":[{"href":"https:\/\/www.facet.unt.edu.ar\/deec\/wp-json\/wp\/v2\/pages\/170"}],"collection":[{"href":"https:\/\/www.facet.unt.edu.ar\/deec\/wp-json\/wp\/v2\/pages"}],"about":[{"href":"https:\/\/www.facet.unt.edu.ar\/deec\/wp-json\/wp\/v2\/types\/page"}],"author":[{"embeddable":true,"href":"https:\/\/www.facet.unt.edu.ar\/deec\/wp-json\/wp\/v2\/users\/101025"}],"replies":[{"embeddable":true,"href":"https:\/\/www.facet.unt.edu.ar\/deec\/wp-json\/wp\/v2\/comments?post=170"}],"version-history":[{"count":5,"href":"https:\/\/www.facet.unt.edu.ar\/deec\/wp-json\/wp\/v2\/pages\/170\/revisions"}],"predecessor-version":[{"id":173,"href":"https:\/\/www.facet.unt.edu.ar\/deec\/wp-json\/wp\/v2\/pages\/170\/revisions\/173"}],"wp:attachment":[{"href":"https:\/\/www.facet.unt.edu.ar\/deec\/wp-json\/wp\/v2\/media?parent=170"}],"curies":[{"name":"wp","href":"https:\/\/api.w.org\/{rel}","templated":true}]}}