{"id":176,"date":"2023-08-15T19:10:17","date_gmt":"2023-08-15T22:10:17","guid":{"rendered":"https:\/\/www.facet.unt.edu.ar\/deec\/?page_id=176"},"modified":"2023-08-15T19:21:17","modified_gmt":"2023-08-15T22:21:17","slug":"carreras","status":"publish","type":"page","link":"https:\/\/www.facet.unt.edu.ar\/deec\/carreras\/","title":{"rendered":"Carreras de grado"},"content":{"rendered":"<div id=\"pl-176\"  class=\"panel-layout\" ><div id=\"pg-176-0\"  class=\"panel-grid panel-no-style\" ><div id=\"pgc-176-0-0\"  class=\"panel-grid-cell\" ><div id=\"panel-176-0-0-0\" class=\"so-panel widget widget_text panel-first-child panel-last-child\" data-index=\"0\" >\t\t\t<div class=\"textwidget\"><p><a href=\"https:\/\/www.facet.unt.edu.ar\/ingelectronica\/\">Ingenier\u00eda Electr\u00f3nica<\/a><\/p>\n<p><a href=\"https:\/\/www.facet.unt.edu.ar\/ingelectrica\/\">Ingenier\u00eda El\u00e9ctrica<\/a><\/p>\n<p><a href=\"https:\/\/www.facet.unt.edu.ar\/ingcomputacion\/\">Ingenier\u00eda en Computaci\u00f3n<\/a><\/p>\n<\/div>\n\t\t<\/div><\/div><\/div><\/div>","protected":false},"excerpt":{"rendered":"<p>Ingenier\u00eda Electr\u00f3nica Ingenier\u00eda El\u00e9ctrica Ingenier\u00eda en Computaci\u00f3n<\/p>\n","protected":false},"author":101025,"featured_media":0,"parent":0,"menu_order":0,"comment_status":"closed","ping_status":"closed","template":"templates\/template-full.php","meta":[],"_links":{"self":[{"href":"https:\/\/www.facet.unt.edu.ar\/deec\/wp-json\/wp\/v2\/pages\/176"}],"collection":[{"href":"https:\/\/www.facet.unt.edu.ar\/deec\/wp-json\/wp\/v2\/pages"}],"about":[{"href":"https:\/\/www.facet.unt.edu.ar\/deec\/wp-json\/wp\/v2\/types\/page"}],"author":[{"embeddable":true,"href":"https:\/\/www.facet.unt.edu.ar\/deec\/wp-json\/wp\/v2\/users\/101025"}],"replies":[{"embeddable":true,"href":"https:\/\/www.facet.unt.edu.ar\/deec\/wp-json\/wp\/v2\/comments?post=176"}],"version-history":[{"count":4,"href":"https:\/\/www.facet.unt.edu.ar\/deec\/wp-json\/wp\/v2\/pages\/176\/revisions"}],"predecessor-version":[{"id":185,"href":"https:\/\/www.facet.unt.edu.ar\/deec\/wp-json\/wp\/v2\/pages\/176\/revisions\/185"}],"wp:attachment":[{"href":"https:\/\/www.facet.unt.edu.ar\/deec\/wp-json\/wp\/v2\/media?parent=176"}],"curies":[{"name":"wp","href":"https:\/\/api.w.org\/{rel}","templated":true}]}}