{"id":65,"date":"2014-08-04T09:14:33","date_gmt":"2014-08-04T12:14:33","guid":{"rendered":"https:\/\/www.facet.unt.edu.ar\/deec\/home\/"},"modified":"2023-08-17T12:14:58","modified_gmt":"2023-08-17T15:14:58","slug":"home","status":"publish","type":"page","link":"https:\/\/www.facet.unt.edu.ar\/deec\/","title":{"rendered":"Home"},"content":{"rendered":"<div id=\"pl-65\"  class=\"panel-layout\" ><div id=\"pg-65-0\"  class=\"panel-grid panel-no-style\" ><div id=\"pgc-65-0-0\"  class=\"panel-grid-cell\" ><div id=\"panel-65-0-0-0\" class=\"so-panel widget widget_pages panel-first-child panel-last-child\" data-index=\"0\" ><h3 class=\"widget-title\">Contenido del sitio<\/h3>\n\t\t\t<ul>\n\t\t\t\t<li class=\"page_item page-item-170\"><a href=\"https:\/\/www.facet.unt.edu.ar\/deec\/autoridades\/\">Autoridades<\/a><\/li>\n<li class=\"page_item page-item-176\"><a href=\"https:\/\/www.facet.unt.edu.ar\/deec\/carreras\/\">Carreras de grado<\/a><\/li>\n<li class=\"page_item page-item-65\"><a href=\"https:\/\/www.facet.unt.edu.ar\/deec\/\">Home<\/a><\/li>\n<li class=\"page_item page-item-109 page_item_has_children\"><a href=\"https:\/\/www.facet.unt.edu.ar\/deec\/horarios\/\">Horarios y Aulas<\/a>\n<ul class='children'>\n\t<li class=\"page_item page-item-209\"><a href=\"https:\/\/www.facet.unt.edu.ar\/deec\/horarios\/potencia\/\">Aulas del \u00e1rea potencia<\/a><\/li>\n\t<li class=\"page_item page-item-86\"><a href=\"https:\/\/www.facet.unt.edu.ar\/deec\/horarios\/block\/\">Aulas del Block 1<\/a><\/li>\n\t<li class=\"page_item page-item-100\"><a href=\"https:\/\/www.facet.unt.edu.ar\/deec\/horarios\/electrica\/\">Ingenieria El\u00e9ctrica<\/a><\/li>\n\t<li class=\"page_item page-item-102\"><a href=\"https:\/\/www.facet.unt.edu.ar\/deec\/horarios\/electronica\/\">Ingenier\u00eda Electr\u00f3nica<\/a><\/li>\n\t<li class=\"page_item page-item-117\"><a href=\"https:\/\/www.facet.unt.edu.ar\/deec\/horarios\/computacion\/\">Ingenier\u00eda en Computaci\u00f3n<\/a><\/li>\n<\/ul>\n<\/li>\n\t\t\t<\/ul>\n\n\t\t\t<\/div><\/div><\/div><\/div>","protected":false},"excerpt":{"rendered":"<p>Contenido del sitio Autoridades Carreras de grado Home Horarios y Aulas Aulas del \u00e1rea potencia Aulas del Block 1 Ingenieria El\u00e9ctrica Ingenier\u00eda Electr\u00f3nica Ingenier\u00eda en Computaci\u00f3n<\/p>\n","protected":false},"author":1,"featured_media":0,"parent":0,"menu_order":0,"comment_status":"closed","ping_status":"closed","template":"home-panels.php","meta":[],"_links":{"self":[{"href":"https:\/\/www.facet.unt.edu.ar\/deec\/wp-json\/wp\/v2\/pages\/65"}],"collection":[{"href":"https:\/\/www.facet.unt.edu.ar\/deec\/wp-json\/wp\/v2\/pages"}],"about":[{"href":"https:\/\/www.facet.unt.edu.ar\/deec\/wp-json\/wp\/v2\/types\/page"}],"author":[{"embeddable":true,"href":"https:\/\/www.facet.unt.edu.ar\/deec\/wp-json\/wp\/v2\/users\/1"}],"replies":[{"embeddable":true,"href":"https:\/\/www.facet.unt.edu.ar\/deec\/wp-json\/wp\/v2\/comments?post=65"}],"version-history":[{"count":14,"href":"https:\/\/www.facet.unt.edu.ar\/deec\/wp-json\/wp\/v2\/pages\/65\/revisions"}],"predecessor-version":[{"id":146,"href":"https:\/\/www.facet.unt.edu.ar\/deec\/wp-json\/wp\/v2\/pages\/65\/revisions\/146"}],"wp:attachment":[{"href":"https:\/\/www.facet.unt.edu.ar\/deec\/wp-json\/wp\/v2\/media?parent=65"}],"curies":[{"name":"wp","href":"https:\/\/api.w.org\/{rel}","templated":true}]}}