{"id":101,"date":"2016-09-23T10:00:49","date_gmt":"2016-09-23T13:00:49","guid":{"rendered":"https:\/\/www.facet.unt.edu.ar\/deptomatematica\/?page_id=101"},"modified":"2018-10-17T12:04:17","modified_gmt":"2018-10-17T15:04:17","slug":"autoridades","status":"publish","type":"page","link":"https:\/\/www.facet.unt.edu.ar\/deptomatematica\/carreras\/licenciatura-en-matematica\/autoridades\/","title":{"rendered":"Autoridades"},"content":{"rendered":"<p><strong>Directora de la carrera:<\/strong> Mg. Isabel del Valle Lomas<\/p>\n<div>\n<div><strong>Comisi\u00f3n acad\u00e9mica<\/strong> :<\/div>\n<div><\/div>\n<div><strong>Prof. Titularesy\/o Asociados:<\/strong><\/div>\n<p>Amelia del V. Barrionuevo<\/p>\n<p>Adriana del V. Ramos<\/p>\n<\/div>\n<div>\n<div><strong>Prof. Adjuntos<br \/>\n<\/strong><\/div>\n<div><\/div>\n<div>Mar\u00eda Emilia Castillo<\/div>\n<div>Cecilia Elizabeth Saavedra Fresia<\/div>\n<div><\/div>\n<div><strong>Auxiliares y\/o JTP<\/strong><\/div>\n<p>Patricia Ver\u00f3nica Bar\u00f3n<\/p>\n<p>Lourdes Urue\u00f1a<\/p>\n<\/div>\n<div>\n<div><\/div>\n<div><strong>Representante estudiantil<\/strong><\/div>\n<div><\/div>\n<div>Santiago Serrano<\/div>\n<\/div>\n<div><\/div>\n","protected":false},"excerpt":{"rendered":"<p>Directora de la carrera: Mg. Isabel del Valle Lomas Comisi\u00f3n acad\u00e9mica : Prof. Titularesy\/o Asociados: Amelia del V. Barrionuevo Adriana del V. Ramos Prof. Adjuntos Mar\u00eda Emilia Castillo Cecilia Elizabeth Saavedra Fresia Auxiliares y\/o JTP Patricia Ver\u00f3nica Bar\u00f3n Lourdes Urue\u00f1a Representante estudiantil Santiago Serrano<\/p>\n","protected":false},"author":101011,"featured_media":0,"parent":99,"menu_order":5,"comment_status":"closed","ping_status":"closed","template":"","meta":[],"_links":{"self":[{"href":"https:\/\/www.facet.unt.edu.ar\/deptomatematica\/wp-json\/wp\/v2\/pages\/101"}],"collection":[{"href":"https:\/\/www.facet.unt.edu.ar\/deptomatematica\/wp-json\/wp\/v2\/pages"}],"about":[{"href":"https:\/\/www.facet.unt.edu.ar\/deptomatematica\/wp-json\/wp\/v2\/types\/page"}],"author":[{"embeddable":true,"href":"https:\/\/www.facet.unt.edu.ar\/deptomatematica\/wp-json\/wp\/v2\/users\/101011"}],"replies":[{"embeddable":true,"href":"https:\/\/www.facet.unt.edu.ar\/deptomatematica\/wp-json\/wp\/v2\/comments?post=101"}],"version-history":[{"count":11,"href":"https:\/\/www.facet.unt.edu.ar\/deptomatematica\/wp-json\/wp\/v2\/pages\/101\/revisions"}],"predecessor-version":[{"id":704,"href":"https:\/\/www.facet.unt.edu.ar\/deptomatematica\/wp-json\/wp\/v2\/pages\/101\/revisions\/704"}],"up":[{"embeddable":true,"href":"https:\/\/www.facet.unt.edu.ar\/deptomatematica\/wp-json\/wp\/v2\/pages\/99"}],"wp:attachment":[{"href":"https:\/\/www.facet.unt.edu.ar\/deptomatematica\/wp-json\/wp\/v2\/media?parent=101"}],"curies":[{"name":"wp","href":"https:\/\/api.w.org\/{rel}","templated":true}]}}