{"id":1131,"date":"2022-08-03T11:51:42","date_gmt":"2022-08-03T14:51:42","guid":{"rendered":"https:\/\/www.facet.unt.edu.ar\/deptomatematica\/?page_id=1131"},"modified":"2024-12-21T23:36:17","modified_gmt":"2024-12-22T02:36:17","slug":"docencia","status":"publish","type":"page","link":"https:\/\/www.facet.unt.edu.ar\/deptomatematica\/docencia\/","title":{"rendered":"DOCENCIA"},"content":{"rendered":"<div id=\"pl-1131\"  class=\"panel-layout\" ><div id=\"pg-1131-0\"  class=\"panel-grid panel-no-style\" ><div id=\"pgc-1131-0-0\"  class=\"panel-grid-cell\" ><div id=\"panel-1131-0-0-0\" class=\"so-panel widget widget_circleicon-widget panel-first-child panel-last-child\" data-index=\"0\" >\t\t<div class=\"circle-icon-box circle-icon-position-top circle-icon-hide-box circle-icon-size-medium\">\n\t\t\t<div class=\"circle-icon-wrapper\">\n\t\t\t\t\t\t\t\t<div class=\"circle-icon icon-style-set\" style=\"background-image: url(https:\/\/www.facet.unt.edu.ar\/deptomatematica\/ensenanza\/integrantes\/)\">\n\t\t\t\t\t<div class=\"fa fa-users icon-color-set\" ><\/div>\t\t\t\t<\/div>\n\t\t\t\t\t\t\t<\/div>\n\n\t\t\t\t\t\t<h4 style=\"color: #1e73be\">Profesores<\/h4>\t\t\t\n\t\t\t\t\t\t\t\t\t\t<a href=\"https:\/\/www.facet.unt.edu.ar\/deptomatematica\/docencia\/integrantes\/\" class=\"more-button\" target=\"_blank\">M\u00e1s informaci\u00f3n <i><\/i><\/a>\n\t\t\t\t\t<\/div>\n\t\t<\/div><\/div><div id=\"pgc-1131-0-1\"  class=\"panel-grid-cell\" ><div id=\"panel-1131-0-1-0\" class=\"so-panel widget widget_circleicon-widget panel-first-child panel-last-child\" data-index=\"1\" >\t\t<div class=\"circle-icon-box circle-icon-position-top circle-icon-hide-box circle-icon-size-medium\">\n\t\t\t<div class=\"circle-icon-wrapper\">\n\t\t\t\t\t\t\t\t<div class=\"circle-icon icon-style-set\" style=\"background-image: url(https:\/\/www.facet.unt.edu.ar\/deptomatematica\/carreras\/)\">\n\t\t\t\t\t<div class=\"fa fa-graduation-cap icon-color-set\" ><\/div>\t\t\t\t<\/div>\n\t\t\t\t\t\t\t<\/div>\n\n\t\t\t\t\t\t<h4 style=\"color: #1e73be\">Carreras <\/h4>\t\t\t\n\t\t\t<p class=\"text\" >Licenciatura en Matem\u00e1tica - Maestr\u00eda en Matem\u00e1tica<\/p>\t\t\t\t\t\t\t<a href=\"https:\/\/www.facet.unt.edu.ar\/deptomatematica\/carreras\/licenciatura-en-matematica\/\" class=\"more-button\" target=\"_blank\">M\u00e1s informaci\u00f3n <i><\/i><\/a>\n\t\t\t\t\t<\/div>\n\t\t<\/div><\/div><div id=\"pgc-1131-0-2\"  class=\"panel-grid-cell\" ><div id=\"panel-1131-0-2-0\" class=\"so-panel widget widget_circleicon-widget panel-first-child panel-last-child\" data-index=\"2\" >\t\t<div class=\"circle-icon-box circle-icon-position-top circle-icon-hide-box circle-icon-size-medium\">\n\t\t\t<div class=\"circle-icon-wrapper\">\n\t\t\t\t\t\t\t\t<div class=\"circle-icon icon-style-set\" style=\"background-image: url(https:\/\/www.facet.unt.edu.ar\/deptomatematica\/para-ingenierias-y-tecnicaturas\/)\">\n\t\t\t\t\t<div class=\"fa fa-file-word-o icon-color-set\" ><\/div>\t\t\t\t<\/div>\n\t\t\t\t\t\t\t<\/div>\n\n\t\t\t\t\t\t<h4 style=\"color: #1e73be\">Asignaturas de grado<\/h4>\t\t\t\n\t\t\t<p class=\"text\" >Programas de todas las asignaturas a cargo del departamento<\/p>\t\t\t\t\t\t\t<a href=\"https:\/\/www.facet.unt.edu.ar\/deptomatematica\/para-ingenierias-y-tecnicaturas\/\" class=\"more-button\" target=\"_blank\">M\u00e1s informaci\u00f3n <i><\/i><\/a>\n\t\t\t\t\t<\/div>\n\t\t<\/div><\/div><div id=\"pgc-1131-0-3\"  class=\"panel-grid-cell\" ><div id=\"panel-1131-0-3-0\" class=\"so-panel widget widget_circleicon-widget panel-first-child panel-last-child\" data-index=\"3\" >\t\t<div class=\"circle-icon-box circle-icon-position-top circle-icon-hide-box circle-icon-size-medium\">\n\t\t\t<div class=\"circle-icon-wrapper\">\n\t\t\t\t\t\t\t\t<div class=\"circle-icon icon-style-set\" style=\"background-image: url(https:\/\/www.facet.unt.edu.ar\/deptomatematica\/uso-de-aulas\/)\">\n\t\t\t\t\t<div class=\"fa fa-check-square-o icon-color-set\" ><\/div>\t\t\t\t<\/div>\n\t\t\t\t\t\t\t<\/div>\n\n\t\t\t\t\t\t<h4 style=\"color: #1e73be\">Uso de Aulas<\/h4>\t\t\t\n\t\t\t\t\t\t\t\t\t\t<a href=\"https:\/\/www.facet.unt.edu.ar\/deptomatematica\/uso-de-aulas\/\" class=\"more-button\" target=\"_blank\">M\u00e1s informaci\u00f3n <i><\/i><\/a>\n\t\t\t\t\t<\/div>\n\t\t<\/div><\/div><\/div><\/div>","protected":false},"excerpt":{"rendered":"<p>Profesores M\u00e1s informaci\u00f3n Carreras Licenciatura en Matem\u00e1tica &#8211; Maestr\u00eda en Matem\u00e1tica M\u00e1s informaci\u00f3n Asignaturas de grado Programas de todas las asignaturas a cargo del departamento M\u00e1s informaci\u00f3n Uso de Aulas M\u00e1s informaci\u00f3n<\/p>\n","protected":false},"author":123475,"featured_media":0,"parent":0,"menu_order":0,"comment_status":"closed","ping_status":"closed","template":"","meta":[],"_links":{"self":[{"href":"https:\/\/www.facet.unt.edu.ar\/deptomatematica\/wp-json\/wp\/v2\/pages\/1131"}],"collection":[{"href":"https:\/\/www.facet.unt.edu.ar\/deptomatematica\/wp-json\/wp\/v2\/pages"}],"about":[{"href":"https:\/\/www.facet.unt.edu.ar\/deptomatematica\/wp-json\/wp\/v2\/types\/page"}],"author":[{"embeddable":true,"href":"https:\/\/www.facet.unt.edu.ar\/deptomatematica\/wp-json\/wp\/v2\/users\/123475"}],"replies":[{"embeddable":true,"href":"https:\/\/www.facet.unt.edu.ar\/deptomatematica\/wp-json\/wp\/v2\/comments?post=1131"}],"version-history":[{"count":11,"href":"https:\/\/www.facet.unt.edu.ar\/deptomatematica\/wp-json\/wp\/v2\/pages\/1131\/revisions"}],"predecessor-version":[{"id":1625,"href":"https:\/\/www.facet.unt.edu.ar\/deptomatematica\/wp-json\/wp\/v2\/pages\/1131\/revisions\/1625"}],"wp:attachment":[{"href":"https:\/\/www.facet.unt.edu.ar\/deptomatematica\/wp-json\/wp\/v2\/media?parent=1131"}],"curies":[{"name":"wp","href":"https:\/\/api.w.org\/{rel}","templated":true}]}}