{"id":1134,"date":"2022-08-03T11:51:44","date_gmt":"2022-08-03T14:51:44","guid":{"rendered":"https:\/\/www.facet.unt.edu.ar\/deptomatematica\/?page_id=1134"},"modified":"2025-09-17T10:36:51","modified_gmt":"2025-09-17T13:36:51","slug":"investigacion","status":"publish","type":"page","link":"https:\/\/www.facet.unt.edu.ar\/deptomatematica\/investigacion\/","title":{"rendered":"INVESTIGACI\u00d3N Y DIVULGACI\u00d3N"},"content":{"rendered":"<div id=\"pl-1134\"  class=\"panel-layout\" ><div id=\"pg-1134-0\"  class=\"panel-grid panel-no-style\" ><div id=\"pgc-1134-0-0\"  class=\"panel-grid-cell\" ><div id=\"panel-1134-0-0-0\" class=\"so-panel widget widget_headline-widget panel-first-child\" data-index=\"0\" >\t\t<h1>Proyectos y Programas de Investigaci\u00f3n PIUNT<\/h1>\n\t\t<div class=\"decoration\"><div class=\"decoration-inside\"><\/div><\/div>\n\t\t<h3>Convocatoria 2022<\/h3>\n\t\t<\/div><div id=\"panel-1134-0-0-1\" class=\"so-panel widget widget_black-studio-tinymce widget_black_studio_tinymce panel-last-child\" data-index=\"1\" ><div class=\"textwidget\"><table style=\"height: 216px; width: 100%; border-collapse: collapse; border-style: solid; border-color: #000000;\" cellpadding=\"10\">\n<tbody>\n<tr style=\"height: 24px;\">\n<td style=\"width: 33.3333%; height: 24px; background-color: #3580f0; border-style: solid; border-color: #4377fa; text-align: center;\"><strong><span style=\"color: #ffffff;\">Director<\/span><\/strong><\/td>\n<td style=\"width: 35.3354%; height: 24px; background-color: #3580f0; border-style: solid; border-color: #4377fa; text-align: center;\"><strong><span style=\"color: #ffffff;\">T\u00edtulo del Proyecto<\/span><\/strong><\/td>\n<td style=\"width: 31.3312%; height: 24px; background-color: #3580f0; border-style: solid; border-color: #4377fa; text-align: center;\"><strong><span style=\"color: #ffffff;\">\u00c1rea de Investigaci\u00f3n<\/span><\/strong><\/td>\n<\/tr>\n<tr style=\"height: 24px;\">\n<td style=\"font-weight: 400; width: 33.3333%; height: 24px; vertical-align: middle; border-style: solid; border-color: #4377fa;\" width=\"116\">\n<p style=\"text-align: center;\"><strong>Fern\u00e1ndez, Estela<\/strong><\/p>\n<p><a href=\"mailto:efernandez@herrera.unt.edu.ar\" target=\"_blank\" rel=\"noopener\">efernandez@herrera.unt.edu.ar<\/a><\/td>\n<td style=\"width: 35.3354%; height: 24px; border-style: solid; border-color: #4377fa;\">Deformaciones de \u00c1lgebras de Lie 12<\/td>\n<td style=\"width: 31.3312%; height: 24px; border-style: solid; border-color: #4377fa; text-align: center;\">\u00c1lgebra<\/td>\n<\/tr>\n<tr style=\"height: 24px;\">\n<td style=\"font-weight: 400; width: 33.3333%; vertical-align: middle; height: 24px; border-style: solid; border-color: #4377fa;\" width=\"116\">\n<p style=\"text-align: center;\"><strong>Lazarte, Fabio<\/strong><\/p>\n<p><a href=\"mailto:vlazarte@herrera.unt.edu.ar\" target=\"_blank\" rel=\"noopener\">vlazarte@herrera.unt.edu.ar<\/a><\/td>\n<td style=\"width: 35.3354%; height: 24px; border-style: solid; border-color: #4377fa;\">Modelo y Estimaci\u00f3n de Sucesos Extremos<\/td>\n<td style=\"width: 31.3312%; height: 24px; border-style: solid; border-color: #4377fa; text-align: center;\">Probabilidad y Estad\u00edstica<\/td>\n<\/tr>\n<tr style=\"height: 96px;\">\n<td style=\"font-weight: 400; width: 33.3333%; vertical-align: middle; height: 96px; border-style: solid; border-color: #4377fa; text-align: center;\" width=\"116\"><strong>Real, Silvina<\/strong><\/p>\n<p style=\"text-align: left;\"><a href=\"mailto:sreal@herrera.unt.edu.ar\" target=\"_blank\" rel=\"noopener\">sreal@herrera.unt.edu.ar<\/a><\/p>\n<\/td>\n<td style=\"width: 35.3354%; height: 96px; border-style: solid; border-color: #4377fa;\">Modelizaci\u00f3n Num\u00e9rico Computacional de da Percepci\u00f3n Multisensorial, enfocado en la Identificaci\u00f3n de Caracter\u00edsticas Sobresalientes en Entornos Complejos<\/td>\n<td style=\"width: 31.3312%; height: 96px; border-style: solid; border-color: #4377fa; text-align: center;\">Matem\u00e1tica Aplicada<\/td>\n<\/tr>\n<tr style=\"height: 48px;\">\n<td style=\"font-weight: 400; width: 33.3333%; vertical-align: middle; height: 48px; border-style: solid; border-color: #4377fa;\" width=\"116\">\n<p style=\"text-align: center;\"><strong>Sfer, Ana Mar\u00eda<\/strong><\/p>\n<p><a href=\"mailto:asfer@herrera.unt.edu.ar\" target=\"_blank\" rel=\"noopener\">asfer@herrera.unt.edu.ar<\/a><\/td>\n<td style=\"width: 35.3354%; height: 48px; border-style: solid; border-color: #4377fa;\">M\u00e9tados Estad\u00edsticos y Matem\u00e1ticos Aplicados, Desarrollo e Innovaci\u00f3n<\/td>\n<td style=\"width: 31.3312%; height: 48px; border-style: solid; border-color: #4377fa; text-align: center;\">\u00a0Probabilidad y Estad\u00edstica<\/td>\n<\/tr>\n<\/tbody>\n<\/table>\n<\/div><\/div><\/div><\/div><\/div>","protected":false},"excerpt":{"rendered":"<p>Director T\u00edtulo del Proyecto \u00c1rea de Investigaci\u00f3n Fern\u00e1ndez, Estela efernandez@herrera.unt.edu.ar Deformaciones de \u00c1lgebras de Lie 12 \u00c1lgebra Lazarte, Fabio vlazarte@herrera.unt.edu.ar Modelo y Estimaci\u00f3n de Sucesos Extremos Probabilidad y Estad\u00edstica Real, Silvina sreal@herrera.unt.edu.ar Modelizaci\u00f3n Num\u00e9rico Computacional de da Percepci\u00f3n Multisensorial, enfocado en la Identificaci\u00f3n de Caracter\u00edsticas Sobresalientes en Entornos Complejos Matem\u00e1tica Aplicada Sfer, Ana Mar\u00eda asfer@herrera.unt.edu.ar [&hellip;]<\/p>\n","protected":false},"author":123475,"featured_media":0,"parent":0,"menu_order":0,"comment_status":"closed","ping_status":"closed","template":"","meta":[],"_links":{"self":[{"href":"https:\/\/www.facet.unt.edu.ar\/deptomatematica\/wp-json\/wp\/v2\/pages\/1134"}],"collection":[{"href":"https:\/\/www.facet.unt.edu.ar\/deptomatematica\/wp-json\/wp\/v2\/pages"}],"about":[{"href":"https:\/\/www.facet.unt.edu.ar\/deptomatematica\/wp-json\/wp\/v2\/types\/page"}],"author":[{"embeddable":true,"href":"https:\/\/www.facet.unt.edu.ar\/deptomatematica\/wp-json\/wp\/v2\/users\/123475"}],"replies":[{"embeddable":true,"href":"https:\/\/www.facet.unt.edu.ar\/deptomatematica\/wp-json\/wp\/v2\/comments?post=1134"}],"version-history":[{"count":10,"href":"https:\/\/www.facet.unt.edu.ar\/deptomatematica\/wp-json\/wp\/v2\/pages\/1134\/revisions"}],"predecessor-version":[{"id":2009,"href":"https:\/\/www.facet.unt.edu.ar\/deptomatematica\/wp-json\/wp\/v2\/pages\/1134\/revisions\/2009"}],"wp:attachment":[{"href":"https:\/\/www.facet.unt.edu.ar\/deptomatematica\/wp-json\/wp\/v2\/media?parent=1134"}],"curies":[{"name":"wp","href":"https:\/\/api.w.org\/{rel}","templated":true}]}}