{"id":119,"date":"2018-10-30T07:18:27","date_gmt":"2018-10-30T10:18:27","guid":{"rendered":"https:\/\/www.facet.unt.edu.ar\/deptomatematica\/?page_id=119"},"modified":"2018-11-09T08:57:57","modified_gmt":"2018-11-09T11:57:57","slug":"para-lic-en-matematica","status":"publish","type":"page","link":"https:\/\/www.facet.unt.edu.ar\/deptomatematica\/carreras\/licenciatura-en-matematica\/para-lic-en-matematica\/","title":{"rendered":"Programas de las asignaturas de la carrera de Licenciatura en Matem\u00e1tica"},"content":{"rendered":"<p><strong>1er a\u00f1o<\/strong><\/p>\n<p>An\u00e1lisis Matem\u00e1tico I (<a href=\"https:\/\/www.facet.unt.edu.ar\/deptomatematica\/wp-content\/uploads\/sites\/31\/2015\/12\/2015Programa-An\u00e1lisis-Matem\u00e1tico-I.docx\" target=\"_blank\" rel=\"noopener\">Programa 2015<\/a>)(<a href=\"https:\/\/www.facet.unt.edu.ar\/deptomatematica\/wp-content\/uploads\/sites\/31\/2015\/11\/ANALISIS-MATEMATICO-I.doc\">Programa anterior al 2015<\/a>)(<a href=\"https:\/\/www.facet.unt.edu.ar\/deptomatematica\/wp-content\/uploads\/sites\/31\/2018\/10\/Programa-An\u00e1lisis-Matem\u00e1tico-I-2018.pdf\" target=\"_blank\" rel=\"noopener\">Programa 2018<\/a>)<\/p>\n<p>Elementos de \u00c1lgebra Lineal y Geometr\u00eda Anal\u00edtica(<a href=\"https:\/\/www.facet.unt.edu.ar\/deptomatematica\/wp-content\/uploads\/sites\/31\/2015\/11\/elementos-LicMat.doc\" target=\"_blank\" rel=\"noopener\">Programa<\/a>)<\/p>\n<p>F\u00edsica Experimental I<\/p>\n<p><strong>2do a\u00f1o<\/strong><\/p>\n<p>\u00c1lgebra (<a href=\"https:\/\/www.facet.unt.edu.ar\/deptomatematica\/wp-content\/uploads\/sites\/31\/2016\/10\/2015Programa-Algebra.doc\" target=\"_blank\" rel=\"noopener\">Programa 2015<\/a>) (<a href=\"https:\/\/www.facet.unt.edu.ar\/deptomatematica\/wp-content\/uploads\/sites\/31\/2015\/11\/Algebra.doc\" target=\"_blank\" rel=\"noopener\">Programa de a\u00f1os anteriores al 2015<\/a>)<\/p>\n<p>\u00c1lgebra Lineal(<a href=\"https:\/\/www.facet.unt.edu.ar\/deptomatematica\/wp-content\/uploads\/sites\/31\/2016\/10\/Algebra-Lineal-1.doc\" target=\"_blank\" rel=\"noopener\">Programa<\/a>)<\/p>\n<p><a href=\"http:\/\/catedras.facet.unt.edu.ar\/analisismii\" target=\"_blank\" rel=\"noopener\">An\u00e1lisis Matem\u00e1tico II<\/a>(<a href=\"http:\/\/catedras.facet.unt.edu.ar\/analisismii\/inicio\/programa\/\" target=\"_blank\" rel=\"noopener\">Programa<\/a>)<\/p>\n<p>F\u00edsica Experimental II<\/p>\n<p>Laboratorio<\/p>\n<p><strong>3er a\u00f1o<\/strong><\/p>\n<p>An\u00e1lisis Matem\u00e1tico III (<a href=\"https:\/\/www.facet.unt.edu.ar\/deptomatematica\/wp-content\/uploads\/sites\/31\/2015\/11\/An\u00e1lisis-Matem\u00e1tico-III.doc\">Programa<\/a>)<\/p>\n<p>Computaci\u00f3n<\/p>\n<p>Probabilidades y Estad\u00edstica(<a href=\"https:\/\/www.facet.unt.edu.ar\/deptomatematica\/wp-content\/uploads\/sites\/31\/2018\/10\/Programa_Licenciatura_ProbyEst.doc\" target=\"_blank\" rel=\"noopener\">Programa<\/a>)<\/p>\n<p>Idioma I<\/p>\n<p>An\u00e1lisis Matem\u00e1tico IV(<a href=\"https:\/\/www.facet.unt.edu.ar\/deptomatematica\/wp-content\/uploads\/sites\/31\/2018\/08\/Programa-Analisis-Mat-IV-2018.pdf\" target=\"_blank\" rel=\"noopener\">Programa<\/a>)<\/p>\n<p>Geometr\u00eda(<a href=\"https:\/\/www.facet.unt.edu.ar\/deptomatematica\/wp-content\/uploads\/sites\/31\/2015\/11\/Geometr\u00eda.doc\" target=\"_blank\" rel=\"noopener\">Programa<\/a>)<\/p>\n<p>Idioma II<\/p>\n<p><strong>4to a\u00f1o<\/strong><\/p>\n<p>Funciones Reales I(<a href=\"https:\/\/www.facet.unt.edu.ar\/deptomatematica\/wp-content\/uploads\/sites\/31\/2015\/11\/Funciones-I.doc\" target=\"_blank\" rel=\"noopener\">Programa<\/a>)<\/p>\n<p>Ecuaciones Diferenciales I(<a href=\"https:\/\/www.facet.unt.edu.ar\/deptomatematica\/wp-content\/uploads\/sites\/31\/2018\/10\/Programa-EcuacionesDiferencialesI-2018.pdf\">Programa<\/a>)<\/p>\n<p>Topolog\u00eda<a href=\"https:\/\/www.facet.unt.edu.ar\/deptomatematica\/wp-content\/uploads\/sites\/31\/2015\/11\/Topolog\u00eda.doc\" target=\"_blank\" rel=\"noopener\">(Programa)<\/a><\/p>\n<p>Ecuaciones Diferenciales II(<a href=\"https:\/\/www.facet.unt.edu.ar\/deptomatematica\/wp-content\/uploads\/sites\/31\/2018\/10\/Programa-EcuacionesDiferencialesII-2018.pdf\">Programa<\/a>)<\/p>\n<p><strong>5to a\u00f1o<\/strong><\/p>\n<p>Funciones Reales II(<a href=\"https:\/\/www.facet.unt.edu.ar\/deptomatematica\/wp-content\/uploads\/sites\/31\/2015\/11\/Funciones-II.doc\" target=\"_blank\" rel=\"noopener\">Programa<\/a>)<\/p>\n<p>Fundamentos de la Matem\u00e1tica(<a href=\"https:\/\/www.facet.unt.edu.ar\/deptomatematica\/wp-content\/uploads\/sites\/31\/2018\/11\/Programa_Fundamentos_2018.pdf\" target=\"_blank\" rel=\"noopener\">Programa<\/a>)<\/p>\n<p>Optativa<\/p>\n<p>Optativa<\/p>\n<p>Optativa<\/p>\n<p>Seminario<\/p>\n<p>&nbsp;<\/p>\n<p>&nbsp;<\/p>\n","protected":false},"excerpt":{"rendered":"<p>1er a\u00f1o An\u00e1lisis Matem\u00e1tico I (Programa 2015)(Programa anterior al 2015)(Programa 2018) Elementos de \u00c1lgebra Lineal y Geometr\u00eda Anal\u00edtica(Programa) F\u00edsica Experimental I 2do a\u00f1o \u00c1lgebra (Programa 2015) (Programa de a\u00f1os anteriores al 2015) \u00c1lgebra Lineal(Programa) An\u00e1lisis Matem\u00e1tico II(Programa) F\u00edsica Experimental II Laboratorio 3er a\u00f1o An\u00e1lisis Matem\u00e1tico III (Programa) Computaci\u00f3n Probabilidades y Estad\u00edstica(Programa) Idioma I An\u00e1lisis Matem\u00e1tico [&hellip;]<\/p>\n","protected":false},"author":101011,"featured_media":0,"parent":99,"menu_order":10,"comment_status":"closed","ping_status":"closed","template":"","meta":[],"_links":{"self":[{"href":"https:\/\/www.facet.unt.edu.ar\/deptomatematica\/wp-json\/wp\/v2\/pages\/119"}],"collection":[{"href":"https:\/\/www.facet.unt.edu.ar\/deptomatematica\/wp-json\/wp\/v2\/pages"}],"about":[{"href":"https:\/\/www.facet.unt.edu.ar\/deptomatematica\/wp-json\/wp\/v2\/types\/page"}],"author":[{"embeddable":true,"href":"https:\/\/www.facet.unt.edu.ar\/deptomatematica\/wp-json\/wp\/v2\/users\/101011"}],"replies":[{"embeddable":true,"href":"https:\/\/www.facet.unt.edu.ar\/deptomatematica\/wp-json\/wp\/v2\/comments?post=119"}],"version-history":[{"count":35,"href":"https:\/\/www.facet.unt.edu.ar\/deptomatematica\/wp-json\/wp\/v2\/pages\/119\/revisions"}],"predecessor-version":[{"id":814,"href":"https:\/\/www.facet.unt.edu.ar\/deptomatematica\/wp-json\/wp\/v2\/pages\/119\/revisions\/814"}],"up":[{"embeddable":true,"href":"https:\/\/www.facet.unt.edu.ar\/deptomatematica\/wp-json\/wp\/v2\/pages\/99"}],"wp:attachment":[{"href":"https:\/\/www.facet.unt.edu.ar\/deptomatematica\/wp-json\/wp\/v2\/media?parent=119"}],"curies":[{"name":"wp","href":"https:\/\/api.w.org\/{rel}","templated":true}]}}